{"id":5861,"date":"2026-03-27T12:15:58","date_gmt":"2026-03-27T12:15:58","guid":{"rendered":"https:\/\/birmansacmetal.com\/urun\/porte-de-garage-jardin-automatique-a-double-battant\/"},"modified":"2026-03-27T12:15:58","modified_gmt":"2026-03-27T12:15:58","slug":"porte-de-garage-jardin-automatique-a-double-battant","status":"publish","type":"product","link":"https:\/\/birmansacmetal.com\/fr\/produit\/porte-de-garage-jardin-automatique-a-double-battant\/","title":{"rendered":"Porte de garage\/jardin automatique \u00e0 double battant"},"content":{"rendered":"<h2 data-section-id=\"2vtjpy\" data-start=\"1170\" data-end=\"1213\">Porte de jardin et de garage motoris\u00e9e \u00e0 double battant<\/h2>\n<p data-start=\"230\" data-end=\"540\">Les syst\u00e8mes de portails motoris\u00e9s \u00e0 double battant sont des syst\u00e8mes automatiques utilis\u00e9s notamment pour les entr\u00e9es de garage et de jardin o\u00f9 l&rsquo;espace lat\u00e9ral est insuffisant pour l&rsquo;installation d&rsquo;un portail coulissant. Les vantaux s&rsquo;ouvrent vers l&rsquo;int\u00e9rieur ou l&rsquo;ext\u00e9rieur gr\u00e2ce au moteur, facilitant l&rsquo;entr\u00e9e et la sortie et offrant un confort d&rsquo;utilisation \u00e0 l&rsquo;utilisateur. <\/p>\n<p data-start=\"542\" data-end=\"721\">Ces syst\u00e8mes de portails offrent une solution s\u00fbre, esth\u00e9tique et durable pour de nombreux espaces tels que les entr\u00e9es de villas, d&rsquo;immeubles, de maisons individuelles, de garages, d&rsquo;usines et d&rsquo;entrep\u00f4ts.<\/p>\n<p data-start=\"723\" data-end=\"946\">Le syst\u00e8me de portail utilise le moteur automatique Nice WG5000, et les vantaux peuvent \u00eatre ouverts et ferm\u00e9s automatiquement \u00e0 l&rsquo;aide d&rsquo;une t\u00e9l\u00e9commande. Le syst\u00e8me peut \u00eatre compl\u00e9t\u00e9 par des accessoires de s\u00e9curit\u00e9 (cellules photo\u00e9lectriques, feux clignotants, etc.). <\/p>\n<p data-start=\"948\" data-end=\"1176\">Les portails sont enti\u00e8rement fabriqu\u00e9s en acier galvanis\u00e9 et peints avec de la peinture en poudre \u00e9lectrostatique. Ainsi, le syst\u00e8me de portail est r\u00e9sistant aux intemp\u00e9ries, durable contre la rouille et ne n\u00e9cessite aucun entretien. <\/p>\n<p data-start=\"1178\" data-end=\"1289\">Tous les portails sont fabriqu\u00e9s sur mesure selon le projet et les dimensions, et peuvent \u00eatre produits dans toutes les options de couleurs RAL souhait\u00e9es.<\/p>\n<hr data-start=\"1841\" data-end=\"1844\">\n<h2 data-section-id=\"bs0kve\" data-start=\"1846\" data-end=\"1866\">Caract\u00e9ristiques du syst\u00e8me<\/h2>\n<ul data-start=\"1867\" data-end=\"2299\">\n<li data-section-id=\"1s5ebca\" data-start=\"1867\" data-end=\"1899\">Syst\u00e8me de portail \u00e0 double battant<\/li>\n<li data-section-id=\"16ggtdt\" data-start=\"1900\" data-end=\"1925\">Syst\u00e8me motoris\u00e9 automatique<\/li>\n<li data-section-id=\"1exht13\" data-start=\"1926\" data-end=\"1945\">Moteur Nice WG5000<\/li>\n<li data-section-id=\"1iof4s2\" data-start=\"1946\" data-end=\"1979\">Ouverture\/fermeture par t\u00e9l\u00e9commande<\/li>\n<li data-section-id=\"19wc3s4\" data-start=\"1980\" data-end=\"2010\">Ouverture vers l&rsquo;int\u00e9rieur ou l&rsquo;ext\u00e9rieur<\/li>\n<li data-section-id=\"lurya3\" data-start=\"2011\" data-end=\"2031\">Fabrication sur mesure<\/li>\n<li data-section-id=\"o3xsdi\" data-start=\"2032\" data-end=\"2058\">Toutes les options de couleurs RAL<\/li>\n<li data-section-id=\"fhumg2\" data-start=\"2059\" data-end=\"2083\">Peinture en poudre \u00e9lectrostatique<\/li>\n<li data-section-id=\"d1awtv\" data-start=\"2084\" data-end=\"2108\">Mat\u00e9riau acier galvanis\u00e9<\/li>\n<li data-section-id=\"1lsgw7y\" data-start=\"2109\" data-end=\"2153\">Convient pour les entr\u00e9es de villas, jardins et garages<\/li>\n<li data-section-id=\"16wq11c\" data-start=\"2154\" data-end=\"2210\">Solution id\u00e9ale pour les zones sans espace pour un portail coulissant<\/li>\n<li data-section-id=\"15w8fyg\" data-start=\"2211\" data-end=\"2245\">Option cellules photo\u00e9lectriques et feu clignotant<\/li>\n<li data-section-id=\"1bvdln4\" data-start=\"2246\" data-end=\"2299\">Fonction d&rsquo;ouverture manuelle (en cas de coupure de courant)<\/li>\n<\/ul>\n<hr data-start=\"2301\" data-end=\"2304\">\n<h2 data-section-id=\"1gav6bm\" data-start=\"2306\" data-end=\"2323\">Informations techniques<\/h2>\n<div class=\"TyagGW_tableContainer\">\n<div class=\"group TyagGW_tableWrapper flex flex-col-reverse w-fit\" tabindex=\"-1\">\n<table class=\"w-fit min-w-(--thread-content-width)\" data-start=\"2324\" data-end=\"2691\">\n<thead data-start=\"2324\" data-end=\"2343\">\n<tr data-start=\"2324\" data-end=\"2343\">\n<th class=\"\" data-start=\"2324\" data-end=\"2334\" data-col-size=\"sm\">Caract\u00e9ristique<\/th>\n<th class=\"\" data-start=\"2334\" data-end=\"2343\" data-col-size=\"sm\">Valeur<\/th>\n<\/tr>\n<\/thead>\n<tbody data-start=\"2362\" data-end=\"2691\">\n<tr data-start=\"2362\" data-end=\"2400\">\n<td data-start=\"2362\" data-end=\"2374\" data-col-size=\"sm\">Type de portail<\/td>\n<td data-col-size=\"sm\" data-start=\"2374\" data-end=\"2400\">Portail \u00e0 double battant<\/td>\n<\/tr>\n<tr data-start=\"2401\" data-end=\"2424\">\n<td data-start=\"2401\" data-end=\"2409\" data-col-size=\"sm\">Moteur<\/td>\n<td data-col-size=\"sm\" data-start=\"2409\" data-end=\"2424\">Nice WG5000<\/td>\n<\/tr>\n<tr data-start=\"2425\" data-end=\"2457\">\n<td data-start=\"2425\" data-end=\"2439\" data-col-size=\"sm\">Type d&rsquo;ouverture<\/td>\n<td data-col-size=\"sm\" data-start=\"2439\" data-end=\"2457\">Int\u00e9rieur \/ Ext\u00e9rieur<\/td>\n<\/tr>\n<tr data-start=\"2458\" data-end=\"2487\">\n<td data-start=\"2458\" data-end=\"2468\" data-col-size=\"sm\">Fonctionnement<\/td>\n<td data-col-size=\"sm\" data-start=\"2468\" data-end=\"2487\">T\u00e9l\u00e9commande<\/td>\n<\/tr>\n<tr data-start=\"2488\" data-end=\"2516\">\n<td data-start=\"2488\" data-end=\"2498\" data-col-size=\"sm\">Mat\u00e9riau<\/td>\n<td data-col-size=\"sm\" data-start=\"2498\" data-end=\"2516\">Acier galvanis\u00e9<\/td>\n<\/tr>\n<tr data-start=\"2517\" data-end=\"2550\">\n<td data-start=\"2517\" data-end=\"2524\" data-col-size=\"sm\">Peinture<\/td>\n<td data-col-size=\"sm\" data-start=\"2524\" data-end=\"2550\">Peinture en poudre \u00e9lectrostatique<\/td>\n<\/tr>\n<tr data-start=\"2551\" data-end=\"2578\">\n<td data-start=\"2551\" data-end=\"2558\" data-col-size=\"sm\">Couleur<\/td>\n<td data-col-size=\"sm\" data-start=\"2558\" data-end=\"2578\">Toutes les couleurs RAL<\/td>\n<\/tr>\n<tr data-start=\"2579\" data-end=\"2603\">\n<td data-start=\"2579\" data-end=\"2588\" data-col-size=\"sm\">Fabrication<\/td>\n<td data-col-size=\"sm\" data-start=\"2588\" data-end=\"2603\">Sur mesure<\/td>\n<\/tr>\n<tr data-start=\"2604\" data-end=\"2653\">\n<td data-start=\"2604\" data-end=\"2621\" data-col-size=\"sm\">Domaine d&rsquo;application<\/td>\n<td data-col-size=\"sm\" data-start=\"2621\" data-end=\"2653\">Jardin, Garage, Villa, Usine<\/td>\n<\/tr>\n<tr data-start=\"2654\" data-end=\"2691\">\n<td data-start=\"2654\" data-end=\"2664\" data-col-size=\"sm\">Option<\/td>\n<td data-col-size=\"sm\" data-start=\"2664\" data-end=\"2691\">Cellule photo\u00e9lectrique, Clignotant, Clavier<\/td>\n<\/tr>\n<\/tbody>\n<\/table>\n<\/div>\n<\/div>\n<hr data-start=\"2693\" data-end=\"2696\">\n<h2 data-section-id=\"r9gbif\" data-start=\"2698\" data-end=\"2717\">Domaines d&rsquo;application<\/h2>\n<ul data-start=\"2718\" data-end=\"2866\">\n<li data-section-id=\"z5lpn9\" data-start=\"2718\" data-end=\"2738\">Portail d&rsquo;entr\u00e9e de villa<\/li>\n<li data-section-id=\"a6xcoy\" data-start=\"2739\" data-end=\"2759\">Portail d&rsquo;entr\u00e9e de jardin<\/li>\n<li data-section-id=\"14dd9jo\" data-start=\"2760\" data-end=\"2780\">Portail d&rsquo;entr\u00e9e de garage<\/li>\n<li data-section-id=\"hbfups\" data-start=\"2781\" data-end=\"2800\">Portail d&rsquo;entr\u00e9e de r\u00e9sidence<\/li>\n<li data-section-id=\"19d2iwv\" data-start=\"2801\" data-end=\"2823\">Portail d&rsquo;entr\u00e9e d&rsquo;usine<\/li>\n<li data-section-id=\"hwwuhh\" data-start=\"2824\" data-end=\"2843\">Portail d&rsquo;entr\u00e9e d&rsquo;entrep\u00f4t<\/li>\n<li data-section-id=\"o32lrr\" data-start=\"2844\" data-end=\"2866\">Portail d&rsquo;entr\u00e9e de parking<\/li>\n<\/ul>\n<hr data-start=\"2868\" data-end=\"2871\">\n<h2 data-section-id=\"31fydr\" data-start=\"2873\" data-end=\"2886\">Avantages<\/h2>\n<p data-start=\"2407\" data-end=\"2633\">Le principal avantage des syst\u00e8mes de portails motoris\u00e9s \u00e0 double battant est qu&rsquo;ils ne n\u00e9cessitent pas d&rsquo;espace lat\u00e9ral pour le mouvement, contrairement aux syst\u00e8mes de portails coulissants. Ils peuvent donc \u00eatre facilement install\u00e9s dans des espaces restreints et pr\u00e8s des murs. <\/p>\n<p data-start=\"2635\" data-end=\"2796\">Gr\u00e2ce au syst\u00e8me de moteur automatique, l&rsquo;utilisateur peut ouvrir et fermer le portail sans descendre de son v\u00e9hicule. Cela offre un grand avantage en termes de confort d&rsquo;utilisation et de s\u00e9curit\u00e9. <\/p>\n<p data-start=\"2798\" data-end=\"3015\">Le portail \u00e9tant enti\u00e8rement fabriqu\u00e9 en acier galvanis\u00e9 et peint avec de la peinture en poudre \u00e9lectrostatique, le syst\u00e8me de portail pr\u00e9sente une haute r\u00e9sistance aux intemp\u00e9ries, ne rouille pas et peut \u00eatre utilis\u00e9 sans probl\u00e8me pendant de nombreuses ann\u00e9es.<\/p>\n<p data-start=\"3017\" data-end=\"3133\">Gr\u00e2ce \u00e0 la fabrication sur mesure et aux diff\u00e9rentes options de couleurs, des portails d&rsquo;entr\u00e9e esth\u00e9tiques et modernes adapt\u00e9s au projet peuvent \u00eatre produits.<\/p>\n","protected":false},"excerpt":{"rendered":"<p data-start=\"256\" data-end=\"696\">Le portail de jardin et de garage motoris\u00e9 \u00e0 double battant est un syst\u00e8me de portail automatique utilis\u00e9 pour les entr\u00e9es o\u00f9 l&rsquo;espace est insuffisant pour un portail coulissant. Le portail est enti\u00e8rement fabriqu\u00e9 en acier galvanis\u00e9 et est durable contre la rouille. <\/p>\n<p data-start=\"256\" data-end=\"696\">Il s&rsquo;ouvre et se ferme par t\u00e9l\u00e9commande gr\u00e2ce au syst\u00e8me moteur Nice WG5000. Les vantaux peuvent \u00eatre produits pour s&rsquo;ouvrir vers l&rsquo;int\u00e9rieur ou l&rsquo;ext\u00e9rieur. La fabrication est sur mesure et le portail est produit avec une peinture en poudre \u00e9lectrostatique dans toutes les options de couleurs RAL. C&rsquo;est une solution de portail s\u00fbre, esth\u00e9tique et professionnelle pour les entr\u00e9es de villas, r\u00e9sidences, garages et jardins.   <\/p>\n<p data-start=\"256\" data-end=\"696\"><strong>Dimensions : 1,8&#215;2 m\u00e8tres x 2 Total : 7,2 m\u00e8tres carr\u00e9s<\/strong><\/p>\n","protected":false},"featured_media":5862,"comment_status":"open","ping_status":"closed","template":"","meta":{"_uag_custom_page_level_css":"","site-sidebar-layout":"default","site-content-layout":"","ast-site-content-layout":"default","site-content-style":"default","site-sidebar-style":"default","ast-global-header-display":"","ast-banner-title-visibility":"","ast-main-header-display":"","ast-hfb-above-header-display":"","ast-hfb-below-header-display":"","ast-hfb-mobile-header-display":"","site-post-title":"","ast-breadcrumbs-content":"","ast-featured-img":"","footer-sml-layout":"","ast-disable-related-posts":"","theme-transparent-header-meta":"default","adv-header-id-meta":"","stick-header-meta":"default","header-above-stick-meta":"","header-main-stick-meta":"","header-below-stick-meta":"","astra-migrate-meta-layouts":"default","ast-page-background-enabled":"default","ast-page-background-meta":{"desktop":{"background-color":"var(--ast-global-color-4)","background-image":"","background-repeat":"repeat","background-position":"center center","background-size":"auto","background-attachment":"scroll","background-type":"","background-media":"","overlay-type":"","overlay-color":"","overlay-opacity":"","overlay-gradient":""},"tablet":{"background-color":"","background-image":"","background-repeat":"repeat","background-position":"center center","background-size":"auto","background-attachment":"scroll","background-type":"","background-media":"","overlay-type":"","overlay-color":"","overlay-opacity":"","overlay-gradient":""},"mobile":{"background-color":"","background-image":"","background-repeat":"repeat","background-position":"center center","background-size":"auto","background-attachment":"scroll","background-type":"","background-media":"","overlay-type":"","overlay-color":"","overlay-opacity":"","overlay-gradient":""}},"ast-content-background-meta":{"desktop":{"background-color":"var(--ast-global-color-5)","background-image":"","background-repeat":"repeat","background-position":"center center","background-size":"auto","background-attachment":"scroll","background-type":"","background-media":"","overlay-type":"","overlay-color":"","overlay-opacity":"","overlay-gradient":""},"tablet":{"background-color":"var(--ast-global-color-5)","background-image":"","background-repeat":"repeat","background-position":"center center","background-size":"auto","background-attachment":"scroll","background-type":"","background-media":"","overlay-type":"","overlay-color":"","overlay-opacity":"","overlay-gradient":""},"mobile":{"background-color":"var(--ast-global-color-5)","background-image":"","background-repeat":"repeat","background-position":"center center","background-size":"auto","background-attachment":"scroll","background-type":"","background-media":"","overlay-type":"","overlay-color":"","overlay-opacity":"","overlay-gradient":""}}},"product_brand":[],"product_cat":[508],"product_tag":[1335],"woo-feed-brand":[],"class_list":{"0":"post-5861","1":"product","2":"type-product","3":"status-publish","4":"has-post-thumbnail","6":"product_cat-modeles-de-portes-de-jardin","7":"product_tag-portail-de-jardin-motorise-portail-de-jardin-automatique-portail-de-jardin-battant-portail-de-garage-double-battant-portail-battant-automatique","8":"product_shipping_class-portail-de-jardin","9":"desktop-align-left","10":"tablet-align-left","11":"mobile-align-left","12":"ast-product-gallery-layout-first-image-large","13":"ast-product-tabs-layout-accordion","15":"first","16":"instock","17":"downloadable","18":"taxable","19":"shipping-taxable","20":"purchasable","21":"product-type-simple"},"aioseo_notices":[],"uagb_featured_image_src":{"full":["https:\/\/birmansacmetal.com\/wp-content\/uploads\/2026\/03\/Cift-Kanat-Otomatik-Dairesel-Garaj_Bahce-Kapisi-1.png",1250,1000,false],"thumbnail":["https:\/\/birmansacmetal.com\/wp-content\/uploads\/2026\/03\/Cift-Kanat-Otomatik-Dairesel-Garaj_Bahce-Kapisi-1-150x150.png",150,150,true],"medium":["https:\/\/birmansacmetal.com\/wp-content\/uploads\/2026\/03\/Cift-Kanat-Otomatik-Dairesel-Garaj_Bahce-Kapisi-1-300x240.png",300,240,true],"medium_large":["https:\/\/birmansacmetal.com\/wp-content\/uploads\/2026\/03\/Cift-Kanat-Otomatik-Dairesel-Garaj_Bahce-Kapisi-1-768x614.png",768,614,true],"large":["https:\/\/birmansacmetal.com\/wp-content\/uploads\/2026\/03\/Cift-Kanat-Otomatik-Dairesel-Garaj_Bahce-Kapisi-1-1024x819.png",1024,819,true],"1536x1536":["https:\/\/birmansacmetal.com\/wp-content\/uploads\/2026\/03\/Cift-Kanat-Otomatik-Dairesel-Garaj_Bahce-Kapisi-1.png",1250,1000,false],"2048x2048":["https:\/\/birmansacmetal.com\/wp-content\/uploads\/2026\/03\/Cift-Kanat-Otomatik-Dairesel-Garaj_Bahce-Kapisi-1.png",1250,1000,false],"woocommerce_thumbnail":["https:\/\/birmansacmetal.com\/wp-content\/uploads\/2026\/03\/Cift-Kanat-Otomatik-Dairesel-Garaj_Bahce-Kapisi-1-300x300.png",300,300,true],"woocommerce_single":["https:\/\/birmansacmetal.com\/wp-content\/uploads\/2026\/03\/Cift-Kanat-Otomatik-Dairesel-Garaj_Bahce-Kapisi-1-600x480.png",600,480,true],"woocommerce_gallery_thumbnail":["https:\/\/birmansacmetal.com\/wp-content\/uploads\/2026\/03\/Cift-Kanat-Otomatik-Dairesel-Garaj_Bahce-Kapisi-1-100x100.png",100,100,true]},"uagb_author_info":{"display_name":"Birman Sac Metal","author_link":"https:\/\/birmansacmetal.com\/fr\/author\/"},"uagb_comment_info":0,"uagb_excerpt":"Le portail de jardin et de garage motoris\u00e9 \u00e0 double battant est un syst\u00e8me de portail automatique utilis\u00e9 pour les entr\u00e9es o\u00f9 l'espace est insuffisant pour un portail coulissant. Le portail est enti\u00e8rement fabriqu\u00e9 en acier galvanis\u00e9 et est durable contre la rouille. Il s'ouvre et se ferme par t\u00e9l\u00e9commande gr\u00e2ce au syst\u00e8me moteur Nice\u2026","_links":{"self":[{"href":"https:\/\/birmansacmetal.com\/fr\/wp-json\/wp\/v2\/product\/5861","targetHints":{"allow":["GET"]}}],"collection":[{"href":"https:\/\/birmansacmetal.com\/fr\/wp-json\/wp\/v2\/product"}],"about":[{"href":"https:\/\/birmansacmetal.com\/fr\/wp-json\/wp\/v2\/types\/product"}],"replies":[{"embeddable":true,"href":"https:\/\/birmansacmetal.com\/fr\/wp-json\/wp\/v2\/comments?post=5861"}],"wp:featuredmedia":[{"embeddable":true,"href":"https:\/\/birmansacmetal.com\/fr\/wp-json\/wp\/v2\/media\/5862"}],"wp:attachment":[{"href":"https:\/\/birmansacmetal.com\/fr\/wp-json\/wp\/v2\/media?parent=5861"}],"wp:term":[{"taxonomy":"product_brand","embeddable":true,"href":"https:\/\/birmansacmetal.com\/fr\/wp-json\/wp\/v2\/product_brand?post=5861"},{"taxonomy":"product_cat","embeddable":true,"href":"https:\/\/birmansacmetal.com\/fr\/wp-json\/wp\/v2\/product_cat?post=5861"},{"taxonomy":"product_tag","embeddable":true,"href":"https:\/\/birmansacmetal.com\/fr\/wp-json\/wp\/v2\/product_tag?post=5861"},{"taxonomy":"woo-feed-brand","embeddable":true,"href":"https:\/\/birmansacmetal.com\/fr\/wp-json\/wp\/v2\/woo-feed-brand?post=5861"}],"curies":[{"name":"wp","href":"https:\/\/api.w.org\/{rel}","templated":true}]}}