{"id":5772,"date":"2026-03-10T15:56:00","date_gmt":"2026-03-10T15:56:00","guid":{"rendered":"https:\/\/birmansacmetal.com\/urun\/abri-de-jardin-decoratif\/"},"modified":"2026-03-10T15:56:00","modified_gmt":"2026-03-10T15:56:00","slug":"abri-de-jardin-decoratif","status":"publish","type":"product","link":"https:\/\/birmansacmetal.com\/fr\/produit\/abri-de-jardin-decoratif\/","title":{"rendered":"Abri de jardin d\u00e9coratif"},"content":{"rendered":"<h3 data-section-id=\"xw4zia\" data-start=\"1205\" data-end=\"1230\">Design \u00e0 persiennes moderne<\/h3>\n<p data-start=\"1231\" data-end=\"1394\">Le <strong data-start=\"1260\" data-end=\"1278\">syst\u00e8me de persiennes<\/strong> utilis\u00e9 dans les panneaux de l&rsquo;abri assure la ventilation de l&rsquo;espace int\u00e9rieur. Cette caract\u00e9ristique contribue notamment \u00e0 prot\u00e9ger les mat\u00e9riaux stock\u00e9s de l&rsquo;humidit\u00e9. <\/p>\n<h3 data-section-id=\"kj2b9x\" data-start=\"1396\" data-end=\"1419\">Structure r\u00e9sistante \u00e0 l&rsquo;eau<\/h3>\n<p data-start=\"1420\" data-end=\"1580\">Le produit est r\u00e9sistant aux pluies venant du dessus et de face. Il est con\u00e7u pour emp\u00eacher l&rsquo;entr\u00e9e d&rsquo;eau \u00e0 l&rsquo;int\u00e9rieur, sauf en cas de tr\u00e8s fortes pluies obliques par le bas. <\/p>\n<h3 data-section-id=\"68lyqo\" data-start=\"1582\" data-end=\"1609\">Diff\u00e9rentes options de toiture<\/h3>\n<p data-start=\"1610\" data-end=\"1680\">Diff\u00e9rents types de toiture peuvent \u00eatre appliqu\u00e9s selon le projet et les besoins d&rsquo;utilisation :<\/p>\n<ul data-start=\"1682\" data-end=\"1748\">\n<li data-section-id=\"sgbt8h\" data-start=\"1682\" data-end=\"1701\">\n<p data-start=\"1684\" data-end=\"1701\">Toiture en t\u00f4le inclin\u00e9e<\/p>\n<\/li>\n<li data-section-id=\"14f7459\" data-start=\"1702\" data-end=\"1724\">\n<p data-start=\"1704\" data-end=\"1724\">Toiture en panneaux sandwich<\/p>\n<\/li>\n<li data-section-id=\"knmmev\" data-start=\"1725\" data-end=\"1748\">\n<p data-start=\"1727\" data-end=\"1748\">Conception de toiture \u00e0 pans<\/p>\n<\/li>\n<\/ul>\n<p data-start=\"1750\" data-end=\"1837\">Gr\u00e2ce \u00e0 ces options, le produit s&rsquo;adapte au projet tant sur le plan esth\u00e9tique que fonctionnel.<\/p>\n<h3 data-section-id=\"1wemlkt\" data-start=\"1839\" data-end=\"1865\">Options de portes flexibles<\/h3>\n<p data-start=\"1866\" data-end=\"1945\">L&rsquo;abri de jardin peut \u00eatre fabriqu\u00e9 avec diff\u00e9rentes options de portes selon les besoins d&rsquo;utilisation :<\/p>\n<ul data-start=\"1947\" data-end=\"1989\">\n<li data-section-id=\"m1xe17\" data-start=\"1947\" data-end=\"1967\">\n<p data-start=\"1949\" data-end=\"1967\">Mod\u00e8le \u00e0 porte unique<\/p>\n<\/li>\n<li data-section-id=\"woldnx\" data-start=\"1968\" data-end=\"1989\">\n<p data-start=\"1970\" data-end=\"1989\">Mod\u00e8le \u00e0 double porte<\/p>\n<\/li>\n<\/ul>\n<p data-start=\"1991\" data-end=\"2064\">Les portes sont con\u00e7ues pour une utilisation ergonomique et un acc\u00e8s facile.<\/p>\n<h3 data-section-id=\"1poa5ec\" data-start=\"2066\" data-end=\"2096\">Fabrication sur mesure<\/h3>\n<p data-start=\"2097\" data-end=\"2250\">Le produit peut \u00eatre fabriqu\u00e9 enti\u00e8rement <strong data-start=\"2110\" data-end=\"2149\">sur mesure pour le projet<\/strong>. La conception peut \u00eatre adapt\u00e9e aux dimensions de largeur, de profondeur et de hauteur appropri\u00e9es \u00e0 l&rsquo;espace disponible dans votre jardin. <\/p>\n<h3 data-section-id=\"1mb2vba\" data-start=\"2252\" data-end=\"2294\">Exp\u00e9dition enti\u00e8rement ou semi-d\u00e9mont\u00e9e<\/h3>\n<p data-start=\"2295\" data-end=\"2323\">Pour faciliter le transport, le produit peut \u00eatre exp\u00e9di\u00e9 :<\/p>\n<ul data-start=\"2325\" data-end=\"2357\">\n<li data-section-id=\"1veswb0\" data-start=\"2325\" data-end=\"2340\">\n<p data-start=\"2327\" data-end=\"2340\">Enti\u00e8rement d\u00e9mont\u00e9<\/p>\n<\/li>\n<li data-section-id=\"setjjj\" data-start=\"2341\" data-end=\"2357\">\n<p data-start=\"2343\" data-end=\"2357\">Semi-d\u00e9mont\u00e9<\/p>\n<\/li>\n<\/ul>\n<p data-start=\"2359\" data-end=\"2459\">Tous les accessoires de fixation sont inclus dans l&#8217;emballage et le montage est tr\u00e8s facile. <\/p>\n<h3 data-section-id=\"4ljwxs\" data-start=\"2461\" data-end=\"2499\">Options de peinture et de couleurs durables<\/h3>\n<p data-start=\"2500\" data-end=\"2546\">Tous les produits sont rev\u00eatus de peinture \u00e9lectrostatique.<\/p>\n<p data-start=\"2548\" data-end=\"2559\">Options :<\/p>\n<ul data-start=\"2560\" data-end=\"2634\">\n<li data-section-id=\"1wajp1u\" data-start=\"2560\" data-end=\"2582\">\n<p data-start=\"2562\" data-end=\"2582\">Toutes les <strong data-start=\"2566\" data-end=\"2582\">couleurs RAL<\/strong><\/p>\n<\/li>\n<li data-section-id=\"1yu29ur\" data-start=\"2583\" data-end=\"2634\">\n<p data-start=\"2585\" data-end=\"2634\">Options de <strong data-start=\"2590\" data-end=\"2634\">peinture d\u00e9corative \u00e0 motif forg\u00e9<\/strong> sp\u00e9cial<\/p>\n<\/li>\n<li data-section-id=\"1yu29ur\" data-start=\"2583\" data-end=\"2634\">Fabriqu\u00e9 en mat\u00e9riau galvanis\u00e9. Ne rouille pas. <\/li>\n<\/ul>\n<p data-start=\"2636\" data-end=\"2704\">Cela permet de cr\u00e9er des solutions esth\u00e9tiques en harmonie avec l&rsquo;architecture du jardin.<\/p>\n<hr data-start=\"2706\" data-end=\"2709\">\n<h2 data-section-id=\"dehkys\" data-start=\"2711\" data-end=\"2731\">Domaines d&rsquo;application<\/h2>\n<p data-start=\"2733\" data-end=\"2792\">L&rsquo;abri de jardin d\u00e9coratif peut \u00eatre utilis\u00e9 \u00e0 de nombreuses fins diff\u00e9rentes :<\/p>\n<ul data-start=\"2794\" data-end=\"3066\">\n<li data-section-id=\"16z2uty\" data-start=\"2794\" data-end=\"2832\">\n<p data-start=\"2796\" data-end=\"2832\">Rangement d&rsquo;outils et d&rsquo;\u00e9quipements de jardin<\/p>\n<\/li>\n<li data-section-id=\"53y4q2\" data-start=\"2833\" data-end=\"2876\">\n<p data-start=\"2835\" data-end=\"2876\">Dissimulation des zones d&rsquo;installations m\u00e9caniques<\/p>\n<\/li>\n<li data-section-id=\"1mef1s5\" data-start=\"2877\" data-end=\"2928\">\n<p data-start=\"2879\" data-end=\"2928\">Dissimulation des unit\u00e9s ext\u00e9rieures de climatisation ou d&rsquo;\u00e9quipements techniques<\/p>\n<\/li>\n<li data-section-id=\"bfh3oi\" data-start=\"2929\" data-end=\"2983\">\n<p data-start=\"2931\" data-end=\"2983\">Dissimulation des zones ind\u00e9sirables dans le jardin<\/p>\n<\/li>\n<li data-section-id=\"v5wwhi\" data-start=\"2984\" data-end=\"3028\">\n<p data-start=\"2986\" data-end=\"3028\">Cr\u00e9ation d&rsquo;un espace de culture de plantes et de loisirs<\/p>\n<\/li>\n<li data-section-id=\"1ty0dbg\" data-start=\"3029\" data-end=\"3066\">\n<p data-start=\"3031\" data-end=\"3066\">Utilisation comme abri de rangement pour le jardin<\/p>\n<\/li>\n<\/ul>\n<p data-start=\"3068\" data-end=\"3140\">Si d\u00e9sir\u00e9, une <strong data-start=\"3092\" data-end=\"3124\">production de panneaux enti\u00e8rement ferm\u00e9s<\/strong> peut \u00e9galement \u00eatre r\u00e9alis\u00e9e \u00e0 la place des persiennes.<\/p>\n<h2 data-section-id=\"5ij10o\" data-start=\"3147\" data-end=\"3167\">Montage et installation<\/h2>\n<p data-start=\"3169\" data-end=\"3317\">Pour une utilisation durable, il est <strong data-start=\"3202\" data-end=\"3250\">recommand\u00e9 d&rsquo;installer le produit sur une base en b\u00e9ton<\/strong>.<br data-start=\"3251\" data-end=\"3254\">Gr\u00e2ce aux accessoires de fixation, le processus de montage est rapide et pratique.<\/p>\n<hr data-start=\"3319\" data-end=\"3322\">\n<h2 data-section-id=\"vrqc66\" data-start=\"3324\" data-end=\"3352\">Pourquoi un abri de jardin m\u00e9tallique ?<\/h2>\n<ul data-start=\"3354\" data-end=\"3534\">\n<li data-section-id=\"1jbbf3l\" data-start=\"3354\" data-end=\"3387\">\n<p data-start=\"3356\" data-end=\"3387\">Structure en t\u00f4le galvanis\u00e9e longue dur\u00e9e<\/p>\n<\/li>\n<li data-section-id=\"1jipu3g\" data-start=\"3388\" data-end=\"3422\">\n<p data-start=\"3390\" data-end=\"3422\">Design compatible avec l&rsquo;architecture moderne<\/p>\n<\/li>\n<li data-section-id=\"1a22ds4\" data-start=\"3423\" data-end=\"3455\">\n<p data-start=\"3425\" data-end=\"3455\">Syst\u00e8me de persiennes ventil\u00e9<\/p>\n<\/li>\n<li data-section-id=\"kh8z22\" data-start=\"3456\" data-end=\"3486\">\n<p data-start=\"3458\" data-end=\"3486\">Fabrication aux dimensions souhait\u00e9es<\/p>\n<\/li>\n<li data-section-id=\"1cp2ya3\" data-start=\"3487\" data-end=\"3503\">\n<p data-start=\"3489\" data-end=\"3503\">Installation facile<\/p>\n<\/li>\n<li data-section-id=\"1llefg7\" data-start=\"3504\" data-end=\"3534\">\n<p data-start=\"3506\" data-end=\"3534\">Solution esth\u00e9tique et fonctionnelle<\/p>\n<\/li>\n<\/ul>\n","protected":false},"excerpt":{"rendered":"<p>L&rsquo;<strong data-start=\"111\" data-end=\"137\">Abri de Jardin D\u00e9coratif<\/strong> est une solution de rangement m\u00e9tallique moderne con\u00e7ue pour dissimuler esth\u00e9tiquement les installations, \u00e9quipements ou zones de stockage dans les jardins. Gr\u00e2ce \u00e0 sa structure \u00e0 persiennes, il assure une circulation d&rsquo;air naturelle et sa structure en t\u00f4le galvanis\u00e9e peinte \u00e9lectrostatiquement lui conf\u00e8re une longue dur\u00e9e de vie. Il peut \u00eatre fabriqu\u00e9 sur mesure, pr\u00e9par\u00e9 avec une ou deux portes, et son exp\u00e9dition d\u00e9mont\u00e9e facilite le montage.  <\/p>\n<p><em><strong>Prix au m\u00e8tre carr\u00e9.<\/strong><\/em><\/p>\n","protected":false},"featured_media":5773,"comment_status":"open","ping_status":"closed","template":"","meta":{"_uag_custom_page_level_css":"","site-sidebar-layout":"default","site-content-layout":"","ast-site-content-layout":"default","site-content-style":"default","site-sidebar-style":"default","ast-global-header-display":"","ast-banner-title-visibility":"","ast-main-header-display":"","ast-hfb-above-header-display":"","ast-hfb-below-header-display":"","ast-hfb-mobile-header-display":"","site-post-title":"","ast-breadcrumbs-content":"","ast-featured-img":"","footer-sml-layout":"","ast-disable-related-posts":"","theme-transparent-header-meta":"default","adv-header-id-meta":"","stick-header-meta":"default","header-above-stick-meta":"","header-main-stick-meta":"","header-below-stick-meta":"","astra-migrate-meta-layouts":"default","ast-page-background-enabled":"default","ast-page-background-meta":{"desktop":{"background-color":"var(--ast-global-color-4)","background-image":"","background-repeat":"repeat","background-position":"center center","background-size":"auto","background-attachment":"scroll","background-type":"","background-media":"","overlay-type":"","overlay-color":"","overlay-opacity":"","overlay-gradient":""},"tablet":{"background-color":"","background-image":"","background-repeat":"repeat","background-position":"center center","background-size":"auto","background-attachment":"scroll","background-type":"","background-media":"","overlay-type":"","overlay-color":"","overlay-opacity":"","overlay-gradient":""},"mobile":{"background-color":"","background-image":"","background-repeat":"repeat","background-position":"center center","background-size":"auto","background-attachment":"scroll","background-type":"","background-media":"","overlay-type":"","overlay-color":"","overlay-opacity":"","overlay-gradient":""}},"ast-content-background-meta":{"desktop":{"background-color":"var(--ast-global-color-5)","background-image":"","background-repeat":"repeat","background-position":"center center","background-size":"auto","background-attachment":"scroll","background-type":"","background-media":"","overlay-type":"","overlay-color":"","overlay-opacity":"","overlay-gradient":""},"tablet":{"background-color":"var(--ast-global-color-5)","background-image":"","background-repeat":"repeat","background-position":"center center","background-size":"auto","background-attachment":"scroll","background-type":"","background-media":"","overlay-type":"","overlay-color":"","overlay-opacity":"","overlay-gradient":""},"mobile":{"background-color":"var(--ast-global-color-5)","background-image":"","background-repeat":"repeat","background-position":"center center","background-size":"auto","background-attachment":"scroll","background-type":"","background-media":"","overlay-type":"","overlay-color":"","overlay-opacity":"","overlay-gradient":""}}},"product_brand":[],"product_cat":[550],"product_tag":[1319,1317,1318,1320,1321],"class_list":{"0":"post-5772","1":"product","2":"type-product","3":"status-publish","4":"has-post-thumbnail","6":"product_cat-caissons-protection-exterieur","7":"product_tag-abri-de-jardin-a-persiennes","8":"product_tag-abri-de-jardin-decoratif","9":"product_tag-abri-de-jardin-metallique","10":"product_tag-abri-de-rangement-de-jardin","11":"product_tag-abri-de-stockage-de-jardin","12":"desktop-align-left","13":"tablet-align-left","14":"mobile-align-left","15":"ast-product-gallery-layout-first-image-large","16":"ast-product-tabs-layout-accordion","18":"first","19":"instock","20":"taxable","21":"shipping-taxable","22":"purchasable","23":"product-type-simple"},"aioseo_notices":[],"uagb_featured_image_src":{"full":["https:\/\/birmansacmetal.com\/wp-content\/uploads\/2026\/03\/Metal-Metal-Bahce-Deposu-1.jpg",1200,1600,false],"thumbnail":["https:\/\/birmansacmetal.com\/wp-content\/uploads\/2026\/03\/Metal-Metal-Bahce-Deposu-1-150x150.jpg",150,150,true],"medium":["https:\/\/birmansacmetal.com\/wp-content\/uploads\/2026\/03\/Metal-Metal-Bahce-Deposu-1-225x300.jpg",225,300,true],"medium_large":["https:\/\/birmansacmetal.com\/wp-content\/uploads\/2026\/03\/Metal-Metal-Bahce-Deposu-1-768x1024.jpg",768,1024,true],"large":["https:\/\/birmansacmetal.com\/wp-content\/uploads\/2026\/03\/Metal-Metal-Bahce-Deposu-1-768x1024.jpg",768,1024,true],"1536x1536":["https:\/\/birmansacmetal.com\/wp-content\/uploads\/2026\/03\/Metal-Metal-Bahce-Deposu-1-1152x1536.jpg",1152,1536,true],"2048x2048":["https:\/\/birmansacmetal.com\/wp-content\/uploads\/2026\/03\/Metal-Metal-Bahce-Deposu-1.jpg",1200,1600,false],"woocommerce_thumbnail":["https:\/\/birmansacmetal.com\/wp-content\/uploads\/2026\/03\/Metal-Metal-Bahce-Deposu-1-300x300.jpg",300,300,true],"woocommerce_single":["https:\/\/birmansacmetal.com\/wp-content\/uploads\/2026\/03\/Metal-Metal-Bahce-Deposu-1-600x800.jpg",600,800,true],"woocommerce_gallery_thumbnail":["https:\/\/birmansacmetal.com\/wp-content\/uploads\/2026\/03\/Metal-Metal-Bahce-Deposu-1-100x100.jpg",100,100,true]},"uagb_author_info":{"display_name":"Birman Sac Metal","author_link":"https:\/\/birmansacmetal.com\/fr\/author\/"},"uagb_comment_info":0,"uagb_excerpt":"L'Abri de Jardin D\u00e9coratif est une solution de rangement m\u00e9tallique moderne con\u00e7ue pour dissimuler esth\u00e9tiquement les installations, \u00e9quipements ou zones de stockage dans les jardins. Gr\u00e2ce \u00e0 sa structure \u00e0 persiennes, il assure une circulation d'air naturelle et sa structure en t\u00f4le galvanis\u00e9e peinte \u00e9lectrostatiquement lui conf\u00e8re une longue dur\u00e9e de vie. Il peut \u00eatre\u2026","_links":{"self":[{"href":"https:\/\/birmansacmetal.com\/fr\/wp-json\/wp\/v2\/product\/5772","targetHints":{"allow":["GET"]}}],"collection":[{"href":"https:\/\/birmansacmetal.com\/fr\/wp-json\/wp\/v2\/product"}],"about":[{"href":"https:\/\/birmansacmetal.com\/fr\/wp-json\/wp\/v2\/types\/product"}],"replies":[{"embeddable":true,"href":"https:\/\/birmansacmetal.com\/fr\/wp-json\/wp\/v2\/comments?post=5772"}],"wp:featuredmedia":[{"embeddable":true,"href":"https:\/\/birmansacmetal.com\/fr\/wp-json\/wp\/v2\/media\/5773"}],"wp:attachment":[{"href":"https:\/\/birmansacmetal.com\/fr\/wp-json\/wp\/v2\/media?parent=5772"}],"wp:term":[{"taxonomy":"product_brand","embeddable":true,"href":"https:\/\/birmansacmetal.com\/fr\/wp-json\/wp\/v2\/product_brand?post=5772"},{"taxonomy":"product_cat","embeddable":true,"href":"https:\/\/birmansacmetal.com\/fr\/wp-json\/wp\/v2\/product_cat?post=5772"},{"taxonomy":"product_tag","embeddable":true,"href":"https:\/\/birmansacmetal.com\/fr\/wp-json\/wp\/v2\/product_tag?post=5772"}],"curies":[{"name":"wp","href":"https:\/\/api.w.org\/{rel}","templated":true}]}}