{"id":5735,"date":"2026-03-06T12:19:18","date_gmt":"2026-03-06T12:19:18","guid":{"rendered":"https:\/\/birmansacmetal.com\/urun\/panneau-de-fermeture-pour-zone-de-service-a-double-battant\/"},"modified":"2026-03-06T12:19:18","modified_gmt":"2026-03-06T12:19:18","slug":"panneau-de-fermeture-pour-zone-de-service-a-double-battant","status":"publish","type":"product","link":"https:\/\/birmansacmetal.com\/fr\/produit\/panneau-de-fermeture-pour-zone-de-service-a-double-battant\/","title":{"rendered":"Panneau de Fermeture pour Zone de Service \u00e0 Double Battant"},"content":{"rendered":"<h2 data-section-id=\"voq98\" data-start=\"582\" data-end=\"622\">Panneau de Fermeture pour Zone de Service \u00e0 Double Battant<\/h2>\n<p data-start=\"624\" data-end=\"1222\"><strong data-start=\"624\" data-end=\"665\">Le Panneau de Fermeture pour Zone de Service \u00e0 Double Battant<\/strong> est un syst\u00e8me de fermeture fonctionnel con\u00e7u pour conf\u00e9rer une apparence esth\u00e9tique et ordonn\u00e9e aux \u00e9quipements m\u00e9caniques situ\u00e9s \u00e0 l\u2019ext\u00e9rieur des villas, des r\u00e9sidences individuelles, des complexes r\u00e9sidentiels et des projets de logements modernes. De nos jours, de nombreux logements disposent de zones techniques semi-ouvertes dans le jardin ou sur la fa\u00e7ade du b\u00e2timent, d\u00e9di\u00e9es aux unit\u00e9s ext\u00e9rieures de climatisation, aux syst\u00e8mes de pompe \u00e0 chaleur, aux surpresseurs, aux syst\u00e8mes de traitement d\u2019eau et \u00e0 divers \u00e9quipements d\u2019installation. Ces zones cr\u00e9ent souvent une pollution visuelle lorsqu\u2019elles sont vues de l\u2019ext\u00e9rieur, et les \u00e9quipements peuvent \u00eatre directement expos\u00e9s au soleil, \u00e0 la poussi\u00e8re et aux influences environnementales.  <\/p>\n<div class=\"ast-oembed-container \" style=\"height: 100%;\"><iframe title=\"\u00c7ift Kanat Mekanik Alan Kapama Paneli\" width=\"422\" height=\"750\" src=\"https:\/\/www.youtube.com\/embed\/5s-g-y_gHSM?feature=oembed\" frameborder=\"0\" allow=\"accelerometer; autoplay; clipboard-write; encrypted-media; gyroscope; picture-in-picture; web-share\" referrerpolicy=\"strict-origin-when-cross-origin\" allowfullscreen><\/iframe><\/div>\n<p data-start=\"1224\" data-end=\"1563\">\n<p data-start=\"1224\" data-end=\"1563\">C\u2019est pourquoi les <strong data-start=\"1248\" data-end=\"1289\">syst\u00e8mes de Panneaux de Fermeture pour Zone de Service<\/strong> d\u00e9velopp\u00e9s offrent une solution id\u00e9ale tant pour l\u2019esth\u00e9tique architecturale que pour la protection des \u00e9quipements. Gr\u00e2ce \u00e0 la conception de porte \u00e0 double battant, une utilisation confortable et un acc\u00e8s de service sont assur\u00e9s dans les grandes zones techniques, tandis que la forme persienn\u00e9e permet de maintenir la circulation de l\u2019air n\u00e9cessaire aux \u00e9quipements. <\/p>\n<hr data-start=\"1565\" data-end=\"1568\">\n<h2 data-section-id=\"1ns9fju\" data-start=\"1570\" data-end=\"1601\">Solution Esth\u00e9tique et Fonctionnelle<\/h2>\n<p data-start=\"1603\" data-end=\"1963\">Dans les projets d\u2019architecture moderne, l\u2019apparence ordonn\u00e9e et \u00e9l\u00e9gante des zones techniques ext\u00e9rieures est un d\u00e9tail important. Le <strong data-start=\"1703\" data-end=\"1744\">Panneau de Fermeture pour Zone de Service \u00e0 Double Battant<\/strong>, gr\u00e2ce \u00e0 sa conception harmonis\u00e9e avec la fa\u00e7ade du b\u00e2timent, cr\u00e9e une int\u00e9grit\u00e9 esth\u00e9tique dans les espaces ext\u00e9rieurs. Le syst\u00e8me de panneau m\u00e9tallique persienn\u00e9 dissimule compl\u00e8tement la zone o\u00f9 se trouvent les \u00e9quipements m\u00e9caniques, offrant une apparence nette et ordonn\u00e9e. <\/p>\n<p data-start=\"1965\" data-end=\"2042\">Ce syst\u00e8me est particuli\u00e8rement privil\u00e9gi\u00e9 dans les zones abritant les \u00e9quipements suivants :<\/p>\n<ul data-start=\"2044\" data-end=\"2226\">\n<li data-section-id=\"fd9c2u\" data-start=\"2044\" data-end=\"2072\">\n<p data-start=\"2046\" data-end=\"2072\">Zones d\u2019unit\u00e9s ext\u00e9rieures de climatisation<\/p>\n<\/li>\n<li data-section-id=\"1kfuwhx\" data-start=\"2073\" data-end=\"2099\">\n<p data-start=\"2075\" data-end=\"2099\">Syst\u00e8mes de pompe \u00e0 chaleur<\/p>\n<\/li>\n<li data-section-id=\"1mdywcu\" data-start=\"2100\" data-end=\"2136\">\n<p data-start=\"2102\" data-end=\"2136\">Zones de surpresseurs et d\u2019installations d\u2019eau<\/p>\n<\/li>\n<li data-section-id=\"1a6aigj\" data-start=\"2137\" data-end=\"2161\">\n<p data-start=\"2139\" data-end=\"2161\">Syst\u00e8mes de traitement d\u2019eau<\/p>\n<\/li>\n<li data-section-id=\"1xtsa8\" data-start=\"2162\" data-end=\"2193\">\n<p data-start=\"2164\" data-end=\"2193\">\u00c9quipements d\u2019installations m\u00e9caniques<\/p>\n<\/li>\n<li data-section-id=\"16ukbcj\" data-start=\"2194\" data-end=\"2226\">\n<p data-start=\"2196\" data-end=\"2226\">Zones de service technique de jardin<\/p>\n<\/li>\n<\/ul>\n<hr data-start=\"2228\" data-end=\"2231\">\n<h2 data-section-id=\"4osksu\" data-start=\"2233\" data-end=\"2266\">Avantage de l\u2019Utilisation \u00e0 Double Battant<\/h2>\n<p data-start=\"2268\" data-end=\"2578\">Le <strong data-start=\"2268\" data-end=\"2295\">syst\u00e8me de porte \u00e0 double battant<\/strong> offre une utilisation pratique dans les grandes ouvertures de zones m\u00e9caniques. L\u2019ouverture des deux battants lors des op\u00e9rations de service et de maintenance permet un acc\u00e8s facile aux \u00e9quipements. Cette caract\u00e9ristique offre un grand avantage, en particulier dans les zones o\u00f9 se trouvent des unit\u00e9s ext\u00e9rieures de climatisation ou de grands \u00e9quipements m\u00e9caniques.  <\/p>\n<p data-start=\"2580\" data-end=\"2732\">Le syst\u00e8me de porte peut \u00eatre utilis\u00e9 en toute s\u00e9curit\u00e9 avec un m\u00e9canisme de verrouillage si n\u00e9cessaire, contribuant ainsi \u00e0 prot\u00e9ger les \u00e9quipements m\u00e9caniques contre tout acc\u00e8s non autoris\u00e9.<\/p>\n<hr data-start=\"2734\" data-end=\"2737\">\n<h2 data-section-id=\"1pim7ab\" data-start=\"2739\" data-end=\"2778\">Ventilation Naturelle gr\u00e2ce \u00e0 la Structure Persienn\u00e9e<\/h2>\n<p data-start=\"2780\" data-end=\"3024\">L\u2019un des \u00e9l\u00e9ments les plus importants dans les zones o\u00f9 se trouvent des \u00e9quipements m\u00e9caniques est la <strong data-start=\"2848\" data-end=\"2872\">circulation de l\u2019air<\/strong>. Les unit\u00e9s ext\u00e9rieures de climatisation et les pompes \u00e0 chaleur n\u00e9cessitent un flux d\u2019air constant pendant leur fonctionnement. Il est donc essentiel que le syst\u00e8me de fermeture n\u2019entrave pas la ventilation.  <\/p>\n<p data-start=\"3026\" data-end=\"3257\">La <strong data-start=\"3026\" data-end=\"3068\">conception du panneau m\u00e9tallique en forme de persienne<\/strong> assure la circulation de l\u2019air \u00e0 l\u2019int\u00e9rieur. Ainsi, le fonctionnement efficace des \u00e9quipements est soutenu, tout en r\u00e9duisant l\u2019exposition directe des \u00e9quipements au soleil et aux facteurs externes. <\/p>\n<hr data-start=\"3259\" data-end=\"3262\">\n<h2 data-section-id=\"j94jqc\" data-start=\"3264\" data-end=\"3290\">Durabilit\u00e9 Ext\u00e9rieure<\/h2>\n<p data-start=\"3292\" data-end=\"3594\">Le Panneau de Fermeture pour Zone de Service \u00e0 Double Battant est dot\u00e9 d\u2019une construction m\u00e9tallique robuste, adapt\u00e9e aux conditions ext\u00e9rieures. La structure du panneau persienn\u00e9 offre \u00e0 la fois durabilit\u00e9 et longue dur\u00e9e de vie. Le syst\u00e8me est con\u00e7u pour \u00eatre utilis\u00e9 en toute s\u00e9curit\u00e9 \u00e0 l\u2019ext\u00e9rieur et assure un fonctionnement sans probl\u00e8me pendant de nombreuses ann\u00e9es.  <\/p>\n<hr data-start=\"3596\" data-end=\"3599\">\n<h2 data-section-id=\"okl8hf\" data-start=\"3601\" data-end=\"3648\">Un D\u00e9tail Architectural Intelligent pour les Logements Modernes<\/h2>\n<p data-start=\"3650\" data-end=\"3929\">De nos jours, la dissimulation ordonn\u00e9e des zones m\u00e9caniques est devenue un crit\u00e8re de conception important dans les projets architecturaux. Les <strong data-start=\"3768\" data-end=\"3802\">Syst\u00e8mes de Fermeture pour Zone de Service<\/strong>, offrant une solution \u00e0 la fois esth\u00e9tique et fonctionnelle, figurent parmi les produits architecturaux privil\u00e9gi\u00e9s dans les projets de logements modernes.<\/p>\n<p data-start=\"3931\" data-end=\"4101\">Gr\u00e2ce au syst\u00e8me de fermeture persienn\u00e9 \u00e0 double battant, les zones techniques situ\u00e9es dans le jardin et autour du b\u00e2timent ont une apparence plus ordonn\u00e9e et les \u00e9quipements sont prot\u00e9g\u00e9s contre les facteurs externes.<\/p>\n<hr data-start=\"4103\" data-end=\"4106\">\n<h2 data-section-id=\"dehkys\" data-start=\"4108\" data-end=\"4128\">Domaines d&rsquo;application<\/h2>\n<p data-start=\"4130\" data-end=\"4219\">Le Panneau de Fermeture pour Zone de Service \u00e0 Double Battant est largement utilis\u00e9 dans les domaines suivants :<\/p>\n<ul data-start=\"4221\" data-end=\"4423\">\n<li data-section-id=\"xyowz0\" data-start=\"4221\" data-end=\"4258\">\n<p data-start=\"4223\" data-end=\"4258\">Jardins de villas et de r\u00e9sidences individuelles<\/p>\n<\/li>\n<li data-section-id=\"8254d5\" data-start=\"4259\" data-end=\"4292\">\n<p data-start=\"4261\" data-end=\"4292\">Projets de complexes r\u00e9sidentiels et de logements collectifs<\/p>\n<\/li>\n<li data-section-id=\"414odx\" data-start=\"4293\" data-end=\"4318\">\n<p data-start=\"4295\" data-end=\"4318\">Architecture r\u00e9sidentielle moderne<\/p>\n<\/li>\n<li data-section-id=\"16ukbcj\" data-start=\"4319\" data-end=\"4351\">\n<p data-start=\"4321\" data-end=\"4351\">Zones de service technique de jardin<\/p>\n<\/li>\n<li data-section-id=\"1vf3x9u\" data-start=\"4352\" data-end=\"4393\">\n<p data-start=\"4354\" data-end=\"4393\">Zones d\u2019\u00e9quipements de climatisation et de pompe \u00e0 chaleur<\/p>\n<\/li>\n<li data-section-id=\"z5nyvd\" data-start=\"4394\" data-end=\"4423\">\n<p data-start=\"4396\" data-end=\"4423\">Compartiments d\u2019installations m\u00e9caniques<\/p>\n<\/li>\n<\/ul>\n<hr data-start=\"4425\" data-end=\"4428\">\n<h2 data-section-id=\"xniu6d\" data-start=\"4430\" data-end=\"4438\">Conclusion<\/h2>\n<p data-start=\"4440\" data-end=\"4826\">Le <strong data-start=\"4440\" data-end=\"4481\">Panneau de Fermeture pour Zone de Service \u00e0 Double Battant<\/strong> est une solution pratique d\u00e9velopp\u00e9e pour fermer de mani\u00e8re esth\u00e9tique, s\u00e9curis\u00e9e et ordonn\u00e9e les zones d\u2019\u00e9quipements m\u00e9caniques situ\u00e9es \u00e0 l\u2019ext\u00e9rieur. Gr\u00e2ce \u00e0 sa structure persienn\u00e9e, la ventilation est pr\u00e9serv\u00e9e, tandis que le syst\u00e8me de porte \u00e0 double battant facilite l\u2019utilisation dans les grands espaces. Il est privil\u00e9gi\u00e9 comme solution \u00e0 la fois fonctionnelle et esth\u00e9tique dans les projets d\u2019architecture moderne.  <\/p>\n","protected":false},"excerpt":{"rendered":"<p>Le <strong data-start=\"38\" data-end=\"79\">Panneau de Fermeture pour Zone de Service \u00e0 Double Battant<\/strong> est un syst\u00e8me de fermeture persienn\u00e9 con\u00e7u pour dissimuler et prot\u00e9ger esth\u00e9tiquement les zones o\u00f9 se trouvent les unit\u00e9s ext\u00e9rieures de climatisation, les pompes \u00e0 chaleur, les syst\u00e8mes de surpresseurs et autres \u00e9quipements m\u00e9caniques situ\u00e9s dans le jardin ou \u00e0 l\u2019ext\u00e9rieur des villas et des r\u00e9sidences individuelles.<\/p>\n<p>Gr\u00e2ce \u00e0 la conception de porte \u00e0 double battant, il offre une utilisation facile et un acc\u00e8s de service dans les grandes ouvertures. La forme persienn\u00e9e aide \u00e0 prot\u00e9ger les \u00e9quipements du soleil, de la poussi\u00e8re et des facteurs externes sans entraver la circulation de l\u2019air. <\/p>\n<p><em><strong>Prix au m\u00e8tre carr\u00e9.<\/strong><\/em><\/p>\n","protected":false},"featured_media":5737,"comment_status":"open","ping_status":"closed","template":"","meta":{"_uag_custom_page_level_css":"","site-sidebar-layout":"default","site-content-layout":"","ast-site-content-layout":"default","site-content-style":"default","site-sidebar-style":"default","ast-global-header-display":"","ast-banner-title-visibility":"","ast-main-header-display":"","ast-hfb-above-header-display":"","ast-hfb-below-header-display":"","ast-hfb-mobile-header-display":"","site-post-title":"","ast-breadcrumbs-content":"","ast-featured-img":"","footer-sml-layout":"","ast-disable-related-posts":"","theme-transparent-header-meta":"default","adv-header-id-meta":"","stick-header-meta":"default","header-above-stick-meta":"","header-main-stick-meta":"","header-below-stick-meta":"","astra-migrate-meta-layouts":"default","ast-page-background-enabled":"default","ast-page-background-meta":{"desktop":{"background-color":"var(--ast-global-color-4)","background-image":"","background-repeat":"repeat","background-position":"center center","background-size":"auto","background-attachment":"scroll","background-type":"","background-media":"","overlay-type":"","overlay-color":"","overlay-opacity":"","overlay-gradient":""},"tablet":{"background-color":"","background-image":"","background-repeat":"repeat","background-position":"center center","background-size":"auto","background-attachment":"scroll","background-type":"","background-media":"","overlay-type":"","overlay-color":"","overlay-opacity":"","overlay-gradient":""},"mobile":{"background-color":"","background-image":"","background-repeat":"repeat","background-position":"center center","background-size":"auto","background-attachment":"scroll","background-type":"","background-media":"","overlay-type":"","overlay-color":"","overlay-opacity":"","overlay-gradient":""}},"ast-content-background-meta":{"desktop":{"background-color":"var(--ast-global-color-5)","background-image":"","background-repeat":"repeat","background-position":"center center","background-size":"auto","background-attachment":"scroll","background-type":"","background-media":"","overlay-type":"","overlay-color":"","overlay-opacity":"","overlay-gradient":""},"tablet":{"background-color":"var(--ast-global-color-5)","background-image":"","background-repeat":"repeat","background-position":"center center","background-size":"auto","background-attachment":"scroll","background-type":"","background-media":"","overlay-type":"","overlay-color":"","overlay-opacity":"","overlay-gradient":""},"mobile":{"background-color":"var(--ast-global-color-5)","background-image":"","background-repeat":"repeat","background-position":"center center","background-size":"auto","background-attachment":"scroll","background-type":"","background-media":"","overlay-type":"","overlay-color":"","overlay-opacity":"","overlay-gradient":""}}},"product_brand":[],"product_cat":[1209],"product_tag":[1289,1288,1287,1291,1290],"class_list":{"0":"post-5735","1":"product","2":"type-product","3":"status-publish","4":"has-post-thumbnail","6":"product_cat-panneau-de-fermeture-pour-zone-technique","7":"product_tag-panneau-de-dissimulation-de-moteur-de-climatisation","8":"product_tag-panneau-de-fermeture-dunite-exterieure-de-climatisation","9":"product_tag-panneau-de-fermeture-pour-zone-de-service","10":"product_tag-panneau-de-protection-dunite-exterieure-de-climatisation","11":"product_tag-systeme-de-fermeture-pour-zone-de-service","12":"desktop-align-left","13":"tablet-align-left","14":"mobile-align-left","15":"ast-product-gallery-layout-first-image-large","16":"ast-product-tabs-layout-accordion","18":"first","19":"instock","20":"taxable","21":"shipping-taxable","22":"purchasable","23":"product-type-simple"},"aioseo_notices":[],"uagb_featured_image_src":{"full":["https:\/\/birmansacmetal.com\/wp-content\/uploads\/2026\/03\/Mekanik-Alan-Kapama-Paneli.jpg",750,1000,false],"thumbnail":["https:\/\/birmansacmetal.com\/wp-content\/uploads\/2026\/03\/Mekanik-Alan-Kapama-Paneli-150x150.jpg",150,150,true],"medium":["https:\/\/birmansacmetal.com\/wp-content\/uploads\/2026\/03\/Mekanik-Alan-Kapama-Paneli-225x300.jpg",225,300,true],"medium_large":["https:\/\/birmansacmetal.com\/wp-content\/uploads\/2026\/03\/Mekanik-Alan-Kapama-Paneli.jpg",750,1000,false],"large":["https:\/\/birmansacmetal.com\/wp-content\/uploads\/2026\/03\/Mekanik-Alan-Kapama-Paneli.jpg",750,1000,false],"1536x1536":["https:\/\/birmansacmetal.com\/wp-content\/uploads\/2026\/03\/Mekanik-Alan-Kapama-Paneli.jpg",750,1000,false],"2048x2048":["https:\/\/birmansacmetal.com\/wp-content\/uploads\/2026\/03\/Mekanik-Alan-Kapama-Paneli.jpg",750,1000,false],"woocommerce_thumbnail":["https:\/\/birmansacmetal.com\/wp-content\/uploads\/2026\/03\/Mekanik-Alan-Kapama-Paneli-300x300.jpg",300,300,true],"woocommerce_single":["https:\/\/birmansacmetal.com\/wp-content\/uploads\/2026\/03\/Mekanik-Alan-Kapama-Paneli-600x800.jpg",600,800,true],"woocommerce_gallery_thumbnail":["https:\/\/birmansacmetal.com\/wp-content\/uploads\/2026\/03\/Mekanik-Alan-Kapama-Paneli-100x100.jpg",100,100,true]},"uagb_author_info":{"display_name":"Birman Sac Metal","author_link":"https:\/\/birmansacmetal.com\/fr\/author\/"},"uagb_comment_info":0,"uagb_excerpt":"Le Panneau de Fermeture pour Zone de Service \u00e0 Double Battant est un syst\u00e8me de fermeture persienn\u00e9 con\u00e7u pour dissimuler et prot\u00e9ger esth\u00e9tiquement les zones o\u00f9 se trouvent les unit\u00e9s ext\u00e9rieures de climatisation, les pompes \u00e0 chaleur, les syst\u00e8mes de surpresseurs et autres \u00e9quipements m\u00e9caniques situ\u00e9s dans le jardin ou \u00e0 l\u2019ext\u00e9rieur des villas et\u2026","_links":{"self":[{"href":"https:\/\/birmansacmetal.com\/fr\/wp-json\/wp\/v2\/product\/5735","targetHints":{"allow":["GET"]}}],"collection":[{"href":"https:\/\/birmansacmetal.com\/fr\/wp-json\/wp\/v2\/product"}],"about":[{"href":"https:\/\/birmansacmetal.com\/fr\/wp-json\/wp\/v2\/types\/product"}],"replies":[{"embeddable":true,"href":"https:\/\/birmansacmetal.com\/fr\/wp-json\/wp\/v2\/comments?post=5735"}],"wp:featuredmedia":[{"embeddable":true,"href":"https:\/\/birmansacmetal.com\/fr\/wp-json\/wp\/v2\/media\/5737"}],"wp:attachment":[{"href":"https:\/\/birmansacmetal.com\/fr\/wp-json\/wp\/v2\/media?parent=5735"}],"wp:term":[{"taxonomy":"product_brand","embeddable":true,"href":"https:\/\/birmansacmetal.com\/fr\/wp-json\/wp\/v2\/product_brand?post=5735"},{"taxonomy":"product_cat","embeddable":true,"href":"https:\/\/birmansacmetal.com\/fr\/wp-json\/wp\/v2\/product_cat?post=5735"},{"taxonomy":"product_tag","embeddable":true,"href":"https:\/\/birmansacmetal.com\/fr\/wp-json\/wp\/v2\/product_tag?post=5735"}],"curies":[{"name":"wp","href":"https:\/\/api.w.org\/{rel}","templated":true}]}}