{"id":5729,"date":"2026-02-28T20:57:50","date_gmt":"2026-02-28T20:57:50","guid":{"rendered":"https:\/\/birmansacmetal.com\/urun\/panneaux-de-cloture-dintimite-en-metal-avec-fil-rasoir\/"},"modified":"2026-02-28T20:57:50","modified_gmt":"2026-02-28T20:57:50","slug":"panneaux-de-cloture-dintimite-en-metal-avec-fil-rasoir","status":"publish","type":"product","link":"https:\/\/birmansacmetal.com\/fr\/produit\/panneaux-de-cloture-dintimite-en-metal-avec-fil-rasoir\/","title":{"rendered":"Panneaux de cl\u00f4ture d\u2019intimit\u00e9 en m\u00e9tal avec fil rasoir"},"content":{"rendered":"<h2>Panneaux de cl\u00f4ture d\u2019intimit\u00e9 en m\u00e9tal avec fil rasoir \u2013 Haute s\u00e9curit\u00e9 et design moderne<\/h2>\n<p>&nbsp;<\/p>\n<p>Le syst\u00e8me de Panneaux de cl\u00f4ture d\u2019intimit\u00e9 en m\u00e9tal avec fil rasoir a \u00e9t\u00e9 d\u00e9velopp\u00e9 pour les zones n\u00e9cessitant \u00e0 la fois esth\u00e9tique et s\u00e9curit\u00e9 maximale. La ligne de fil rasoir de 50 cm de hauteur situ\u00e9e dans la partie sup\u00e9rieure constitue une barri\u00e8re de s\u00e9curit\u00e9 dissuasive et physiquement obstructive contre les intrusions non autoris\u00e9es. <\/p>\n<div style=\"width: 1080px;\" class=\"wp-video\"><video class=\"wp-video-shortcode\" id=\"video-5729-1\" width=\"1080\" height=\"1440\" preload=\"metadata\" controls=\"controls\"><source type=\"video\/mp4\" src=\"https:\/\/birmansacmetal.com\/wp-content\/uploads\/2026\/02\/MP4_20260228_170422VLOG.mp4?_=1\" \/><a href=\"https:\/\/birmansacmetal.com\/wp-content\/uploads\/2026\/02\/MP4_20260228_170422VLOG.mp4\">https:\/\/birmansacmetal.com\/wp-content\/uploads\/2026\/02\/MP4_20260228_170422VLOG.mp4<\/a><\/video><\/div>\n<p>Convient aux installations industrielles, entrep\u00f4ts, zones logistiques, p\u00e9rim\u00e8tres de sites, terrains et toutes les zones n\u00e9cessitant une haute s\u00e9curit\u00e9.<\/p>\n<h4><strong>Sp\u00e9cifications techniques<\/strong><\/h4>\n<p>\u2714 \u00c9paisseur des panneaux : t\u00f4le galvanis\u00e9e durable de 1 mm, pliage sp\u00e9cial<\/p>\n<p>\u2714 Poids des panneaux : 1,2 kg \/ m\u00e8tre<\/p>\n<p>\u2714 Dimensions des poteaux : profil\u00e9 creux galvanis\u00e9 60x60x1,5 mm<\/p>\n<p>\u2714 Poids des poteaux : 2,4 kg \/ m\u00e8tre<\/p>\n<p>\u2714 Bride : 4 mm d&rsquo;\u00e9paisseur<\/p>\n<p>\u2714 Espacement des poteaux : 125 cm<\/p>\n<p>\u2714 Hauteur du fil rasoir : 50 cm<\/p>\n<p>\u2714 R\u00e9sistance au vent : 150 km\/h<\/p>\n<p>\u2714 Peinture : Peinture en poudre \u00e9lectrostatique dans toutes les couleurs RAL<\/p>\n<h4>Structure durable et \u00e0 longue dur\u00e9e de vie<\/h4>\n<p>Le syst\u00e8me est enti\u00e8rement fabriqu\u00e9 en acier galvanis\u00e9.<\/p>\n<p>Gr\u00e2ce \u00e0 sa structure r\u00e9sistante \u00e0 la corrosion, il assure une utilisation sans probl\u00e8me pendant de nombreuses ann\u00e9es dans des conditions ext\u00e9rieures.<\/p>\n<p>Le syst\u00e8me de panneaux de 1 mm avec forme de pliage sp\u00e9ciale offre \u00e0 la fois rigidit\u00e9 et un aspect moderne. Gr\u00e2ce \u00e0 la structure de poteaux de 60&#215;60 mm et \u00e0 la connexion par bride de 4 mm, il cr\u00e9e une construction solide et stable. <\/p>\n<p>Avec une r\u00e9sistance au vent de 150 km\/h, il est choisi en toute confiance pour les espaces ouverts.<\/p>\n<p><strong>Installation rapide avec un accessoire de montage intelligent<\/strong><\/p>\n<p>Gr\u00e2ce \u00e0 l&rsquo;accessoire de montage intelligent sp\u00e9cialement d\u00e9velopp\u00e9, le syst\u00e8me peut \u00eatre install\u00e9 rapidement et pratiquement.<\/p>\n<p>Le temps de main-d&rsquo;\u0153uvre est r\u00e9duit, les co\u00fbts d&rsquo;installation diminuent.<\/p>\n<p>C&rsquo;est une solution qui permet de gagner du temps pour les \u00e9quipes professionnelles.<\/p>\n<p>Couche de s\u00e9curit\u00e9 maximale : 50 cm de fil rasoir<\/p>\n<p>La ligne de fil rasoir de 50 cm de hauteur situ\u00e9e dans la partie sup\u00e9rieure :<\/p>\n<p>\u2022 Rend l&rsquo;escalade difficile<\/p>\n<p>\u2022 Cr\u00e9e une barri\u00e8re de s\u00e9curit\u00e9 physique<\/p>\n<p>\u2022 Offre un effet dissuasif<\/p>\n<p>\u2022 Convient particuli\u00e8rement aux zones industrielles<\/p>\n<p>Cette combinaison distingue le produit des Panneaux de cl\u00f4ture d\u2019intimit\u00e9 en m\u00e9tal standard et en fait une \u00ab solution de haute s\u00e9curit\u00e9 \u00bb.<\/p>\n<h4>Options de transport et de couleur<\/h4>\n<p>\u2714 Exp\u00e9dition par fret de d\u00e9p\u00f4t dans toute la Turquie<\/p>\n<p>\u2714 Toutes les options de couleurs RAL<\/p>\n<p>\u2714 Production sur commande<\/p>\n<p>Vous pouvez nous contacter pour vos demandes de dimensions et de couleurs sp\u00e9cifiques \u00e0 votre projet.<\/p>\n<h4 style=\"text-align: left;\">Pourquoi choisir les Panneaux de cl\u00f4ture d\u2019intimit\u00e9 en m\u00e9tal avec fil rasoir ?<\/h4>\n<p>Haute s\u00e9curit\u00e9<\/p>\n<p>Aspect architectural moderne<\/p>\n<p>Structure galvanis\u00e9e durable<\/p>\n<p>R\u00e9sistance au vent de 150 km\/h<\/p>\n<p>Installation facile<\/p>\n<p>Utilisation \u00e0 longue dur\u00e9e de vie<\/p>\n<p>Exp\u00e9dition dans toute la Turquie<\/p>\n<p>\u00c9levez votre s\u00e9curit\u00e9 \u00e0 un niveau sup\u00e9rieur.<\/p>\n","protected":false},"excerpt":{"rendered":"<p><strong>Les Panneaux de cl\u00f4ture d\u2019intimit\u00e9 en m\u00e9tal avec fil rasoir<\/strong> offrent une protection maximale gr\u00e2ce \u00e0 leur ligne de s\u00e9curit\u00e9 de 50 cm de fil rasoir.<\/p>\n<p>Le syst\u00e8me de panneaux galvanis\u00e9s de 1 mm \u00e0 pliage sp\u00e9cial, les poteaux galvanis\u00e9s de 60x60x1,5 mm et la structure de bride de 4 mm garantissent une longue dur\u00e9e de vie et une grande durabilit\u00e9.<\/p>\n<p>Il offre une r\u00e9sistance au vent de 150 km\/h, toutes les options de couleurs RAL, une installation rapide gr\u00e2ce \u00e0 un accessoire de montage intelligent et une exp\u00e9dition s\u00e9curis\u00e9e par fret de d\u00e9p\u00f4t dans toute la Turquie.<\/p>\n<p>C&rsquo;est le choix id\u00e9al pour des solutions de s\u00e9curit\u00e9 professionnelles.<\/p>\n","protected":false},"featured_media":5730,"comment_status":"open","ping_status":"closed","template":"","meta":{"_uag_custom_page_level_css":"","site-sidebar-layout":"default","site-content-layout":"","ast-site-content-layout":"default","site-content-style":"default","site-sidebar-style":"default","ast-global-header-display":"","ast-banner-title-visibility":"","ast-main-header-display":"","ast-hfb-above-header-display":"","ast-hfb-below-header-display":"","ast-hfb-mobile-header-display":"","site-post-title":"","ast-breadcrumbs-content":"","ast-featured-img":"","footer-sml-layout":"","ast-disable-related-posts":"","theme-transparent-header-meta":"default","adv-header-id-meta":"","stick-header-meta":"default","header-above-stick-meta":"","header-main-stick-meta":"","header-below-stick-meta":"","astra-migrate-meta-layouts":"default","ast-page-background-enabled":"default","ast-page-background-meta":{"desktop":{"background-color":"var(--ast-global-color-4)","background-image":"","background-repeat":"repeat","background-position":"center center","background-size":"auto","background-attachment":"scroll","background-type":"","background-media":"","overlay-type":"","overlay-color":"","overlay-opacity":"","overlay-gradient":""},"tablet":{"background-color":"","background-image":"","background-repeat":"repeat","background-position":"center center","background-size":"auto","background-attachment":"scroll","background-type":"","background-media":"","overlay-type":"","overlay-color":"","overlay-opacity":"","overlay-gradient":""},"mobile":{"background-color":"","background-image":"","background-repeat":"repeat","background-position":"center center","background-size":"auto","background-attachment":"scroll","background-type":"","background-media":"","overlay-type":"","overlay-color":"","overlay-opacity":"","overlay-gradient":""}},"ast-content-background-meta":{"desktop":{"background-color":"var(--ast-global-color-5)","background-image":"","background-repeat":"repeat","background-position":"center center","background-size":"auto","background-attachment":"scroll","background-type":"","background-media":"","overlay-type":"","overlay-color":"","overlay-opacity":"","overlay-gradient":""},"tablet":{"background-color":"var(--ast-global-color-5)","background-image":"","background-repeat":"repeat","background-position":"center center","background-size":"auto","background-attachment":"scroll","background-type":"","background-media":"","overlay-type":"","overlay-color":"","overlay-opacity":"","overlay-gradient":""},"mobile":{"background-color":"var(--ast-global-color-5)","background-image":"","background-repeat":"repeat","background-position":"center center","background-size":"auto","background-attachment":"scroll","background-type":"","background-media":"","overlay-type":"","overlay-color":"","overlay-opacity":"","overlay-gradient":""}}},"product_brand":[],"product_cat":[487],"product_tag":[1268,1269,1282,1283,1281,1270,1275,1286,1277,1271,1273,1280,1274,1285,1276,1279,1284,1272,1278],"class_list":{"0":"post-5729","1":"product","2":"type-product","3":"status-publish","4":"has-post-thumbnail","6":"product_cat-systemes-de-garde-corps","7":"product_tag-cloture-a-panneaux-avec-application-de-fil-rasoir","8":"product_tag-cloture-a-panneaux-avec-fil-rasoir","9":"product_tag-cloture-a-panneaux-metalliques","10":"product_tag-cloture-a-poteaux-60x60","11":"product_tag-cloture-couleur-ral","12":"product_tag-cloture-de-securite","13":"product_tag-cloture-de-securite-de-terrain","14":"product_tag-cloture-de-zone-logistique","15":"product_tag-cloture-en-fil-rasoir","16":"product_tag-cloture-haute-securite","17":"product_tag-cloture-industrielle","18":"product_tag-cloture-peinte-electrostatiquement","19":"product_tag-cloture-perimetrique-dentrepot","20":"product_tag-cloture-perimetrique-dusine","21":"product_tag-cloture-perimetrique-de-site","22":"product_tag-cloture-resistante-au-vent","23":"product_tag-systeme-de-cloture-a-brides","24":"product_tag-systeme-de-cloture-galvanisee","25":"product_tag-systeme-de-cloture-industrielle","26":"desktop-align-left","27":"tablet-align-left","28":"mobile-align-left","29":"ast-product-gallery-layout-first-image-large","30":"ast-product-tabs-layout-accordion","32":"first","33":"instock","34":"taxable","35":"shipping-taxable","36":"purchasable","37":"product-type-simple"},"aioseo_notices":[],"uagb_featured_image_src":{"full":["https:\/\/birmansacmetal.com\/wp-content\/uploads\/2026\/02\/Panjur-Cit-Jiletle-Tel-Modeli-4.webp",1000,1333,false],"thumbnail":["https:\/\/birmansacmetal.com\/wp-content\/uploads\/2026\/02\/Panjur-Cit-Jiletle-Tel-Modeli-4-150x150.webp",150,150,true],"medium":["https:\/\/birmansacmetal.com\/wp-content\/uploads\/2026\/02\/Panjur-Cit-Jiletle-Tel-Modeli-4-225x300.webp",225,300,true],"medium_large":["https:\/\/birmansacmetal.com\/wp-content\/uploads\/2026\/02\/Panjur-Cit-Jiletle-Tel-Modeli-4-768x1024.webp",768,1024,true],"large":["https:\/\/birmansacmetal.com\/wp-content\/uploads\/2026\/02\/Panjur-Cit-Jiletle-Tel-Modeli-4-768x1024.webp",768,1024,true],"1536x1536":["https:\/\/birmansacmetal.com\/wp-content\/uploads\/2026\/02\/Panjur-Cit-Jiletle-Tel-Modeli-4.webp",1000,1333,false],"2048x2048":["https:\/\/birmansacmetal.com\/wp-content\/uploads\/2026\/02\/Panjur-Cit-Jiletle-Tel-Modeli-4.webp",1000,1333,false],"woocommerce_thumbnail":["https:\/\/birmansacmetal.com\/wp-content\/uploads\/2026\/02\/Panjur-Cit-Jiletle-Tel-Modeli-4-300x300.webp",300,300,true],"woocommerce_single":["https:\/\/birmansacmetal.com\/wp-content\/uploads\/2026\/02\/Panjur-Cit-Jiletle-Tel-Modeli-4-600x800.webp",600,800,true],"woocommerce_gallery_thumbnail":["https:\/\/birmansacmetal.com\/wp-content\/uploads\/2026\/02\/Panjur-Cit-Jiletle-Tel-Modeli-4-100x100.webp",100,100,true]},"uagb_author_info":{"display_name":"Birman Sac Metal","author_link":"https:\/\/birmansacmetal.com\/fr\/author\/"},"uagb_comment_info":0,"uagb_excerpt":"Les Panneaux de cl\u00f4ture d\u2019intimit\u00e9 en m\u00e9tal avec fil rasoir offrent une protection maximale gr\u00e2ce \u00e0 leur ligne de s\u00e9curit\u00e9 de 50 cm de fil rasoir. Le syst\u00e8me de panneaux galvanis\u00e9s de 1 mm \u00e0 pliage sp\u00e9cial, les poteaux galvanis\u00e9s de 60x60x1,5 mm et la structure de bride de 4 mm garantissent une longue dur\u00e9e\u2026","_links":{"self":[{"href":"https:\/\/birmansacmetal.com\/fr\/wp-json\/wp\/v2\/product\/5729","targetHints":{"allow":["GET"]}}],"collection":[{"href":"https:\/\/birmansacmetal.com\/fr\/wp-json\/wp\/v2\/product"}],"about":[{"href":"https:\/\/birmansacmetal.com\/fr\/wp-json\/wp\/v2\/types\/product"}],"replies":[{"embeddable":true,"href":"https:\/\/birmansacmetal.com\/fr\/wp-json\/wp\/v2\/comments?post=5729"}],"wp:featuredmedia":[{"embeddable":true,"href":"https:\/\/birmansacmetal.com\/fr\/wp-json\/wp\/v2\/media\/5730"}],"wp:attachment":[{"href":"https:\/\/birmansacmetal.com\/fr\/wp-json\/wp\/v2\/media?parent=5729"}],"wp:term":[{"taxonomy":"product_brand","embeddable":true,"href":"https:\/\/birmansacmetal.com\/fr\/wp-json\/wp\/v2\/product_brand?post=5729"},{"taxonomy":"product_cat","embeddable":true,"href":"https:\/\/birmansacmetal.com\/fr\/wp-json\/wp\/v2\/product_cat?post=5729"},{"taxonomy":"product_tag","embeddable":true,"href":"https:\/\/birmansacmetal.com\/fr\/wp-json\/wp\/v2\/product_tag?post=5729"}],"curies":[{"name":"wp","href":"https:\/\/api.w.org\/{rel}","templated":true}]}}