{"id":4476,"date":"2026-01-15T19:12:55","date_gmt":"2026-01-15T19:12:55","guid":{"rendered":"https:\/\/birmansacmetal.com\/urun\/caisson-de-protection-climatiseur-pompe-a-chaleur-avec-ou-sans-porte\/"},"modified":"2026-02-21T12:12:31","modified_gmt":"2026-02-21T12:12:31","slug":"caisson-de-protection-climatiseur-pompe-a-chaleur-avec-ou-sans-porte","status":"publish","type":"product","link":"https:\/\/birmansacmetal.com\/fr\/produit\/caisson-de-protection-climatiseur-pompe-a-chaleur-avec-ou-sans-porte\/","title":{"rendered":"Caisson de protection Climatiseur \/ Pompe \u00e0 Chaleur \u2013 Avec ou sans porte"},"content":{"rendered":"<p data-start=\"560\" data-end=\"857\">Les moteurs de climatisation et les pompes \u00e0 chaleur, \u00e9tant constamment expos\u00e9s aux conditions ext\u00e9rieures, se d\u00e9t\u00e9riorent avec le temps, tant en termes de performance que d&rsquo;esth\u00e9tique. Nos <strong data-start=\"456\" data-end=\"493\">caissons de protection pour climatiseurs et pompes \u00e0 chaleur<\/strong> sont sp\u00e9cialement con\u00e7us pour \u00e9liminer ces probl\u00e8mes. <\/p>\n<p data-start=\"560\" data-end=\"857\">Nos produits sont fabriqu\u00e9s <strong data-start=\"572\" data-end=\"601\">enti\u00e8rement en acier galvanis\u00e9<\/strong>. La structure du ch\u00e2ssis utilise des <strong data-start=\"630\" data-end=\"662\">profil\u00e9s galvanis\u00e9s de 50\u00d750\u00d71,5 mm<\/strong>, et les surfaces de rev\u00eatement sont en <strong data-start=\"689\" data-end=\"712\">t\u00f4le galvanis\u00e9e de 1,5 mm<\/strong>. Cela garantit une haute r\u00e9sistance aux intemp\u00e9ries pendant de nombreuses ann\u00e9es, offrant une protection contre la rouille, la d\u00e9formation et les chocs.  <\/p>\n<hr>\n<p data-start=\"560\" data-end=\"857\"><a href=\"https:\/\/birmansacmetal.com\/wp-content\/uploads\/2026\/01\/klima-muhazasi.webp\"><img decoding=\"async\" class=\"aligncenter size-large wp-image-3885\" src=\"https:\/\/birmansacmetal.com\/wp-content\/uploads\/2026\/01\/klima-muhazasi-768x1024.webp\" alt=\"\" width=\"768\" height=\"1024\" srcset=\"https:\/\/birmansacmetal.com\/wp-content\/uploads\/2026\/01\/klima-muhazasi-768x1024.webp 768w, https:\/\/birmansacmetal.com\/wp-content\/uploads\/2026\/01\/klima-muhazasi-225x300.webp 225w, https:\/\/birmansacmetal.com\/wp-content\/uploads\/2026\/01\/klima-muhazasi-1152x1536.webp 1152w, https:\/\/birmansacmetal.com\/wp-content\/uploads\/2026\/01\/klima-muhazasi-600x800.webp 600w, https:\/\/birmansacmetal.com\/wp-content\/uploads\/2026\/01\/klima-muhazasi.webp 1500w\" sizes=\"(max-width: 768px) 100vw, 768px\" \/><\/a><\/p>\n<hr>\n<p data-start=\"859\" data-end=\"1107\">Les caissons peuvent \u00eatre produits <strong data-start=\"871\" data-end=\"925\">avec ou sans porte, selon vos besoins<\/strong>.<br data-start=\"939\" data-end=\"942\">Les <strong data-start=\"978\" data-end=\"1000\">portes d&rsquo;acc\u00e8s<\/strong>, positionn\u00e9es sur les faces avant et lat\u00e9rales, facilitent les op\u00e9rations de service et de maintenance. L&#8217;emplacement des portes est enti\u00e8rement planifi\u00e9 en fonction des besoins. <\/p>\n<p data-start=\"1109\" data-end=\"1366\">Un <strong data-start=\"1135\" data-end=\"1162\">syst\u00e8me de persiennes espac\u00e9es<\/strong> est g\u00e9n\u00e9ralement utilis\u00e9 sur les faces lat\u00e9rales. Cette structure permet \u00e0 l&rsquo;air chaud produit par la pompe \u00e0 chaleur et le moteur de climatisation d&rsquo;\u00eatre \u00e9vacu\u00e9 facilement, favorisant ainsi le fonctionnement efficace de l&rsquo;appareil. La protection est assur\u00e9e sans entraver le flux d&rsquo;air.  <\/p>\n<p data-start=\"1368\" data-end=\"1598\">Tous les produits peuvent \u00eatre peints par poudrage \u00e9lectrostatique dans la <strong data-start=\"1380\" data-end=\"1406\">couleur RAL souhait\u00e9e<\/strong>. Cela permet d&rsquo;obtenir un aspect moderne et esth\u00e9tique, en harmonie avec la fa\u00e7ade du b\u00e2timent. Cela \u00e9limine l&rsquo;aspect inesth\u00e9tique et apporte une contribution ordonn\u00e9e et \u00e9l\u00e9gante \u00e0 l&rsquo;espace ext\u00e9rieur.  <\/p>\n<hr>\n<p data-start=\"1368\" data-end=\"1598\"><a href=\"https:\/\/birmansacmetal.com\/wp-content\/uploads\/2026\/01\/Isi-Pompasi-Muhafaza-Kabini.webp\"><img decoding=\"async\" class=\"aligncenter size-large wp-image-3887\" src=\"https:\/\/birmansacmetal.com\/wp-content\/uploads\/2026\/01\/Isi-Pompasi-Muhafaza-Kabini-683x1024.webp\" alt=\"\" width=\"683\" height=\"1024\" srcset=\"https:\/\/birmansacmetal.com\/wp-content\/uploads\/2026\/01\/Isi-Pompasi-Muhafaza-Kabini-683x1024.webp 683w, https:\/\/birmansacmetal.com\/wp-content\/uploads\/2026\/01\/Isi-Pompasi-Muhafaza-Kabini-200x300.webp 200w, https:\/\/birmansacmetal.com\/wp-content\/uploads\/2026\/01\/Isi-Pompasi-Muhafaza-Kabini-768x1152.webp 768w, https:\/\/birmansacmetal.com\/wp-content\/uploads\/2026\/01\/Isi-Pompasi-Muhafaza-Kabini-600x900.webp 600w, https:\/\/birmansacmetal.com\/wp-content\/uploads\/2026\/01\/Isi-Pompasi-Muhafaza-Kabini.webp 1024w\" sizes=\"(max-width: 683px) 100vw, 683px\" \/><\/a><\/p>\n<hr>\n<p data-start=\"1600\" data-end=\"1824\">Gr\u00e2ce \u00e0 leur robustesse, leur longue dur\u00e9e de vie et leur fonctionnalit\u00e9, ces caissons :<br data-start=\"1660\" data-end=\"1663\">\u2714 Prot\u00e8gent les moteurs de climatisation<br data-start=\"1682\" data-end=\"1685\">\u2714 Prot\u00e8gent les pompes \u00e0 chaleur<br data-start=\"1702\" data-end=\"1705\">\u2714 Prot\u00e8gent des facteurs externes (pluie, neige, soleil, chocs, poussi\u00e8re)<br data-start=\"1761\" data-end=\"1764\">\u2714 Facilitent l&rsquo;acc\u00e8s technique<br data-start=\"1794\" data-end=\"1797\">\u2714 Offrent une solution esth\u00e9tique<\/p>\n<p data-start=\"1826\" data-end=\"1884\">Ils peuvent \u00eatre utilis\u00e9s en toute confiance dans les projets r\u00e9sidentiels et commerciaux.<\/p>\n<p data-start=\"1826\" data-end=\"1884\"><a href=\"https:\/\/birmansacmetal.com\/wp-content\/uploads\/2026\/01\/Ozel-Olcu-Klima-ve-isi-pompasi-muhafaza-dolaplari.webp\"><img decoding=\"async\" class=\"aligncenter size-large wp-image-3889\" src=\"https:\/\/birmansacmetal.com\/wp-content\/uploads\/2026\/01\/Ozel-Olcu-Klima-ve-isi-pompasi-muhafaza-dolaplari-768x1024.webp\" alt=\"\" width=\"768\" height=\"1024\" srcset=\"https:\/\/birmansacmetal.com\/wp-content\/uploads\/2026\/01\/Ozel-Olcu-Klima-ve-isi-pompasi-muhafaza-dolaplari-768x1024.webp 768w, https:\/\/birmansacmetal.com\/wp-content\/uploads\/2026\/01\/Ozel-Olcu-Klima-ve-isi-pompasi-muhafaza-dolaplari-225x300.webp 225w, https:\/\/birmansacmetal.com\/wp-content\/uploads\/2026\/01\/Ozel-Olcu-Klima-ve-isi-pompasi-muhafaza-dolaplari-1152x1536.webp 1152w, https:\/\/birmansacmetal.com\/wp-content\/uploads\/2026\/01\/Ozel-Olcu-Klima-ve-isi-pompasi-muhafaza-dolaplari-600x800.webp 600w, https:\/\/birmansacmetal.com\/wp-content\/uploads\/2026\/01\/Ozel-Olcu-Klima-ve-isi-pompasi-muhafaza-dolaplari.webp 1500w\" sizes=\"(max-width: 768px) 100vw, 768px\" \/><\/a><\/p>\n<p data-start=\"1826\" data-end=\"1884\">Nous fabriquons des caissons de protection avec portes sur mesure. Ces portes vous permettent d&rsquo;acc\u00e9der aux moteurs de climatisation et aux pompes \u00e0 chaleur \u00e0 tout moment. <\/p>\n<p data-start=\"1826\" data-end=\"1884\"><img decoding=\"async\" class=\"aligncenter size-large wp-image-3890\" src=\"https:\/\/birmansacmetal.com\/wp-content\/uploads\/2026\/01\/Ozel-Olcu-Klima-ve-isi-pompasi-muhafaza-dolaplari-2-768x1024.webp\" alt=\"\" width=\"768\" height=\"1024\" srcset=\"https:\/\/birmansacmetal.com\/wp-content\/uploads\/2026\/01\/Ozel-Olcu-Klima-ve-isi-pompasi-muhafaza-dolaplari-2-768x1024.webp 768w, https:\/\/birmansacmetal.com\/wp-content\/uploads\/2026\/01\/Ozel-Olcu-Klima-ve-isi-pompasi-muhafaza-dolaplari-2-225x300.webp 225w, https:\/\/birmansacmetal.com\/wp-content\/uploads\/2026\/01\/Ozel-Olcu-Klima-ve-isi-pompasi-muhafaza-dolaplari-2-1152x1536.webp 1152w, https:\/\/birmansacmetal.com\/wp-content\/uploads\/2026\/01\/Ozel-Olcu-Klima-ve-isi-pompasi-muhafaza-dolaplari-2-600x800.webp 600w, https:\/\/birmansacmetal.com\/wp-content\/uploads\/2026\/01\/Ozel-Olcu-Klima-ve-isi-pompasi-muhafaza-dolaplari-2.webp 1500w\" sizes=\"(max-width: 768px) 100vw, 768px\" \/><\/p>\n","protected":false},"excerpt":{"rendered":"<h3 data-start=\"231\" data-end=\"305\">Caisson de protection Climatiseur &amp; Pompe \u00e0 Chaleur \u2013 Unit\u00e9 ext\u00e9rieure en acier galvanis\u00e9<\/h3>\n<p>&nbsp;<\/p>\n<p data-start=\"170\" data-end=\"513\">Les moteurs de climatisation et les pompes \u00e0 chaleur sont expos\u00e9s toute l&rsquo;ann\u00e9e \u00e0 la pluie, au soleil, au vent et aux \u00e9l\u00e9ments ext\u00e9rieurs. Cette situation r\u00e9duit la dur\u00e9e de vie des appareils et cr\u00e9e un aspect inesth\u00e9tique sur la fa\u00e7ade. Nos <strong data-start=\"368\" data-end=\"405\">caissons de protection pour climatiseurs et pompes \u00e0 chaleur<\/strong> prot\u00e8gent vos appareils tout en apportant un aspect ordonn\u00e9 et moderne \u00e0 l&rsquo;espace.  <\/p>\n<p data-start=\"515\" data-end=\"986\">La structure robuste du ch\u00e2ssis en acier galvanis\u00e9 assure une longue dur\u00e9e de vie face aux conditions ext\u00e9rieures. Gr\u00e2ce aux faces lat\u00e9rales \u00e0 persiennes, la circulation de l&rsquo;air se poursuit sans interruption, sans affecter les performances de l&rsquo;appareil. Les <strong data-start=\"767\" data-end=\"789\">portes d&rsquo;acc\u00e8s<\/strong>, qui peuvent \u00eatre install\u00e9es sur les faces avant et lat\u00e9rales, facilitent les op\u00e9rations de maintenance et de service. Fabriqu\u00e9s sur mesure et disponibles dans une <strong data-start=\"852\" data-end=\"876\">gamme de couleurs RAL<\/strong>, ces caissons constituent une solution s\u00fbre, esth\u00e9tique et durable pour les projets r\u00e9sidentiels et commerciaux.   <\/p>\n<p data-start=\"560\" data-end=\"857\">\n","protected":false},"featured_media":4477,"comment_status":"open","ping_status":"closed","template":"","meta":{"_uag_custom_page_level_css":"","site-sidebar-layout":"default","site-content-layout":"","ast-site-content-layout":"default","site-content-style":"default","site-sidebar-style":"default","ast-global-header-display":"","ast-banner-title-visibility":"","ast-main-header-display":"","ast-hfb-above-header-display":"","ast-hfb-below-header-display":"","ast-hfb-mobile-header-display":"","site-post-title":"","ast-breadcrumbs-content":"","ast-featured-img":"","footer-sml-layout":"","ast-disable-related-posts":"","theme-transparent-header-meta":"default","adv-header-id-meta":"","stick-header-meta":"default","header-above-stick-meta":"","header-main-stick-meta":"","header-below-stick-meta":"","astra-migrate-meta-layouts":"default","ast-page-background-enabled":"default","ast-page-background-meta":{"desktop":{"background-color":"var(--ast-global-color-4)","background-image":"","background-repeat":"repeat","background-position":"center center","background-size":"auto","background-attachment":"scroll","background-type":"","background-media":"","overlay-type":"","overlay-color":"","overlay-opacity":"","overlay-gradient":""},"tablet":{"background-color":"","background-image":"","background-repeat":"repeat","background-position":"center center","background-size":"auto","background-attachment":"scroll","background-type":"","background-media":"","overlay-type":"","overlay-color":"","overlay-opacity":"","overlay-gradient":""},"mobile":{"background-color":"","background-image":"","background-repeat":"repeat","background-position":"center center","background-size":"auto","background-attachment":"scroll","background-type":"","background-media":"","overlay-type":"","overlay-color":"","overlay-opacity":"","overlay-gradient":""}},"ast-content-background-meta":{"desktop":{"background-color":"var(--ast-global-color-5)","background-image":"","background-repeat":"repeat","background-position":"center center","background-size":"auto","background-attachment":"scroll","background-type":"","background-media":"","overlay-type":"","overlay-color":"","overlay-opacity":"","overlay-gradient":""},"tablet":{"background-color":"var(--ast-global-color-5)","background-image":"","background-repeat":"repeat","background-position":"center center","background-size":"auto","background-attachment":"scroll","background-type":"","background-media":"","overlay-type":"","overlay-color":"","overlay-opacity":"","overlay-gradient":""},"mobile":{"background-color":"var(--ast-global-color-5)","background-image":"","background-repeat":"repeat","background-position":"center center","background-size":"auto","background-attachment":"scroll","background-type":"","background-media":"","overlay-type":"","overlay-color":"","overlay-opacity":"","overlay-gradient":""}}},"product_brand":[47],"product_cat":[321],"product_tag":[559,562,554,555,557,551,565,560,564,558,561,553,552,563,556],"class_list":{"0":"post-4476","1":"product","2":"type-product","3":"status-publish","4":"has-post-thumbnail","6":"product_brand-birmansacmetal","7":"product_cat-muhafaza-kabinleri","8":"product_tag-caisson-climatiseur-a-persiennes","9":"product_tag-caisson-climatiseur-couleur-ral","10":"product_tag-caisson-climatiseur-galvanise","11":"product_tag-caisson-protection-climatiseur","12":"product_tag-caisson-protection-pompe-a-chaleur","13":"product_tag-habillage-climatiseur","14":"product_tag-habillage-climatiseur-acier","15":"product_tag-habillage-climatiseur-avec-porte","16":"product_tag-habillage-climatiseur-durable","17":"product_tag-habillage-climatiseur-galvanise","18":"product_tag-habillage-climatiseur-sur-mesure","19":"product_tag-habillage-pompe-a-chaleur","20":"product_tag-habillage-unite-exterieure-climatiseur","21":"product_tag-protection-climatiseur-exterieur","22":"product_tag-protection-unite-exterieure","23":"product_shipping_class-muhafaza-kabinleri","24":"desktop-align-left","25":"tablet-align-left","26":"mobile-align-left","27":"ast-product-gallery-layout-first-image-large","28":"ast-product-tabs-layout-accordion","30":"first","31":"instock","32":"taxable","33":"shipping-taxable","34":"purchasable","35":"product-type-simple"},"aioseo_notices":[],"uagb_featured_image_src":{"full":["https:\/\/birmansacmetal.com\/wp-content\/uploads\/2026\/01\/Klima-ve-Isi-Pompasi-Muhafazasi-Kabini.webp",1024,1536,false],"thumbnail":["https:\/\/birmansacmetal.com\/wp-content\/uploads\/2026\/01\/Klima-ve-Isi-Pompasi-Muhafazasi-Kabini-150x150.webp",150,150,true],"medium":["https:\/\/birmansacmetal.com\/wp-content\/uploads\/2026\/01\/Klima-ve-Isi-Pompasi-Muhafazasi-Kabini-200x300.webp",200,300,true],"medium_large":["https:\/\/birmansacmetal.com\/wp-content\/uploads\/2026\/01\/Klima-ve-Isi-Pompasi-Muhafazasi-Kabini-768x1152.webp",768,1152,true],"large":["https:\/\/birmansacmetal.com\/wp-content\/uploads\/2026\/01\/Klima-ve-Isi-Pompasi-Muhafazasi-Kabini-683x1024.webp",683,1024,true],"1536x1536":["https:\/\/birmansacmetal.com\/wp-content\/uploads\/2026\/01\/Klima-ve-Isi-Pompasi-Muhafazasi-Kabini.webp",1024,1536,false],"2048x2048":["https:\/\/birmansacmetal.com\/wp-content\/uploads\/2026\/01\/Klima-ve-Isi-Pompasi-Muhafazasi-Kabini.webp",1024,1536,false],"woocommerce_thumbnail":["https:\/\/birmansacmetal.com\/wp-content\/uploads\/2026\/01\/Klima-ve-Isi-Pompasi-Muhafazasi-Kabini-300x300.webp",300,300,true],"woocommerce_single":["https:\/\/birmansacmetal.com\/wp-content\/uploads\/2026\/01\/Klima-ve-Isi-Pompasi-Muhafazasi-Kabini-600x900.webp",600,900,true],"woocommerce_gallery_thumbnail":["https:\/\/birmansacmetal.com\/wp-content\/uploads\/2026\/01\/Klima-ve-Isi-Pompasi-Muhafazasi-Kabini-100x100.webp",100,100,true]},"uagb_author_info":{"display_name":"Birman Sac Metal","author_link":"https:\/\/birmansacmetal.com\/fr\/author\/"},"uagb_comment_info":0,"uagb_excerpt":"Caisson de protection Climatiseur &amp; Pompe \u00e0 Chaleur \u2013 Unit\u00e9 ext\u00e9rieure en acier galvanis\u00e9 &nbsp; Les moteurs de climatisation et les pompes \u00e0 chaleur sont expos\u00e9s toute l'ann\u00e9e \u00e0 la pluie, au soleil, au vent et aux \u00e9l\u00e9ments ext\u00e9rieurs. Cette situation r\u00e9duit la dur\u00e9e de vie des appareils et cr\u00e9e un aspect inesth\u00e9tique sur la\u2026","_links":{"self":[{"href":"https:\/\/birmansacmetal.com\/fr\/wp-json\/wp\/v2\/product\/4476","targetHints":{"allow":["GET"]}}],"collection":[{"href":"https:\/\/birmansacmetal.com\/fr\/wp-json\/wp\/v2\/product"}],"about":[{"href":"https:\/\/birmansacmetal.com\/fr\/wp-json\/wp\/v2\/types\/product"}],"replies":[{"embeddable":true,"href":"https:\/\/birmansacmetal.com\/fr\/wp-json\/wp\/v2\/comments?post=4476"}],"wp:featuredmedia":[{"embeddable":true,"href":"https:\/\/birmansacmetal.com\/fr\/wp-json\/wp\/v2\/media\/4477"}],"wp:attachment":[{"href":"https:\/\/birmansacmetal.com\/fr\/wp-json\/wp\/v2\/media?parent=4476"}],"wp:term":[{"taxonomy":"product_brand","embeddable":true,"href":"https:\/\/birmansacmetal.com\/fr\/wp-json\/wp\/v2\/product_brand?post=4476"},{"taxonomy":"product_cat","embeddable":true,"href":"https:\/\/birmansacmetal.com\/fr\/wp-json\/wp\/v2\/product_cat?post=4476"},{"taxonomy":"product_tag","embeddable":true,"href":"https:\/\/birmansacmetal.com\/fr\/wp-json\/wp\/v2\/product_tag?post=4476"}],"curies":[{"name":"wp","href":"https:\/\/api.w.org\/{rel}","templated":true}]}}