{"id":5680,"date":"2026-02-24T19:17:02","date_gmt":"2026-02-24T19:17:02","guid":{"rendered":"https:\/\/birmansacmetal.com\/avis-clients\/"},"modified":"2026-03-03T10:32:12","modified_gmt":"2026-03-03T10:32:12","slug":"avis-clients","status":"publish","type":"page","link":"https:\/\/birmansacmetal.com\/fr\/avis-clients\/","title":{"rendered":"Avis clients"},"content":{"rendered":"\n<div class=\"wp-block-uagb-container uagb-block-5451af51 alignfull uagb-is-root-container\"><div class=\"uagb-container-inner-blocks-wrap\">\n<div class=\"wp-block-uagb-advanced-heading uagb-block-f45ed1f8\"><h1 class=\"uagb-heading-text\">Avis clients et r\u00e9f\u00e9rences<\/h1><\/div>\n<\/div><\/div>\n\n\n\n<div class=\"wp-block-uagb-container uagb-block-52be6acf alignfull uagb-is-root-container\"><div class=\"uagb-container-inner-blocks-wrap\">\n<p>Chez Birman Sac Metal, les syst\u00e8mes de portails de jardin et de cl\u00f4tures que nous offrons sont valoris\u00e9s par les exp\u00e9riences concr\u00e8tes de nos clients. Les \u00e9valuations ci-dessous t\u00e9moignent directement de la qualit\u00e9, du processus d\u2019installation et de la performance de notre service apr\u00e8s-vente.<\/p>\n<\/div><\/div>\n\n\n<div data-src=\"https:\/\/cdn.trustindex.io\/loader.js?07e7d9e66ba518652456fe82394\"><\/div>\n\n\n\n<p><\/p>\n","protected":false},"excerpt":{"rendered":"<p>Avis clients et r\u00e9f\u00e9rences Chez Birman Sac Metal, les syst\u00e8mes de portails de jardin et de cl\u00f4tures que nous offrons sont valoris\u00e9s par les exp\u00e9riences concr\u00e8tes de nos clients. Les \u00e9valuations ci-dessous t\u00e9moignent directement de la qualit\u00e9, du processus d\u2019installation et de la performance de notre service apr\u00e8s-vente.<\/p>\n","protected":false},"author":1,"featured_media":0,"parent":0,"menu_order":0,"comment_status":"closed","ping_status":"closed","template":"","meta":{"_uag_custom_page_level_css":"","site-sidebar-layout":"no-sidebar","site-content-layout":"plain-container","ast-site-content-layout":"normal-width-container","site-content-style":"unboxed","site-sidebar-style":"unboxed","ast-global-header-display":"","ast-banner-title-visibility":"","ast-main-header-display":"","ast-hfb-above-header-display":"","ast-hfb-below-header-display":"","ast-hfb-mobile-header-display":"","site-post-title":"disabled","ast-breadcrumbs-content":"","ast-featured-img":"disabled","footer-sml-layout":"","ast-disable-related-posts":"","theme-transparent-header-meta":"enabled","adv-header-id-meta":"","stick-header-meta":"","header-above-stick-meta":"","header-main-stick-meta":"","header-below-stick-meta":"","astra-migrate-meta-layouts":"set","ast-page-background-enabled":"default","ast-page-background-meta":{"desktop":{"background-color":"var(--ast-global-color-4)","background-image":"","background-repeat":"repeat","background-position":"center center","background-size":"auto","background-attachment":"scroll","background-type":"","background-media":"","overlay-type":"","overlay-color":"","overlay-opacity":"","overlay-gradient":""},"tablet":{"background-color":"","background-image":"","background-repeat":"repeat","background-position":"center center","background-size":"auto","background-attachment":"scroll","background-type":"","background-media":"","overlay-type":"","overlay-color":"","overlay-opacity":"","overlay-gradient":""},"mobile":{"background-color":"","background-image":"","background-repeat":"repeat","background-position":"center center","background-size":"auto","background-attachment":"scroll","background-type":"","background-media":"","overlay-type":"","overlay-color":"","overlay-opacity":"","overlay-gradient":""}},"ast-content-background-meta":{"desktop":{"background-color":"var(--ast-global-color-5)","background-image":"","background-repeat":"repeat","background-position":"center center","background-size":"auto","background-attachment":"scroll","background-type":"","background-media":"","overlay-type":"","overlay-color":"","overlay-opacity":"","overlay-gradient":""},"tablet":{"background-color":"var(--ast-global-color-5)","background-image":"","background-repeat":"repeat","background-position":"center center","background-size":"auto","background-attachment":"scroll","background-type":"","background-media":"","overlay-type":"","overlay-color":"","overlay-opacity":"","overlay-gradient":""},"mobile":{"background-color":"var(--ast-global-color-5)","background-image":"","background-repeat":"repeat","background-position":"center center","background-size":"auto","background-attachment":"scroll","background-type":"","background-media":"","overlay-type":"","overlay-color":"","overlay-opacity":"","overlay-gradient":""}},"footnotes":""},"class_list":["post-5680","page","type-page","status-publish","hentry"],"aioseo_notices":[],"uagb_featured_image_src":{"full":false,"thumbnail":false,"medium":false,"medium_large":false,"large":false,"1536x1536":false,"2048x2048":false,"woocommerce_thumbnail":false,"woocommerce_single":false,"woocommerce_gallery_thumbnail":false},"uagb_author_info":{"display_name":"Birman Sac Metal","author_link":"https:\/\/birmansacmetal.com\/fr\/author\/birmansacmetalgmail-com\/"},"uagb_comment_info":0,"uagb_excerpt":"Avis clients et r\u00e9f\u00e9rences Chez Birman Sac Metal, les syst\u00e8mes de portails de jardin et de cl\u00f4tures que nous offrons sont valoris\u00e9s par les exp\u00e9riences concr\u00e8tes de nos clients. Les \u00e9valuations ci-dessous t\u00e9moignent directement de la qualit\u00e9, du processus d\u2019installation et de la performance de notre service apr\u00e8s-vente.","_links":{"self":[{"href":"https:\/\/birmansacmetal.com\/fr\/wp-json\/wp\/v2\/pages\/5680","targetHints":{"allow":["GET"]}}],"collection":[{"href":"https:\/\/birmansacmetal.com\/fr\/wp-json\/wp\/v2\/pages"}],"about":[{"href":"https:\/\/birmansacmetal.com\/fr\/wp-json\/wp\/v2\/types\/page"}],"author":[{"embeddable":true,"href":"https:\/\/birmansacmetal.com\/fr\/wp-json\/wp\/v2\/users\/1"}],"replies":[{"embeddable":true,"href":"https:\/\/birmansacmetal.com\/fr\/wp-json\/wp\/v2\/comments?post=5680"}],"version-history":[{"count":2,"href":"https:\/\/birmansacmetal.com\/fr\/wp-json\/wp\/v2\/pages\/5680\/revisions"}],"predecessor-version":[{"id":5687,"href":"https:\/\/birmansacmetal.com\/fr\/wp-json\/wp\/v2\/pages\/5680\/revisions\/5687"}],"wp:attachment":[{"href":"https:\/\/birmansacmetal.com\/fr\/wp-json\/wp\/v2\/media?parent=5680"}],"curies":[{"name":"wp","href":"https:\/\/api.w.org\/{rel}","templated":true}]}}