{"id":4808,"date":"2025-10-20T13:52:17","date_gmt":"2025-10-20T13:52:17","guid":{"rendered":"https:\/\/birmansacmetal.com\/satisfaction-client\/"},"modified":"2026-02-12T13:10:53","modified_gmt":"2026-02-12T13:10:53","slug":"satisfaction-client","status":"publish","type":"page","link":"https:\/\/birmansacmetal.com\/fr\/satisfaction-client\/","title":{"rendered":"Satisfaction Client"},"content":{"rendered":"\n<div class=\"wp-block-uagb-container uagb-block-37fe9e23 alignfull uagb-is-root-container\"><div class=\"uagb-container-inner-blocks-wrap\">\n<h1 class=\"wp-block-heading has-text-align-center has-ast-global-color-5-color has-text-color has-link-color wp-elements-b701ff704d147831fa4013571d04adcd\">Satisfaction Client<\/h1>\n<\/div><\/div>\n\n<div class=\"wp-block-uagb-container uagb-block-d8b61c7b alignfull uagb-is-root-container\"><div class=\"uagb-container-inner-blocks-wrap\"><\/div><\/div>\n\n<h5 class=\"wp-block-heading\" style=\"margin-top:var(--wp--preset--spacing--20);margin-bottom:var(--wp--preset--spacing--20)\">Satisfaction Client<\/h5>\n\n<div class=\"wp-block-uagb-container uagb-block-4609b33a alignfull uagb-is-root-container\"><div class=\"uagb-container-inner-blocks-wrap\">\n<p>En tant que Birman Sac Metal, depuis notre fondation, nous menons toutes nos activit\u00e9s en privil\u00e9giant la satisfaction de nos clients. Pour nous, la production n&rsquo;est pas seulement un processus de fa\u00e7onnage du m\u00e9tal ; c&rsquo;est un voyage b\u00e2ti sur la confiance, la qualit\u00e9 et des relations durables. La satisfaction de chacun de nos clients est per\u00e7ue comme la r\u00e9ussite la plus significative de notre entreprise.  <\/p>\n\n\n\n<p>Dans les secteurs de la transformation des m\u00e9taux, des syst\u00e8mes de cl\u00f4tures \u00e0 persiennes et de portes o\u00f9 nous op\u00e9rons, notre principe fondamental est d&rsquo;offrir des solutions qui d\u00e9passent les attentes des utilisateurs, en alliant qualit\u00e9, esth\u00e9tique et durabilit\u00e9. Dans cette optique, nous travaillons avec rigueur \u00e0 chaque \u00e9tape des projets, de la phase initiale de l&rsquo;offre \u00e0 la livraison et au support apr\u00e8s-vente. \u00c0 chaque point de contact avec nos clients, nous maintenons une communication bas\u00e9e sur la transparence et la confiance.  <\/p>\n\n\n\n<p>Assurer la satisfaction client n&rsquo;est pas seulement un acte de vente, mais un processus continu qui se prolonge tout au long de la dur\u00e9e de vie du produit. C&rsquo;est pourquoi notre \u00e9quipe de support apr\u00e8s-vente r\u00e9pond \u00e0 tous les besoins \u00e9ventuels de mani\u00e8re rapide, ax\u00e9e sur les solutions et professionnelle. Nous \u00e9valuons syst\u00e9matiquement chaque retour d&rsquo;information afin d&rsquo;am\u00e9liorer continuellement la qualit\u00e9 de notre production, nos standards de service et l&rsquo;efficacit\u00e9 de nos processus.  <\/p>\n\n\n\n<p>Birman Sac Metal, avec sa structure dynamique qui suit de pr\u00e8s la technologie et les innovations, continue de d\u00e9velopper chaque jour des produits de meilleure qualit\u00e9, plus fonctionnels et esth\u00e9tiquement plus robustes. Dans nos installations de production modernes, des processus de contr\u00f4le qualit\u00e9 conformes aux normes internationales sont appliqu\u00e9s. Ainsi, nous offrons \u00e0 nos clients, tant au niveau national qu&rsquo;international, des solutions fiables et durables.  <\/p>\n\n\n\n<p>Pour nous, la satisfaction client n&rsquo;est pas un r\u00e9sultat, mais une philosophie continue. Le succ\u00e8s que nous atteignons aujourd&rsquo;hui ne repose pas seulement sur la qualit\u00e9 de nos produits, mais aussi sur la confiance et la fid\u00e9lit\u00e9 que nous avons \u00e9tablies avec nos clients. Nous avan\u00e7ons avec la m\u00eame d\u00e9termination dans chaque projet, consid\u00e9rant chaque client non pas comme un simple acheteur, mais comme un membre pr\u00e9cieux de la famille Birman Sac Metal.  <\/p>\n\n\n\n<p>Notre approche ax\u00e9e sur le client est la valeur la plus forte qui nous porte vers l&rsquo;avenir. Car nous savons que la v\u00e9ritable mesure de l&rsquo;excellence en production est la satisfaction de nos clients. <\/p>\n<\/div><\/div>\n","protected":false},"excerpt":{"rendered":"<p>Satisfaction Client Satisfaction Client En tant que Birman Sac Metal, depuis notre fondation, nous menons toutes nos activit\u00e9s en privil\u00e9giant la satisfaction de nos clients. Pour nous, la production n&rsquo;est pas seulement un processus de fa\u00e7onnage du m\u00e9tal ; c&rsquo;est un voyage b\u00e2ti sur la confiance, la qualit\u00e9 et des relations durables. La satisfaction de [&hellip;]<\/p>\n","protected":false},"author":1,"featured_media":0,"parent":0,"menu_order":0,"comment_status":"closed","ping_status":"closed","template":"","meta":{"_uag_custom_page_level_css":"","site-sidebar-layout":"no-sidebar","site-content-layout":"plain-container","ast-site-content-layout":"normal-width-container","site-content-style":"unboxed","site-sidebar-style":"unboxed","ast-global-header-display":"","ast-banner-title-visibility":"","ast-main-header-display":"","ast-hfb-above-header-display":"","ast-hfb-below-header-display":"","ast-hfb-mobile-header-display":"","site-post-title":"","ast-breadcrumbs-content":"","ast-featured-img":"disabled","footer-sml-layout":"","ast-disable-related-posts":"","theme-transparent-header-meta":"enabled","adv-header-id-meta":"","stick-header-meta":"","header-above-stick-meta":"","header-main-stick-meta":"","header-below-stick-meta":"","astra-migrate-meta-layouts":"default","ast-page-background-enabled":"default","ast-page-background-meta":{"desktop":{"background-color":"var(--ast-global-color-4)","background-image":"","background-repeat":"repeat","background-position":"center center","background-size":"auto","background-attachment":"scroll","background-type":"","background-media":"","overlay-type":"","overlay-color":"","overlay-opacity":"","overlay-gradient":""},"tablet":{"background-color":"","background-image":"","background-repeat":"repeat","background-position":"center center","background-size":"auto","background-attachment":"scroll","background-type":"","background-media":"","overlay-type":"","overlay-color":"","overlay-opacity":"","overlay-gradient":""},"mobile":{"background-color":"","background-image":"","background-repeat":"repeat","background-position":"center center","background-size":"auto","background-attachment":"scroll","background-type":"","background-media":"","overlay-type":"","overlay-color":"","overlay-opacity":"","overlay-gradient":""}},"ast-content-background-meta":{"desktop":{"background-color":"var(--ast-global-color-5)","background-image":"","background-repeat":"repeat","background-position":"center center","background-size":"auto","background-attachment":"scroll","background-type":"","background-media":"","overlay-type":"","overlay-color":"","overlay-opacity":"","overlay-gradient":""},"tablet":{"background-color":"var(--ast-global-color-5)","background-image":"","background-repeat":"repeat","background-position":"center center","background-size":"auto","background-attachment":"scroll","background-type":"","background-media":"","overlay-type":"","overlay-color":"","overlay-opacity":"","overlay-gradient":""},"mobile":{"background-color":"var(--ast-global-color-5)","background-image":"","background-repeat":"repeat","background-position":"center center","background-size":"auto","background-attachment":"scroll","background-type":"","background-media":"","overlay-type":"","overlay-color":"","overlay-opacity":"","overlay-gradient":""}},"footnotes":""},"class_list":["post-4808","page","type-page","status-publish","hentry"],"aioseo_notices":[],"uagb_featured_image_src":{"full":false,"thumbnail":false,"medium":false,"medium_large":false,"large":false,"1536x1536":false,"2048x2048":false,"woocommerce_thumbnail":false,"woocommerce_single":false,"woocommerce_gallery_thumbnail":false},"uagb_author_info":{"display_name":"Birman Sac Metal","author_link":"https:\/\/birmansacmetal.com\/fr\/author\/birmansacmetalgmail-com\/"},"uagb_comment_info":0,"uagb_excerpt":"Satisfaction Client Satisfaction Client En tant que Birman Sac Metal, depuis notre fondation, nous menons toutes nos activit\u00e9s en privil\u00e9giant la satisfaction de nos clients. Pour nous, la production n&rsquo;est pas seulement un processus de fa\u00e7onnage du m\u00e9tal ; c&rsquo;est un voyage b\u00e2ti sur la confiance, la qualit\u00e9 et des relations durables. La satisfaction de\u2026","_links":{"self":[{"href":"https:\/\/birmansacmetal.com\/fr\/wp-json\/wp\/v2\/pages\/4808","targetHints":{"allow":["GET"]}}],"collection":[{"href":"https:\/\/birmansacmetal.com\/fr\/wp-json\/wp\/v2\/pages"}],"about":[{"href":"https:\/\/birmansacmetal.com\/fr\/wp-json\/wp\/v2\/types\/page"}],"author":[{"embeddable":true,"href":"https:\/\/birmansacmetal.com\/fr\/wp-json\/wp\/v2\/users\/1"}],"replies":[{"embeddable":true,"href":"https:\/\/birmansacmetal.com\/fr\/wp-json\/wp\/v2\/comments?post=4808"}],"version-history":[{"count":0,"href":"https:\/\/birmansacmetal.com\/fr\/wp-json\/wp\/v2\/pages\/4808\/revisions"}],"wp:attachment":[{"href":"https:\/\/birmansacmetal.com\/fr\/wp-json\/wp\/v2\/media?parent=4808"}],"curies":[{"name":"wp","href":"https:\/\/api.w.org\/{rel}","templated":true}]}}