{"id":3252,"date":"2024-07-14T22:58:20","date_gmt":"2024-07-14T22:58:20","guid":{"rendered":"https:\/\/birmansacmetal.com\/a-propos-de-nous\/"},"modified":"2026-02-10T12:32:31","modified_gmt":"2026-02-10T12:32:31","slug":"a-propos-de-nous","status":"publish","type":"page","link":"https:\/\/birmansacmetal.com\/fr\/a-propos-de-nous\/","title":{"rendered":"\u00c0 propos de nous"},"content":{"rendered":"\n<div class=\"wp-block-uagb-container uagb-block-37fe9e23 alignfull uagb-is-root-container\"><div class=\"uagb-container-inner-blocks-wrap\">\n<div class=\"wp-block-uagb-advanced-heading uagb-block-d36b578f\"><h1 class=\"uagb-heading-text\">\u00c0 propos de nous<\/h1><\/div>\n<\/div><\/div>\n\n<div class=\"wp-block-uagb-container uagb-block-4f002a6e alignfull uagb-is-root-container\"><div class=\"uagb-container-inner-blocks-wrap\">\n<div class=\"wp-block-uagb-container uagb-block-56c0a911\"><\/div>\n<\/div><\/div>\n\n<p>Birman Sac Metal, fond\u00e9e en 2024 \u00e0 Izmir, est une entreprise avec une histoire solide. Depuis sa cr\u00e9ation, elle s&rsquo;est sp\u00e9cialis\u00e9e dans la production de divers produits m\u00e9talliques tels que les fours \u00e9lectriques industriels, les produits d&rsquo;\u00e9clairage ext\u00e9rieur et les syst\u00e8mes de garde-corps muraux. Elle s&rsquo;est rapidement fait un nom dans le secteur gr\u00e2ce \u00e0 son approche innovante et sa gamme de produits de qualit\u00e9.  <\/p>\n\n<p>L&rsquo;entreprise dispose d&rsquo;une large gamme de fours \u00e9lectriques industriels. Ces fours sont utilis\u00e9s dans diverses industries, principalement dans l&rsquo;industrie de la transformation des m\u00e9taux. Elle s&rsquo;est \u00e9tablie comme un acteur majeur du secteur gr\u00e2ce \u00e0 ses solutions haute performance et \u00e9co\u00e9nerg\u00e9tiques. De plus, elle propose une grande vari\u00e9t\u00e9 de produits d&rsquo;\u00e9clairage ext\u00e9rieur. Elle r\u00e9pond \u00e0 diff\u00e9rents besoins, des syst\u00e8mes d&rsquo;\u00e9clairage urbain modernes aux lampes de parc et de jardin. Les syst\u00e8mes de garde-corps muraux font partie des produits privil\u00e9gi\u00e9s tant pour leur esth\u00e9tique que pour leur s\u00e9curit\u00e9.     <\/p>\n\n<p>Birman Sac Metal emploie plus de 200 personnes. Ses installations de production sont \u00e9quip\u00e9es de technologies de pointe, avec des processus de contr\u00f4le qualit\u00e9 rigoureux. La structure organisationnelle de l&rsquo;entreprise est optimis\u00e9e pour maximiser l&rsquo;efficacit\u00e9 et la satisfaction client. Une forte coordination est assur\u00e9e entre les diff\u00e9rents d\u00e9partements, notamment la production, la R, les ventes et le marketing.   <\/p>\n\n<p>Birman Sac Metal prend continuellement des initiatives innovantes pour consolider sa position dans le secteur et devenir un acteur majeur sur le march\u00e9 mondial. Bien que bas\u00e9e \u00e0 Izmir, elle dessert une large client\u00e8le \u00e0 travers la Turquie et d\u00e9passe ses fronti\u00e8res gr\u00e2ce \u00e0 des collaborations internationales. Dans ce cadre, elle figure parmi les entreprises leaders du secteur gr\u00e2ce \u00e0 son approche centr\u00e9e sur le client et sa conception de produits de qualit\u00e9.  <\/p>\n\n<div class=\"wp-block-uagb-container uagb-block-e4be775b alignfull uagb-is-root-container\"><div class=\"uagb-container-inner-blocks-wrap\">\n<div class=\"wp-block-uagb-info-box uagb-block-1160787b uagb-infobox__content-wrap  uagb-infobox-icon-above-title uagb-infobox-image-valign-top wp-block-uagb-info-box--has-margin\"><div class=\"uagb-infobox-margin-wrapper\"><div class=\"uagb-ifb-content\"><div class=\"uagb-ifb-title-wrap\"><h3 class=\"uagb-ifb-title-prefix\"><br\/>\u00c0 propos de nous<\/h3><h2 class=\"uagb-ifb-title\">Notre Mission<\/h2><\/div><p class=\"uagb-ifb-desc\">En tant que Birman Sac Metal, notre mission est de d\u00e9passer les attentes de nos clients en fournissant des produits et solutions en t\u00f4le m\u00e9tallique de haute qualit\u00e9. Dans cette optique, nous adoptons une approche centr\u00e9e sur la satisfaction client, visant \u00e0 maintenir un standard d&rsquo;excellence et de qualit\u00e9 \u00e0 chaque \u00e9tape. Nous cherchons \u00e0 nous d\u00e9marquer dans le secteur par la durabilit\u00e9, la fiabilit\u00e9 et l&rsquo;innovation de nos produits.  <br\/><br\/>Notre mission se refl\u00e8te profond\u00e9ment dans nos op\u00e9rations quotidiennes et notre fa\u00e7on de travailler. Dans nos processus de production, nous utilisons les derni\u00e8res technologies et les meilleures pratiques, en respectant les normes de s\u00e9curit\u00e9 au travail et de protection de l&rsquo;environnement. Nous accordons une grande importance \u00e0 l&rsquo;investissement dans la formation continue et le d\u00e9veloppement de nos employ\u00e9s pour maximiser leurs connaissances et comp\u00e9tences. Ainsi, nous pouvons non seulement r\u00e9pondre aux demandes actuelles des clients, mais aussi anticiper les besoins et innovations futurs.   <br\/><br\/>La satisfaction client est au c\u0153ur de nos processus commerciaux et joue un r\u00f4le d\u00e9terminant dans toutes nos d\u00e9cisions strat\u00e9giques. En garantissant la qualit\u00e9 dans chaque produit et service, nous visons la fid\u00e9lit\u00e9 client et des relations commerciales \u00e0 long terme. De plus, nous renfor\u00e7ons notre approche d&rsquo;am\u00e9lioration continue et d&rsquo;innovation en \u00e9coutant attentivement les retours clients.  <br\/><br\/>En tant que Birman Sac Metal, nous sommes fiers d&rsquo;\u00eatre un citoyen corporatif responsable. Tout en op\u00e9rant de mani\u00e8re sensible \u00e0 la soci\u00e9t\u00e9 et \u00e0 l&rsquo;environnement, nous restons fermement attach\u00e9s \u00e0 nos valeurs \u00e9thiques et \u00e0 notre morale professionnelle. Dans ce cadre, nous participons activement et contribuons aux projets de durabilit\u00e9 et de responsabilit\u00e9 sociale. Notre mission continue de renforcer notre position en tant qu&rsquo;entreprise fiable et respect\u00e9e dans le monde des affaires.   <\/p><\/div><\/div><\/div>\n\n\n\n<div class=\"wp-block-uagb-info-box uagb-block-0e79f8a8 uagb-infobox__content-wrap  uagb-infobox-icon-above-title uagb-infobox-image-valign-top wp-block-uagb-info-box--has-margin\"><div class=\"uagb-infobox-margin-wrapper\"><div class=\"uagb-ifb-content\"><div class=\"uagb-ifb-title-wrap\"><h3 class=\"uagb-ifb-title-prefix\"><br\/>\u00c0 propos de nous<\/h3><h2 class=\"uagb-ifb-title\">Notre Vision<\/h2><\/div><p class=\"uagb-ifb-desc\">En tant que Birman Sac Metal, nous visons \u00e0 renforcer davantage notre position dans le secteur en d\u00e9finissant nos objectifs futurs. Conform\u00e9ment aux principes d&rsquo;innovation et de durabilit\u00e9, nous cherchons \u00e0 maximiser la satisfaction client en offrant des produits de qualit\u00e9 et fiables. Nous pr\u00e9voyons d&rsquo;am\u00e9liorer et de moderniser continuellement nos processus de production en suivant de pr\u00e8s les d\u00e9veloppements technologiques.<br\/>L&rsquo;une des pierres angulaires de notre vision est de devenir leader du secteur. Dans cette perspective, nous accordons une grande importance aux activit\u00e9s de R et adoptons des approches innovantes dans nos processus de d\u00e9veloppement de nouveaux produits. De plus, dans le cadre de nos objectifs de durabilit\u00e9, nous visons \u00e0 pr\u00e9server les ressources naturelles en utilisant des m\u00e9thodes de production respectueuses de l&rsquo;environnement.    <br\/><br\/>La strat\u00e9gie g\u00e9n\u00e9rale de notre entreprise est de r\u00e9pondre au mieux aux besoins des clients et de s&rsquo;adapter rapidement aux changements du secteur. Pour r\u00e9aliser notre vision, nous soutenons le d\u00e9veloppement continu de nos employ\u00e9s par des formations et visons \u00e0 accro\u00eetre leurs connaissances. <br\/><br\/>Nos projets futurs incluent l&rsquo;expansion vers de nouveaux march\u00e9s et une pr\u00e9sence plus forte \u00e0 l&rsquo;international. Dans ce but, nous suivons de pr\u00e8s les tendances des march\u00e9s mondiaux et \u00e9largissons notre gamme de produits en cons\u00e9quence. De plus, nous am\u00e9liorons continuellement notre qualit\u00e9 de service en tenant compte des retours clients.  <br\/><br\/>En conclusion, en tant que Birman Sac Metal, notre vision est d&rsquo;occuper une position de leader dans le secteur en offrant des solutions innovantes et durables, tout en maintenant la satisfaction client. Nous avan\u00e7ons r\u00e9solument vers cet objectif avec tous nos employ\u00e9s. <\/p><\/div><\/div><\/div>\n<\/div><\/div>\n\n<div class=\"wp-block-uagb-info-box uagb-block-aa940308 uagb-infobox__content-wrap  uagb-infobox-icon-above-title uagb-infobox-image-valign-top wp-block-uagb-info-box--has-margin\"><div class=\"uagb-infobox-margin-wrapper\"><div class=\"uagb-ifb-content\"><div class=\"uagb-ifb-title-wrap\"><h3 class=\"uagb-ifb-title-prefix\"><br\/>\u00c0 propos de nous<\/h3><h2 class=\"uagb-ifb-title\">Nos Valeurs et Notre Approche \u00c9thique<\/h2><\/div><p class=\"uagb-ifb-desc\">Birman Sac Metal a acquis une r\u00e9putation fiable dans le secteur gr\u00e2ce \u00e0 sa solide approche \u00e9thique et ses valeurs distinctes. Les valeurs fondamentales de notre entreprise incluent l&rsquo;honn\u00eatet\u00e9, la transparence, la sensibilit\u00e9 environnementale et la responsabilit\u00e9 sociale. Ces valeurs jouent un r\u00f4le central dans tous nos processus commerciaux et relations avec les employ\u00e9s.<br\/>L&rsquo;honn\u00eatet\u00e9 est l&rsquo;un des piliers de Birman Sac Metal. Notre entreprise adopte une approche ouverte et honn\u00eate dans toutes ses relations commerciales et activit\u00e9s. Cela nous permet de construire la confiance dans nos relations avec nos clients et d&rsquo;\u00e9tablir des partenariats commerciaux \u00e0 long terme.    <br\/><br\/>La transparence est une autre valeur importante consid\u00e9r\u00e9e \u00e0 chaque \u00e9tape de nos processus commerciaux. Nous agissons dans un cadre de responsabilit\u00e9 et d&rsquo;honn\u00eatet\u00e9 envers nos clients et parties prenantes. Cette approche augmente la satisfaction client et nous aide \u00e0 \u00e9valuer continuellement l&rsquo;efficacit\u00e9 de nos processus commerciaux.  <br\/>La sensibilit\u00e9 environnementale fait partie de l&rsquo;approche de durabilit\u00e9 de Birman Sac Metal. En adoptant des pratiques respectueuses de l&rsquo;environnement dans nos processus de production, nous visons \u00e0 pr\u00e9server les ressources naturelles et \u00e0 minimiser les impacts n\u00e9gatifs sur l&rsquo;environnement. Dans ce cadre, nous d\u00e9veloppons des politiques ax\u00e9es sur le recyclage et l&rsquo;\u00e9conomie d&rsquo;\u00e9nergie.  <br\/><br\/>La responsabilit\u00e9 sociale exprime l&rsquo;engagement et la contribution de notre entreprise envers la soci\u00e9t\u00e9. Birman Sac Metal joue un r\u00f4le actif dans les projets visant \u00e0 am\u00e9liorer le bien-\u00eatre de la soci\u00e9t\u00e9 et agit avec conscience sociale. Nous contribuons \u00e0 un avenir durable en prenant des initiatives qui soutiennent le bien-\u00eatre de nos employ\u00e9s et de la soci\u00e9t\u00e9.<br\/>Ces valeurs se refl\u00e8tent directement dans les processus commerciaux et les relations avec les employ\u00e9s de Birman Sac Metal. Notre culture d&rsquo;entreprise encourage nos employ\u00e9s \u00e0 adopter et \u00e0 appliquer ces valeurs. Ainsi, nous pouvons \u00e9tablir des relations fortes et durables bas\u00e9es sur la confiance avec nos parties prenantes internes et externes.    <\/p><\/div><\/div><\/div>\n\n<div class=\"wp-block-uagb-container uagb-block-4346b7d7 alignfull uagb-is-root-container\"><div class=\"uagb-container-inner-blocks-wrap\"><\/div><\/div>\n","protected":false},"excerpt":{"rendered":"<p>\u00c0 propos de nous Birman Sac Metal, fond\u00e9e en 2024 \u00e0 Izmir, est une entreprise avec une histoire solide. Depuis sa cr\u00e9ation, elle s&rsquo;est sp\u00e9cialis\u00e9e dans la production de divers produits m\u00e9talliques tels que les fours \u00e9lectriques industriels, les produits d&rsquo;\u00e9clairage ext\u00e9rieur et les syst\u00e8mes de garde-corps muraux. Elle s&rsquo;est rapidement fait un nom dans [&hellip;]<\/p>\n","protected":false},"author":1,"featured_media":0,"parent":0,"menu_order":0,"comment_status":"closed","ping_status":"closed","template":"","meta":{"_uag_custom_page_level_css":"","site-sidebar-layout":"no-sidebar","site-content-layout":"plain-container","ast-site-content-layout":"normal-width-container","site-content-style":"unboxed","site-sidebar-style":"unboxed","ast-global-header-display":"","ast-banner-title-visibility":"","ast-main-header-display":"","ast-hfb-above-header-display":"","ast-hfb-below-header-display":"","ast-hfb-mobile-header-display":"","site-post-title":"disabled","ast-breadcrumbs-content":"","ast-featured-img":"disabled","footer-sml-layout":"","ast-disable-related-posts":"","theme-transparent-header-meta":"enabled","adv-header-id-meta":"","stick-header-meta":"","header-above-stick-meta":"","header-main-stick-meta":"","header-below-stick-meta":"","astra-migrate-meta-layouts":"default","ast-page-background-enabled":"default","ast-page-background-meta":{"desktop":{"background-color":"var(--ast-global-color-4)","background-image":"","background-repeat":"repeat","background-position":"center center","background-size":"auto","background-attachment":"scroll","background-type":"","background-media":"","overlay-type":"","overlay-color":"","overlay-opacity":"","overlay-gradient":""},"tablet":{"background-color":"","background-image":"","background-repeat":"repeat","background-position":"center center","background-size":"auto","background-attachment":"scroll","background-type":"","background-media":"","overlay-type":"","overlay-color":"","overlay-opacity":"","overlay-gradient":""},"mobile":{"background-color":"","background-image":"","background-repeat":"repeat","background-position":"center center","background-size":"auto","background-attachment":"scroll","background-type":"","background-media":"","overlay-type":"","overlay-color":"","overlay-opacity":"","overlay-gradient":""}},"ast-content-background-meta":{"desktop":{"background-color":"var(--ast-global-color-5)","background-image":"","background-repeat":"repeat","background-position":"center center","background-size":"auto","background-attachment":"scroll","background-type":"","background-media":"","overlay-type":"","overlay-color":"","overlay-opacity":"","overlay-gradient":""},"tablet":{"background-color":"var(--ast-global-color-5)","background-image":"","background-repeat":"repeat","background-position":"center center","background-size":"auto","background-attachment":"scroll","background-type":"","background-media":"","overlay-type":"","overlay-color":"","overlay-opacity":"","overlay-gradient":""},"mobile":{"background-color":"var(--ast-global-color-5)","background-image":"","background-repeat":"repeat","background-position":"center center","background-size":"auto","background-attachment":"scroll","background-type":"","background-media":"","overlay-type":"","overlay-color":"","overlay-opacity":"","overlay-gradient":""}},"footnotes":""},"class_list":["post-3252","page","type-page","status-publish","hentry"],"aioseo_notices":[],"uagb_featured_image_src":{"full":false,"thumbnail":false,"medium":false,"medium_large":false,"large":false,"1536x1536":false,"2048x2048":false,"woocommerce_thumbnail":false,"woocommerce_single":false,"woocommerce_gallery_thumbnail":false},"uagb_author_info":{"display_name":"Birman Sac Metal","author_link":"https:\/\/birmansacmetal.com\/fr\/author\/birmansacmetalgmail-com\/"},"uagb_comment_info":0,"uagb_excerpt":"\u00c0 propos de nous Birman Sac Metal, fond\u00e9e en 2024 \u00e0 Izmir, est une entreprise avec une histoire solide. Depuis sa cr\u00e9ation, elle s&rsquo;est sp\u00e9cialis\u00e9e dans la production de divers produits m\u00e9talliques tels que les fours \u00e9lectriques industriels, les produits d&rsquo;\u00e9clairage ext\u00e9rieur et les syst\u00e8mes de garde-corps muraux. Elle s&rsquo;est rapidement fait un nom dans\u2026","_links":{"self":[{"href":"https:\/\/birmansacmetal.com\/fr\/wp-json\/wp\/v2\/pages\/3252","targetHints":{"allow":["GET"]}}],"collection":[{"href":"https:\/\/birmansacmetal.com\/fr\/wp-json\/wp\/v2\/pages"}],"about":[{"href":"https:\/\/birmansacmetal.com\/fr\/wp-json\/wp\/v2\/types\/page"}],"author":[{"embeddable":true,"href":"https:\/\/birmansacmetal.com\/fr\/wp-json\/wp\/v2\/users\/1"}],"replies":[{"embeddable":true,"href":"https:\/\/birmansacmetal.com\/fr\/wp-json\/wp\/v2\/comments?post=3252"}],"version-history":[{"count":0,"href":"https:\/\/birmansacmetal.com\/fr\/wp-json\/wp\/v2\/pages\/3252\/revisions"}],"wp:attachment":[{"href":"https:\/\/birmansacmetal.com\/fr\/wp-json\/wp\/v2\/media?parent=3252"}],"curies":[{"name":"wp","href":"https:\/\/api.w.org\/{rel}","templated":true}]}}