{"id":3243,"date":"2024-07-14T22:58:19","date_gmt":"2024-07-14T22:58:19","guid":{"rendered":"https:\/\/birmansacmetal.com\/projets\/"},"modified":"2026-02-16T09:53:08","modified_gmt":"2026-02-16T09:53:08","slug":"projets","status":"publish","type":"page","link":"https:\/\/birmansacmetal.com\/fr\/projets\/","title":{"rendered":"Projets"},"content":{"rendered":"\n<div class=\"wp-block-uagb-container uagb-block-5451af51 alignfull uagb-is-root-container\"><div class=\"uagb-container-inner-blocks-wrap\">\n<div class=\"wp-block-uagb-advanced-heading uagb-block-f45ed1f8\"><h1 class=\"uagb-heading-text\">Projets<\/h1><\/div>\n<\/div><\/div>\n\n<div class=\"wp-block-uagb-container uagb-block-52be6acf alignfull uagb-is-root-container\"><div class=\"uagb-container-inner-blocks-wrap\">\n<p>D\u00e9couvrez sur cette page nos <strong>r\u00e9alisations concr\u00e8tes<\/strong> pour diverses \u00e9chelles et applications.<br\/><\/p>\n\n\n\n<p>Tous les projets pr\u00e9sent\u00e9s ont \u00e9t\u00e9 mis en \u0153uvre et test\u00e9s sur le terrain, <strong>dans les secteurs r\u00e9sidentiel, des villas et commercial<\/strong>.<\/p>\n<\/div><\/div>\n<p>[insta-gallery id=\u00a0\u00bb0&Prime;]<\/p>\n\n<p><\/p>\n","protected":false},"excerpt":{"rendered":"<p>Projets D\u00e9couvrez sur cette page nos r\u00e9alisations concr\u00e8tes pour diverses \u00e9chelles et applications. Tous les projets pr\u00e9sent\u00e9s ont \u00e9t\u00e9 mis en \u0153uvre et test\u00e9s sur le terrain, dans les secteurs r\u00e9sidentiel, des villas et commercial.<\/p>\n","protected":false},"author":1,"featured_media":0,"parent":0,"menu_order":0,"comment_status":"closed","ping_status":"closed","template":"","meta":{"_uag_custom_page_level_css":"","site-sidebar-layout":"no-sidebar","site-content-layout":"plain-container","ast-site-content-layout":"normal-width-container","site-content-style":"unboxed","site-sidebar-style":"unboxed","ast-global-header-display":"","ast-banner-title-visibility":"","ast-main-header-display":"","ast-hfb-above-header-display":"","ast-hfb-below-header-display":"","ast-hfb-mobile-header-display":"","site-post-title":"disabled","ast-breadcrumbs-content":"","ast-featured-img":"disabled","footer-sml-layout":"","ast-disable-related-posts":"","theme-transparent-header-meta":"enabled","adv-header-id-meta":"","stick-header-meta":"","header-above-stick-meta":"","header-main-stick-meta":"","header-below-stick-meta":"","astra-migrate-meta-layouts":"default","ast-page-background-enabled":"default","ast-page-background-meta":{"desktop":{"background-color":"var(--ast-global-color-4)","background-image":"","background-repeat":"repeat","background-position":"center center","background-size":"auto","background-attachment":"scroll","background-type":"","background-media":"","overlay-type":"","overlay-color":"","overlay-opacity":"","overlay-gradient":""},"tablet":{"background-color":"","background-image":"","background-repeat":"repeat","background-position":"center center","background-size":"auto","background-attachment":"scroll","background-type":"","background-media":"","overlay-type":"","overlay-color":"","overlay-opacity":"","overlay-gradient":""},"mobile":{"background-color":"","background-image":"","background-repeat":"repeat","background-position":"center center","background-size":"auto","background-attachment":"scroll","background-type":"","background-media":"","overlay-type":"","overlay-color":"","overlay-opacity":"","overlay-gradient":""}},"ast-content-background-meta":{"desktop":{"background-color":"var(--ast-global-color-5)","background-image":"","background-repeat":"repeat","background-position":"center center","background-size":"auto","background-attachment":"scroll","background-type":"","background-media":"","overlay-type":"","overlay-color":"","overlay-opacity":"","overlay-gradient":""},"tablet":{"background-color":"var(--ast-global-color-5)","background-image":"","background-repeat":"repeat","background-position":"center center","background-size":"auto","background-attachment":"scroll","background-type":"","background-media":"","overlay-type":"","overlay-color":"","overlay-opacity":"","overlay-gradient":""},"mobile":{"background-color":"var(--ast-global-color-5)","background-image":"","background-repeat":"repeat","background-position":"center center","background-size":"auto","background-attachment":"scroll","background-type":"","background-media":"","overlay-type":"","overlay-color":"","overlay-opacity":"","overlay-gradient":""}},"footnotes":""},"class_list":["post-3243","page","type-page","status-publish","hentry"],"aioseo_notices":[],"uagb_featured_image_src":{"full":false,"thumbnail":false,"medium":false,"medium_large":false,"large":false,"1536x1536":false,"2048x2048":false,"woocommerce_thumbnail":false,"woocommerce_single":false,"woocommerce_gallery_thumbnail":false},"uagb_author_info":{"display_name":"Birman Sac Metal","author_link":"https:\/\/birmansacmetal.com\/fr\/author\/birmansacmetalgmail-com\/"},"uagb_comment_info":0,"uagb_excerpt":"Projets D\u00e9couvrez sur cette page nos r\u00e9alisations concr\u00e8tes pour diverses \u00e9chelles et applications. Tous les projets pr\u00e9sent\u00e9s ont \u00e9t\u00e9 mis en \u0153uvre et test\u00e9s sur le terrain, dans les secteurs r\u00e9sidentiel, des villas et commercial.","_links":{"self":[{"href":"https:\/\/birmansacmetal.com\/fr\/wp-json\/wp\/v2\/pages\/3243","targetHints":{"allow":["GET"]}}],"collection":[{"href":"https:\/\/birmansacmetal.com\/fr\/wp-json\/wp\/v2\/pages"}],"about":[{"href":"https:\/\/birmansacmetal.com\/fr\/wp-json\/wp\/v2\/types\/page"}],"author":[{"embeddable":true,"href":"https:\/\/birmansacmetal.com\/fr\/wp-json\/wp\/v2\/users\/1"}],"replies":[{"embeddable":true,"href":"https:\/\/birmansacmetal.com\/fr\/wp-json\/wp\/v2\/comments?post=3243"}],"version-history":[{"count":0,"href":"https:\/\/birmansacmetal.com\/fr\/wp-json\/wp\/v2\/pages\/3243\/revisions"}],"wp:attachment":[{"href":"https:\/\/birmansacmetal.com\/fr\/wp-json\/wp\/v2\/media?parent=3243"}],"curies":[{"name":"wp","href":"https:\/\/api.w.org\/{rel}","templated":true}]}}