{"id":3236,"date":"2024-07-14T22:58:19","date_gmt":"2024-07-14T22:58:19","guid":{"rendered":"https:\/\/birmansacmetal.com\/service-dapprovisionnement-en-machines\/"},"modified":"2025-10-21T19:04:02","modified_gmt":"2025-10-21T19:04:02","slug":"service-dapprovisionnement-en-machines","status":"publish","type":"page","link":"https:\/\/birmansacmetal.com\/fr\/service-dapprovisionnement-en-machines\/","title":{"rendered":"Service d&rsquo;Approvisionnement en Machines"},"content":{"rendered":"\n<div class=\"wp-block-uagb-container uagb-block-cef93154 alignfull uagb-is-root-container\"><div class=\"uagb-container-inner-blocks-wrap\">\n<div class=\"wp-block-uagb-advanced-heading uagb-block-ee43a231\"><h1 class=\"uagb-heading-text\">Approvisionnement en Machines sur Mesure<\/h1><\/div>\n<\/div><\/div>\n\n<div class=\"wp-block-uagb-container uagb-block-ca134fa2 alignfull uagb-is-root-container\"><div class=\"uagb-container-inner-blocks-wrap\">\n<div class=\"wp-block-uagb-info-box uagb-block-fb923f24 uagb-infobox__content-wrap  uagb-infobox-icon-above-title uagb-infobox-image-valign-top wp-block-uagb-info-box--has-margin\"><div class=\"uagb-infobox-margin-wrapper\"><div class=\"uagb-ifb-content\"><div class=\"uagb-ifb-title-wrap\"><h3 class=\"uagb-ifb-title-prefix\">Les Meilleures Solutions pour Tous Vos Processus de Production<\/h3><h2 class=\"uagb-ifb-title\">Approvisionnement en Machines selon les Besoins<\/h2><\/div><\/div><\/div><\/div>\n\n\n\n<div class=\"wp-block-uagb-container uagb-layout-grid uagb-block-5031fb51\">\n<div class=\"wp-block-uagb-info-box uagb-block-f051ebd8 uagb-infobox__content-wrap  uagb-infobox_cta-type-all uagb-infobox-icon-above-title uagb-infobox-image-valign-top wp-block-uagb-info-box--has-margin\"><div class=\"uagb-infobox-margin-wrapper\"><a href=\"https:\/\/birmansacmetal.com\/lazer-kesim-makinesi-alirken-nelere-dikkat-edilmeli\/\" class=\"uagb-infobox-link-wrap uagb-infbox__link-to-all\" target=\"_self\" aria-label=\"Infobox Link\" rel=\"noopener noreferrer\" onclick=\"return true;\"><\/a><div class=\"uagb-ifb-content\"><div class=\"uagb-ifb-image-content\"><img decoding=\"async\" src=\"https:\/\/birmansacmetal.com\/wp-content\/uploads\/2024\/08\/Birman-Lazer-Kesim-Makinasi.jpg\" alt=\"Birman Lazer Kesim Makinas&#x131;\" width=\"380\" height=\"250\" loading=\"lazy\"\/><\/div><div class=\"uagb-ifb-title-wrap\"><h3 class=\"uagb-ifb-title\">Machines de D\u00e9coupe Laser<\/h3><\/div><p class=\"uagb-ifb-desc\">Nous fournissons la machine de d\u00e9coupe laser la plus adapt\u00e9e \u00e0 vos besoins au meilleur prix.<\/p><div class=\"uagb-ifb-button-wrapper wp-block-button\"><\/div><\/div><\/div><\/div>\n\n\n\n<div class=\"wp-block-uagb-info-box uagb-block-e954ed29 uagb-infobox__content-wrap  uagb-infobox-icon-above-title uagb-infobox-image-valign-top wp-block-uagb-info-box--has-margin\"><div class=\"uagb-infobox-margin-wrapper\"><div class=\"uagb-ifb-content\"><div class=\"uagb-ifb-image-content\"><img decoding=\"async\" src=\"https:\/\/birmansacmetal.com\/wp-content\/uploads\/2024\/08\/Birman-Abkant.jpg\" alt=\"Birman Sac Metal Abkant\" width=\"380\" height=\"250\" loading=\"lazy\"\/><\/div><div class=\"uagb-ifb-title-wrap\"><h3 class=\"uagb-ifb-title\">Pliage de T\u00f4le par Presse Plieuse<\/h3><\/div><p class=\"uagb-ifb-desc\">Contactez-nous pour vos besoins en presses plieuses CNC 1-6 axes et leurs matrices.<\/p><\/div><\/div><\/div>\n\n\n\n<div class=\"wp-block-uagb-info-box uagb-block-65efee6f uagb-infobox__content-wrap  uagb-infobox-icon-above-title uagb-infobox-image-valign-top wp-block-uagb-info-box--has-margin\"><div class=\"uagb-infobox-margin-wrapper\"><div class=\"uagb-ifb-content\"><div class=\"uagb-ifb-image-content\"><img decoding=\"async\" src=\"https:\/\/birmansacmetal.com\/wp-content\/uploads\/2024\/08\/Yeni-Proje-5.jpg\" alt=\"Birman Sac Metal Lazer Kaynak Makinalar&#x131;\" width=\"380\" height=\"250\" loading=\"lazy\"\/><\/div><div class=\"uagb-ifb-title-wrap\"><h3 class=\"uagb-ifb-title\">Machines de Soudage Laser<\/h3><\/div><p class=\"uagb-ifb-desc\">Nous fournissons des machines de soudage laser multifonctions 5-en-1 pour les mat\u00e9riaux de classe St, inoxydables et aluminium.<\/p><\/div><\/div><\/div>\n\n\n\n<div class=\"wp-block-uagb-info-box uagb-block-0174d2fb uagb-infobox__content-wrap  uagb-infobox_cta-type-all uagb-infobox-icon-above-title uagb-infobox-image-valign-top wp-block-uagb-info-box--has-margin\"><div class=\"uagb-infobox-margin-wrapper\"><a href=\"https:\/\/birmansacmetal.com\/rollform-uretim-hatlari\/\" class=\"uagb-infobox-link-wrap uagb-infbox__link-to-all\" target=\"_self\" aria-label=\"Infobox Link\" rel=\"noopener noreferrer\" onclick=\"return true;\"><\/a><div class=\"uagb-ifb-content\"><div class=\"uagb-ifb-image-content\"><img decoding=\"async\" src=\"https:\/\/birmansacmetal.com\/wp-content\/uploads\/2024\/08\/Yeni-Proje-4-1.jpg\" alt=\"Birman G&#xFC;ne&#x15F; K&#x131;r&#x131;c&#x131; Panel Panjur Rollform Hatt&#x131;\" width=\"380\" height=\"250\" loading=\"lazy\"\/><\/div><div class=\"uagb-ifb-title-wrap\"><h3 class=\"uagb-ifb-title\">Profilage de T\u00f4le par Rollforming<\/h3><\/div><p class=\"uagb-ifb-desc\">Contactez-nous pour obtenir des informations sur les lignes de rollforming pour les profils en U, volets roulants, trap\u00e8zes de toiture et brise-soleil.<\/p><div class=\"uagb-ifb-button-wrapper wp-block-button\"><\/div><\/div><\/div><\/div>\n\n\n\n<div class=\"wp-block-uagb-info-box uagb-block-6babea65 uagb-infobox__content-wrap  uagb-infobox-icon-above-title uagb-infobox-image-valign-top wp-block-uagb-info-box--has-margin\"><div class=\"uagb-infobox-margin-wrapper\"><div class=\"uagb-ifb-content\"><div class=\"uagb-ifb-image-content\"><img decoding=\"async\" src=\"https:\/\/birmansacmetal.com\/wp-content\/uploads\/2024\/08\/Birman-Sac-Metal-Lazer-Markalama-Makineleri.jpg\" alt=\"Birman Sac Metal Lazer Markalama Makineleri\" width=\"380\" height=\"250\" loading=\"lazy\"\/><\/div><div class=\"uagb-ifb-title-wrap\"><h3 class=\"uagb-ifb-title\">Produits de Marquage Laser<\/h3><\/div><p class=\"uagb-ifb-desc\">Nous fournissons des produits de marquage laser de bureau, portables et \u00e0 batterie.<\/p><\/div><\/div><\/div>\n\n\n\n<div class=\"wp-block-uagb-info-box uagb-block-61d96c3b uagb-infobox__content-wrap  uagb-infobox-icon-above-title uagb-infobox-image-valign-top wp-block-uagb-info-box--has-margin\"><div class=\"uagb-infobox-margin-wrapper\"><div class=\"uagb-ifb-content\"><div class=\"uagb-ifb-image-content\"><img decoding=\"async\" src=\"https:\/\/birmansacmetal.com\/wp-content\/uploads\/2024\/08\/Ozel-Uretim-Makineler.jpg\" alt=\"&#xD6;zel &#xDC;retim Makineler\" width=\"380\" height=\"250\" loading=\"lazy\"\/><\/div><div class=\"uagb-ifb-title-wrap\"><h3 class=\"uagb-ifb-title\">Machines de Production Sp\u00e9ciales<\/h3><\/div><p class=\"uagb-ifb-desc\">Nous proposons un service de fabrication de machines personnalis\u00e9es pour tous vos processus de production.<\/p><\/div><\/div><\/div>\n<\/div>\n<\/div><\/div>\n\n<div class=\"wp-block-uagb-container uagb-block-f2bead77 alignfull uagb-is-root-container\"><div class=\"uagb-container-inner-blocks-wrap\">\n<div class=\"wp-block-uagb-info-box uagb-block-dca9a339 uagb-infobox__content-wrap  uagb-infobox-icon-above-title uagb-infobox-image-valign-top\"><div class=\"uagb-ifb-content\"><div class=\"uagb-ifb-icon-wrap\"><svg xmlns=\"https:\/\/www.w3.org\/2000\/svg\" viewbox=\"0 0 512 512\"><path d=\"M511.1 63.1v287.1c0 35.25-28.75 63.1-64 63.1h-144l-124.9 93.68c-7.875 5.75-19.12 .0497-19.12-9.7v-83.98h-96c-35.25 0-64-28.75-64-63.1V63.1c0-35.25 28.75-63.1 64-63.1h384C483.2 0 511.1 28.75 511.1 63.1z\"><\/path><\/svg><\/div><div class=\"uagb-ifb-title-wrap\"><h3 class=\"uagb-ifb-title\">Contactez-nous pour Plus d&rsquo;Informations sur les Machines<\/h3><\/div><div class=\"uagb-ifb-separator\"><\/div><p class=\"uagb-ifb-desc\">Vous pouvez utiliser notre formulaire de contact avec assistance 24h\/24 et 7j\/7 pour toutes vos questions. Vos questions recevront une r\u00e9ponse dans l&rsquo;heure. <\/p><\/div><\/div>\n<\/div><\/div>\n\n<div class=\"wp-block-uagb-container uagb-block-203326f0 alignfull uagb-is-root-container\"><div class=\"uagb-container-inner-blocks-wrap\">\n<div class=\"wp-block-uagb-forms uagb-forms__outer-wrap uagb-block-b3d997b9 uagb-forms__medium-btn\"><form class=\"uagb-forms-main-form\" method=\"post\" autocomplete=\"on\" name=\"uagb-form-b3d997b9\">\n<div class=\"wp-block-uagb-forms-name uagb-forms-name-wrap uagb-forms-field-set uagb-block-6407b69e\"><div class=\"uagb-forms-name-label required uagb-forms-input-label\" id=\"6407b69e\">Votre Nom<\/div><input type=\"text\" placeholder=\"\" required=\"\" class=\"uagb-forms-name-input uagb-forms-input\" name=\"6407b69e\" autocomplete=\"given-name\"><\/div>\n\n\n\n<div class=\"wp-block-uagb-forms-email uagb-forms-email-wrap uagb-forms-field-set uagb-block-6eb29822\"><div class=\"uagb-forms-email-label required uagb-forms-input-label\" id=\"6eb29822\">E-mail<\/div><input type=\"email\" class=\"uagb-forms-email-input uagb-forms-input\" placeholder=\"exemple@mail.com\" required=\"\" name=\"6eb29822\" autocomplete=\"email\"><\/div>\n\n\n\n<div class=\"wp-block-uagb-forms-name uagb-forms-name-wrap uagb-forms-field-set uagb-block-4dcc93bd\"><div class=\"uagb-forms-name-label uagb-forms-input-label\" id=\"4dcc93bd\">T\u00e9l\u00e9phone<\/div><input type=\"text\" placeholder=\"\" class=\"uagb-forms-name-input uagb-forms-input\" name=\"4dcc93bd\" autocomplete=\"name\"><\/div>\n\n\n\n<div class=\"wp-block-uagb-forms-name uagb-forms-name-wrap uagb-forms-field-set uagb-block-60e81f0f\"><div class=\"uagb-forms-name-label required uagb-forms-input-label\" id=\"60e81f0f\">Nom de l&rsquo;Entreprise<\/div><input type=\"text\" placeholder=\"\" required=\"\" class=\"uagb-forms-name-input uagb-forms-input\" name=\"60e81f0f\" autocomplete=\"name\"><\/div>\n\n\n\n<div class=\"wp-block-uagb-forms-checkbox uagb-forms-checkbox-wrap uagb-forms-field-set uagb-block-24000810\"><div class=\"uagb-forms-checkbox-label uagb-forms-input-label\" id=\"24000810\">Concernant Quelle Machine<\/div><input type=\"checkbox\" class=\"uagb-forms-checkbox\" id=\"checkbox-lazer-kesim-makinesi-24000810\" name=\"Hangi Makine \u0130le \u0130lgili[]\" value=\"Lazer Kesim Makinesi\"><label for=\"checkbox-lazer-kesim-makinesi-24000810\">Machine de D\u00e9coupe Laser<\/label><br><input type=\"checkbox\" class=\"uagb-forms-checkbox\" id=\"checkbox-lazer-kaynak-makinas\u0131-24000810\" name=\"Hangi Makine \u0130le \u0130lgili[]\" value=\"Lazer Kaynak Makinas\u0131\"><label for=\"checkbox-lazer-kaynak-makinas\u0131-24000810\">Machine de Soudage Laser<\/label><br><input type=\"checkbox\" class=\"uagb-forms-checkbox\" id=\"checkbox-cnc-abkant-24000810\" name=\"Hangi Makine \u0130le \u0130lgili[]\" value=\"Cnc Abkant\"><label for=\"checkbox-cnc-abkant-24000810\">Presse Plieuse CNC<\/label><br><input type=\"checkbox\" class=\"uagb-forms-checkbox\" id=\"checkbox-lazer-markalama-24000810\" name=\"Hangi Makine \u0130le \u0130lgili[]\" value=\"Lazer Markalama\"><label for=\"checkbox-lazer-markalama-24000810\">Marquage Laser<\/label><br><input type=\"checkbox\" class=\"uagb-forms-checkbox\" id=\"checkbox-rollform-sac-\u015fekillendirme-24000810\" name=\"Hangi Makine \u0130le \u0130lgili[]\" value=\"Rollform Sac \u015eekillendirme\"><label for=\"checkbox-rollform-sac-\u015fekillendirme-24000810\">Profilage de T\u00f4le par Rollforming<\/label><br><\/div>\n\n\n\n<div class=\"wp-block-uagb-forms-textarea uagb-forms-textarea-wrap uagb-forms-field-set uagb-block-90c503a6\"><div class=\"uagb-forms-textarea-label required uagb-forms-input-label\" id=\"90c503a6\">Votre Message<\/div><textarea required=\"\" class=\"uagb-forms-textarea-input uagb-forms-input\" rows=\"4\" placeholder=\"\" name=\"90c503a6\" autocomplete=\"off\"><\/textarea><\/div>\n<div class=\"uagb-forms-form-hidden-data\"><input type=\"hidden\" id=\"g-recaptcha-response\" class=\"uagb-forms-recaptcha\"\/><input type=\"hidden\" class=\"uagb_forms_form_label\" value=\"Spectra Form\"\/><input type=\"hidden\" class=\"uagb_forms_form_id\" value=\"uagb-form-b3d997b9\"\/><\/div><div class=\"g-recaptcha uagb-forms-field-set\" data-sitekey=\"\"><\/div><div class=\"uagb-form-reacaptcha-error-b3d997b9\"><\/div><div class=\"uagb-forms-main-submit-button-wrap wp-block-button\"><button class=\"uagb-forms-main-submit-button wp-block-button__link\"><div class=\"uagb-forms-main-submit-button-text\">envoyer<\/div><\/button><\/div><\/form><div class=\"uagb-forms-success-message-b3d997b9 uagb-forms-submit-message-hide\"><span>Mesaj\u0131n\u0131z G\u00f6nderildi. \u0130leti\u015fime ge\u00e7ti\u011fini i\u00e7in te\u015fekk\u00fcrler.<\/span><\/div><div class=\"uagb-forms-failed-message-b3d997b9 uagb-forms-submit-message-hide\"><span>There has been some error while submitting the form. Please verify all form fields again.<\/span><\/div><\/div>\n<\/div><\/div>\n","protected":false},"excerpt":{"rendered":"<p>Approvisionnement en Machines sur Mesure<\/p>\n","protected":false},"author":1,"featured_media":0,"parent":0,"menu_order":0,"comment_status":"closed","ping_status":"closed","template":"","meta":{"_uag_custom_page_level_css":"","site-sidebar-layout":"no-sidebar","site-content-layout":"plain-container","ast-site-content-layout":"normal-width-container","site-content-style":"unboxed","site-sidebar-style":"unboxed","ast-global-header-display":"","ast-banner-title-visibility":"","ast-main-header-display":"","ast-hfb-above-header-display":"","ast-hfb-below-header-display":"","ast-hfb-mobile-header-display":"","site-post-title":"disabled","ast-breadcrumbs-content":"","ast-featured-img":"disabled","footer-sml-layout":"","ast-disable-related-posts":"","theme-transparent-header-meta":"enabled","adv-header-id-meta":"","stick-header-meta":"","header-above-stick-meta":"","header-main-stick-meta":"","header-below-stick-meta":"","astra-migrate-meta-layouts":"default","ast-page-background-enabled":"default","ast-page-background-meta":{"desktop":{"background-color":"var(--ast-global-color-4)","background-image":"","background-repeat":"repeat","background-position":"center center","background-size":"auto","background-attachment":"scroll","background-type":"","background-media":"","overlay-type":"","overlay-color":"","overlay-opacity":"","overlay-gradient":""},"tablet":{"background-color":"","background-image":"","background-repeat":"repeat","background-position":"center center","background-size":"auto","background-attachment":"scroll","background-type":"","background-media":"","overlay-type":"","overlay-color":"","overlay-opacity":"","overlay-gradient":""},"mobile":{"background-color":"","background-image":"","background-repeat":"repeat","background-position":"center center","background-size":"auto","background-attachment":"scroll","background-type":"","background-media":"","overlay-type":"","overlay-color":"","overlay-opacity":"","overlay-gradient":""}},"ast-content-background-meta":{"desktop":{"background-color":"var(--ast-global-color-5)","background-image":"","background-repeat":"repeat","background-position":"center center","background-size":"auto","background-attachment":"scroll","background-type":"","background-media":"","overlay-type":"","overlay-color":"","overlay-opacity":"","overlay-gradient":""},"tablet":{"background-color":"var(--ast-global-color-5)","background-image":"","background-repeat":"repeat","background-position":"center center","background-size":"auto","background-attachment":"scroll","background-type":"","background-media":"","overlay-type":"","overlay-color":"","overlay-opacity":"","overlay-gradient":""},"mobile":{"background-color":"var(--ast-global-color-5)","background-image":"","background-repeat":"repeat","background-position":"center center","background-size":"auto","background-attachment":"scroll","background-type":"","background-media":"","overlay-type":"","overlay-color":"","overlay-opacity":"","overlay-gradient":""}},"footnotes":""},"class_list":["post-3236","page","type-page","status-publish","hentry"],"aioseo_notices":[],"uagb_featured_image_src":{"full":false,"thumbnail":false,"medium":false,"medium_large":false,"large":false,"1536x1536":false,"2048x2048":false,"woocommerce_thumbnail":false,"woocommerce_single":false,"woocommerce_gallery_thumbnail":false},"uagb_author_info":{"display_name":"Birman Sac Metal","author_link":"https:\/\/birmansacmetal.com\/fr\/author\/birmansacmetalgmail-com\/"},"uagb_comment_info":0,"uagb_excerpt":"Approvisionnement en Machines sur Mesure","_links":{"self":[{"href":"https:\/\/birmansacmetal.com\/fr\/wp-json\/wp\/v2\/pages\/3236","targetHints":{"allow":["GET"]}}],"collection":[{"href":"https:\/\/birmansacmetal.com\/fr\/wp-json\/wp\/v2\/pages"}],"about":[{"href":"https:\/\/birmansacmetal.com\/fr\/wp-json\/wp\/v2\/types\/page"}],"author":[{"embeddable":true,"href":"https:\/\/birmansacmetal.com\/fr\/wp-json\/wp\/v2\/users\/1"}],"replies":[{"embeddable":true,"href":"https:\/\/birmansacmetal.com\/fr\/wp-json\/wp\/v2\/comments?post=3236"}],"version-history":[{"count":0,"href":"https:\/\/birmansacmetal.com\/fr\/wp-json\/wp\/v2\/pages\/3236\/revisions"}],"wp:attachment":[{"href":"https:\/\/birmansacmetal.com\/fr\/wp-json\/wp\/v2\/media?parent=3236"}],"curies":[{"name":"wp","href":"https:\/\/api.w.org\/{rel}","templated":true}]}}