{"id":5849,"date":"2026-03-27T12:15:58","date_gmt":"2026-03-27T12:15:58","guid":{"rendered":"https:\/\/birmansacmetal.com\/urun\/puerta-batiente-automatica-de-doble-hoja-para-garaje-jardin\/"},"modified":"2026-03-27T12:15:58","modified_gmt":"2026-03-27T12:15:58","slug":"puerta-batiente-automatica-de-doble-hoja-para-garaje-jardin","status":"publish","type":"product","link":"https:\/\/birmansacmetal.com\/es\/producto\/puerta-batiente-automatica-de-doble-hoja-para-garaje-jardin\/","title":{"rendered":"Puerta Batiente Autom\u00e1tica de Doble Hoja para Garaje\/Jard\u00edn"},"content":{"rendered":"<h2 data-section-id=\"2vtjpy\" data-start=\"1170\" data-end=\"1213\">Puerta Motorizada Batiente de Doble Hoja para Jard\u00edn y Garaje<\/h2>\n<p data-start=\"230\" data-end=\"540\">Los sistemas de puertas motorizadas de doble hoja son sistemas de puertas autom\u00e1ticas utilizados especialmente en entradas de garajes y jardines donde no hay suficiente espacio lateral para una aplicaci\u00f3n de puerta corredera. Las hojas de la puerta se abren hacia dentro o hacia fuera con la ayuda de un motor, facilitando la entrada y salida y proporcionando al usuario un uso c\u00f3modo. <\/p>\n<p data-start=\"542\" data-end=\"721\">Estos sistemas de puertas ofrecen una soluci\u00f3n segura, est\u00e9tica y duradera en muchas \u00e1reas como entradas de villas, entradas de urbanizaciones, casas unifamiliares, entradas de garajes, entradas de f\u00e1bricas y almacenes.<\/p>\n<p data-start=\"723\" data-end=\"946\">El sistema de puerta utiliza el motor de puerta autom\u00e1tica Nice WG5000, y las hojas de la puerta se pueden abrir y cerrar autom\u00e1ticamente con un mando a distancia. El sistema puede ser compatible con accesorios de seguridad (fotoc\u00e9lula, luz intermitente, etc.). <\/p>\n<p data-start=\"948\" data-end=\"1176\">Las puertas est\u00e1n fabricadas \u00edntegramente en acero galvanizado y pintadas con pintura electrost\u00e1tica en polvo. Gracias a esto, el sistema de puerta es resistente a las condiciones clim\u00e1ticas externas, duradero contra la oxidaci\u00f3n y no requiere mantenimiento. <\/p>\n<p data-start=\"1178\" data-end=\"1289\">Todas las puertas se fabrican a medida seg\u00fan el proyecto y las dimensiones, y se pueden producir en todas las opciones de color RAL deseadas.<\/p>\n<hr data-start=\"1841\" data-end=\"1844\">\n<h2 data-section-id=\"bs0kve\" data-start=\"1846\" data-end=\"1866\">Caracter\u00edsticas del Sistema<\/h2>\n<ul data-start=\"1867\" data-end=\"2299\">\n<li data-section-id=\"1s5ebca\" data-start=\"1867\" data-end=\"1899\">Sistema de puerta batiente de doble hoja<\/li>\n<li data-section-id=\"16ggtdt\" data-start=\"1900\" data-end=\"1925\">Sistema motorizado autom\u00e1tico<\/li>\n<li data-section-id=\"1exht13\" data-start=\"1926\" data-end=\"1945\">Motor Nice WG5000<\/li>\n<li data-section-id=\"1iof4s2\" data-start=\"1946\" data-end=\"1979\">Apertura y cierre con mando a distancia<\/li>\n<li data-section-id=\"19wc3s4\" data-start=\"1980\" data-end=\"2010\">Puede abrirse hacia dentro o hacia fuera<\/li>\n<li data-section-id=\"lurya3\" data-start=\"2011\" data-end=\"2031\">Fabricaci\u00f3n a medida<\/li>\n<li data-section-id=\"o3xsdi\" data-start=\"2032\" data-end=\"2058\">Todas las opciones de color RAL<\/li>\n<li data-section-id=\"fhumg2\" data-start=\"2059\" data-end=\"2083\">Pintura electrost\u00e1tica en polvo<\/li>\n<li data-section-id=\"d1awtv\" data-start=\"2084\" data-end=\"2108\">Material de acero galvanizado<\/li>\n<li data-section-id=\"1lsgw7y\" data-start=\"2109\" data-end=\"2153\">Adecuado para entradas de villas, jardines y garajes<\/li>\n<li data-section-id=\"16wq11c\" data-start=\"2154\" data-end=\"2210\">Soluci\u00f3n ideal para \u00e1reas sin espacio para puerta corredera<\/li>\n<li data-section-id=\"15w8fyg\" data-start=\"2211\" data-end=\"2245\">Opci\u00f3n de fotoc\u00e9lula y luz intermitente<\/li>\n<li data-section-id=\"1bvdln4\" data-start=\"2246\" data-end=\"2299\">Funci\u00f3n de apertura manual (en caso de corte de energ\u00eda)<\/li>\n<\/ul>\n<hr data-start=\"2301\" data-end=\"2304\">\n<h2 data-section-id=\"1gav6bm\" data-start=\"2306\" data-end=\"2323\">Informaci\u00f3n T\u00e9cnica<\/h2>\n<div class=\"TyagGW_tableContainer\">\n<div class=\"group TyagGW_tableWrapper flex flex-col-reverse w-fit\" tabindex=\"-1\">\n<table class=\"w-fit min-w-(--thread-content-width)\" data-start=\"2324\" data-end=\"2691\">\n<thead data-start=\"2324\" data-end=\"2343\">\n<tr data-start=\"2324\" data-end=\"2343\">\n<th class=\"\" data-start=\"2324\" data-end=\"2334\" data-col-size=\"sm\">Caracter\u00edstica<\/th>\n<th class=\"\" data-start=\"2334\" data-end=\"2343\" data-col-size=\"sm\">Valor<\/th>\n<\/tr>\n<\/thead>\n<tbody data-start=\"2362\" data-end=\"2691\">\n<tr data-start=\"2362\" data-end=\"2400\">\n<td data-start=\"2362\" data-end=\"2374\" data-col-size=\"sm\">Tipo de Puerta<\/td>\n<td data-col-size=\"sm\" data-start=\"2374\" data-end=\"2400\">Puerta Batiente de Doble Hoja<\/td>\n<\/tr>\n<tr data-start=\"2401\" data-end=\"2424\">\n<td data-start=\"2401\" data-end=\"2409\" data-col-size=\"sm\">Motor<\/td>\n<td data-col-size=\"sm\" data-start=\"2409\" data-end=\"2424\">Nice WG5000<\/td>\n<\/tr>\n<tr data-start=\"2425\" data-end=\"2457\">\n<td data-start=\"2425\" data-end=\"2439\" data-col-size=\"sm\">Tipo de Apertura<\/td>\n<td data-col-size=\"sm\" data-start=\"2439\" data-end=\"2457\">Hacia Dentro \/ Hacia Fuera<\/td>\n<\/tr>\n<tr data-start=\"2458\" data-end=\"2487\">\n<td data-start=\"2458\" data-end=\"2468\" data-col-size=\"sm\">Funcionamiento<\/td>\n<td data-col-size=\"sm\" data-start=\"2468\" data-end=\"2487\">Mando a Distancia<\/td>\n<\/tr>\n<tr data-start=\"2488\" data-end=\"2516\">\n<td data-start=\"2488\" data-end=\"2498\" data-col-size=\"sm\">Material<\/td>\n<td data-col-size=\"sm\" data-start=\"2498\" data-end=\"2516\">Acero Galvanizado<\/td>\n<\/tr>\n<tr data-start=\"2517\" data-end=\"2550\">\n<td data-start=\"2517\" data-end=\"2524\" data-col-size=\"sm\">Pintura<\/td>\n<td data-col-size=\"sm\" data-start=\"2524\" data-end=\"2550\">Pintura Electrost\u00e1tica en Polvo<\/td>\n<\/tr>\n<tr data-start=\"2551\" data-end=\"2578\">\n<td data-start=\"2551\" data-end=\"2558\" data-col-size=\"sm\">Color<\/td>\n<td data-col-size=\"sm\" data-start=\"2558\" data-end=\"2578\">Todos los Colores RAL<\/td>\n<\/tr>\n<tr data-start=\"2579\" data-end=\"2603\">\n<td data-start=\"2579\" data-end=\"2588\" data-col-size=\"sm\">Fabricaci\u00f3n<\/td>\n<td data-col-size=\"sm\" data-start=\"2588\" data-end=\"2603\">A Medida<\/td>\n<\/tr>\n<tr data-start=\"2604\" data-end=\"2653\">\n<td data-start=\"2604\" data-end=\"2621\" data-col-size=\"sm\">\u00c1rea de Uso<\/td>\n<td data-col-size=\"sm\" data-start=\"2621\" data-end=\"2653\">Jard\u00edn, Garaje, Villa, F\u00e1brica<\/td>\n<\/tr>\n<tr data-start=\"2654\" data-end=\"2691\">\n<td data-start=\"2654\" data-end=\"2664\" data-col-size=\"sm\">Opciones<\/td>\n<td data-col-size=\"sm\" data-start=\"2664\" data-end=\"2691\">Fotoc\u00e9lula, Intermitente, Teclado<\/td>\n<\/tr>\n<\/tbody>\n<\/table>\n<\/div>\n<\/div>\n<hr data-start=\"2693\" data-end=\"2696\">\n<h2 data-section-id=\"r9gbif\" data-start=\"2698\" data-end=\"2717\">\u00c1reas de Uso<\/h2>\n<ul data-start=\"2718\" data-end=\"2866\">\n<li data-section-id=\"z5lpn9\" data-start=\"2718\" data-end=\"2738\">Puerta de entrada de villa<\/li>\n<li data-section-id=\"a6xcoy\" data-start=\"2739\" data-end=\"2759\">Puerta de entrada de jard\u00edn<\/li>\n<li data-section-id=\"14dd9jo\" data-start=\"2760\" data-end=\"2780\">Puerta de entrada de garaje<\/li>\n<li data-section-id=\"hbfups\" data-start=\"2781\" data-end=\"2800\">Puerta de entrada de urbanizaci\u00f3n<\/li>\n<li data-section-id=\"19d2iwv\" data-start=\"2801\" data-end=\"2823\">Puerta de entrada de f\u00e1brica<\/li>\n<li data-section-id=\"hwwuhh\" data-start=\"2824\" data-end=\"2843\">Puerta de entrada de almac\u00e9n<\/li>\n<li data-section-id=\"o32lrr\" data-start=\"2844\" data-end=\"2866\">Puerta de entrada de aparcamiento<\/li>\n<\/ul>\n<hr data-start=\"2868\" data-end=\"2871\">\n<h2 data-section-id=\"31fydr\" data-start=\"2873\" data-end=\"2886\">Ventajas<\/h2>\n<p data-start=\"2407\" data-end=\"2633\">La mayor ventaja de los sistemas de puertas motorizadas de doble hoja es que no requieren espacio de movimiento lateral, como ocurre con los sistemas de puertas correderas. Por lo tanto, se pueden aplicar f\u00e1cilmente en espacios estrechos y en entradas cercanas a paredes. <\/p>\n<p data-start=\"2635\" data-end=\"2796\">Gracias al sistema de motor autom\u00e1tico, el usuario puede abrir y cerrar la puerta sin bajarse del veh\u00edculo. Esto ofrece una gran ventaja tanto en comodidad de uso como en seguridad. <\/p>\n<p data-start=\"2798\" data-end=\"3015\">Dado que la puerta est\u00e1 fabricada \u00edntegramente en acero galvanizado y pintada con pintura electrost\u00e1tica en polvo, el sistema de puerta muestra una alta resistencia a las condiciones clim\u00e1ticas externas, no se oxida y puede utilizarse sin problemas durante muchos a\u00f1os.<\/p>\n<p data-start=\"3017\" data-end=\"3133\">Gracias a la fabricaci\u00f3n a medida y a las diferentes opciones de color, se pueden producir puertas de entrada est\u00e9ticas y modernas adecuadas para cada proyecto.<\/p>\n","protected":false},"excerpt":{"rendered":"<p data-start=\"256\" data-end=\"696\">La puerta motorizada batiente de doble hoja para jard\u00edn y garaje es un sistema de puerta autom\u00e1tica utilizado para entradas donde no hay suficiente espacio para una puerta corredera. La puerta est\u00e1 fabricada \u00edntegramente en acero galvanizado y es duradera contra la oxidaci\u00f3n. <\/p>\n<p data-start=\"256\" data-end=\"696\">Se abre y cierra con mando a distancia mediante el sistema de motor Nice WG5000. Las hojas de la puerta se pueden fabricar para abrirse hacia dentro o hacia fuera. Se produce a medida y con pintura electrost\u00e1tica en polvo en todas las opciones de color RAL. Es una soluci\u00f3n de puerta segura, est\u00e9tica y profesional para entradas de villas, urbanizaciones, garajes y jardines.   <\/p>\n<p data-start=\"256\" data-end=\"696\"><strong>Medidas: 1,8&#215;2 metros x 2 Total: 7,2 metros cuadrados<\/strong><\/p>\n","protected":false},"featured_media":5850,"comment_status":"open","ping_status":"closed","template":"","meta":{"_uag_custom_page_level_css":"","site-sidebar-layout":"default","site-content-layout":"","ast-site-content-layout":"default","site-content-style":"default","site-sidebar-style":"default","ast-global-header-display":"","ast-banner-title-visibility":"","ast-main-header-display":"","ast-hfb-above-header-display":"","ast-hfb-below-header-display":"","ast-hfb-mobile-header-display":"","site-post-title":"","ast-breadcrumbs-content":"","ast-featured-img":"","footer-sml-layout":"","ast-disable-related-posts":"","theme-transparent-header-meta":"default","adv-header-id-meta":"","stick-header-meta":"default","header-above-stick-meta":"","header-main-stick-meta":"","header-below-stick-meta":"","astra-migrate-meta-layouts":"default","ast-page-background-enabled":"default","ast-page-background-meta":{"desktop":{"background-color":"var(--ast-global-color-4)","background-image":"","background-repeat":"repeat","background-position":"center center","background-size":"auto","background-attachment":"scroll","background-type":"","background-media":"","overlay-type":"","overlay-color":"","overlay-opacity":"","overlay-gradient":""},"tablet":{"background-color":"","background-image":"","background-repeat":"repeat","background-position":"center center","background-size":"auto","background-attachment":"scroll","background-type":"","background-media":"","overlay-type":"","overlay-color":"","overlay-opacity":"","overlay-gradient":""},"mobile":{"background-color":"","background-image":"","background-repeat":"repeat","background-position":"center center","background-size":"auto","background-attachment":"scroll","background-type":"","background-media":"","overlay-type":"","overlay-color":"","overlay-opacity":"","overlay-gradient":""}},"ast-content-background-meta":{"desktop":{"background-color":"var(--ast-global-color-5)","background-image":"","background-repeat":"repeat","background-position":"center center","background-size":"auto","background-attachment":"scroll","background-type":"","background-media":"","overlay-type":"","overlay-color":"","overlay-opacity":"","overlay-gradient":""},"tablet":{"background-color":"var(--ast-global-color-5)","background-image":"","background-repeat":"repeat","background-position":"center center","background-size":"auto","background-attachment":"scroll","background-type":"","background-media":"","overlay-type":"","overlay-color":"","overlay-opacity":"","overlay-gradient":""},"mobile":{"background-color":"var(--ast-global-color-5)","background-image":"","background-repeat":"repeat","background-position":"center center","background-size":"auto","background-attachment":"scroll","background-type":"","background-media":"","overlay-type":"","overlay-color":"","overlay-opacity":"","overlay-gradient":""}}},"product_brand":[],"product_cat":[949],"product_tag":[1333],"woo-feed-brand":[],"class_list":{"0":"post-5849","1":"product","2":"type-product","3":"status-publish","4":"has-post-thumbnail","6":"product_cat-modelos-de-puertas-de-jardin","7":"product_tag-puerta-de-jardin-motorizada-puerta-de-jardin-automatica-puerta-de-jardin-batiente-puerta-de-garaje-de-doble-hoja-puerta-batiente-automatica","8":"product_shipping_class-puerta-de-jardin","9":"desktop-align-left","10":"tablet-align-left","11":"mobile-align-left","12":"ast-product-gallery-layout-first-image-large","13":"ast-product-tabs-layout-accordion","15":"first","16":"instock","17":"downloadable","18":"taxable","19":"shipping-taxable","20":"purchasable","21":"product-type-simple"},"aioseo_notices":[],"uagb_featured_image_src":{"full":["https:\/\/birmansacmetal.com\/wp-content\/uploads\/2026\/03\/Cift-Kanat-Otomatik-Dairesel-Garaj_Bahce-Kapisi-1.png",1250,1000,false],"thumbnail":["https:\/\/birmansacmetal.com\/wp-content\/uploads\/2026\/03\/Cift-Kanat-Otomatik-Dairesel-Garaj_Bahce-Kapisi-1-150x150.png",150,150,true],"medium":["https:\/\/birmansacmetal.com\/wp-content\/uploads\/2026\/03\/Cift-Kanat-Otomatik-Dairesel-Garaj_Bahce-Kapisi-1-300x240.png",300,240,true],"medium_large":["https:\/\/birmansacmetal.com\/wp-content\/uploads\/2026\/03\/Cift-Kanat-Otomatik-Dairesel-Garaj_Bahce-Kapisi-1-768x614.png",768,614,true],"large":["https:\/\/birmansacmetal.com\/wp-content\/uploads\/2026\/03\/Cift-Kanat-Otomatik-Dairesel-Garaj_Bahce-Kapisi-1-1024x819.png",1024,819,true],"1536x1536":["https:\/\/birmansacmetal.com\/wp-content\/uploads\/2026\/03\/Cift-Kanat-Otomatik-Dairesel-Garaj_Bahce-Kapisi-1.png",1250,1000,false],"2048x2048":["https:\/\/birmansacmetal.com\/wp-content\/uploads\/2026\/03\/Cift-Kanat-Otomatik-Dairesel-Garaj_Bahce-Kapisi-1.png",1250,1000,false],"woocommerce_thumbnail":["https:\/\/birmansacmetal.com\/wp-content\/uploads\/2026\/03\/Cift-Kanat-Otomatik-Dairesel-Garaj_Bahce-Kapisi-1-300x300.png",300,300,true],"woocommerce_single":["https:\/\/birmansacmetal.com\/wp-content\/uploads\/2026\/03\/Cift-Kanat-Otomatik-Dairesel-Garaj_Bahce-Kapisi-1-600x480.png",600,480,true],"woocommerce_gallery_thumbnail":["https:\/\/birmansacmetal.com\/wp-content\/uploads\/2026\/03\/Cift-Kanat-Otomatik-Dairesel-Garaj_Bahce-Kapisi-1-100x100.png",100,100,true]},"uagb_author_info":{"display_name":"Birman Sac Metal","author_link":"https:\/\/birmansacmetal.com\/es\/author\/"},"uagb_comment_info":0,"uagb_excerpt":"La puerta motorizada batiente de doble hoja para jard\u00edn y garaje es un sistema de puerta autom\u00e1tica utilizado para entradas donde no hay suficiente espacio para una puerta corredera. La puerta est\u00e1 fabricada \u00edntegramente en acero galvanizado y es duradera contra la oxidaci\u00f3n. Se abre y cierra con mando a distancia mediante el sistema de&hellip;","_links":{"self":[{"href":"https:\/\/birmansacmetal.com\/es\/wp-json\/wp\/v2\/product\/5849","targetHints":{"allow":["GET"]}}],"collection":[{"href":"https:\/\/birmansacmetal.com\/es\/wp-json\/wp\/v2\/product"}],"about":[{"href":"https:\/\/birmansacmetal.com\/es\/wp-json\/wp\/v2\/types\/product"}],"replies":[{"embeddable":true,"href":"https:\/\/birmansacmetal.com\/es\/wp-json\/wp\/v2\/comments?post=5849"}],"wp:featuredmedia":[{"embeddable":true,"href":"https:\/\/birmansacmetal.com\/es\/wp-json\/wp\/v2\/media\/5850"}],"wp:attachment":[{"href":"https:\/\/birmansacmetal.com\/es\/wp-json\/wp\/v2\/media?parent=5849"}],"wp:term":[{"taxonomy":"product_brand","embeddable":true,"href":"https:\/\/birmansacmetal.com\/es\/wp-json\/wp\/v2\/product_brand?post=5849"},{"taxonomy":"product_cat","embeddable":true,"href":"https:\/\/birmansacmetal.com\/es\/wp-json\/wp\/v2\/product_cat?post=5849"},{"taxonomy":"product_tag","embeddable":true,"href":"https:\/\/birmansacmetal.com\/es\/wp-json\/wp\/v2\/product_tag?post=5849"},{"taxonomy":"woo-feed-brand","embeddable":true,"href":"https:\/\/birmansacmetal.com\/es\/wp-json\/wp\/v2\/woo-feed-brand?post=5849"}],"curies":[{"name":"wp","href":"https:\/\/api.w.org\/{rel}","templated":true}]}}