{"id":5776,"date":"2026-03-10T15:56:00","date_gmt":"2026-03-10T15:56:00","guid":{"rendered":"https:\/\/birmansacmetal.com\/urun\/almacen-de-jardin-decorativo\/"},"modified":"2026-03-10T15:56:00","modified_gmt":"2026-03-10T15:56:00","slug":"almacen-de-jardin-decorativo","status":"publish","type":"product","link":"https:\/\/birmansacmetal.com\/es\/producto\/almacen-de-jardin-decorativo\/","title":{"rendered":"Almac\u00e9n de Jard\u00edn Decorativo"},"content":{"rendered":"<h3 data-section-id=\"xw4zia\" data-start=\"1205\" data-end=\"1230\">Dise\u00f1o de Celos\u00eda Moderno<\/h3>\n<p data-start=\"1231\" data-end=\"1394\">El <strong data-start=\"1260\" data-end=\"1278\">sistema de celos\u00eda<\/strong> utilizado en los paneles del almac\u00e9n permite la ventilaci\u00f3n del interior. Esta caracter\u00edstica ayuda especialmente a proteger los materiales almacenados de la humedad. <\/p>\n<h3 data-section-id=\"kj2b9x\" data-start=\"1396\" data-end=\"1419\">Estructura Resistente al Agua<\/h3>\n<p data-start=\"1420\" data-end=\"1580\">El producto es resistente a la lluvia que viene de arriba y de frente. Est\u00e1 dise\u00f1ado para evitar la entrada de agua al interior, excepto en casos de lluvias cruzadas inferiores muy intensas. <\/p>\n<h3 data-section-id=\"68lyqo\" data-start=\"1582\" data-end=\"1609\">Opciones de Techo Variadas<\/h3>\n<p data-start=\"1610\" data-end=\"1680\">Se pueden aplicar diferentes tipos de techo seg\u00fan el proyecto y la necesidad de uso:<\/p>\n<ul data-start=\"1682\" data-end=\"1748\">\n<li data-section-id=\"sgbt8h\" data-start=\"1682\" data-end=\"1701\">\n<p data-start=\"1684\" data-end=\"1701\">Techo de chapa inclinado<\/p>\n<\/li>\n<li data-section-id=\"14f7459\" data-start=\"1702\" data-end=\"1724\">\n<p data-start=\"1704\" data-end=\"1724\">Techo de panel s\u00e1ndwich<\/p>\n<\/li>\n<li data-section-id=\"knmmev\" data-start=\"1725\" data-end=\"1748\">\n<p data-start=\"1727\" data-end=\"1748\">Dise\u00f1o de techo a cuatro aguas<\/p>\n<\/li>\n<\/ul>\n<p data-start=\"1750\" data-end=\"1837\">Gracias a estas opciones, el producto se adapta al proyecto tanto est\u00e9tica como funcionalmente.<\/p>\n<h3 data-section-id=\"1wemlkt\" data-start=\"1839\" data-end=\"1865\">Opciones de Puerta Flexibles<\/h3>\n<p data-start=\"1866\" data-end=\"1945\">El almac\u00e9n de jard\u00edn se puede fabricar con diferentes opciones de puerta seg\u00fan la necesidad de uso:<\/p>\n<ul data-start=\"1947\" data-end=\"1989\">\n<li data-section-id=\"m1xe17\" data-start=\"1947\" data-end=\"1967\">\n<p data-start=\"1949\" data-end=\"1967\">Modelo de una puerta<\/p>\n<\/li>\n<li data-section-id=\"woldnx\" data-start=\"1968\" data-end=\"1989\">\n<p data-start=\"1970\" data-end=\"1989\">Modelo de doble puerta<\/p>\n<\/li>\n<\/ul>\n<p data-start=\"1991\" data-end=\"2064\">Las puertas est\u00e1n dise\u00f1adas para un uso ergon\u00f3mico y un f\u00e1cil acceso.<\/p>\n<h3 data-section-id=\"1poa5ec\" data-start=\"2066\" data-end=\"2096\">Fabricaci\u00f3n a Medida<\/h3>\n<p data-start=\"2097\" data-end=\"2250\">El producto puede fabricarse <strong data-start=\"2110\" data-end=\"2149\">a medida para el proyecto<\/strong>. Se puede dise\u00f1ar seg\u00fan las dimensiones de ancho, profundidad y altura adecuadas para el espacio de su jard\u00edn. <\/p>\n<h3 data-section-id=\"1mb2vba\" data-start=\"2252\" data-end=\"2294\">Env\u00edo Completamente Desmontado o Semidesmontado<\/h3>\n<p data-start=\"2295\" data-end=\"2323\">Para facilitar el transporte, el producto puede enviarse:<\/p>\n<ul data-start=\"2325\" data-end=\"2357\">\n<li data-section-id=\"1veswb0\" data-start=\"2325\" data-end=\"2340\">\n<p data-start=\"2327\" data-end=\"2340\">Completamente desmontado<\/p>\n<\/li>\n<li data-section-id=\"setjjj\" data-start=\"2341\" data-end=\"2357\">\n<p data-start=\"2343\" data-end=\"2357\">Semidesmontado<\/p>\n<\/li>\n<\/ul>\n<p data-start=\"2359\" data-end=\"2459\">Todos los accesorios de conexi\u00f3n se incluyen en el paquete y el montaje es muy sencillo. <\/p>\n<h3 data-section-id=\"4ljwxs\" data-start=\"2461\" data-end=\"2499\">Opciones de Pintura y Color Duraderas<\/h3>\n<p data-start=\"2500\" data-end=\"2546\">Todos los productos est\u00e1n recubiertos con pintura electrost\u00e1tica.<\/p>\n<p data-start=\"2548\" data-end=\"2559\">Opciones:<\/p>\n<ul data-start=\"2560\" data-end=\"2634\">\n<li data-section-id=\"1wajp1u\" data-start=\"2560\" data-end=\"2582\">\n<p data-start=\"2562\" data-end=\"2582\">Todos los <strong data-start=\"2566\" data-end=\"2582\">colores RAL<\/strong><\/p>\n<\/li>\n<li data-section-id=\"1yu29ur\" data-start=\"2583\" data-end=\"2634\">\n<p data-start=\"2585\" data-end=\"2634\">Opciones de <strong data-start=\"2590\" data-end=\"2634\">pintura decorativa con patr\u00f3n forjado especial<\/strong><\/p>\n<\/li>\n<li data-section-id=\"1yu29ur\" data-start=\"2583\" data-end=\"2634\">Fabricado en material galvanizado. No se oxida. <\/li>\n<\/ul>\n<p data-start=\"2636\" data-end=\"2704\">De esta manera, se pueden crear soluciones est\u00e9ticas que armonicen con la arquitectura del jard\u00edn.<\/p>\n<hr data-start=\"2706\" data-end=\"2709\">\n<h2 data-section-id=\"dehkys\" data-start=\"2711\" data-end=\"2731\">\u00c1reas de Uso<\/h2>\n<p data-start=\"2733\" data-end=\"2792\">El almac\u00e9n de jard\u00edn decorativo se puede utilizar para muchos prop\u00f3sitos diferentes:<\/p>\n<ul data-start=\"2794\" data-end=\"3066\">\n<li data-section-id=\"16z2uty\" data-start=\"2794\" data-end=\"2832\">\n<p data-start=\"2796\" data-end=\"2832\">Almacenamiento de herramientas y equipos de jard\u00edn<\/p>\n<\/li>\n<li data-section-id=\"53y4q2\" data-start=\"2833\" data-end=\"2876\">\n<p data-start=\"2835\" data-end=\"2876\">Cierre de \u00e1reas de instalaciones mec\u00e1nicas<\/p>\n<\/li>\n<li data-section-id=\"1mef1s5\" data-start=\"2877\" data-end=\"2928\">\n<p data-start=\"2879\" data-end=\"2928\">Ocultaci\u00f3n de unidades exteriores de aire acondicionado o equipos t\u00e9cnicos<\/p>\n<\/li>\n<li data-section-id=\"bfh3oi\" data-start=\"2929\" data-end=\"2983\">\n<p data-start=\"2931\" data-end=\"2983\">Cierre de \u00e1reas no deseadas en el jard\u00edn<\/p>\n<\/li>\n<li data-section-id=\"v5wwhi\" data-start=\"2984\" data-end=\"3028\">\n<p data-start=\"2986\" data-end=\"3028\">Creaci\u00f3n de un \u00e1rea de cultivo de plantas y pasatiempos<\/p>\n<\/li>\n<li data-section-id=\"1ty0dbg\" data-start=\"3029\" data-end=\"3066\">\n<p data-start=\"3031\" data-end=\"3066\">Uso como almac\u00e9n de objetos de jard\u00edn<\/p>\n<\/li>\n<\/ul>\n<p data-start=\"3068\" data-end=\"3140\">Si se desea, se puede realizar una <strong data-start=\"3092\" data-end=\"3124\">producci\u00f3n de panel completamente cerrado<\/strong> en lugar de celos\u00eda.<\/p>\n<h2 data-section-id=\"5ij10o\" data-start=\"3147\" data-end=\"3167\">Montaje e Instalaci\u00f3n<\/h2>\n<p data-start=\"3169\" data-end=\"3317\">Para un uso prolongado, se recomienda <strong data-start=\"3202\" data-end=\"3250\">instalar el producto sobre una base de hormig\u00f3n<\/strong>.<br data-start=\"3251\" data-end=\"3254\">Gracias a los accesorios de conexi\u00f3n, el proceso de montaje es r\u00e1pido y pr\u00e1ctico.<\/p>\n<hr data-start=\"3319\" data-end=\"3322\">\n<h2 data-section-id=\"vrqc66\" data-start=\"3324\" data-end=\"3352\">\u00bfPor qu\u00e9 un Almac\u00e9n de Jard\u00edn Met\u00e1lico?<\/h2>\n<ul data-start=\"3354\" data-end=\"3534\">\n<li data-section-id=\"1jbbf3l\" data-start=\"3354\" data-end=\"3387\">\n<p data-start=\"3356\" data-end=\"3387\">Estructura de chapa galvanizada de larga duraci\u00f3n<\/p>\n<\/li>\n<li data-section-id=\"1jipu3g\" data-start=\"3388\" data-end=\"3422\">\n<p data-start=\"3390\" data-end=\"3422\">Dise\u00f1o compatible con la arquitectura moderna<\/p>\n<\/li>\n<li data-section-id=\"1a22ds4\" data-start=\"3423\" data-end=\"3455\">\n<p data-start=\"3425\" data-end=\"3455\">Sistema de celos\u00eda ventilado<\/p>\n<\/li>\n<li data-section-id=\"kh8z22\" data-start=\"3456\" data-end=\"3486\">\n<p data-start=\"3458\" data-end=\"3486\">Fabricaci\u00f3n en las dimensiones deseadas<\/p>\n<\/li>\n<li data-section-id=\"1cp2ya3\" data-start=\"3487\" data-end=\"3503\">\n<p data-start=\"3489\" data-end=\"3503\">F\u00e1cil montaje<\/p>\n<\/li>\n<li data-section-id=\"1llefg7\" data-start=\"3504\" data-end=\"3534\">\n<p data-start=\"3506\" data-end=\"3534\">Soluci\u00f3n est\u00e9tica y funcional<\/p>\n<\/li>\n<\/ul>\n","protected":false},"excerpt":{"rendered":"<p>El <strong data-start=\"111\" data-end=\"137\">Almac\u00e9n de Jard\u00edn Decorativo<\/strong> es una soluci\u00f3n de almacenamiento met\u00e1lica moderna dise\u00f1ada para ocultar est\u00e9ticamente instalaciones, equipos o \u00e1reas de almacenamiento en jardines. Gracias a su estructura con sistema de celos\u00eda, proporciona una circulaci\u00f3n de aire natural, y su estructura de chapa galvanizada con pintura electrost\u00e1tica le confiere una larga vida \u00fatil. Puede fabricarse a medida, prepararse con una o dos puertas y ofrece una f\u00e1cil instalaci\u00f3n gracias a su env\u00edo desmontado.  <\/p>\n<p><em><strong>Precio por metro cuadrado.<\/strong><\/em><\/p>\n","protected":false},"featured_media":5777,"comment_status":"open","ping_status":"closed","template":"","meta":{"_uag_custom_page_level_css":"","site-sidebar-layout":"default","site-content-layout":"","ast-site-content-layout":"default","site-content-style":"default","site-sidebar-style":"default","ast-global-header-display":"","ast-banner-title-visibility":"","ast-main-header-display":"","ast-hfb-above-header-display":"","ast-hfb-below-header-display":"","ast-hfb-mobile-header-display":"","site-post-title":"","ast-breadcrumbs-content":"","ast-featured-img":"","footer-sml-layout":"","ast-disable-related-posts":"","theme-transparent-header-meta":"default","adv-header-id-meta":"","stick-header-meta":"default","header-above-stick-meta":"","header-main-stick-meta":"","header-below-stick-meta":"","astra-migrate-meta-layouts":"default","ast-page-background-enabled":"default","ast-page-background-meta":{"desktop":{"background-color":"var(--ast-global-color-4)","background-image":"","background-repeat":"repeat","background-position":"center center","background-size":"auto","background-attachment":"scroll","background-type":"","background-media":"","overlay-type":"","overlay-color":"","overlay-opacity":"","overlay-gradient":""},"tablet":{"background-color":"","background-image":"","background-repeat":"repeat","background-position":"center center","background-size":"auto","background-attachment":"scroll","background-type":"","background-media":"","overlay-type":"","overlay-color":"","overlay-opacity":"","overlay-gradient":""},"mobile":{"background-color":"","background-image":"","background-repeat":"repeat","background-position":"center center","background-size":"auto","background-attachment":"scroll","background-type":"","background-media":"","overlay-type":"","overlay-color":"","overlay-opacity":"","overlay-gradient":""}},"ast-content-background-meta":{"desktop":{"background-color":"var(--ast-global-color-5)","background-image":"","background-repeat":"repeat","background-position":"center center","background-size":"auto","background-attachment":"scroll","background-type":"","background-media":"","overlay-type":"","overlay-color":"","overlay-opacity":"","overlay-gradient":""},"tablet":{"background-color":"var(--ast-global-color-5)","background-image":"","background-repeat":"repeat","background-position":"center center","background-size":"auto","background-attachment":"scroll","background-type":"","background-media":"","overlay-type":"","overlay-color":"","overlay-opacity":"","overlay-gradient":""},"mobile":{"background-color":"var(--ast-global-color-5)","background-image":"","background-repeat":"repeat","background-position":"center center","background-size":"auto","background-attachment":"scroll","background-type":"","background-media":"","overlay-type":"","overlay-color":"","overlay-opacity":"","overlay-gradient":""}}},"product_brand":[],"product_cat":[1019],"product_tag":[1326,1324,1322,1323,1325],"class_list":{"0":"post-5776","1":"product","2":"type-product","3":"status-publish","4":"has-post-thumbnail","6":"product_cat-gabinetes-de-proteccion","7":"product_tag-almacen-de-almacenamiento-de-jardin","8":"product_tag-almacen-de-jardin-con-celosia","9":"product_tag-almacen-de-jardin-decorativo","10":"product_tag-almacen-de-jardin-metalico","11":"product_tag-almacen-de-objetos-de-jardin","12":"desktop-align-left","13":"tablet-align-left","14":"mobile-align-left","15":"ast-product-gallery-layout-first-image-large","16":"ast-product-tabs-layout-accordion","18":"first","19":"instock","20":"taxable","21":"shipping-taxable","22":"purchasable","23":"product-type-simple"},"aioseo_notices":[],"uagb_featured_image_src":{"full":["https:\/\/birmansacmetal.com\/wp-content\/uploads\/2026\/03\/Metal-Metal-Bahce-Deposu-1.jpg",1200,1600,false],"thumbnail":["https:\/\/birmansacmetal.com\/wp-content\/uploads\/2026\/03\/Metal-Metal-Bahce-Deposu-1-150x150.jpg",150,150,true],"medium":["https:\/\/birmansacmetal.com\/wp-content\/uploads\/2026\/03\/Metal-Metal-Bahce-Deposu-1-225x300.jpg",225,300,true],"medium_large":["https:\/\/birmansacmetal.com\/wp-content\/uploads\/2026\/03\/Metal-Metal-Bahce-Deposu-1-768x1024.jpg",768,1024,true],"large":["https:\/\/birmansacmetal.com\/wp-content\/uploads\/2026\/03\/Metal-Metal-Bahce-Deposu-1-768x1024.jpg",768,1024,true],"1536x1536":["https:\/\/birmansacmetal.com\/wp-content\/uploads\/2026\/03\/Metal-Metal-Bahce-Deposu-1-1152x1536.jpg",1152,1536,true],"2048x2048":["https:\/\/birmansacmetal.com\/wp-content\/uploads\/2026\/03\/Metal-Metal-Bahce-Deposu-1.jpg",1200,1600,false],"woocommerce_thumbnail":["https:\/\/birmansacmetal.com\/wp-content\/uploads\/2026\/03\/Metal-Metal-Bahce-Deposu-1-300x300.jpg",300,300,true],"woocommerce_single":["https:\/\/birmansacmetal.com\/wp-content\/uploads\/2026\/03\/Metal-Metal-Bahce-Deposu-1-600x800.jpg",600,800,true],"woocommerce_gallery_thumbnail":["https:\/\/birmansacmetal.com\/wp-content\/uploads\/2026\/03\/Metal-Metal-Bahce-Deposu-1-100x100.jpg",100,100,true]},"uagb_author_info":{"display_name":"Birman Sac Metal","author_link":"https:\/\/birmansacmetal.com\/es\/author\/"},"uagb_comment_info":0,"uagb_excerpt":"El Almac\u00e9n de Jard\u00edn Decorativo es una soluci\u00f3n de almacenamiento met\u00e1lica moderna dise\u00f1ada para ocultar est\u00e9ticamente instalaciones, equipos o \u00e1reas de almacenamiento en jardines. Gracias a su estructura con sistema de celos\u00eda, proporciona una circulaci\u00f3n de aire natural, y su estructura de chapa galvanizada con pintura electrost\u00e1tica le confiere una larga vida \u00fatil. Puede fabricarse&hellip;","_links":{"self":[{"href":"https:\/\/birmansacmetal.com\/es\/wp-json\/wp\/v2\/product\/5776","targetHints":{"allow":["GET"]}}],"collection":[{"href":"https:\/\/birmansacmetal.com\/es\/wp-json\/wp\/v2\/product"}],"about":[{"href":"https:\/\/birmansacmetal.com\/es\/wp-json\/wp\/v2\/types\/product"}],"replies":[{"embeddable":true,"href":"https:\/\/birmansacmetal.com\/es\/wp-json\/wp\/v2\/comments?post=5776"}],"wp:featuredmedia":[{"embeddable":true,"href":"https:\/\/birmansacmetal.com\/es\/wp-json\/wp\/v2\/media\/5777"}],"wp:attachment":[{"href":"https:\/\/birmansacmetal.com\/es\/wp-json\/wp\/v2\/media?parent=5776"}],"wp:term":[{"taxonomy":"product_brand","embeddable":true,"href":"https:\/\/birmansacmetal.com\/es\/wp-json\/wp\/v2\/product_brand?post=5776"},{"taxonomy":"product_cat","embeddable":true,"href":"https:\/\/birmansacmetal.com\/es\/wp-json\/wp\/v2\/product_cat?post=5776"},{"taxonomy":"product_tag","embeddable":true,"href":"https:\/\/birmansacmetal.com\/es\/wp-json\/wp\/v2\/product_tag?post=5776"}],"curies":[{"name":"wp","href":"https:\/\/api.w.org\/{rel}","templated":true}]}}