{"id":5741,"date":"2026-03-06T12:19:18","date_gmt":"2026-03-06T12:19:18","guid":{"rendered":"https:\/\/birmansacmetal.com\/urun\/panel-de-cerramiento-para-area-de-servicio-de-doble-hoja\/"},"modified":"2026-03-06T12:19:18","modified_gmt":"2026-03-06T12:19:18","slug":"panel-de-cerramiento-para-area-de-servicio-de-doble-hoja","status":"publish","type":"product","link":"https:\/\/birmansacmetal.com\/es\/producto\/panel-de-cerramiento-para-area-de-servicio-de-doble-hoja\/","title":{"rendered":"Panel de Cerramiento para \u00c1rea de Servicio de Doble Hoja"},"content":{"rendered":"<h2 data-section-id=\"voq98\" data-start=\"582\" data-end=\"622\">Panel de Cerramiento para \u00c1rea de Servicio de Doble Hoja<\/h2>\n<p data-start=\"624\" data-end=\"1222\"><strong data-start=\"624\" data-end=\"665\">El Panel de Cerramiento para \u00c1rea de Servicio de Doble Hoja<\/strong> es un sistema de cerramiento funcional dise\u00f1ado para que los equipos mec\u00e1nicos ubicados en exteriores adquieran un aspecto est\u00e9tico y ordenado en villas, viviendas unifamiliares, urbanizaciones y proyectos residenciales modernos. Hoy en d\u00eda, muchas viviendas cuentan con \u00e1reas t\u00e9cnicas semiabiertas en jardines o fachadas para unidades exteriores de aire acondicionado, sistemas de bomba de calor, hidr\u00f3foros, sistemas de tratamiento de agua y diversos equipos de instalaci\u00f3n. Estas \u00e1reas a menudo crean contaminaci\u00f3n visual desde el exterior y los equipos pueden estar expuestos directamente al sol, al polvo y a los efectos ambientales.  <\/p>\n<div class=\"ast-oembed-container \" style=\"height: 100%;\"><iframe title=\"\u00c7ift Kanat Mekanik Alan Kapama Paneli\" width=\"422\" height=\"750\" src=\"https:\/\/www.youtube.com\/embed\/5s-g-y_gHSM?feature=oembed\" frameborder=\"0\" allow=\"accelerometer; autoplay; clipboard-write; encrypted-media; gyroscope; picture-in-picture; web-share\" referrerpolicy=\"strict-origin-when-cross-origin\" allowfullscreen><\/iframe><\/div>\n<p data-start=\"1224\" data-end=\"1563\">\n<p data-start=\"1224\" data-end=\"1563\">Por esta raz\u00f3n, los <strong data-start=\"1248\" data-end=\"1289\">sistemas de Panel de Cerramiento para \u00c1rea de Servicio<\/strong> desarrollados ofrecen una soluci\u00f3n ideal tanto para la est\u00e9tica arquitect\u00f3nica como para la protecci\u00f3n de los equipos. Gracias al dise\u00f1o de puerta de doble hoja, se facilita un uso c\u00f3modo y acceso para el servicio en \u00e1reas t\u00e9cnicas amplias, mientras que la forma de persiana permite que contin\u00fae la circulaci\u00f3n de aire que necesitan los equipos. <\/p>\n<hr data-start=\"1565\" data-end=\"1568\">\n<h2 data-section-id=\"1ns9fju\" data-start=\"1570\" data-end=\"1601\">Soluci\u00f3n Est\u00e9tica y Funcional<\/h2>\n<p data-start=\"1603\" data-end=\"1963\">En los proyectos de arquitectura moderna, un aspecto ordenado y elegante de las \u00e1reas t\u00e9cnicas exteriores es un detalle importante. <strong data-start=\"1703\" data-end=\"1744\">El Panel de Cerramiento para \u00c1rea de Servicio de Doble Hoja<\/strong> crea una integridad est\u00e9tica en los espacios exteriores gracias a su dise\u00f1o armonioso con la fachada del edificio. El sistema de paneles met\u00e1licos tipo persiana oculta completamente el \u00e1rea donde se encuentran los equipos mec\u00e1nicos, proporcionando un aspecto ordenado y limpio. <\/p>\n<p data-start=\"1965\" data-end=\"2042\">Este sistema se prefiere especialmente en \u00e1reas donde se encuentran los siguientes equipos:<\/p>\n<ul data-start=\"2044\" data-end=\"2226\">\n<li data-section-id=\"fd9c2u\" data-start=\"2044\" data-end=\"2072\">\n<p data-start=\"2046\" data-end=\"2072\">\u00c1reas de unidades exteriores de aire acondicionado<\/p>\n<\/li>\n<li data-section-id=\"1kfuwhx\" data-start=\"2073\" data-end=\"2099\">\n<p data-start=\"2075\" data-end=\"2099\">Sistemas de bomba de calor<\/p>\n<\/li>\n<li data-section-id=\"1mdywcu\" data-start=\"2100\" data-end=\"2136\">\n<p data-start=\"2102\" data-end=\"2136\">\u00c1reas de hidr\u00f3foros e instalaciones de agua<\/p>\n<\/li>\n<li data-section-id=\"1a6aigj\" data-start=\"2137\" data-end=\"2161\">\n<p data-start=\"2139\" data-end=\"2161\">Sistemas de tratamiento de agua<\/p>\n<\/li>\n<li data-section-id=\"1xtsa8\" data-start=\"2162\" data-end=\"2193\">\n<p data-start=\"2164\" data-end=\"2193\">Equipos de instalaciones mec\u00e1nicas<\/p>\n<\/li>\n<li data-section-id=\"16ukbcj\" data-start=\"2194\" data-end=\"2226\">\n<p data-start=\"2196\" data-end=\"2226\">\u00c1reas de servicio t\u00e9cnico de jard\u00edn<\/p>\n<\/li>\n<\/ul>\n<hr data-start=\"2228\" data-end=\"2231\">\n<h2 data-section-id=\"4osksu\" data-start=\"2233\" data-end=\"2266\">Ventaja de Uso de Doble Hoja<\/h2>\n<p data-start=\"2268\" data-end=\"2578\">El <strong data-start=\"2268\" data-end=\"2295\">sistema de puerta de doble hoja<\/strong> proporciona un uso pr\u00e1ctico en grandes aberturas de \u00e1reas mec\u00e1nicas. Durante las operaciones de servicio y mantenimiento, el acceso f\u00e1cil a los equipos se garantiza al poder abrir ambas hojas. Esta caracter\u00edstica ofrece una gran ventaja, especialmente en \u00e1reas donde se encuentran unidades exteriores de aire acondicionado o equipos mec\u00e1nicos grandes.  <\/p>\n<p data-start=\"2580\" data-end=\"2732\">El sistema de puerta se puede utilizar de forma segura con un mecanismo de cierre cuando sea necesario y ayuda a proteger los equipos mec\u00e1nicos contra accesos no autorizados.<\/p>\n<hr data-start=\"2734\" data-end=\"2737\">\n<h2 data-section-id=\"1pim7ab\" data-start=\"2739\" data-end=\"2778\">Ventilaci\u00f3n Natural con Estructura de Persiana<\/h2>\n<p data-start=\"2780\" data-end=\"3024\">Uno de los elementos m\u00e1s importantes en las \u00e1reas donde se encuentran los equipos mec\u00e1nicos es la <strong data-start=\"2848\" data-end=\"2872\">circulaci\u00f3n del aire<\/strong>. Las unidades exteriores de aire acondicionado y las bombas de calor necesitan un flujo de aire constante mientras funcionan. Por lo tanto, el sistema de cerramiento no debe impedir la ventilaci\u00f3n.  <\/p>\n<p data-start=\"3026\" data-end=\"3257\">El <strong data-start=\"3026\" data-end=\"3068\">dise\u00f1o de panel met\u00e1lico en forma de persiana<\/strong> asegura la continuidad de la circulaci\u00f3n del aire en el interior. De este modo, se apoya el funcionamiento eficiente de los equipos, al tiempo que se reduce la exposici\u00f3n directa de los equipos a la luz solar y a los factores externos. <\/p>\n<hr data-start=\"3259\" data-end=\"3262\">\n<h2 data-section-id=\"j94jqc\" data-start=\"3264\" data-end=\"3290\">Durabilidad Exterior<\/h2>\n<p data-start=\"3292\" data-end=\"3594\">El Panel de Cerramiento para \u00c1rea de Servicio de Doble Hoja cuenta con una robusta construcci\u00f3n met\u00e1lica fabricada para condiciones exteriores. La estructura del panel de persiana ofrece tanto durabilidad como un uso prolongado. El sistema est\u00e1 dise\u00f1ado para ser utilizado de forma segura en exteriores y proporciona un uso sin problemas durante muchos a\u00f1os.  <\/p>\n<hr data-start=\"3596\" data-end=\"3599\">\n<h2 data-section-id=\"okl8hf\" data-start=\"3601\" data-end=\"3648\">Un Detalle Arquitect\u00f3nico Inteligente para Viviendas Modernas<\/h2>\n<p data-start=\"3650\" data-end=\"3929\">Hoy en d\u00eda, la ocultaci\u00f3n ordenada de las \u00e1reas mec\u00e1nicas se ha convertido en un criterio de dise\u00f1o importante en los proyectos arquitect\u00f3nicos. Los <strong data-start=\"3768\" data-end=\"3802\">Sistemas de Panel de Cerramiento para \u00c1rea de Servicio<\/strong> se encuentran entre los productos arquitect\u00f3nicos preferidos en proyectos residenciales modernos, ofreciendo una soluci\u00f3n tanto est\u00e9tica como funcional.<\/p>\n<p data-start=\"3931\" data-end=\"4101\">Gracias al sistema de cerramiento de persiana de doble hoja, las \u00e1reas t\u00e9cnicas ubicadas en jardines y alrededor del edificio no solo tienen un aspecto m\u00e1s ordenado, sino que tambi\u00e9n los equipos quedan protegidos contra los factores externos.<\/p>\n<hr data-start=\"4103\" data-end=\"4106\">\n<h2 data-section-id=\"dehkys\" data-start=\"4108\" data-end=\"4128\">\u00c1reas de Uso<\/h2>\n<p data-start=\"4130\" data-end=\"4219\">El Panel de Cerramiento para \u00c1rea de Servicio de Doble Hoja se utiliza ampliamente en las siguientes \u00e1reas:<\/p>\n<ul data-start=\"4221\" data-end=\"4423\">\n<li data-section-id=\"xyowz0\" data-start=\"4221\" data-end=\"4258\">\n<p data-start=\"4223\" data-end=\"4258\">Jardines de villas y viviendas unifamiliares<\/p>\n<\/li>\n<li data-section-id=\"8254d5\" data-start=\"4259\" data-end=\"4292\">\n<p data-start=\"4261\" data-end=\"4292\">Proyectos de urbanizaciones y viviendas colectivas<\/p>\n<\/li>\n<li data-section-id=\"414odx\" data-start=\"4293\" data-end=\"4318\">\n<p data-start=\"4295\" data-end=\"4318\">Arquitectura residencial moderna<\/p>\n<\/li>\n<li data-section-id=\"16ukbcj\" data-start=\"4319\" data-end=\"4351\">\n<p data-start=\"4321\" data-end=\"4351\">\u00c1reas de servicio t\u00e9cnico de jard\u00edn<\/p>\n<\/li>\n<li data-section-id=\"1vf3x9u\" data-start=\"4352\" data-end=\"4393\">\n<p data-start=\"4354\" data-end=\"4393\">\u00c1reas de equipos de aire acondicionado y bomba de calor<\/p>\n<\/li>\n<li data-section-id=\"z5nyvd\" data-start=\"4394\" data-end=\"4423\">\n<p data-start=\"4396\" data-end=\"4423\">Compartimentos de instalaciones mec\u00e1nicas<\/p>\n<\/li>\n<\/ul>\n<hr data-start=\"4425\" data-end=\"4428\">\n<h2 data-section-id=\"xniu6d\" data-start=\"4430\" data-end=\"4438\">Conclusi\u00f3n<\/h2>\n<p data-start=\"4440\" data-end=\"4826\"><strong data-start=\"4440\" data-end=\"4481\">El Panel de Cerramiento para \u00c1rea de Servicio de Doble Hoja<\/strong> es una soluci\u00f3n pr\u00e1ctica desarrollada para cerrar de forma est\u00e9tica, segura y ordenada las \u00e1reas de equipos mec\u00e1nicos ubicadas en exteriores. Gracias a su estructura de persiana, se mantiene la ventilaci\u00f3n, mientras que el sistema de puerta de doble hoja facilita el uso en \u00e1reas amplias. Se prefiere como una soluci\u00f3n tanto funcional como est\u00e9tica en proyectos de arquitectura moderna.  <\/p>\n","protected":false},"excerpt":{"rendered":"<p><strong data-start=\"38\" data-end=\"79\">El Panel de Cerramiento para \u00c1rea de Servicio de Doble Hoja<\/strong> es un sistema de cerramiento tipo persiana dise\u00f1ado para ocultar y proteger est\u00e9ticamente las \u00e1reas donde se encuentran unidades exteriores de aire acondicionado, bombas de calor, sistemas de hidr\u00f3foros y otros equipos mec\u00e1nicos en jardines o exteriores de villas y viviendas unifamiliares.<\/p>\n<p>Gracias al dise\u00f1o de puerta de doble hoja, proporciona un uso f\u00e1cil y acceso para el servicio en grandes aberturas. La forma de persiana ayuda a proteger los equipos del sol, el polvo y los factores externos sin impedir la circulaci\u00f3n del aire. <\/p>\n<p><em><strong>Precio por metro cuadrado.<\/strong><\/em><\/p>\n","protected":false},"featured_media":5743,"comment_status":"open","ping_status":"closed","template":"","meta":{"_uag_custom_page_level_css":"","site-sidebar-layout":"default","site-content-layout":"","ast-site-content-layout":"default","site-content-style":"default","site-sidebar-style":"default","ast-global-header-display":"","ast-banner-title-visibility":"","ast-main-header-display":"","ast-hfb-above-header-display":"","ast-hfb-below-header-display":"","ast-hfb-mobile-header-display":"","site-post-title":"","ast-breadcrumbs-content":"","ast-featured-img":"","footer-sml-layout":"","ast-disable-related-posts":"","theme-transparent-header-meta":"default","adv-header-id-meta":"","stick-header-meta":"default","header-above-stick-meta":"","header-main-stick-meta":"","header-below-stick-meta":"","astra-migrate-meta-layouts":"default","ast-page-background-enabled":"default","ast-page-background-meta":{"desktop":{"background-color":"var(--ast-global-color-4)","background-image":"","background-repeat":"repeat","background-position":"center center","background-size":"auto","background-attachment":"scroll","background-type":"","background-media":"","overlay-type":"","overlay-color":"","overlay-opacity":"","overlay-gradient":""},"tablet":{"background-color":"","background-image":"","background-repeat":"repeat","background-position":"center center","background-size":"auto","background-attachment":"scroll","background-type":"","background-media":"","overlay-type":"","overlay-color":"","overlay-opacity":"","overlay-gradient":""},"mobile":{"background-color":"","background-image":"","background-repeat":"repeat","background-position":"center center","background-size":"auto","background-attachment":"scroll","background-type":"","background-media":"","overlay-type":"","overlay-color":"","overlay-opacity":"","overlay-gradient":""}},"ast-content-background-meta":{"desktop":{"background-color":"var(--ast-global-color-5)","background-image":"","background-repeat":"repeat","background-position":"center center","background-size":"auto","background-attachment":"scroll","background-type":"","background-media":"","overlay-type":"","overlay-color":"","overlay-opacity":"","overlay-gradient":""},"tablet":{"background-color":"var(--ast-global-color-5)","background-image":"","background-repeat":"repeat","background-position":"center center","background-size":"auto","background-attachment":"scroll","background-type":"","background-media":"","overlay-type":"","overlay-color":"","overlay-opacity":"","overlay-gradient":""},"mobile":{"background-color":"var(--ast-global-color-5)","background-image":"","background-repeat":"repeat","background-position":"center center","background-size":"auto","background-attachment":"scroll","background-type":"","background-media":"","overlay-type":"","overlay-color":"","overlay-opacity":"","overlay-gradient":""}}},"product_brand":[],"product_cat":[1211],"product_tag":[1297,1298,1299,1301,1300],"class_list":{"0":"post-5741","1":"product","2":"type-product","3":"status-publish","4":"has-post-thumbnail","6":"product_cat-panel-de-cerramiento-para-area-tecnica","7":"product_tag-panel-de-cerramiento-para-area-de-servicio","8":"product_tag-panel-de-cerramiento-para-unidad-exterior-de-aire-acondicionado","9":"product_tag-panel-de-ocultacion-para-motor-de-aire-acondicionado","10":"product_tag-panel-de-proteccion-para-unidad-exterior-de-aire-acondicionado","11":"product_tag-sistema-de-cerramiento-para-area-de-servicio","12":"desktop-align-left","13":"tablet-align-left","14":"mobile-align-left","15":"ast-product-gallery-layout-first-image-large","16":"ast-product-tabs-layout-accordion","18":"first","19":"instock","20":"taxable","21":"shipping-taxable","22":"purchasable","23":"product-type-simple"},"aioseo_notices":[],"uagb_featured_image_src":{"full":["https:\/\/birmansacmetal.com\/wp-content\/uploads\/2026\/03\/Mekanik-Alan-Kapama-Paneli.jpg",750,1000,false],"thumbnail":["https:\/\/birmansacmetal.com\/wp-content\/uploads\/2026\/03\/Mekanik-Alan-Kapama-Paneli-150x150.jpg",150,150,true],"medium":["https:\/\/birmansacmetal.com\/wp-content\/uploads\/2026\/03\/Mekanik-Alan-Kapama-Paneli-225x300.jpg",225,300,true],"medium_large":["https:\/\/birmansacmetal.com\/wp-content\/uploads\/2026\/03\/Mekanik-Alan-Kapama-Paneli.jpg",750,1000,false],"large":["https:\/\/birmansacmetal.com\/wp-content\/uploads\/2026\/03\/Mekanik-Alan-Kapama-Paneli.jpg",750,1000,false],"1536x1536":["https:\/\/birmansacmetal.com\/wp-content\/uploads\/2026\/03\/Mekanik-Alan-Kapama-Paneli.jpg",750,1000,false],"2048x2048":["https:\/\/birmansacmetal.com\/wp-content\/uploads\/2026\/03\/Mekanik-Alan-Kapama-Paneli.jpg",750,1000,false],"woocommerce_thumbnail":["https:\/\/birmansacmetal.com\/wp-content\/uploads\/2026\/03\/Mekanik-Alan-Kapama-Paneli-300x300.jpg",300,300,true],"woocommerce_single":["https:\/\/birmansacmetal.com\/wp-content\/uploads\/2026\/03\/Mekanik-Alan-Kapama-Paneli-600x800.jpg",600,800,true],"woocommerce_gallery_thumbnail":["https:\/\/birmansacmetal.com\/wp-content\/uploads\/2026\/03\/Mekanik-Alan-Kapama-Paneli-100x100.jpg",100,100,true]},"uagb_author_info":{"display_name":"Birman Sac Metal","author_link":"https:\/\/birmansacmetal.com\/es\/author\/"},"uagb_comment_info":0,"uagb_excerpt":"El Panel de Cerramiento para \u00c1rea de Servicio de Doble Hoja es un sistema de cerramiento tipo persiana dise\u00f1ado para ocultar y proteger est\u00e9ticamente las \u00e1reas donde se encuentran unidades exteriores de aire acondicionado, bombas de calor, sistemas de hidr\u00f3foros y otros equipos mec\u00e1nicos en jardines o exteriores de villas y viviendas unifamiliares. Gracias al&hellip;","_links":{"self":[{"href":"https:\/\/birmansacmetal.com\/es\/wp-json\/wp\/v2\/product\/5741","targetHints":{"allow":["GET"]}}],"collection":[{"href":"https:\/\/birmansacmetal.com\/es\/wp-json\/wp\/v2\/product"}],"about":[{"href":"https:\/\/birmansacmetal.com\/es\/wp-json\/wp\/v2\/types\/product"}],"replies":[{"embeddable":true,"href":"https:\/\/birmansacmetal.com\/es\/wp-json\/wp\/v2\/comments?post=5741"}],"wp:featuredmedia":[{"embeddable":true,"href":"https:\/\/birmansacmetal.com\/es\/wp-json\/wp\/v2\/media\/5743"}],"wp:attachment":[{"href":"https:\/\/birmansacmetal.com\/es\/wp-json\/wp\/v2\/media?parent=5741"}],"wp:term":[{"taxonomy":"product_brand","embeddable":true,"href":"https:\/\/birmansacmetal.com\/es\/wp-json\/wp\/v2\/product_brand?post=5741"},{"taxonomy":"product_cat","embeddable":true,"href":"https:\/\/birmansacmetal.com\/es\/wp-json\/wp\/v2\/product_cat?post=5741"},{"taxonomy":"product_tag","embeddable":true,"href":"https:\/\/birmansacmetal.com\/es\/wp-json\/wp\/v2\/product_tag?post=5741"}],"curies":[{"name":"wp","href":"https:\/\/api.w.org\/{rel}","templated":true}]}}