{"id":5720,"date":"2026-02-28T20:57:50","date_gmt":"2026-02-28T20:57:50","guid":{"rendered":"https:\/\/birmansacmetal.com\/urun\/paneles-de-valla-metalica-de-privacidad-con-alambre-de-concertina\/"},"modified":"2026-02-28T20:57:50","modified_gmt":"2026-02-28T20:57:50","slug":"paneles-de-valla-metalica-de-privacidad-con-alambre-de-concertina","status":"publish","type":"product","link":"https:\/\/birmansacmetal.com\/es\/producto\/paneles-de-valla-metalica-de-privacidad-con-alambre-de-concertina\/","title":{"rendered":"Paneles de valla met\u00e1lica de privacidad con alambre de concertina"},"content":{"rendered":"<h2>Paneles de valla met\u00e1lica de privacidad con alambre de concertina \u2013 Alta seguridad y dise\u00f1o moderno<\/h2>\n<p>&nbsp;<\/p>\n<p>El sistema de paneles de valla met\u00e1lica de privacidad con alambre de concertina ha sido desarrollado para \u00e1reas que requieren tanto est\u00e9tica como m\u00e1xima seguridad. La l\u00ednea de alambre de concertina de 50 cm de altura, situada en la parte superior, crea una barrera de seguridad disuasoria y f\u00edsicamente restrictiva contra intrusiones. <\/p>\n<div style=\"width: 1080px;\" class=\"wp-video\"><video class=\"wp-video-shortcode\" id=\"video-5720-1\" width=\"1080\" height=\"1440\" preload=\"metadata\" controls=\"controls\"><source type=\"video\/mp4\" src=\"https:\/\/birmansacmetal.com\/wp-content\/uploads\/2026\/02\/MP4_20260228_170422VLOG.mp4?_=1\" \/><a href=\"https:\/\/birmansacmetal.com\/wp-content\/uploads\/2026\/02\/MP4_20260228_170422VLOG.mp4\">https:\/\/birmansacmetal.com\/wp-content\/uploads\/2026\/02\/MP4_20260228_170422VLOG.mp4<\/a><\/video><\/div>\n<p>Adecuado para instalaciones industriales, almacenes, \u00e1reas log\u00edsticas, per\u00edmetros de complejos residenciales, terrenos y todas las zonas que requieran alta seguridad.<\/p>\n<h4><strong>Especificaciones T\u00e9cnicas<\/strong><\/h4>\n<p>\u2714 Grosor del panel: Chapa galvanizada de 1 mm de espesor, curvada a medida y duradera<\/p>\n<p>\u2714 Peso del panel: 1,2 kg\/metro<\/p>\n<p>\u2714 Medida del poste: Perfil de caja galvanizado de 60x60x1,5 mm<\/p>\n<p>\u2714 Peso del poste: 2,4 kg\/metro<\/p>\n<p>\u2714 Brida: 4 mm de espesor<\/p>\n<p>\u2714 Distancia entre postes: 125 cm<\/p>\n<p>\u2714 Altura del alambre de concertina: 50 cm<\/p>\n<p>\u2714 Resistencia al viento: 150 km\/h<\/p>\n<p>\u2714 Pintura: Pintura en polvo electrost\u00e1tica en todos los colores RAL<\/p>\n<h4>Estructura duradera y de larga vida \u00fatil<\/h4>\n<p>El sistema est\u00e1 fabricado \u00edntegramente en acero galvanizado.<\/p>\n<p>Gracias a su estructura resistente a la corrosi\u00f3n, garantiza un uso sin problemas durante muchos a\u00f1os en condiciones exteriores.<\/p>\n<p>El sistema de paneles de 1 mm con forma curvada especial proporciona rigidez y un aspecto moderno. Gracias a la estructura de postes de 60&#215;60 mm y la conexi\u00f3n de brida de 4 mm, se crea una construcci\u00f3n robusta y estable. <\/p>\n<p>Con una resistencia al viento de 150 km\/h, es una opci\u00f3n segura para \u00e1reas abiertas.<\/p>\n<p><strong>Instalaci\u00f3n r\u00e1pida con accesorio de montaje inteligente<\/strong><\/p>\n<p>Gracias al accesorio de montaje inteligente especialmente desarrollado, el sistema se puede instalar de forma r\u00e1pida y pr\u00e1ctica.<\/p>\n<p>Reduce el tiempo de mano de obra y los costes de instalaci\u00f3n.<\/p>\n<p>Es una soluci\u00f3n que ahorra tiempo a los equipos profesionales.<\/p>\n<p>Capa de m\u00e1xima seguridad: 50 cm de alambre de concertina<\/p>\n<p>La l\u00ednea de alambre de concertina de 50 cm de altura en la parte superior:<\/p>\n<p>\u2022 Dificulta la escalada<\/p>\n<p>\u2022 Crea una barrera de seguridad f\u00edsica<\/p>\n<p>\u2022 Proporciona un efecto disuasorio<\/p>\n<p>\u2022 Especialmente adecuado para \u00e1reas industriales<\/p>\n<p>Esta combinaci\u00f3n distingue el producto de los paneles de valla est\u00e1ndar y lo convierte en una \u201csoluci\u00f3n de alta seguridad\u201d.<\/p>\n<h4>Opciones de env\u00edo y color<\/h4>\n<p>\u2714 Env\u00edo a toda Turqu\u00eda mediante carga de almac\u00e9n<\/p>\n<p>\u2714 Todas las opciones de color RAL<\/p>\n<p>\u2714 Producci\u00f3n personalizada bajo pedido<\/p>\n<p>Puede contactarnos para solicitudes de medidas y colores espec\u00edficos del proyecto.<\/p>\n<h4 style=\"text-align: left;\">\u00bfPor qu\u00e9 elegir Paneles de valla met\u00e1lica de privacidad con alambre de concertina?<\/h4>\n<p>Alta seguridad<\/p>\n<p>Aspecto arquitect\u00f3nico moderno<\/p>\n<p>Estructura galvanizada duradera<\/p>\n<p>Resistencia al viento de 150 km\/h<\/p>\n<p>F\u00e1cil montaje<\/p>\n<p>Larga vida \u00fatil<\/p>\n<p>Env\u00edo a toda Turqu\u00eda<\/p>\n<p>Lleve su seguridad al siguiente nivel.<\/p>\n","protected":false},"excerpt":{"rendered":"<p><strong>Los Paneles de valla met\u00e1lica de privacidad con alambre de concertina<\/strong> proporcionan m\u00e1xima protecci\u00f3n con una l\u00ednea de seguridad de alambre de concertina de 50 cm.<\/p>\n<p>El sistema de paneles de 1 mm de chapa galvanizada curvada especial, los postes galvanizados de 60x60x1,5 mm y la estructura de brida de 4 mm garantizan una larga vida \u00fatil y durabilidad.<\/p>\n<p>Ofrece una resistencia al viento de 150 km\/h, todas las opciones de color RAL, instalaci\u00f3n r\u00e1pida con un accesorio de montaje inteligente y env\u00edo seguro a toda Turqu\u00eda mediante carga de almac\u00e9n.<\/p>\n<p>Es la elecci\u00f3n ideal para soluciones de seguridad profesionales.<\/p>\n","protected":false},"featured_media":5721,"comment_status":"open","ping_status":"closed","template":"","meta":{"_uag_custom_page_level_css":"","site-sidebar-layout":"default","site-content-layout":"","ast-site-content-layout":"default","site-content-style":"default","site-sidebar-style":"default","ast-global-header-display":"","ast-banner-title-visibility":"","ast-main-header-display":"","ast-hfb-above-header-display":"","ast-hfb-below-header-display":"","ast-hfb-mobile-header-display":"","site-post-title":"","ast-breadcrumbs-content":"","ast-featured-img":"","footer-sml-layout":"","ast-disable-related-posts":"","theme-transparent-header-meta":"default","adv-header-id-meta":"","stick-header-meta":"default","header-above-stick-meta":"","header-main-stick-meta":"","header-below-stick-meta":"","astra-migrate-meta-layouts":"default","ast-page-background-enabled":"default","ast-page-background-meta":{"desktop":{"background-color":"var(--ast-global-color-4)","background-image":"","background-repeat":"repeat","background-position":"center center","background-size":"auto","background-attachment":"scroll","background-type":"","background-media":"","overlay-type":"","overlay-color":"","overlay-opacity":"","overlay-gradient":""},"tablet":{"background-color":"","background-image":"","background-repeat":"repeat","background-position":"center center","background-size":"auto","background-attachment":"scroll","background-type":"","background-media":"","overlay-type":"","overlay-color":"","overlay-opacity":"","overlay-gradient":""},"mobile":{"background-color":"","background-image":"","background-repeat":"repeat","background-position":"center center","background-size":"auto","background-attachment":"scroll","background-type":"","background-media":"","overlay-type":"","overlay-color":"","overlay-opacity":"","overlay-gradient":""}},"ast-content-background-meta":{"desktop":{"background-color":"var(--ast-global-color-5)","background-image":"","background-repeat":"repeat","background-position":"center center","background-size":"auto","background-attachment":"scroll","background-type":"","background-media":"","overlay-type":"","overlay-color":"","overlay-opacity":"","overlay-gradient":""},"tablet":{"background-color":"var(--ast-global-color-5)","background-image":"","background-repeat":"repeat","background-position":"center center","background-size":"auto","background-attachment":"scroll","background-type":"","background-media":"","overlay-type":"","overlay-color":"","overlay-opacity":"","overlay-gradient":""},"mobile":{"background-color":"var(--ast-global-color-5)","background-image":"","background-repeat":"repeat","background-position":"center center","background-size":"auto","background-attachment":"scroll","background-type":"","background-media":"","overlay-type":"","overlay-color":"","overlay-opacity":"","overlay-gradient":""}}},"product_brand":[],"product_cat":[967],"product_tag":[1249,1265,1253,1259,1262,1258,1252,1264,1250,1263,1251,1256,1254,1267,1255,1257,1266,1261,1260],"class_list":{"0":"post-5720","1":"product","2":"type-product","3":"status-publish","4":"has-post-thumbnail","6":"product_cat-sistemas-de-barandillas","7":"product_tag-paneles-de-valla-metalica-de-privacidad-con-alambre-de-concertina","8":"product_tag-sistema-de-valla-con-bridas","9":"product_tag-sistema-de-valla-galvanizada","10":"product_tag-sistema-de-valla-industrial","11":"product_tag-valla-color-ral","12":"product_tag-valla-de-alambre-de-concertina","13":"product_tag-valla-de-alta-seguridad","14":"product_tag-valla-de-poste-60x60","15":"product_tag-valla-de-privacidad-con-alambre-de-concertina","16":"product_tag-valla-de-privacidad-metalica","17":"product_tag-valla-de-seguridad","18":"product_tag-valla-de-seguridad-para-terrenos","19":"product_tag-valla-industrial","20":"product_tag-valla-para-area-logistica","21":"product_tag-valla-perimetral-de-almacen","22":"product_tag-valla-perimetral-de-complejo-residencial","23":"product_tag-valla-perimetral-de-fabrica","24":"product_tag-valla-pintada-electrostaticamente","25":"product_tag-valla-resistente-al-viento","26":"desktop-align-left","27":"tablet-align-left","28":"mobile-align-left","29":"ast-product-gallery-layout-first-image-large","30":"ast-product-tabs-layout-accordion","32":"first","33":"instock","34":"taxable","35":"shipping-taxable","36":"purchasable","37":"product-type-simple"},"aioseo_notices":[],"uagb_featured_image_src":{"full":["https:\/\/birmansacmetal.com\/wp-content\/uploads\/2026\/02\/Panjur-Cit-Jiletle-Tel-Modeli-4.webp",1000,1333,false],"thumbnail":["https:\/\/birmansacmetal.com\/wp-content\/uploads\/2026\/02\/Panjur-Cit-Jiletle-Tel-Modeli-4-150x150.webp",150,150,true],"medium":["https:\/\/birmansacmetal.com\/wp-content\/uploads\/2026\/02\/Panjur-Cit-Jiletle-Tel-Modeli-4-225x300.webp",225,300,true],"medium_large":["https:\/\/birmansacmetal.com\/wp-content\/uploads\/2026\/02\/Panjur-Cit-Jiletle-Tel-Modeli-4-768x1024.webp",768,1024,true],"large":["https:\/\/birmansacmetal.com\/wp-content\/uploads\/2026\/02\/Panjur-Cit-Jiletle-Tel-Modeli-4-768x1024.webp",768,1024,true],"1536x1536":["https:\/\/birmansacmetal.com\/wp-content\/uploads\/2026\/02\/Panjur-Cit-Jiletle-Tel-Modeli-4.webp",1000,1333,false],"2048x2048":["https:\/\/birmansacmetal.com\/wp-content\/uploads\/2026\/02\/Panjur-Cit-Jiletle-Tel-Modeli-4.webp",1000,1333,false],"woocommerce_thumbnail":["https:\/\/birmansacmetal.com\/wp-content\/uploads\/2026\/02\/Panjur-Cit-Jiletle-Tel-Modeli-4-300x300.webp",300,300,true],"woocommerce_single":["https:\/\/birmansacmetal.com\/wp-content\/uploads\/2026\/02\/Panjur-Cit-Jiletle-Tel-Modeli-4-600x800.webp",600,800,true],"woocommerce_gallery_thumbnail":["https:\/\/birmansacmetal.com\/wp-content\/uploads\/2026\/02\/Panjur-Cit-Jiletle-Tel-Modeli-4-100x100.webp",100,100,true]},"uagb_author_info":{"display_name":"Birman Sac Metal","author_link":"https:\/\/birmansacmetal.com\/es\/author\/"},"uagb_comment_info":0,"uagb_excerpt":"Los Paneles de valla met\u00e1lica de privacidad con alambre de concertina proporcionan m\u00e1xima protecci\u00f3n con una l\u00ednea de seguridad de alambre de concertina de 50 cm. El sistema de paneles de 1 mm de chapa galvanizada curvada especial, los postes galvanizados de 60x60x1,5 mm y la estructura de brida de 4 mm garantizan una larga&hellip;","_links":{"self":[{"href":"https:\/\/birmansacmetal.com\/es\/wp-json\/wp\/v2\/product\/5720","targetHints":{"allow":["GET"]}}],"collection":[{"href":"https:\/\/birmansacmetal.com\/es\/wp-json\/wp\/v2\/product"}],"about":[{"href":"https:\/\/birmansacmetal.com\/es\/wp-json\/wp\/v2\/types\/product"}],"replies":[{"embeddable":true,"href":"https:\/\/birmansacmetal.com\/es\/wp-json\/wp\/v2\/comments?post=5720"}],"wp:featuredmedia":[{"embeddable":true,"href":"https:\/\/birmansacmetal.com\/es\/wp-json\/wp\/v2\/media\/5721"}],"wp:attachment":[{"href":"https:\/\/birmansacmetal.com\/es\/wp-json\/wp\/v2\/media?parent=5720"}],"wp:term":[{"taxonomy":"product_brand","embeddable":true,"href":"https:\/\/birmansacmetal.com\/es\/wp-json\/wp\/v2\/product_brand?post=5720"},{"taxonomy":"product_cat","embeddable":true,"href":"https:\/\/birmansacmetal.com\/es\/wp-json\/wp\/v2\/product_cat?post=5720"},{"taxonomy":"product_tag","embeddable":true,"href":"https:\/\/birmansacmetal.com\/es\/wp-json\/wp\/v2\/product_tag?post=5720"}],"curies":[{"name":"wp","href":"https:\/\/api.w.org\/{rel}","templated":true}]}}