{"id":5250,"date":"2026-01-15T19:12:55","date_gmt":"2026-01-15T19:12:55","guid":{"rendered":"https:\/\/birmansacmetal.com\/urun\/gabinete-de-proteccion-para-aire-acondicionado-bomba-de-calor-con-o-sin-tapa\/"},"modified":"2026-02-21T12:12:31","modified_gmt":"2026-02-21T12:12:31","slug":"gabinete-de-proteccion-para-aire-acondicionado-bomba-de-calor-con-o-sin-tapa","status":"publish","type":"product","link":"https:\/\/birmansacmetal.com\/es\/producto\/gabinete-de-proteccion-para-aire-acondicionado-bomba-de-calor-con-o-sin-tapa\/","title":{"rendered":"Gabinete de Protecci\u00f3n para Aire Acondicionado \/ Bomba de Calor &#8211; Con o sin Tapa"},"content":{"rendered":"<p data-start=\"560\" data-end=\"857\">Los motores de aire acondicionado y las bombas de calor, al estar constantemente expuestos a las condiciones exteriores, se deterioran con el tiempo tanto en rendimiento como en apariencia. Nuestras <strong data-start=\"456\" data-end=\"493\">carcasas para aire acondicionado y bombas de calor<\/strong> est\u00e1n dise\u00f1adas espec\u00edficamente para eliminar estos problemas. <\/p>\n<p data-start=\"560\" data-end=\"857\">Nuestros productos est\u00e1n fabricados <strong data-start=\"572\" data-end=\"601\">\u00edntegramente en acero galvanizado<\/strong>. La estructura de la caja utiliza un <strong data-start=\"630\" data-end=\"662\">perfil galvanizado de 50\u00d750\u00d71,5 mm<\/strong>, y las superficies de revestimiento emplean una <strong data-start=\"689\" data-end=\"712\">chapa galvanizada de 1,5 mm<\/strong>. Esto garantiza una alta resistencia a las condiciones clim\u00e1ticas exteriores durante muchos a\u00f1os, ofreciendo fiabilidad contra la oxidaci\u00f3n, la deformaci\u00f3n y los impactos.  <\/p>\n<hr>\n<p data-start=\"560\" data-end=\"857\"><a href=\"https:\/\/birmansacmetal.com\/wp-content\/uploads\/2026\/01\/klima-muhazasi.webp\"><img decoding=\"async\" class=\"aligncenter size-large wp-image-3885\" src=\"https:\/\/birmansacmetal.com\/wp-content\/uploads\/2026\/01\/klima-muhazasi-768x1024.webp\" alt=\"\" width=\"768\" height=\"1024\" srcset=\"https:\/\/birmansacmetal.com\/wp-content\/uploads\/2026\/01\/klima-muhazasi-768x1024.webp 768w, https:\/\/birmansacmetal.com\/wp-content\/uploads\/2026\/01\/klima-muhazasi-225x300.webp 225w, https:\/\/birmansacmetal.com\/wp-content\/uploads\/2026\/01\/klima-muhazasi-1152x1536.webp 1152w, https:\/\/birmansacmetal.com\/wp-content\/uploads\/2026\/01\/klima-muhazasi-600x800.webp 600w, https:\/\/birmansacmetal.com\/wp-content\/uploads\/2026\/01\/klima-muhazasi.webp 1500w\" sizes=\"(max-width: 768px) 100vw, 768px\" \/><\/a><\/p>\n<hr>\n<p data-start=\"859\" data-end=\"1107\">Las carcasas pueden fabricarse <strong data-start=\"871\" data-end=\"925\">con o sin tapa (puerta) seg\u00fan se desee<\/strong>.<br data-start=\"939\" data-end=\"942\">Las <strong data-start=\"978\" data-end=\"1000\">tapas de acceso<\/strong>, situadas en las superficies frontal y lateral, permiten realizar f\u00e1cilmente las operaciones de servicio y mantenimiento. La disposici\u00f3n de las tapas se planifica completamente seg\u00fan las necesidades. <\/p>\n<p data-start=\"1109\" data-end=\"1366\">En las superficies laterales se suele utilizar un <strong data-start=\"1135\" data-end=\"1162\">sistema de lamas espaciadas<\/strong>. Esta estructura permite la f\u00e1cil expulsi\u00f3n del aire caliente generado por la bomba de calor y el motor del aire acondicionado, favoreciendo el funcionamiento eficiente del equipo. Se proporciona protecci\u00f3n sin obstaculizar el flujo de aire.  <\/p>\n<p data-start=\"1368\" data-end=\"1598\">Todos los productos pueden pintarse con pintura electrost\u00e1tica en polvo en <strong data-start=\"1380\" data-end=\"1406\">el color RAL deseado<\/strong>. De este modo, se consigue un aspecto moderno y est\u00e9tico, en armon\u00eda con la fachada del edificio. Elimina la imagen antiest\u00e9tica y aporta una contribuci\u00f3n ordenada y elegante al exterior.  <\/p>\n<hr>\n<p data-start=\"1368\" data-end=\"1598\"><a href=\"https:\/\/birmansacmetal.com\/wp-content\/uploads\/2026\/01\/Isi-Pompasi-Muhafaza-Kabini.webp\"><img decoding=\"async\" class=\"aligncenter size-large wp-image-3887\" src=\"https:\/\/birmansacmetal.com\/wp-content\/uploads\/2026\/01\/Isi-Pompasi-Muhafaza-Kabini-683x1024.webp\" alt=\"\" width=\"683\" height=\"1024\" srcset=\"https:\/\/birmansacmetal.com\/wp-content\/uploads\/2026\/01\/Isi-Pompasi-Muhafaza-Kabini-683x1024.webp 683w, https:\/\/birmansacmetal.com\/wp-content\/uploads\/2026\/01\/Isi-Pompasi-Muhafaza-Kabini-200x300.webp 200w, https:\/\/birmansacmetal.com\/wp-content\/uploads\/2026\/01\/Isi-Pompasi-Muhafaza-Kabini-768x1152.webp 768w, https:\/\/birmansacmetal.com\/wp-content\/uploads\/2026\/01\/Isi-Pompasi-Muhafaza-Kabini-600x900.webp 600w, https:\/\/birmansacmetal.com\/wp-content\/uploads\/2026\/01\/Isi-Pompasi-Muhafaza-Kabini.webp 1024w\" sizes=\"(max-width: 683px) 100vw, 683px\" \/><\/a><\/p>\n<hr>\n<p data-start=\"1600\" data-end=\"1824\">Con su robustez, larga vida \u00fatil y funcionalidad, estas carcasas:<br data-start=\"1660\" data-end=\"1663\">\u2714 Protegen los motores de aire acondicionado<br data-start=\"1682\" data-end=\"1685\">\u2714 Protegen las bombas de calor<br data-start=\"1702\" data-end=\"1705\">\u2714 Protegen de factores externos (lluvia, nieve, sol, golpes, polvo)<br data-start=\"1761\" data-end=\"1764\">\u2714 Facilitan el acceso t\u00e9cnico<br data-start=\"1794\" data-end=\"1797\">\u2714 Ofrecen una soluci\u00f3n est\u00e9tica<\/p>\n<p data-start=\"1826\" data-end=\"1884\">Pueden ser elegidas con confianza tanto en proyectos residenciales como comerciales.<\/p>\n<p data-start=\"1826\" data-end=\"1884\"><a href=\"https:\/\/birmansacmetal.com\/wp-content\/uploads\/2026\/01\/Ozel-Olcu-Klima-ve-isi-pompasi-muhafaza-dolaplari.webp\"><img decoding=\"async\" class=\"aligncenter size-large wp-image-3889\" src=\"https:\/\/birmansacmetal.com\/wp-content\/uploads\/2026\/01\/Ozel-Olcu-Klima-ve-isi-pompasi-muhafaza-dolaplari-768x1024.webp\" alt=\"\" width=\"768\" height=\"1024\" srcset=\"https:\/\/birmansacmetal.com\/wp-content\/uploads\/2026\/01\/Ozel-Olcu-Klima-ve-isi-pompasi-muhafaza-dolaplari-768x1024.webp 768w, https:\/\/birmansacmetal.com\/wp-content\/uploads\/2026\/01\/Ozel-Olcu-Klima-ve-isi-pompasi-muhafaza-dolaplari-225x300.webp 225w, https:\/\/birmansacmetal.com\/wp-content\/uploads\/2026\/01\/Ozel-Olcu-Klima-ve-isi-pompasi-muhafaza-dolaplari-1152x1536.webp 1152w, https:\/\/birmansacmetal.com\/wp-content\/uploads\/2026\/01\/Ozel-Olcu-Klima-ve-isi-pompasi-muhafaza-dolaplari-600x800.webp 600w, https:\/\/birmansacmetal.com\/wp-content\/uploads\/2026\/01\/Ozel-Olcu-Klima-ve-isi-pompasi-muhafaza-dolaplari.webp 1500w\" sizes=\"(max-width: 768px) 100vw, 768px\" \/><\/a><\/p>\n<p data-start=\"1826\" data-end=\"1884\">Fabricamos armarios de protecci\u00f3n con tapa a medida. Gracias a estas tapas, puede acceder a los motores del aire acondicionado y de la bomba de calor en cualquier momento. <\/p>\n<p data-start=\"1826\" data-end=\"1884\"><img decoding=\"async\" class=\"aligncenter size-large wp-image-3890\" src=\"https:\/\/birmansacmetal.com\/wp-content\/uploads\/2026\/01\/Ozel-Olcu-Klima-ve-isi-pompasi-muhafaza-dolaplari-2-768x1024.webp\" alt=\"\" width=\"768\" height=\"1024\" srcset=\"https:\/\/birmansacmetal.com\/wp-content\/uploads\/2026\/01\/Ozel-Olcu-Klima-ve-isi-pompasi-muhafaza-dolaplari-2-768x1024.webp 768w, https:\/\/birmansacmetal.com\/wp-content\/uploads\/2026\/01\/Ozel-Olcu-Klima-ve-isi-pompasi-muhafaza-dolaplari-2-225x300.webp 225w, https:\/\/birmansacmetal.com\/wp-content\/uploads\/2026\/01\/Ozel-Olcu-Klima-ve-isi-pompasi-muhafaza-dolaplari-2-1152x1536.webp 1152w, https:\/\/birmansacmetal.com\/wp-content\/uploads\/2026\/01\/Ozel-Olcu-Klima-ve-isi-pompasi-muhafaza-dolaplari-2-600x800.webp 600w, https:\/\/birmansacmetal.com\/wp-content\/uploads\/2026\/01\/Ozel-Olcu-Klima-ve-isi-pompasi-muhafaza-dolaplari-2.webp 1500w\" sizes=\"(max-width: 768px) 100vw, 768px\" \/><\/p>\n","protected":false},"excerpt":{"rendered":"<h3 data-start=\"231\" data-end=\"305\">Carcasa para Aire Acondicionado y Bomba de Calor \u2013 Gabinete de Protecci\u00f3n para Unidad Exterior de Acero Galvanizado<\/h3>\n<p>&nbsp;<\/p>\n<p data-start=\"170\" data-end=\"513\">Los motores de aire acondicionado y las bombas de calor est\u00e1n expuestos a la lluvia, el sol, el viento y otros factores externos durante todo el a\u00f1o. Esta situaci\u00f3n no solo acorta la vida \u00fatil del equipo, sino que tambi\u00e9n crea una imagen indeseable en la fachada exterior. Nuestras <strong data-start=\"368\" data-end=\"405\">carcasas para aire acondicionado y bombas de calor<\/strong> protegen sus equipos y, al mismo tiempo, aportan un aspecto ordenado y moderno al espacio.  <\/p>\n<p data-start=\"515\" data-end=\"986\">La robusta estructura de la caja, fabricada en acero galvanizado, garantiza una larga durabilidad frente a las condiciones exteriores durante muchos a\u00f1os. Gracias a las superficies laterales con lamas, la circulaci\u00f3n del aire contin\u00faa ininterrumpidamente, sin afectar negativamente el rendimiento del equipo. Las <strong data-start=\"767\" data-end=\"789\">tapas de acceso<\/strong>, que pueden aplicarse en las superficies frontal y lateral, facilitan las operaciones de mantenimiento y servicio. Fabricadas en las medidas y <strong data-start=\"852\" data-end=\"876\">opciones de color RAL deseadas<\/strong>, las carcasas son una soluci\u00f3n segura, est\u00e9tica y duradera tanto para proyectos residenciales como comerciales.   <\/p>\n<p data-start=\"560\" data-end=\"857\">\n","protected":false},"featured_media":5253,"comment_status":"open","ping_status":"closed","template":"","meta":{"_uag_custom_page_level_css":"","site-sidebar-layout":"default","site-content-layout":"","ast-site-content-layout":"default","site-content-style":"default","site-sidebar-style":"default","ast-global-header-display":"","ast-banner-title-visibility":"","ast-main-header-display":"","ast-hfb-above-header-display":"","ast-hfb-below-header-display":"","ast-hfb-mobile-header-display":"","site-post-title":"","ast-breadcrumbs-content":"","ast-featured-img":"","footer-sml-layout":"","ast-disable-related-posts":"","theme-transparent-header-meta":"default","adv-header-id-meta":"","stick-header-meta":"default","header-above-stick-meta":"","header-main-stick-meta":"","header-below-stick-meta":"","astra-migrate-meta-layouts":"default","ast-page-background-enabled":"default","ast-page-background-meta":{"desktop":{"background-color":"var(--ast-global-color-4)","background-image":"","background-repeat":"repeat","background-position":"center center","background-size":"auto","background-attachment":"scroll","background-type":"","background-media":"","overlay-type":"","overlay-color":"","overlay-opacity":"","overlay-gradient":""},"tablet":{"background-color":"","background-image":"","background-repeat":"repeat","background-position":"center center","background-size":"auto","background-attachment":"scroll","background-type":"","background-media":"","overlay-type":"","overlay-color":"","overlay-opacity":"","overlay-gradient":""},"mobile":{"background-color":"","background-image":"","background-repeat":"repeat","background-position":"center center","background-size":"auto","background-attachment":"scroll","background-type":"","background-media":"","overlay-type":"","overlay-color":"","overlay-opacity":"","overlay-gradient":""}},"ast-content-background-meta":{"desktop":{"background-color":"var(--ast-global-color-5)","background-image":"","background-repeat":"repeat","background-position":"center center","background-size":"auto","background-attachment":"scroll","background-type":"","background-media":"","overlay-type":"","overlay-color":"","overlay-opacity":"","overlay-gradient":""},"tablet":{"background-color":"var(--ast-global-color-5)","background-image":"","background-repeat":"repeat","background-position":"center center","background-size":"auto","background-attachment":"scroll","background-type":"","background-media":"","overlay-type":"","overlay-color":"","overlay-opacity":"","overlay-gradient":""},"mobile":{"background-color":"var(--ast-global-color-5)","background-image":"","background-repeat":"repeat","background-position":"center center","background-size":"auto","background-attachment":"scroll","background-type":"","background-media":"","overlay-type":"","overlay-color":"","overlay-opacity":"","overlay-gradient":""}}},"product_brand":[47],"product_cat":[337],"product_tag":[348,347,352,343,351,345,338,340,339,346,342,344,341,349,350],"class_list":{"0":"post-5250","1":"product","2":"type-product","3":"status-publish","4":"has-post-thumbnail","6":"product_brand-birmansacmetal","7":"product_cat-outdoor-protective-enclosure","8":"product_tag-custom-manufactured-air-conditioner-enclosure","9":"product_tag-air-conditioner-enclosure-with-door","10":"product_tag-steel-air-conditioner-enclosure","11":"product_tag-outdoor-unit-protective-enclosure","12":"product_tag-durable-air-conditioner-enclosure","13":"product_tag-galvanized-air-conditioner-enclosure","14":"product_tag-air-conditioner-enclosure","15":"product_tag-heat-pump-enclosure","16":"product_tag-air-conditioner-outdoor-unit-enclosure","17":"product_tag-louvered-air-conditioner-cabinet","18":"product_tag-air-conditioner-protective-cabinet","19":"product_tag-heat-pump-protective-cabinet","20":"product_tag-galvanized-air-conditioner-cabinet","21":"product_tag-air-conditioner-cabinet-in-ral-color","22":"product_tag-outdoor-air-conditioner-protection","23":"product_shipping_class-protective-cabinets","24":"desktop-align-left","25":"tablet-align-left","26":"mobile-align-left","27":"ast-product-gallery-layout-first-image-large","28":"ast-product-tabs-layout-accordion","30":"first","31":"instock","32":"taxable","33":"shipping-taxable","34":"purchasable","35":"product-type-simple"},"aioseo_notices":[],"uagb_featured_image_src":{"full":["https:\/\/birmansacmetal.com\/wp-content\/uploads\/2026\/01\/Klima-ve-Isi-Pompasi-Muhafazasi-Kabini.webp",1024,1536,false],"thumbnail":["https:\/\/birmansacmetal.com\/wp-content\/uploads\/2026\/01\/Klima-ve-Isi-Pompasi-Muhafazasi-Kabini-150x150.webp",150,150,true],"medium":["https:\/\/birmansacmetal.com\/wp-content\/uploads\/2026\/01\/Klima-ve-Isi-Pompasi-Muhafazasi-Kabini-200x300.webp",200,300,true],"medium_large":["https:\/\/birmansacmetal.com\/wp-content\/uploads\/2026\/01\/Klima-ve-Isi-Pompasi-Muhafazasi-Kabini-768x1152.webp",768,1152,true],"large":["https:\/\/birmansacmetal.com\/wp-content\/uploads\/2026\/01\/Klima-ve-Isi-Pompasi-Muhafazasi-Kabini-683x1024.webp",683,1024,true],"1536x1536":["https:\/\/birmansacmetal.com\/wp-content\/uploads\/2026\/01\/Klima-ve-Isi-Pompasi-Muhafazasi-Kabini.webp",1024,1536,false],"2048x2048":["https:\/\/birmansacmetal.com\/wp-content\/uploads\/2026\/01\/Klima-ve-Isi-Pompasi-Muhafazasi-Kabini.webp",1024,1536,false],"woocommerce_thumbnail":["https:\/\/birmansacmetal.com\/wp-content\/uploads\/2026\/01\/Klima-ve-Isi-Pompasi-Muhafazasi-Kabini-300x300.webp",300,300,true],"woocommerce_single":["https:\/\/birmansacmetal.com\/wp-content\/uploads\/2026\/01\/Klima-ve-Isi-Pompasi-Muhafazasi-Kabini-600x900.webp",600,900,true],"woocommerce_gallery_thumbnail":["https:\/\/birmansacmetal.com\/wp-content\/uploads\/2026\/01\/Klima-ve-Isi-Pompasi-Muhafazasi-Kabini-100x100.webp",100,100,true]},"uagb_author_info":{"display_name":"Birman Sac Metal","author_link":"https:\/\/birmansacmetal.com\/es\/author\/"},"uagb_comment_info":0,"uagb_excerpt":"Carcasa para Aire Acondicionado y Bomba de Calor \u2013 Gabinete de Protecci\u00f3n para Unidad Exterior de Acero Galvanizado &nbsp; Los motores de aire acondicionado y las bombas de calor est\u00e1n expuestos a la lluvia, el sol, el viento y otros factores externos durante todo el a\u00f1o. Esta situaci\u00f3n no solo acorta la vida \u00fatil del&hellip;","_links":{"self":[{"href":"https:\/\/birmansacmetal.com\/es\/wp-json\/wp\/v2\/product\/5250","targetHints":{"allow":["GET"]}}],"collection":[{"href":"https:\/\/birmansacmetal.com\/es\/wp-json\/wp\/v2\/product"}],"about":[{"href":"https:\/\/birmansacmetal.com\/es\/wp-json\/wp\/v2\/types\/product"}],"replies":[{"embeddable":true,"href":"https:\/\/birmansacmetal.com\/es\/wp-json\/wp\/v2\/comments?post=5250"}],"wp:featuredmedia":[{"embeddable":true,"href":"https:\/\/birmansacmetal.com\/es\/wp-json\/wp\/v2\/media\/5253"}],"wp:attachment":[{"href":"https:\/\/birmansacmetal.com\/es\/wp-json\/wp\/v2\/media?parent=5250"}],"wp:term":[{"taxonomy":"product_brand","embeddable":true,"href":"https:\/\/birmansacmetal.com\/es\/wp-json\/wp\/v2\/product_brand?post=5250"},{"taxonomy":"product_cat","embeddable":true,"href":"https:\/\/birmansacmetal.com\/es\/wp-json\/wp\/v2\/product_cat?post=5250"},{"taxonomy":"product_tag","embeddable":true,"href":"https:\/\/birmansacmetal.com\/es\/wp-json\/wp\/v2\/product_tag?post=5250"}],"curies":[{"name":"wp","href":"https:\/\/api.w.org\/{rel}","templated":true}]}}