{"id":5415,"date":"2026-02-09T14:57:00","date_gmt":"2026-02-09T14:57:00","guid":{"rendered":"https:\/\/birmansacmetal.com\/gestion-de-calidad\/"},"modified":"2026-02-16T12:11:31","modified_gmt":"2026-02-16T12:11:31","slug":"gestion-de-calidad","status":"publish","type":"page","link":"https:\/\/birmansacmetal.com\/es\/gestion-de-calidad\/","title":{"rendered":"Gesti\u00f3n de Calidad"},"content":{"rendered":"\n<div class=\"wp-block-uagb-container uagb-block-37fe9e23 alignfull uagb-is-root-container\"><div class=\"uagb-container-inner-blocks-wrap\">\n<h1 class=\"wp-block-heading has-text-align-center has-ast-global-color-5-color has-text-color has-link-color wp-elements-12f203dfe5e5779983118bd94659c345\">Gesti\u00f3n de Calidad<\/h1>\n<\/div><\/div>\n\n<div class=\"wp-block-uagb-container uagb-block-d8b61c7b alignfull uagb-is-root-container\"><div class=\"uagb-container-inner-blocks-wrap\"><\/div><\/div>\n\n<h5 class=\"wp-block-heading\" style=\"margin-top:var(--wp--preset--spacing--20);margin-bottom:var(--wp--preset--spacing--20)\">Gesti\u00f3n de Calidad<\/h5>\n\n<div class=\"wp-block-uagb-container uagb-block-4609b33a alignfull uagb-is-root-container\"><div class=\"uagb-container-inner-blocks-wrap\">\n<p>Como Birman Sac Metal, trabajamos en cada etapa de la producci\u00f3n con el objetivo de <strong>precisi\u00f3n dimensional, calidad de superficie y larga vida \u00fatil<\/strong>. En nuestras puertas de jard\u00edn, sistemas de vallas de persiana y producciones met\u00e1licas especiales, establecemos un est\u00e1ndar de calidad controlable, rastreable y reproducible en todos los procesos, desde el dise\u00f1o hasta el embalaje. <\/p>\n\n\n\n<h3 class=\"wp-block-heading\">1) Nuestro Enfoque de Calidad<\/h3>\n\n\n\n<p>No consideramos la calidad \u00fanicamente como la \u201csolidez del producto\u201d. Para nosotros, la calidad es: <\/p>\n\n\n\n<ul class=\"wp-block-list\">\n<li><strong>la selecci\u00f3n correcta de materiales<\/strong>,<\/li>\n\n\n\n<li><strong>tolerancias de producci\u00f3n precisas<\/strong>,<\/li>\n\n\n\n<li><strong>el rendimiento del recubrimiento superficial<\/strong>,<\/li>\n\n\n\n<li><strong>la facilidad de montaje<\/strong>,<\/li>\n\n\n\n<li><strong>el embalaje y env\u00edo seguros<\/strong><br\/>y la gesti\u00f3n integral de todos los detalles.<\/li>\n<\/ul>\n\n\n\n<h3 class=\"wp-block-heading\">2) Control del Proceso de Producci\u00f3n<\/h3>\n\n\n\n<p>En cada grupo de productos, aplicamos pasos de control de proceso para asegurar que las medidas y detalles espec\u00edficos del pedido sean adecuados para el sitio:<\/p>\n\n\n\n<ul class=\"wp-block-list\">\n<li><strong>Pedido y Aprobaci\u00f3n T\u00e9cnica:<\/strong> Se especifican opciones como medidas, tipo de conexi\u00f3n (pared\/brida), color y cerradura\/motor.<\/li>\n\n\n\n<li><strong>Corte y Conformado:<\/strong> Se realizan controles dimensionales en las zonas de corte, perforaci\u00f3n y uni\u00f3n.<\/li>\n\n\n\n<li><strong>Control de Soldadura y Montaje:<\/strong> Se verifica la resistencia de la uni\u00f3n, la precisi\u00f3n angular y la forma del producto.<\/li>\n\n\n\n<li><strong>Preparaci\u00f3n de Superficie:<\/strong> La limpieza y preparaci\u00f3n de la superficie antes de la pintura se considera un paso cr\u00edtico para la calidad.<\/li>\n\n\n\n<li><strong>Control Post-Pintura\/Recubrimiento:<\/strong> Se verifica el aspecto de la superficie, la integridad del recubrimiento y la mano de obra general.<\/li>\n\n\n\n<li><strong>Embalaje y Env\u00edo:<\/strong> El producto se embala de forma protectora para evitar da\u00f1os durante el transporte.<\/li>\n<\/ul>\n\n\n\n<h3 class=\"wp-block-heading\">3) Est\u00e1ndares de Materiales y Suministro<\/h3>\n\n\n\n<p>La calidad comienza con el material. Por ello, en los procesos de suministro, consideramos criterios como: <\/p>\n\n\n\n<ul class=\"wp-block-list\">\n<li>espesores y adecuaci\u00f3n del material,<\/li>\n\n\n\n<li>sistemas de recubrimiento\/pintura,<\/li>\n\n\n\n<li>resistencia de los elementos de fijaci\u00f3n y accesorios.<br\/>En producciones basadas en proyectos, si es necesario, apoyamos la preparaci\u00f3n de <strong>certificados y documentaci\u00f3n t\u00e9cnica<\/strong>. <\/li>\n<\/ul>\n\n\n\n<h3 class=\"wp-block-heading\">4) Calidad y Durabilidad de la Superficie<\/h3>\n\n\n\n<p>En los productos para exteriores, el aspecto m\u00e1s cr\u00edtico es la durabilidad a largo plazo. Por ello, en nuestros productos nos centramos en puntos como: <\/p>\n\n\n\n<ul class=\"wp-block-list\">\n<li><strong>protecci\u00f3n contra la oxidaci\u00f3n<\/strong>,<\/li>\n\n\n\n<li><strong>resistencia UV y estabilidad del color<\/strong>,<\/li>\n\n\n\n<li><strong>control contra ara\u00f1azos\/defectos de fabricaci\u00f3n<\/strong>.<br\/>Se pueden producir en los colores RAL deseados y se selecciona el sistema de recubrimiento adecuado seg\u00fan los requisitos del proyecto. <\/li>\n<\/ul>\n\n\n\n<h3 class=\"wp-block-heading\">5) Precisi\u00f3n Dimensional y Ajuste<\/h3>\n\n\n\n<p>Las puertas de jard\u00edn y los sistemas de vallas de persiana requieren un montaje r\u00e1pido y un ajuste sin problemas en el sitio. Por ello, se controlan detalles como la precisi\u00f3n dimensional, la alineaci\u00f3n de los orificios\/conexiones y la simetr\u00eda general durante la producci\u00f3n. El objetivo es que el equipo de montaje no pierda tiempo en el sitio y que el producto se instale correctamente desde el primer momento.  <\/p>\n\n\n\n<h3 class=\"wp-block-heading\">6) Mejora Continua<\/h3>\n\n\n\n<p>Para nosotros, la gesti\u00f3n de la calidad no es un proceso que \u201cse establece una vez y se olvida\u201d. Desarrollamos continuamente los procesos teniendo en cuenta la retroalimentaci\u00f3n de la producci\u00f3n, las experiencias de montaje y las demandas de los clientes. Realizamos trabajos de mejora regulares para lograr una mejor superficie, un mejor embalaje, un montaje m\u00e1s r\u00e1pido y una mayor durabilidad.  <\/p>\n\n\n\n<h3 class=\"wp-block-heading\">7) Documentaci\u00f3n de Calidad Basada en Proyectos<\/h3>\n\n\n\n<p>En proyectos de exportaci\u00f3n y corporativos, las expectativas t\u00e9cnicas de los clientes son m\u00e1s altas. Si se solicita, se puede compartir documentaci\u00f3n sobre temas como: <\/p>\n\n\n\n<ul class=\"wp-block-list\">\n<li>informaci\u00f3n t\u00e9cnica del producto,<\/li>\n\n\n\n<li>detalles de producci\u00f3n,<\/li>\n\n\n\n<li>informaci\u00f3n de recubrimiento\/pintura,<\/li>\n\n\n\n<li>enfoque de env\u00edo\/embalaje.<br\/><\/li>\n<\/ul>\n\n\n\n<hr class=\"wp-block-separator has-alpha-channel-opacity\"\/>\n\n\n\n<h3 class=\"wp-block-heading\">Contacte con nosotros<\/h3>\n\n\n\n<p>Si tiene un proyecto, podemos crear el plan de producci\u00f3n m\u00e1s adecuado seg\u00fan sus medidas y necesidades.<br\/><strong>Birman Sac Metal<\/strong> \u2013 calidad en la producci\u00f3n, confianza en el sitio.<\/p>\n<\/div><\/div>\n","protected":false},"excerpt":{"rendered":"<p>Gesti\u00f3n de Calidad Gesti\u00f3n de Calidad Como Birman Sac Metal, trabajamos en cada etapa de la producci\u00f3n con el objetivo de precisi\u00f3n dimensional, calidad de superficie y larga vida \u00fatil. En nuestras puertas de jard\u00edn, sistemas de vallas de persiana y producciones met\u00e1licas especiales, establecemos un est\u00e1ndar de calidad controlable, rastreable y reproducible en todos [&hellip;]<\/p>\n","protected":false},"author":1,"featured_media":0,"parent":0,"menu_order":0,"comment_status":"closed","ping_status":"closed","template":"","meta":{"_uag_custom_page_level_css":"","site-sidebar-layout":"no-sidebar","site-content-layout":"plain-container","ast-site-content-layout":"normal-width-container","site-content-style":"unboxed","site-sidebar-style":"unboxed","ast-global-header-display":"","ast-banner-title-visibility":"","ast-main-header-display":"","ast-hfb-above-header-display":"","ast-hfb-below-header-display":"","ast-hfb-mobile-header-display":"","site-post-title":"","ast-breadcrumbs-content":"","ast-featured-img":"disabled","footer-sml-layout":"","ast-disable-related-posts":"","theme-transparent-header-meta":"enabled","adv-header-id-meta":"","stick-header-meta":"","header-above-stick-meta":"","header-main-stick-meta":"","header-below-stick-meta":"","astra-migrate-meta-layouts":"default","ast-page-background-enabled":"default","ast-page-background-meta":{"desktop":{"background-color":"var(--ast-global-color-4)","background-image":"","background-repeat":"repeat","background-position":"center center","background-size":"auto","background-attachment":"scroll","background-type":"","background-media":"","overlay-type":"","overlay-color":"","overlay-opacity":"","overlay-gradient":""},"tablet":{"background-color":"","background-image":"","background-repeat":"repeat","background-position":"center center","background-size":"auto","background-attachment":"scroll","background-type":"","background-media":"","overlay-type":"","overlay-color":"","overlay-opacity":"","overlay-gradient":""},"mobile":{"background-color":"","background-image":"","background-repeat":"repeat","background-position":"center center","background-size":"auto","background-attachment":"scroll","background-type":"","background-media":"","overlay-type":"","overlay-color":"","overlay-opacity":"","overlay-gradient":""}},"ast-content-background-meta":{"desktop":{"background-color":"var(--ast-global-color-5)","background-image":"","background-repeat":"repeat","background-position":"center center","background-size":"auto","background-attachment":"scroll","background-type":"","background-media":"","overlay-type":"","overlay-color":"","overlay-opacity":"","overlay-gradient":""},"tablet":{"background-color":"var(--ast-global-color-5)","background-image":"","background-repeat":"repeat","background-position":"center center","background-size":"auto","background-attachment":"scroll","background-type":"","background-media":"","overlay-type":"","overlay-color":"","overlay-opacity":"","overlay-gradient":""},"mobile":{"background-color":"var(--ast-global-color-5)","background-image":"","background-repeat":"repeat","background-position":"center center","background-size":"auto","background-attachment":"scroll","background-type":"","background-media":"","overlay-type":"","overlay-color":"","overlay-opacity":"","overlay-gradient":""}},"footnotes":""},"class_list":["post-5415","page","type-page","status-publish","hentry"],"aioseo_notices":[],"uagb_featured_image_src":{"full":false,"thumbnail":false,"medium":false,"medium_large":false,"large":false,"1536x1536":false,"2048x2048":false,"woocommerce_thumbnail":false,"woocommerce_single":false,"woocommerce_gallery_thumbnail":false},"uagb_author_info":{"display_name":"Birman Sac Metal","author_link":"https:\/\/birmansacmetal.com\/es\/author\/birmansacmetalgmail-com\/"},"uagb_comment_info":0,"uagb_excerpt":"Gesti\u00f3n de Calidad Gesti\u00f3n de Calidad Como Birman Sac Metal, trabajamos en cada etapa de la producci\u00f3n con el objetivo de precisi\u00f3n dimensional, calidad de superficie y larga vida \u00fatil. En nuestras puertas de jard\u00edn, sistemas de vallas de persiana y producciones met\u00e1licas especiales, establecemos un est\u00e1ndar de calidad controlable, rastreable y reproducible en todos&hellip;","_links":{"self":[{"href":"https:\/\/birmansacmetal.com\/es\/wp-json\/wp\/v2\/pages\/5415","targetHints":{"allow":["GET"]}}],"collection":[{"href":"https:\/\/birmansacmetal.com\/es\/wp-json\/wp\/v2\/pages"}],"about":[{"href":"https:\/\/birmansacmetal.com\/es\/wp-json\/wp\/v2\/types\/page"}],"author":[{"embeddable":true,"href":"https:\/\/birmansacmetal.com\/es\/wp-json\/wp\/v2\/users\/1"}],"replies":[{"embeddable":true,"href":"https:\/\/birmansacmetal.com\/es\/wp-json\/wp\/v2\/comments?post=5415"}],"version-history":[{"count":0,"href":"https:\/\/birmansacmetal.com\/es\/wp-json\/wp\/v2\/pages\/5415\/revisions"}],"wp:attachment":[{"href":"https:\/\/birmansacmetal.com\/es\/wp-json\/wp\/v2\/media?parent=5415"}],"curies":[{"name":"wp","href":"https:\/\/api.w.org\/{rel}","templated":true}]}}