{"id":5187,"date":"2025-07-18T15:33:26","date_gmt":"2025-07-18T15:33:26","guid":{"rendered":"https:\/\/birmansacmetal.com\/cual-es-la-durabilidad-de-la-valla-de-lamas\/"},"modified":"2026-02-24T15:07:21","modified_gmt":"2026-02-24T15:07:21","slug":"cual-es-la-durabilidad-de-la-valla-de-lamas","status":"publish","type":"page","link":"https:\/\/birmansacmetal.com\/es\/cual-es-la-durabilidad-de-la-valla-de-lamas\/","title":{"rendered":"\u00bfSon realmente duraderos los Paneles de valla met\u00e1lica de privacidad?"},"content":{"rendered":"<h2 class=\"wp-block-post-title\">\u00bfSon realmente duraderos los Paneles de valla met\u00e1lica de privacidad?<\/h2>\n<div style=\"height:35px\" aria-hidden=\"true\" class=\"wp-block-spacer\"><\/div>\n\n<p>En los \u00faltimos a\u00f1os, los paneles de valla met\u00e1lica de privacidad son muy populares gracias a su est\u00e9tica y a la ventaja de su precio asequible. Sin embargo, muchas personas creen que no pueden soportar vientos fuertes, especialmente debido al bajo grosor de las lamas. <\/p>\n\n<p>En el mercado existen modelos de paneles de valla met\u00e1lica de privacidad con diferentes grosores, desde 0,6 mm hasta 1,2 mm. La pregunta m\u00e1s frecuente de los clientes que desean adquirir el producto es: \u201c\u00bfCu\u00e1ntos mm tiene el grosor de las lamas?\u201d <\/p>\n\n<p>La creencia general es la siguiente:<br\/><strong>Lamas m\u00e1s gruesas = Producto m\u00e1s robusto.<\/strong><\/p>\n\n<p>Pero la realidad es un poco diferente.<\/p>\n\n<div style=\"height:36px\" aria-hidden=\"true\" class=\"wp-block-spacer\"><\/div>\n\n<figure class=\"wp-block-image size-large is-resized\"><img decoding=\"async\" width=\"1024\" height=\"768\" src=\"https:\/\/birmansacmetal.com\/wp-content\/uploads\/2025\/04\/Panjur-Cit-10-1024x768.jpg\" alt=\"\" class=\"wp-image-2931\" style=\"width:771px;height:auto\" srcset=\"https:\/\/birmansacmetal.com\/wp-content\/uploads\/2025\/04\/Panjur-Cit-10-1024x768.jpg 1024w, https:\/\/birmansacmetal.com\/wp-content\/uploads\/2025\/04\/Panjur-Cit-10-300x225.jpg 300w, https:\/\/birmansacmetal.com\/wp-content\/uploads\/2025\/04\/Panjur-Cit-10-768x576.jpg 768w, https:\/\/birmansacmetal.com\/wp-content\/uploads\/2025\/04\/Panjur-Cit-10-1536x1152.jpg 1536w, https:\/\/birmansacmetal.com\/wp-content\/uploads\/2025\/04\/Panjur-Cit-10-600x450.jpg 600w, https:\/\/birmansacmetal.com\/wp-content\/uploads\/2025\/04\/Panjur-Cit-10.jpg 2040w\" sizes=\"(max-width: 1024px) 100vw, 1024px\" \/><figcaption class=\"wp-element-caption\">Aplicaci\u00f3n de Paneles de Valla Met\u00e1lica de Privacidad<\/figcaption><\/figure>\n\n<p><strong>Factores clave que determinan la durabilidad en los Paneles de Valla Met\u00e1lica de Privacidad<\/strong><\/p>\n\n<p>El grosor de las lamas, por supuesto, afecta a la durabilidad. Sin embargo, no es el \u00fanico factor determinante. Los elementos fundamentales que influyen en la resistencia de una valla de lamas son:  <\/p>\n\n<ul class=\"wp-block-list\">\n<li>Grosor de la lama<\/li>\n\n\n\n<li>Dise\u00f1o de la lama<\/li>\n\n\n\n<li>N\u00famero y geometr\u00eda de los pliegues<\/li>\n\n\n\n<li>Ancho de apertura de la chapa<\/li>\n\n\n\n<li>Dureza del material (l\u00edmite el\u00e1stico)<\/li>\n\n\n\n<li>Grosor y estructura de la secci\u00f3n del poste<\/li>\n\n\n\n<li>Dise\u00f1o del canal de conexi\u00f3n lama-poste<\/li>\n<\/ul>\n\n<p>Por ejemplo;<\/p>\n\n<p>Un panel de lama de 0,8 mm de material galvanizado duro, con una apertura de chapa de 157 mm,<br\/>puede mostrar una resistencia mucho mayor que un panel de 1 mm de grosor, pero con una apertura de 125 mm y fabricado con un material m\u00e1s blando.<\/p>\n\n<p>Porque la resistencia no solo est\u00e1 directamente relacionada con el grosor, sino tambi\u00e9n con la <strong>geometr\u00eda de la secci\u00f3n y las propiedades del material<\/strong>.<\/p>\n\n<p>Muchos fabricantes en el mercado prefieren materiales m\u00e1s blandos porque son m\u00e1s f\u00e1ciles de procesar. En este caso, un grosor de 1 mm o 1,2 mm por s\u00ed solo no es un indicador real de durabilidad. <\/p>\n\n<p>Del mismo modo, un panel de lama con un ancho interno estrecho y un dise\u00f1o d\u00e9bil no puede proporcionar la rigidez suficiente, incluso si tiene 1 mm de grosor.<\/p>\n\n<p>Cuando no se utiliza el dise\u00f1o y el material correctos, el aumento de grosor por s\u00ed solo no proporciona la robustez deseada.<\/p>\n\n<div style=\"height:39px\" aria-hidden=\"true\" class=\"wp-block-spacer\"><\/div>\n\n<figure class=\"wp-block-image size-large\"><img decoding=\"async\" width=\"1024\" height=\"768\" src=\"https:\/\/birmansacmetal.com\/wp-content\/uploads\/2025\/07\/Birman-Sac-Metal-Uretimi-1-1024x768.png\" alt=\"\" class=\"wp-image-3059\" style=\"aspect-ratio:16\/9;object-fit:cover\" srcset=\"https:\/\/birmansacmetal.com\/wp-content\/uploads\/2025\/07\/Birman-Sac-Metal-Uretimi-1-1024x768.png 1024w, https:\/\/birmansacmetal.com\/wp-content\/uploads\/2025\/07\/Birman-Sac-Metal-Uretimi-1-300x225.png 300w, https:\/\/birmansacmetal.com\/wp-content\/uploads\/2025\/07\/Birman-Sac-Metal-Uretimi-1-768x576.png 768w, https:\/\/birmansacmetal.com\/wp-content\/uploads\/2025\/07\/Birman-Sac-Metal-Uretimi-1-1536x1152.png 1536w, https:\/\/birmansacmetal.com\/wp-content\/uploads\/2025\/07\/Birman-Sac-Metal-Uretimi-1-600x450.png 600w, https:\/\/birmansacmetal.com\/wp-content\/uploads\/2025\/07\/Birman-Sac-Metal-Uretimi-1.png 1600w\" sizes=\"(max-width: 1024px) 100vw, 1024px\" \/><\/figure>\n\n<div style=\"height:24px\" aria-hidden=\"true\" class=\"wp-block-spacer\"><\/div>\n\n<p>Ejemplo de lama vendida en el mercado con medidas de 1 mm y 1,2 mm.<\/p>\n\n<div style=\"height:24px\" aria-hidden=\"true\" class=\"wp-block-spacer\"><\/div>\n\n<div class=\"wp-block-uagb-image uagb-block-a6eb75fa wp-block-uagb-image--layout-default wp-block-uagb-image--effect-static wp-block-uagb-image--align-none\"><figure class=\"wp-block-uagb-image__figure\"><img decoding=\"async\" srcset=\"https:\/\/birmansacmetal.com\/wp-content\/uploads\/2025\/07\/Birman-Sac-Metal-Uretimi-2-1024x768.png ,https:\/\/birmansacmetal.com\/wp-content\/uploads\/2025\/07\/Birman-Sac-Metal-Uretimi-2.png 780w, https:\/\/birmansacmetal.com\/wp-content\/uploads\/2025\/07\/Birman-Sac-Metal-Uretimi-2.png 360w\" sizes=\"auto, (max-width: 480px) 150px\" src=\"https:\/\/birmansacmetal.com\/wp-content\/uploads\/2025\/07\/Birman-Sac-Metal-Uretimi-2-1024x768.png\" alt=\"\" class=\"uag-image-3061\" width=\"1600\" height=\"1200\" title=\"Producci\u00f3n de Birman Sac Metal (2)\" loading=\"lazy\" role=\"img\"><\/figure><\/div>\n\n<div style=\"height:24px\" aria-hidden=\"true\" class=\"wp-block-spacer\"><\/div>\n\n<h2 class=\"wp-block-heading\">\u00bfC\u00f3mo debe ser la verdadera durabilidad en los Paneles de Valla Met\u00e1lica de Privacidad?<\/h2>\n\n<p>Los paneles de valla met\u00e1lica de privacidad generalmente pierden su integridad por tres razones principales:<\/p>\n\n<h3 class=\"wp-block-heading\">1) Impacto<\/h3>\n\n<p>Los golpes externos o impactos intencionados pueden causar deformaciones en las lamas. En raras ocasiones, pueden producirse desgarros. <\/p>\n\n<p>Sin embargo, dado que los sistemas de paneles de valla met\u00e1lica de privacidad tienen una estructura desmontable, las lamas da\u00f1adas pueden reemplazarse individualmente. Esto es una gran ventaja en t\u00e9rminos de mantenimiento. <\/p>\n\n<hr class=\"wp-block-separator has-alpha-channel-opacity\"\/>\n\n<h3 class=\"wp-block-heading\">2) Deterioro de la pintura<\/h3>\n\n<p>Este es uno de los problemas m\u00e1s comunes en el mercado.<\/p>\n\n<p>Los paneles de valla met\u00e1lica de privacidad suelen recubrirse con pintura en polvo electrost\u00e1tica. Este m\u00e9todo es uno de los sistemas de recubrimiento m\u00e1s duraderos para superficies met\u00e1licas. <\/p>\n\n<p>El sistema funciona de la siguiente manera:<\/p>\n\n<ul class=\"wp-block-list\">\n<li>Las part\u00edculas de pintura se adhieren al metal mediante carga electrost\u00e1tica.<\/li>\n\n\n\n<li>Se hornean a una temperatura de 180-200 \u00b0C durante un tiempo determinado.<\/li>\n\n\n\n<li>La pintura se vuelve fluida y se extiende completamente sobre la superficie.<\/li>\n\n\n\n<li>Se endurece al enfriarse y forma el recubrimiento.<\/li>\n<\/ul>\n\n<p>Sin embargo, aqu\u00ed se cometen tres errores cr\u00edticos:<\/p>\n\n<h3 class=\"wp-block-heading\">\u2022 Limpieza insuficiente de la superficie<\/h3>\n\n<p>En superficies no limpias, la pintura se ampollar\u00e1 o desprender\u00e1 en poco tiempo.<\/p>\n\n<h3 class=\"wp-block-heading\">\u2022 Uso de pintura en polvo de baja calidad<\/h3>\n\n<p>Las resinas baratas reducen la resistencia a los rayos UV y provocan la decoloraci\u00f3n en poco tiempo.<\/p>\n\n<h3 class=\"wp-block-heading\">\u2022 Uso de pintura reciclada<\/h3>\n\n<p>Las part\u00edculas de pintura recogidas y reutilizadas contienen impurezas. Esta situaci\u00f3n reduce gravemente tanto la estabilidad del color como la durabilidad. <\/p>\n\n<p>Adem\u00e1s, reducir la temperatura para acortar el tiempo de horneado tambi\u00e9n afecta negativamente la calidad del recubrimiento.<\/p>\n\n<hr class=\"wp-block-separator has-alpha-channel-opacity\"\/>\n\n<h3 class=\"wp-block-heading\">3) Carga de viento<\/h3>\n\n<p>La prueba m\u00e1s seria para los paneles de valla met\u00e1lica de privacidad es el viento. Especialmente en las regiones costeras, los vientos de alta velocidad pueden arrancar productos con un dise\u00f1o d\u00e9bil. <\/p>\n\n<p>En Turqu\u00eda, la velocidad b\u00e1sica m\u00e1xima del viento se considera de aproximadamente 40 m\/s (144 km\/h).<\/p>\n\n<p>A esta velocidad:<\/p>\n\n<p>1 m de ancho<br\/>10 cm de alto<\/p>\n\n<p>se ejerce una fuerza de aproximadamente <strong>200-350 N<\/strong> (aproximadamente 20-35 kg de fuerza) sobre un panel de lama.<\/p>\n\n<p>Un panel de lama correctamente dise\u00f1ado no debe mostrar deformaci\u00f3n permanente bajo esta fuerza.<\/p>\n\n<hr class=\"wp-block-separator has-alpha-channel-opacity\"\/>\n\n<h2 class=\"wp-block-heading\">Resultados del an\u00e1lisis<\/h2>\n\n<p>En el an\u00e1lisis realizado sobre un panel de lama de 0,8 mm de grosor, fabricado con material galvanizado duro:<\/p>\n\n<p>\u2022 Con una fuerza de 300 N desde el frente<br\/>\u2192 Se produjo una flexi\u00f3n el\u00e1stica de 4,89 mm en el punto central.<br\/>\u2192 No se produjo deformaci\u00f3n permanente.<\/p>\n\n<p>\u2022 Con una fuerza de 450 N desde arriba (\u224845 kg de carga)<br\/>\u2192 Se produjo una flexi\u00f3n de 2,17 mm.<br\/>\u2192 No se produjo deformaci\u00f3n permanente.<\/p>\n\n<p>Estos resultados demuestran que un panel de lama de 0,8 mm de grosor con un dise\u00f1o de secci\u00f3n transversal adecuado puede proporcionar una durabilidad suficiente en las condiciones de Turqu\u00eda.<\/p>\n\n<hr class=\"wp-block-separator has-alpha-channel-opacity\"\/>\n\n<h2 class=\"wp-block-heading\">Conclusi\u00f3n<\/h2>\n\n<p>El grosor no es el \u00fanico factor que determina la durabilidad en un panel de valla met\u00e1lica de privacidad.<\/p>\n\n<p>\u2022 Dise\u00f1o<br\/>\u2022 Calidad del material<br\/>\u2022 Apertura de la chapa<br\/>\u2022 Sistema de conexi\u00f3n<br\/>\u2022 Estructura del poste<br\/>\u2022 Calidad de la pintura<\/p>\n\n<p>todos estos elementos deben evaluarse conjuntamente.<\/p>\n\n<p>Un panel de lama de 1,2 mm producido con un dise\u00f1o incorrecto y material de baja calidad puede ser m\u00e1s d\u00e9bil que un panel de lama de 0,8 mm producido con una ingenier\u00eda adecuada.<\/p>\n\n<p>Por lo tanto, al comprar un producto, no solo se debe prestar atenci\u00f3n al grosor, sino tambi\u00e9n al peso por metro cuadrado y al dise\u00f1o de la secci\u00f3n transversal.<\/p>\n\n<div style=\"height:26px\" aria-hidden=\"true\" class=\"wp-block-spacer\"><\/div>\n\n<figure class=\"wp-block-video\"><video height=\"798\" style=\"aspect-ratio: 1098 \/ 798;\" width=\"1098\" controls=\"\" src=\"https:\/\/birmansacmetal.com\/wp-content\/uploads\/2025\/07\/Panjur-Cit-Saglamlik-Testi.mp4\"><\/video><\/figure>\n\n<div style=\"height:0px\" aria-hidden=\"true\" class=\"wp-block-spacer\"><\/div>\n\n<p>En el an\u00e1lisis realizado, se observa que bajo una fuerza de <strong>300 N<\/strong> aplicada al panel desde el frente, se produjo una <strong>flexi\u00f3n el\u00e1stica de 4,89 mm<\/strong> en el punto central. Dado que el panel est\u00e1 fabricado con chapa met\u00e1lica, esta deformaci\u00f3n se mantiene completamente dentro de los l\u00edmites el\u00e1sticos y no causa un cambio de forma permanente en el material. <\/p>\n\n<p>Este resultado demuestra que una secci\u00f3n de panel de lama con un dise\u00f1o adecuado puede mantener su integridad estructural incluso en las condiciones de viento m\u00e1s severas.<\/p>\n\n<p>Del mismo modo, se analiz\u00f3 el efecto de las cargas verticales que podr\u00edan incidir sobre el panel desde arriba. En este escenario, se evalu\u00f3 el comportamiento del panel frente a diferentes direcciones de carga y se midi\u00f3 la rigidez del sistema. <\/p>\n\n<div style=\"height:26px\" aria-hidden=\"true\" class=\"wp-block-spacer\"><\/div>\n\n<figure class=\"wp-block-video\"><video height=\"710\" style=\"aspect-ratio: 1050 \/ 710;\" width=\"1050\" controls=\"\" src=\"https:\/\/birmansacmetal.com\/wp-content\/uploads\/2025\/07\/45-Kilo-Ustten-Yayili-Yuk.-Panjur-Saglamlik-Testi.mp4\"><\/video><\/figure>\n\n<div style=\"height:26px\" aria-hidden=\"true\" class=\"wp-block-spacer\"><\/div>\n\n<p>En el an\u00e1lisis, se aplic\u00f3 una fuerza de <strong>450 N<\/strong> al panel desde arriba. Este valor corresponde aproximadamente a que <strong>una persona de 45 kg se siente sobre el panel<\/strong>. <\/p>\n\n<p>Bajo esta carga, se produjo una <strong>flexi\u00f3n el\u00e1stica descendente de 2,17 mm<\/strong> en el panel. Sin embargo, la deformaci\u00f3n se mantuvo completamente dentro de los l\u00edmites el\u00e1sticos y no se produjo un cambio de forma permanente en el material. <\/p>\n\n<p>Este resultado demuestra que un panel de lama con un dise\u00f1o de secci\u00f3n transversal adecuado y propiedades de material apropiadas puede proporcionar una durabilidad suficiente no solo contra la carga del viento, sino tambi\u00e9n contra cargas verticales repentinas.<\/p>\n\n<hr class=\"wp-block-separator has-alpha-channel-opacity\"\/>\n\n<h3 class=\"wp-block-heading\">Evaluaci\u00f3n General<\/h3>\n\n<p>Los resultados del an\u00e1lisis obtenidos revelan que un panel de lama dise\u00f1ado con un enfoque de ingenier\u00eda adecuado y fabricado con el material apropiado puede <strong>proporcionar el rendimiento estructural necesario incluso con un grosor de 0,8 mm<\/strong>.<\/p>\n\n<p>Por el contrario, si se utiliza un dise\u00f1o incorrecto y materiales de baja calidad, el simple aumento del grosor del panel no proporcionar\u00e1 la robustez deseada.<\/p>\n\n<p>Los elementos clave que determinan la durabilidad son:<\/p>\n\n<ul class=\"wp-block-list\">\n<li>Calidad del material<\/li>\n\n\n\n<li>Dise\u00f1o de la secci\u00f3n<\/li>\n\n\n\n<li>Ancho de apertura de la chapa<\/li>\n\n\n\n<li>Sistema de conexi\u00f3n<\/li>\n\n\n\n<li>Calidad de la pintura y preparaci\u00f3n de la superficie<\/li>\n<\/ul>\n\n<p>Especialmente el <strong>peso por metro cuadrado<\/strong> del producto proporciona pistas importantes sobre la calidad real de la chapa utilizada y la geometr\u00eda de la secci\u00f3n. Este valor es uno de los criterios m\u00e1s objetivos a considerar al comparar productos. <\/p>\n\n<div class=\"panjur-calculator-card\">\n    <a href=\"https:\/\/birmansacmetal.com\/korkuluk\/\" target=\"_blank\" style=\"display:flex;align-items:center;text-decoration:none;color:inherit;\">\n        <div class=\"panjur-calculator-icon\">\n            <svg xmlns=\"http:\/\/www.w3.org\/2000\/svg\" viewbox=\"0 0 24 24\" fill=\"currentColor\">\n                <path d=\"M6 2a2 2 0 00-2 2v16a2 2 0 002 2h12a2 2 0 002-2V4a2 2 0 00-2-2H6zm0 2h12v16H6V4zm2 2v2h8V6H8zm0 4v2h1v-2H8zm2 0v2h1v-2h-1zm2 0v2h1v-2h-1zm-4 4v2h1v-2H8zm2 0v2h1v-2h-1zm2 0v2h1v-2h-1zm-4 4v2h1v-2H8zm2 0v2h1v-2h-1zm2 0v2h1v-2h-1z\"><\/path>\n            <\/svg>\n        <\/div>\n        <div class=\"panjur-calculator-content\">\n            <h3>Herramienta de c\u00e1lculo de Paneles de Valla Met\u00e1lica de Privacidad<\/h3>\n            <p>Precios profesionales para sus medidas personalizadas<\/p>\n        <\/div>\n        <div class=\"panjur-calculator-arrow\">\n            <svg xmlns=\"http:\/\/www.w3.org\/2000\/svg\" viewbox=\"0 0 24 24\" fill=\"currentColor\">\n                <path fill-rule=\"evenodd\" d=\"M16.28 11.47a.75.75 0 010 1.06l-7.5 7.5a.75.75 0 01-1.06-1.06L14.69 12 7.72 5.03a.75.75 0 011.06-1.06l7.5 7.5z\" clip-rule=\"evenodd\"><\/path>\n            <\/svg>\n        <\/div>\n    <\/a>\n<\/div>\n\n<div style=\"height:26px\" aria-hidden=\"true\" class=\"wp-block-spacer\"><\/div>\n\n<div data-block-name=\"woocommerce\/single-product\" data-product-id=\"2909\" data-wp-context=\"{&quot;productId&quot;:2909,&quot;variationId&quot;:null}\" data-wp-interactive=\"woocommerce\/single-product\" class=\"wp-block-woocommerce-single-product woocommerce\">\n<div class=\"wp-block-columns is-layout-flex wp-container-core-columns-is-layout-28f84493 wp-block-columns-is-layout-flex\">\n<div class=\"wp-block-column is-layout-flow wp-block-column-is-layout-flow\"><div data-block-name=\"woocommerce\/product-image\" data-is-descendent-of-single-product-block=\"true\" data-show-sale-badge=\"false\" class=\"wc-block-components-product-image wc-block-grid__product-image wc-block-components-product-image--aspect-ratio-auto wp-block-woocommerce-product-image\"><a href=\"https:\/\/birmansacmetal.com\/urun\/panjur-cit-korkuluk\/?attribute_pa_yukseklik=104cm\" style=\"\" data-wp-on--click=\"woocommerce\/product-collection::actions.viewProduct\"><img decoding=\"async\" width=\"600\" height=\"450\" src=\"https:\/\/birmansacmetal.com\/wp-content\/uploads\/2025\/04\/Panjur-Cit-8-600x450.jpg\" class=\"attachment-woocommerce_single size-woocommerce_single\" alt=\"Panjur \u00c7it Korkuluk\" data-testid=\"product-image\" data-image-id=\"2929\" style=\"object-fit:cover;\" loading=\"lazy\" srcset=\"https:\/\/birmansacmetal.com\/wp-content\/uploads\/2025\/04\/Panjur-Cit-8-600x450.jpg 600w, https:\/\/birmansacmetal.com\/wp-content\/uploads\/2025\/04\/Panjur-Cit-8-300x225.jpg 300w, https:\/\/birmansacmetal.com\/wp-content\/uploads\/2025\/04\/Panjur-Cit-8-1024x768.jpg 1024w, https:\/\/birmansacmetal.com\/wp-content\/uploads\/2025\/04\/Panjur-Cit-8-768x576.jpg 768w, https:\/\/birmansacmetal.com\/wp-content\/uploads\/2025\/04\/Panjur-Cit-8-1536x1152.jpg 1536w, https:\/\/birmansacmetal.com\/wp-content\/uploads\/2025\/04\/Panjur-Cit-8.jpg 2040w\" sizes=\"auto, (max-width: 600px) 100vw, 600px\" \/><div class=\"wc-block-components-product-image__inner-container\">\n\n<\/div><\/a><\/div><\/div>\n\n\n\n<div class=\"wp-block-column is-layout-flow wp-block-column-is-layout-flow\"><h2 class=\"wp-block-post-title\"><a href=\"https:\/\/birmansacmetal.com\/urun\/panjur-cit-korkuluk\/?attribute_pa_yukseklik=104cm\" target=\"_self\" >Panjur \u00c7it Korkuluk &#8211; 104 cm<\/a><\/h2>\n\n\n\n<div data-block-name=\"woocommerce\/product-price\" data-is-descendent-of-single-product-block=\"true\" class=\"wp-block-woocommerce-product-price\" ><div class=\"wc-block-components-product-price wc-block-grid__product-price\" >\n\t\t\t\t\t<span class=\"woocommerce-Price-amount amount\"><bdi>75,00&nbsp;<span class=\"woocommerce-Price-currencySymbol\">&euro;<\/span><\/bdi><\/span>\n\t\t\t\t<\/div><\/div>\n\n\n\n<div data-block-name=\"woocommerce\/add-to-cart-form\" class=\"wp-block-add-to-cart-form wc-block-add-to-cart-form wc-block-add-to-cart-form--input wp-block-woocommerce-add-to-cart-form\" >\n\t\n\t<form class=\"cart\" action=\"https:\/\/birmansacmetal.com\/urun\/panjur-cit-korkuluk\/?attribute_pa_yukseklik=104cm\" method=\"post\" enctype='multipart\/form-data'>\n\t\t\n\t\t<div class=\"quantity\">\n\t\t<label class=\"screen-reader-text\" for=\"quantity_69d01747bf496\">Panjur \u00c7it Korkuluk cantidad<\/label>\n\t<input\n\t\ttype=\"number\"\n\t\t\t\tid=\"quantity_69d01747bf496\"\n\t\tclass=\"input-text qty text\"\n\t\tname=\"quantity\"\n\t\tvalue=\"1\"\n\t\taria-label=\"Cantidad de productos\"\n\t\t\t\tmin=\"1\"\n\t\t\t\t\t\t\tstep=\"1\"\n\t\t\tplaceholder=\"\"\n\t\t\tinputmode=\"numeric\"\n\t\t\tautocomplete=\"off\"\n\t\t\t\/>\n\t<\/div>\n\n\t\t<button type=\"submit\" name=\"add-to-cart\" value=\"2909\" class=\"single_add_to_cart_button button alt\">A\u00f1adir al carrito<\/button>\n\n\t\t\t<\/form>\n\n\t\n<\/div>\n\n\n<div data-block-name=\"woocommerce\/product-meta\" class=\"wp-block-woocommerce-product-meta\">\n<div class=\"wp-block-group is-nowrap is-layout-flex wp-container-core-group-is-layout-6c531013 wp-block-group-is-layout-flex\"><div data-block-name=\"woocommerce\/product-sku\" class=\"wc-block-components-product-sku wc-block-grid__product-sku wp-block-woocommerce-product-sku product_meta wp-block-post-terms \" style=\"\">\n\t\t\t\t<span class=\"wp-block-post-terms__prefix\">SKU:<\/span>\n\t\t\t\t<span class=\"sku\" >BIK559E2861-01<\/span>\n\t\t\t\t\n\t\t\t<\/div>\n\n\n\n<\/div>\n<\/div>\n<\/div>\n<\/div>\n<\/div>\n","protected":false},"excerpt":{"rendered":"<p>En los \u00faltimos a\u00f1os, los paneles de valla met\u00e1lica de privacidad son muy populares gracias a su est\u00e9tica y a la ventaja de su precio asequible. Sin embargo, muchas personas creen que no pueden soportar vientos fuertes, especialmente debido al bajo grosor de las lamas. En el mercado existen modelos de paneles de valla met\u00e1lica [&hellip;]<\/p>\n","protected":false},"author":1,"featured_media":0,"parent":0,"menu_order":0,"comment_status":"closed","ping_status":"closed","template":"","meta":{"_uag_custom_page_level_css":"","site-sidebar-layout":"default","site-content-layout":"","ast-site-content-layout":"default","site-content-style":"default","site-sidebar-style":"default","ast-global-header-display":"","ast-banner-title-visibility":"","ast-main-header-display":"","ast-hfb-above-header-display":"","ast-hfb-below-header-display":"","ast-hfb-mobile-header-display":"","site-post-title":"","ast-breadcrumbs-content":"","ast-featured-img":"","footer-sml-layout":"","ast-disable-related-posts":"","theme-transparent-header-meta":"","adv-header-id-meta":"","stick-header-meta":"","header-above-stick-meta":"","header-main-stick-meta":"","header-below-stick-meta":"","astra-migrate-meta-layouts":"default","ast-page-background-enabled":"default","ast-page-background-meta":{"desktop":{"background-color":"var(--ast-global-color-4)","background-image":"","background-repeat":"repeat","background-position":"center center","background-size":"auto","background-attachment":"scroll","background-type":"","background-media":"","overlay-type":"","overlay-color":"","overlay-opacity":"","overlay-gradient":""},"tablet":{"background-color":"","background-image":"","background-repeat":"repeat","background-position":"center center","background-size":"auto","background-attachment":"scroll","background-type":"","background-media":"","overlay-type":"","overlay-color":"","overlay-opacity":"","overlay-gradient":""},"mobile":{"background-color":"","background-image":"","background-repeat":"repeat","background-position":"center center","background-size":"auto","background-attachment":"scroll","background-type":"","background-media":"","overlay-type":"","overlay-color":"","overlay-opacity":"","overlay-gradient":""}},"ast-content-background-meta":{"desktop":{"background-color":"var(--ast-global-color-5)","background-image":"","background-repeat":"repeat","background-position":"center center","background-size":"auto","background-attachment":"scroll","background-type":"","background-media":"","overlay-type":"","overlay-color":"","overlay-opacity":"","overlay-gradient":""},"tablet":{"background-color":"var(--ast-global-color-5)","background-image":"","background-repeat":"repeat","background-position":"center center","background-size":"auto","background-attachment":"scroll","background-type":"","background-media":"","overlay-type":"","overlay-color":"","overlay-opacity":"","overlay-gradient":""},"mobile":{"background-color":"var(--ast-global-color-5)","background-image":"","background-repeat":"repeat","background-position":"center center","background-size":"auto","background-attachment":"scroll","background-type":"","background-media":"","overlay-type":"","overlay-color":"","overlay-opacity":"","overlay-gradient":""}},"footnotes":""},"class_list":["post-5187","page","type-page","status-publish","hentry"],"aioseo_notices":[],"uagb_featured_image_src":{"full":false,"thumbnail":false,"medium":false,"medium_large":false,"large":false,"1536x1536":false,"2048x2048":false,"woocommerce_thumbnail":false,"woocommerce_single":false,"woocommerce_gallery_thumbnail":false},"uagb_author_info":{"display_name":"Birman Sac Metal","author_link":"https:\/\/birmansacmetal.com\/es\/author\/birmansacmetalgmail-com\/"},"uagb_comment_info":0,"uagb_excerpt":"En los \u00faltimos a\u00f1os, los paneles de valla met\u00e1lica de privacidad son muy populares gracias a su est\u00e9tica y a la ventaja de su precio asequible. Sin embargo, muchas personas creen que no pueden soportar vientos fuertes, especialmente debido al bajo grosor de las lamas. En el mercado existen modelos de paneles de valla met\u00e1lica&hellip;","_links":{"self":[{"href":"https:\/\/birmansacmetal.com\/es\/wp-json\/wp\/v2\/pages\/5187","targetHints":{"allow":["GET"]}}],"collection":[{"href":"https:\/\/birmansacmetal.com\/es\/wp-json\/wp\/v2\/pages"}],"about":[{"href":"https:\/\/birmansacmetal.com\/es\/wp-json\/wp\/v2\/types\/page"}],"author":[{"embeddable":true,"href":"https:\/\/birmansacmetal.com\/es\/wp-json\/wp\/v2\/users\/1"}],"replies":[{"embeddable":true,"href":"https:\/\/birmansacmetal.com\/es\/wp-json\/wp\/v2\/comments?post=5187"}],"version-history":[{"count":0,"href":"https:\/\/birmansacmetal.com\/es\/wp-json\/wp\/v2\/pages\/5187\/revisions"}],"wp:attachment":[{"href":"https:\/\/birmansacmetal.com\/es\/wp-json\/wp\/v2\/media?parent=5187"}],"curies":[{"name":"wp","href":"https:\/\/api.w.org\/{rel}","templated":true}]}}