{"id":5185,"date":"2024-08-07T20:49:28","date_gmt":"2024-08-07T20:49:28","guid":{"rendered":"https:\/\/birmansacmetal.com\/innovacion-y-desarrollo-en-el-sector-de-la-chapa-metalica\/"},"modified":"2026-02-16T12:07:10","modified_gmt":"2026-02-16T12:07:10","slug":"innovacion-y-desarrollo-en-el-sector-de-la-chapa-metalica","status":"publish","type":"page","link":"https:\/\/birmansacmetal.com\/es\/innovacion-y-desarrollo-en-el-sector-de-la-chapa-metalica\/","title":{"rendered":"Innovaci\u00f3n y Desarrollo en el Sector de la Chapa Met\u00e1lica"},"content":{"rendered":"\n<div class=\"wp-block-uagb-container uagb-block-37fe9e23 alignfull uagb-is-root-container\"><div class=\"uagb-container-inner-blocks-wrap\">\n<h1 class=\"wp-block-heading has-text-align-center has-ast-global-color-5-color has-text-color has-link-color wp-elements-5e33857e9f24a005ef3e760081f9597a\">Innovaci\u00f3n y Desarrollo en el Sector de la Chapa Met\u00e1lica<\/h1>\n<\/div><\/div>\n\n<div class=\"wp-block-uagb-container uagb-block-d8b61c7b alignfull uagb-is-root-container\"><div class=\"uagb-container-inner-blocks-wrap\"><\/div><\/div>\n\n<p><\/p>\n\n<p>El sector de la fabricaci\u00f3n de chapa met\u00e1lica es un campo donde los avances tecnol\u00f3gicos se integran r\u00e1pidamente. En el mundo industrial, la innovaci\u00f3n se ha convertido en un componente cr\u00edtico para obtener una ventaja competitiva y establecer un proceso de producci\u00f3n sostenible. La fusi\u00f3n de los m\u00e9todos de producci\u00f3n cl\u00e1sicos con las tecnolog\u00edas modernas aporta importantes beneficios en la fabricaci\u00f3n de chapa met\u00e1lica, tanto en t\u00e9rminos de eficiencia como de calidad.  <\/p>\n\n<p>En particular, enfoques innovadores como los sistemas de automatizaci\u00f3n, las t\u00e9cnicas de producci\u00f3n inteligente y la transformaci\u00f3n digital est\u00e1n realizando importantes contribuciones al sector de la chapa met\u00e1lica. Estas innovaciones permiten que los procesos de producci\u00f3n se realicen de manera m\u00e1s r\u00e1pida, fiable y \u00f3ptima. El impacto de la innovaci\u00f3n en la industria no se limita solo a la eficiencia de la producci\u00f3n, sino que tambi\u00e9n reduce los costes y apoya la sostenibilidad ambiental.  <\/p>\n\n<p>Comprender el papel de la innovaci\u00f3n en la fabricaci\u00f3n de chapa met\u00e1lica es crucial para lograr una ventaja competitiva en el sector. Las t\u00e9cnicas modernas integradas y las herramientas de producci\u00f3n avanzadas no solo mejoran la calidad del producto, sino que tambi\u00e9n maximizan la eficiencia de la mano de obra. En este contexto, se ha vuelto una necesidad ineludible que los actores del sector inviertan en actividades de I+D y tiendan puentes entre soluciones innovadoras.  <\/p>\n\n<p>As\u00ed, la importancia de la innovaci\u00f3n se hace a\u00fan m\u00e1s evidente en toda la industria y, especialmente, en la producci\u00f3n de chapa met\u00e1lica. La integraci\u00f3n de los avances tecnol\u00f3gicos y las aplicaciones innovadoras ofrece una gran ventaja para adaptarse a los r\u00e1pidos cambios del sector y a las condiciones competitivas del mercado. En las pr\u00f3ximas secciones, se abordar\u00e1 en detalle la importancia de la innovaci\u00f3n en la fabricaci\u00f3n de chapa met\u00e1lica y las contribuciones de Birman Sac Metal.\u00ab`<\/p>\n\n<h2 class=\"wp-block-heading\">Din\u00e1micas Fundamentales de la Fabricaci\u00f3n de Chapa Met\u00e1lica<\/h2>\n\n<p>La fabricaci\u00f3n de chapa met\u00e1lica ocupa un lugar importante en el mundo de la producci\u00f3n industrial actual. Los procesos fundamentales utilizados en este sector incluyen operaciones como corte, plegado, perforaci\u00f3n, soldadura y conformado. Cada operaci\u00f3n se realiza con la ayuda de t\u00e9cnicas y m\u00e1quinas espec\u00edficas. Por ejemplo, el proceso de corte se lleva a cabo utilizando m\u00e1quinas de corte por l\u00e1ser o cortadoras de plasma CNC; estos m\u00e9todos ofrecen grandes ventajas en t\u00e9rminos de precisi\u00f3n y velocidad.   <\/p>\n\n<p>Entre las m\u00e1quinas utilizadas con frecuencia en los procesos de conformado se encuentran las prensas, las prensas hidr\u00e1ulicas y las m\u00e1quinas de plegado rob\u00f3ticas. Estos dispositivos desempe\u00f1an un papel cr\u00edtico en la conformaci\u00f3n de la chapa met\u00e1lica a la forma deseada. La tecnolog\u00eda de alta precisi\u00f3n y el software de dise\u00f1o asistido por ordenador (CAD) est\u00e1n integrados en cada etapa de los procesos de producci\u00f3n para aumentar la calidad y la eficiencia. Adem\u00e1s, gracias a este software, los dise\u00f1os realizados por ordenador pueden enviarse directamente a los dispositivos de producci\u00f3n, lo que permite una producci\u00f3n r\u00e1pida y sin errores.   <\/p>\n\n<p>En los \u00faltimos a\u00f1os, los avances tecnol\u00f3gicos en el sector han mejorado en gran medida la calidad y la eficiencia de la producci\u00f3n. Por ejemplo, los sistemas de producci\u00f3n inteligentes y las tecnolog\u00edas de automatizaci\u00f3n permiten procesos de producci\u00f3n optimizados y personalizados para el cliente en la fabricaci\u00f3n de chapa met\u00e1lica. Estas innovaciones minimizan la p\u00e9rdida de tiempo y los errores innecesarios en la l\u00ednea de producci\u00f3n, al tiempo que reducen los costes laborales.  <\/p>\n\n<p>En general, las t\u00e9cnicas y m\u00e1quinas avanzadas utilizadas en la fabricaci\u00f3n de chapa met\u00e1lica influyen significativamente en la calidad y la eficiencia de la producci\u00f3n. Una l\u00ednea de producci\u00f3n bien integrada siempre destaca en un entorno de mercado competitivo. Adem\u00e1s, las innovaciones en el sector permiten adoptar un enfoque de producci\u00f3n sostenible. Las nuevas tecnolog\u00edas reducen el consumo de energ\u00eda y el desperdicio de material, lo que resulta en un proceso de producci\u00f3n m\u00e1s respetuoso con el medio ambiente.   <\/p>\n\n<h2 class=\"wp-block-heading\">Importancia y Beneficios de la Innovaci\u00f3n<\/h2>\n\n<p>El sector de la fabricaci\u00f3n de chapa met\u00e1lica debe aprovechar el poder de la innovaci\u00f3n para adaptarse a las necesidades cambiantes y a las duras condiciones de la competencia. La innovaci\u00f3n proporciona ventajas significativas en el sector al mejorar los procesos de producci\u00f3n e integrarse con la tecnolog\u00eda en desarrollo. Una de las principales ventajas es el aumento de la velocidad de producci\u00f3n. Por ejemplo, el uso de sistemas de automatizaci\u00f3n aumenta la eficiencia de la mano de obra y acorta el tiempo de producci\u00f3n. De este modo, las empresas pueden responder a las demandas de sus clientes de forma m\u00e1s r\u00e1pida y eficaz.    <\/p>\n\n<p>Por otro lado, la innovaci\u00f3n desempe\u00f1a un papel fundamental en la reducci\u00f3n de costes. Especialmente, el uso de tecnolog\u00edas energ\u00e9ticamente eficientes y el reciclaje de materiales de desecho pueden reducir los costes de producci\u00f3n. Las modernas m\u00e1quinas CNC y las tecnolog\u00edas de corte de alta precisi\u00f3n minimizan el desperdicio de material, lo que garantiza un proceso de producci\u00f3n econ\u00f3mico. Adem\u00e1s, la digitalizaci\u00f3n y las tecnolog\u00edas de la Industria 4.0 permiten reducir los errores de producci\u00f3n y optimizar las operaciones de mantenimiento, lo que tambi\u00e9n disminuye los costes operativos.   <\/p>\n\n<p>La mejora de la calidad es otro de los importantes beneficios de la innovaci\u00f3n. Las t\u00e9cnicas avanzadas de monitorizaci\u00f3n y medici\u00f3n se utilizan para estandarizar la calidad del producto y aumentar la satisfacci\u00f3n del cliente. Adem\u00e1s, el software de dise\u00f1o asistido por ordenador (CAD) y de fabricaci\u00f3n (CAM) permite a ingenieros y dise\u00f1adores producir piezas met\u00e1licas m\u00e1s complejas y precisas. Esto aumenta tanto la diversidad de productos como la producci\u00f3n de art\u00edculos de alta calidad.   <\/p>\n\n<p>Adem\u00e1s, la innovaci\u00f3n contribuye significativamente a la sostenibilidad. Las t\u00e9cnicas de producci\u00f3n respetuosas con el medio ambiente y las soluciones innovadoras para reducir las emisiones nocivas ayudan a minimizar el impacto ambiental en el sector de la fabricaci\u00f3n de chapa met\u00e1lica. Por lo tanto, la innovaci\u00f3n no solo aporta beneficios econ\u00f3micos, sino tambi\u00e9n ambientales.\u00ab`html<\/p>\n\n<h2 class=\"wp-block-heading\">Estrategia de Innovaci\u00f3n de Birman Sac Metal<\/h2>\n\n<p>Birman Sac Metal ocupa un lugar importante en el sector de la fabricaci\u00f3n de chapa met\u00e1lica gracias a sus estrategias innovadoras. La importancia que la empresa otorga a la innovaci\u00f3n es uno de los factores m\u00e1s distintivos que la hacen destacar en las condiciones competitivas del mercado. El departamento de I+D de Birman Sac Metal trabaja continuamente en nuevos materiales y t\u00e9cnicas, llevando la capacidad t\u00e9cnica de la empresa a niveles avanzados.  <\/p>\n\n<p>La empresa ha realizado grandes inversiones en el uso de herramientas modernas como la tecnolog\u00eda de impresi\u00f3n 3D y las m\u00e1quinas de corte por l\u00e1ser, desarrollando as\u00ed procesos de producci\u00f3n m\u00e1s precisos y rentables. Como resultado de los an\u00e1lisis y pruebas exhaustivos realizados por el equipo de I+D, las l\u00edneas de producci\u00f3n se optimizan continuamente y se aumenta la capacidad de respuesta r\u00e1pida a las demandas de los clientes. <\/p>\n\n<p>Adem\u00e1s, Birman Sac Metal ha integrado aplicaciones de gemelos digitales y f\u00e1bricas inteligentes, aprovechando los beneficios de la Industria 4.0. Estas tecnolog\u00edas permiten la monitorizaci\u00f3n y el control en tiempo real de cada etapa del proceso de producci\u00f3n, aumentando significativamente la eficiencia operativa. Asimismo, los conocimientos obtenidos mediante el an\u00e1lisis de datos y las aplicaciones de inteligencia artificial contribuyen a realizar proyecciones de producci\u00f3n futuras con mayor precisi\u00f3n.  <\/p>\n\n<p>La empresa no se limita solo a las inversiones en tecnolog\u00eda, sino que tambi\u00e9n tiene como objetivo aumentar las competencias de sus empleados a trav\u00e9s de programas de formaci\u00f3n continua. De este modo, la adopci\u00f3n e implementaci\u00f3n de procesos innovadores se lleva a cabo de forma m\u00e1s r\u00e1pida y eficaz. Las actividades de formaci\u00f3n y desarrollo aumentan la capacidad de adaptaci\u00f3n del personal a las nuevas tecnolog\u00edas y sientan una base s\u00f3lida para las estrategias de crecimiento basadas en la innovaci\u00f3n de la empresa.  <\/p>\n\n<p>Esta estrategia de innovaci\u00f3n multifac\u00e9tica de Birman Sac Metal no se limita solo a la capacidad de producci\u00f3n actual, sino que tambi\u00e9n adopta un enfoque proactivo ante posibles cambios futuros del mercado. De este modo, la empresa avanza con pasos m\u00e1s firmes hacia sus objetivos de crecimiento a corto y largo plazo.\u00ab`<\/p>\n\n<h2 class=\"wp-block-heading\">Historias de \u00c9xito de Birman Sac Metal<\/h2>\n\n<p>Birman Sac Metal destaca en el sector por su enfoque innovador y sus proyectos exitosos. La empresa ha abierto nuevos caminos en la fabricaci\u00f3n de chapa met\u00e1lica con sus soluciones innovadoras. Estos proyectos no solo han contribuido al \u00e9xito de la propia empresa, sino que tambi\u00e9n han generado impactos significativos en todo el sector.  <\/p>\n\n<p>Uno de los \u00e9xitos de Birman Sac Metal son las innovadoras soluciones de chapa met\u00e1lica que ha ofrecido a la industria automotriz. La tecnolog\u00eda avanzada y la ingenier\u00eda utilizadas en este proyecto han proporcionado ventajas de costes en el proceso de producci\u00f3n de veh\u00edculos y han permitido la fabricaci\u00f3n de chapas met\u00e1licas m\u00e1s duraderas y ligeras. Gracias a estos trabajos, Birman Sac Metal se ha convertido en uno de los proveedores m\u00e1s importantes del sector automotriz.  <\/p>\n\n<p>Adem\u00e1s, las colaboraciones de Birman Sac Metal con la industria de defensa tambi\u00e9n son notables. La empresa ha participado en importantes proyectos del sector de defensa con chapas met\u00e1licas de alta resistencia desarrolladas espec\u00edficamente para esta industria. Los \u00e9xitos demostrados en este campo y las soluciones ofrecidas le han permitido ser un socio de confianza en la industria de defensa.  <\/p>\n\n<p>Birman Sac Metal tambi\u00e9n marca la diferencia en el sector con sus trabajos en sostenibilidad. La empresa ha desarrollado t\u00e9cnicas de producci\u00f3n respetuosas con el medio ambiente al integrar materiales reutilizables y reciclables en sus procesos de producci\u00f3n. De este modo, ha contribuido al medio ambiente y ha sido pionera para otras empresas del sector.  <\/p>\n\n<p>El \u00e9xito de la empresa no se ha limitado solo a los proyectos, sino que tambi\u00e9n ha sido reconocido con premios y distinciones. Birman Sac Metal ha sido galardonada con numerosos premios prestigiosos gracias a sus soluciones innovadoras y su destacado \u00e9xito en el sector. Estos premios han consolidado la posici\u00f3n y la reputaci\u00f3n de la empresa en la industria.  <\/p>\n\n<h2 class=\"wp-block-heading\">Tecnolog\u00edas Verdes y Trabajos de Sostenibilidad<\/h2>\n\n<p>Hoy en d\u00eda, las tecnolog\u00edas verdes y la sostenibilidad han adquirido una importancia significativa en la producci\u00f3n industrial. Birman Sac Metal, pionera en innovaciones en el sector de la fabricaci\u00f3n de chapa met\u00e1lica, destaca por sus trabajos en este \u00e1mbito. La empresa tiene como objetivo tanto el uso eficiente de los recursos como la minimizaci\u00f3n de los impactos ambientales a trav\u00e9s de t\u00e9cnicas de producci\u00f3n sostenibles.  <\/p>\n\n<p>Birman Sac Metal integra pr\u00e1cticas de reciclaje en sus procesos de producci\u00f3n, minimizando la generaci\u00f3n de residuos. En particular, los excedentes de piezas met\u00e1licas y las virutas se revalorizan y se reutilizan en los procesos de fabricaci\u00f3n. Esto no solo reduce la cantidad de residuos, sino que tambi\u00e9n minimiza el uso de materias primas, contribuyendo a la conservaci\u00f3n de los recursos naturales.  <\/p>\n\n<p>La eficiencia energ\u00e9tica es una de las prioridades de Birman Sac Metal. En las instalaciones de producci\u00f3n se han adoptado soluciones innovadoras para reducir el consumo de energ\u00eda, aumentando as\u00ed la eficiencia energ\u00e9tica. Gracias a los avanzados sistemas de monitorizaci\u00f3n energ\u00e9tica, el consumo se controla continuamente y se logra un ahorro de energ\u00eda en las secciones no utilizadas. Adem\u00e1s, se est\u00e1n llevando a cabo trabajos para orientarse hacia fuentes de energ\u00eda renovables. Los paneles solares y otras soluciones de energ\u00eda verde se utilizan ampliamente en las instalaciones, y una parte significativa de las necesidades energ\u00e9ticas se cubre con estas fuentes.    <\/p>\n\n<p>Los trabajos de innovaci\u00f3n respetuosos con el medio ambiente de Birman Sac Metal no se limitan solo a la energ\u00eda y el reciclaje. La empresa tambi\u00e9n se esfuerza por minimizar los impactos ambientales de los productos qu\u00edmicos y materiales utilizados en la producci\u00f3n. En este contexto, se est\u00e1n llevando a cabo trabajos de I+D para reducir el uso de productos qu\u00edmicos nocivos y reemplazarlos por alternativas m\u00e1s respetuosas con el medio ambiente. Adem\u00e1s, se presta especial atenci\u00f3n a que sus productos sean f\u00e1cilmente reciclables al final de su vida \u00fatil.   <\/p>\n\n<p>Birman Sac Metal mantiene su posici\u00f3n respetada e innovadora en el sector de la fabricaci\u00f3n de chapa met\u00e1lica gracias a su compromiso con la sostenibilidad ambiental y la integraci\u00f3n de tecnolog\u00edas verdes. Estos trabajos pioneros de la empresa sirven de ejemplo para el sector y desempe\u00f1an un papel importante en el objetivo de dejar un mundo m\u00e1s habitable para las generaciones futuras. <\/p>\n\n<h2 class=\"wp-block-heading\">Planes y Objetivos Futuros<\/h2>\n\n<p>Birman Sac Metal tiene como objetivo realizar importantes avances en el campo de la innovaci\u00f3n en el sector de la fabricaci\u00f3n de chapa met\u00e1lica en el pr\u00f3ximo per\u00edodo. La empresa planea fortalecer su infraestructura tecnol\u00f3gica y hacer que sus procesos de producci\u00f3n sean m\u00e1s eficientes aumentando sus inversiones. En esta direcci\u00f3n, ha aumentado significativamente el presupuesto asignado a las actividades de I+D y ha formado un equipo de expertos que sigue de cerca las innovaciones del sector.  <\/p>\n\n<p>Uno de los objetivos de Birman Sac Metal en materia de innovaci\u00f3n es la generalizaci\u00f3n de la automatizaci\u00f3n y la digitalizaci\u00f3n en la producci\u00f3n. Gracias a estos proyectos, que se desarrollar\u00e1n de acuerdo con los est\u00e1ndares de la Industria 4.0, se implementar\u00e1n sistemas rob\u00f3ticos y soluciones de automatizaci\u00f3n asistidas por inteligencia artificial en las l\u00edneas de producci\u00f3n. De este modo, se pretende minimizar las tasas de error y aumentar la velocidad y la capacidad de producci\u00f3n.  <\/p>\n\n<p>Otra inversi\u00f3n importante para el futuro se centra en la producci\u00f3n sostenible y las tecnolog\u00edas respetuosas con el medio ambiente. Birman Sac Metal ha iniciado varios proyectos para desarrollar procesos de producci\u00f3n respetuosos con el medio ambiente, y en esta direcci\u00f3n, est\u00e1 trabajando en m\u00e1quinas de alta eficiencia energ\u00e9tica y t\u00e9cnicas de producci\u00f3n orientadas al reciclaje. Estos esfuerzos tambi\u00e9n contribuyen significativamente a los objetivos de responsabilidad social corporativa de la empresa.  <\/p>\n\n<p>Birman Sac Metal tambi\u00e9n planea expandirse a los mercados globales y aumentar las colaboraciones internacionales para consolidar su liderazgo en el sector. Entrar en nuevos mercados y ampliar su gama de productos y servicios no solo le proporcionar\u00e1 una ventaja competitiva, sino que tambi\u00e9n aumentar\u00e1 el valor de su marca. La participaci\u00f3n en ferias internacionales y las actividades de promoci\u00f3n dirigidas a inversores extranjeros son una parte importante de estos objetivos estrat\u00e9gicos.  <\/p>\n\n<p>En conclusi\u00f3n, los planes y objetivos futuros de Birman Sac Metal, al combinar su enfoque innovador y su visi\u00f3n de liderazgo en el sector, buscan lograr una posici\u00f3n duradera y s\u00f3lida en la industria de la fabricaci\u00f3n de chapa met\u00e1lica.<\/p>\n\n<h2 class=\"wp-block-heading\">Conclusi\u00f3n y Evaluaci\u00f3n<\/h2>\n\n<p>El sector de la fabricaci\u00f3n de chapa met\u00e1lica evoluciona constantemente a la luz de las innovaciones tecnol\u00f3gicas. Este proceso es de vital importancia para aumentar la eficiencia de la producci\u00f3n y mantener la competitividad en el sector. La integraci\u00f3n de los avances tecnol\u00f3gicos permite optimizar los procesos de producci\u00f3n y reducir los costes. Al mismo tiempo, estas innovaciones tambi\u00e9n aportan mejoras en \u00e1reas como la seguridad laboral y el control de calidad.   <\/p>\n\n<p>Birman Sac Metal ha asumido un papel destacado en este campo con su s\u00f3lida visi\u00f3n y enfoque proactivo. Nuestra empresa, utilizando t\u00e9cnicas de producci\u00f3n innovadoras y maquinaria moderna, no solo ofrece productos de calidad, sino que tambi\u00e9n maximiza los est\u00e1ndares de sostenibilidad ambiental. Gracias a las inversiones realizadas en \u00e1reas como la digitalizaci\u00f3n y la automatizaci\u00f3n, se ha logrado velocidad y precisi\u00f3n en las l\u00edneas de producci\u00f3n, con el objetivo de minimizar los errores humanos. Adem\u00e1s, al permitir que la valiosa mano de obra se centre en tareas m\u00e1s cr\u00edticas, se ha aumentado la satisfacci\u00f3n de los empleados.   <\/p>\n\n<p>Las inversiones en tecnolog\u00edas avanzadas en la fabricaci\u00f3n de chapa met\u00e1lica han mejorado nuestra capacidad para ofrecer soluciones r\u00e1pidas y flexibles a los clientes. Como Birman Sac Metal, seguimos siendo pioneros en las innovaciones y desarrollos del sector con nuestra gesti\u00f3n eficiente de la cadena de suministro y nuestro enfoque de servicio centrado en el cliente. Adem\u00e1s, en l\u00ednea con nuestros objetivos de sostenibilidad a largo plazo, damos gran importancia al uso de materiales reciclables y al ahorro de energ\u00eda.  <\/p>\n\n<p>En resumen, la innovaci\u00f3n y los desarrollos tecnol\u00f3gicos en el sector de la fabricaci\u00f3n de chapa met\u00e1lica son de vital importancia tanto para el estado actual como para el futuro del sector. Como Birman Sac Metal, con nuestro papel pionero en este campo, realizamos valiosas contribuciones al desarrollo y al futuro del sector. Todas las inversiones realizadas y los esfuerzos demostrados desempe\u00f1an un papel eficaz en el crecimiento sostenible tanto de nuestra empresa como del sector.  <\/p>\n\n<div class=\"wp-block-uagb-container uagb-block-4609b33a alignfull uagb-is-root-container\"><div class=\"uagb-container-inner-blocks-wrap\"><\/div><\/div>\n","protected":false},"excerpt":{"rendered":"<p>Innovaci\u00f3n y Desarrollo en el Sector de la Chapa Met\u00e1lica El sector de la fabricaci\u00f3n de chapa met\u00e1lica es un campo donde los avances tecnol\u00f3gicos se integran r\u00e1pidamente. En el mundo industrial, la innovaci\u00f3n se ha convertido en un componente cr\u00edtico para obtener una ventaja competitiva y establecer un proceso de producci\u00f3n sostenible. La fusi\u00f3n [&hellip;]<\/p>\n","protected":false},"author":1,"featured_media":0,"parent":0,"menu_order":0,"comment_status":"closed","ping_status":"closed","template":"","meta":{"_uag_custom_page_level_css":"","site-sidebar-layout":"no-sidebar","site-content-layout":"plain-container","ast-site-content-layout":"normal-width-container","site-content-style":"unboxed","site-sidebar-style":"unboxed","ast-global-header-display":"","ast-banner-title-visibility":"","ast-main-header-display":"","ast-hfb-above-header-display":"","ast-hfb-below-header-display":"","ast-hfb-mobile-header-display":"","site-post-title":"disabled","ast-breadcrumbs-content":"","ast-featured-img":"disabled","footer-sml-layout":"","ast-disable-related-posts":"","theme-transparent-header-meta":"enabled","adv-header-id-meta":"","stick-header-meta":"","header-above-stick-meta":"","header-main-stick-meta":"","header-below-stick-meta":"","astra-migrate-meta-layouts":"default","ast-page-background-enabled":"default","ast-page-background-meta":{"desktop":{"background-color":"var(--ast-global-color-4)","background-image":"","background-repeat":"repeat","background-position":"center center","background-size":"auto","background-attachment":"scroll","background-type":"","background-media":"","overlay-type":"","overlay-color":"","overlay-opacity":"","overlay-gradient":""},"tablet":{"background-color":"","background-image":"","background-repeat":"repeat","background-position":"center center","background-size":"auto","background-attachment":"scroll","background-type":"","background-media":"","overlay-type":"","overlay-color":"","overlay-opacity":"","overlay-gradient":""},"mobile":{"background-color":"","background-image":"","background-repeat":"repeat","background-position":"center center","background-size":"auto","background-attachment":"scroll","background-type":"","background-media":"","overlay-type":"","overlay-color":"","overlay-opacity":"","overlay-gradient":""}},"ast-content-background-meta":{"desktop":{"background-color":"var(--ast-global-color-5)","background-image":"","background-repeat":"repeat","background-position":"center center","background-size":"auto","background-attachment":"scroll","background-type":"","background-media":"","overlay-type":"","overlay-color":"","overlay-opacity":"","overlay-gradient":""},"tablet":{"background-color":"var(--ast-global-color-5)","background-image":"","background-repeat":"repeat","background-position":"center center","background-size":"auto","background-attachment":"scroll","background-type":"","background-media":"","overlay-type":"","overlay-color":"","overlay-opacity":"","overlay-gradient":""},"mobile":{"background-color":"var(--ast-global-color-5)","background-image":"","background-repeat":"repeat","background-position":"center center","background-size":"auto","background-attachment":"scroll","background-type":"","background-media":"","overlay-type":"","overlay-color":"","overlay-opacity":"","overlay-gradient":""}},"footnotes":""},"class_list":["post-5185","page","type-page","status-publish","hentry"],"aioseo_notices":[],"uagb_featured_image_src":{"full":false,"thumbnail":false,"medium":false,"medium_large":false,"large":false,"1536x1536":false,"2048x2048":false,"woocommerce_thumbnail":false,"woocommerce_single":false,"woocommerce_gallery_thumbnail":false},"uagb_author_info":{"display_name":"Birman Sac Metal","author_link":"https:\/\/birmansacmetal.com\/es\/author\/birmansacmetalgmail-com\/"},"uagb_comment_info":0,"uagb_excerpt":"Innovaci\u00f3n y Desarrollo en el Sector de la Chapa Met\u00e1lica El sector de la fabricaci\u00f3n de chapa met\u00e1lica es un campo donde los avances tecnol\u00f3gicos se integran r\u00e1pidamente. En el mundo industrial, la innovaci\u00f3n se ha convertido en un componente cr\u00edtico para obtener una ventaja competitiva y establecer un proceso de producci\u00f3n sostenible. La fusi\u00f3n&hellip;","_links":{"self":[{"href":"https:\/\/birmansacmetal.com\/es\/wp-json\/wp\/v2\/pages\/5185","targetHints":{"allow":["GET"]}}],"collection":[{"href":"https:\/\/birmansacmetal.com\/es\/wp-json\/wp\/v2\/pages"}],"about":[{"href":"https:\/\/birmansacmetal.com\/es\/wp-json\/wp\/v2\/types\/page"}],"author":[{"embeddable":true,"href":"https:\/\/birmansacmetal.com\/es\/wp-json\/wp\/v2\/users\/1"}],"replies":[{"embeddable":true,"href":"https:\/\/birmansacmetal.com\/es\/wp-json\/wp\/v2\/comments?post=5185"}],"version-history":[{"count":0,"href":"https:\/\/birmansacmetal.com\/es\/wp-json\/wp\/v2\/pages\/5185\/revisions"}],"wp:attachment":[{"href":"https:\/\/birmansacmetal.com\/es\/wp-json\/wp\/v2\/media?parent=5185"}],"curies":[{"name":"wp","href":"https:\/\/api.w.org\/{rel}","templated":true}]}}