{"id":5181,"date":"2025-10-20T13:52:17","date_gmt":"2025-10-20T13:52:17","guid":{"rendered":"https:\/\/birmansacmetal.com\/satisfaccion-del-cliente\/"},"modified":"2026-02-16T12:06:29","modified_gmt":"2026-02-16T12:06:29","slug":"satisfaccion-del-cliente","status":"publish","type":"page","link":"https:\/\/birmansacmetal.com\/es\/satisfaccion-del-cliente\/","title":{"rendered":"Satisfacci\u00f3n del Cliente"},"content":{"rendered":"\n<div class=\"wp-block-uagb-container uagb-block-37fe9e23 alignfull uagb-is-root-container\"><div class=\"uagb-container-inner-blocks-wrap\">\n<h1 class=\"wp-block-heading has-text-align-center has-ast-global-color-5-color has-text-color has-link-color wp-elements-487ac61908359ae0f6915654fe3f7c9c\">Satisfacci\u00f3n del Cliente<\/h1>\n<\/div><\/div>\n\n<div class=\"wp-block-uagb-container uagb-block-d8b61c7b alignfull uagb-is-root-container\"><div class=\"uagb-container-inner-blocks-wrap\"><\/div><\/div>\n\n<h5 class=\"wp-block-heading\" style=\"margin-top:var(--wp--preset--spacing--20);margin-bottom:var(--wp--preset--spacing--20)\">Satisfacci\u00f3n del Cliente<\/h5>\n\n<div class=\"wp-block-uagb-container uagb-block-4609b33a alignfull uagb-is-root-container\"><div class=\"uagb-container-inner-blocks-wrap\">\n<p>En Birman Sac Metal, desde el d\u00eda de nuestra fundaci\u00f3n, llevamos a cabo todas nuestras actividades centradas en la satisfacci\u00f3n del cliente. Para nosotros, la producci\u00f3n no es solo un proceso de conformado de metal; es un viaje construido sobre la confianza, la calidad y las relaciones sostenibles. La satisfacci\u00f3n de cada uno de nuestros clientes se considera el \u00e9xito m\u00e1s importante de nuestra empresa.  <\/p>\n\n\n\n<p>En los sectores de procesamiento de metales, vallas de persiana y sistemas de puertas en los que operamos, nuestro principio fundamental es ofrecer soluciones que superen las expectativas del usuario, combinando calidad, est\u00e9tica y durabilidad. Con este enfoque, trabajamos meticulosamente en cada paso, desde la fase inicial de la oferta del proyecto hasta la entrega y el soporte posventa. En cada punto de contacto con nuestros clientes, mantenemos una comunicaci\u00f3n basada en la transparencia y la confianza.  <\/p>\n\n\n\n<p>Garantizar la satisfacci\u00f3n del cliente no es solo un momento de venta, sino un proceso continuo durante toda la vida \u00fatil del producto. Por ello, nuestro equipo de soporte posventa responde a todas las posibles necesidades de forma r\u00e1pida, orientada a la soluci\u00f3n y profesional. Evaluamos sistem\u00e1ticamente cada comentario para mejorar continuamente la calidad de nuestra producci\u00f3n, nuestros est\u00e1ndares de servicio y la eficiencia de nuestros procesos.  <\/p>\n\n\n\n<p>Birman Sac Metal, con su estructura din\u00e1mica que sigue de cerca la tecnolog\u00eda y las innovaciones, contin\u00faa desarrollando productos de mayor calidad, m\u00e1s funcionales y est\u00e9ticamente m\u00e1s potentes cada d\u00eda. En nuestras modernas instalaciones de producci\u00f3n, se aplican procesos de control de calidad que cumplen con los est\u00e1ndares internacionales. De este modo, ofrecemos soluciones duraderas que inspiran confianza a nuestros clientes tanto a nivel nacional como internacional.  <\/p>\n\n\n\n<p>Para nosotros, la satisfacci\u00f3n del cliente no es un resultado, sino un enfoque continuo. El \u00e9xito que hemos logrado hoy se basa no solo en la calidad de nuestros productos, sino tambi\u00e9n en la confianza y lealtad que hemos construido con nuestros clientes. En cada proyecto, avanzamos con la misma determinaci\u00f3n y consideramos a cada cliente no solo un comprador, sino una parte valiosa de la familia Birman Sac Metal.  <\/p>\n\n\n\n<p>Nuestro enfoque de trabajo centrado en el cliente es nuestro valor m\u00e1s fuerte que nos impulsa hacia el futuro. Porque sabemos que la verdadera medida de la excelencia en la producci\u00f3n es la satisfacci\u00f3n de nuestros clientes. <\/p>\n<\/div><\/div>\n","protected":false},"excerpt":{"rendered":"<p>Satisfacci\u00f3n del Cliente Satisfacci\u00f3n del Cliente En Birman Sac Metal, desde el d\u00eda de nuestra fundaci\u00f3n, llevamos a cabo todas nuestras actividades centradas en la satisfacci\u00f3n del cliente. Para nosotros, la producci\u00f3n no es solo un proceso de conformado de metal; es un viaje construido sobre la confianza, la calidad y las relaciones sostenibles. La [&hellip;]<\/p>\n","protected":false},"author":1,"featured_media":0,"parent":0,"menu_order":0,"comment_status":"closed","ping_status":"closed","template":"","meta":{"_uag_custom_page_level_css":"","site-sidebar-layout":"no-sidebar","site-content-layout":"plain-container","ast-site-content-layout":"normal-width-container","site-content-style":"unboxed","site-sidebar-style":"unboxed","ast-global-header-display":"","ast-banner-title-visibility":"","ast-main-header-display":"","ast-hfb-above-header-display":"","ast-hfb-below-header-display":"","ast-hfb-mobile-header-display":"","site-post-title":"","ast-breadcrumbs-content":"","ast-featured-img":"disabled","footer-sml-layout":"","ast-disable-related-posts":"","theme-transparent-header-meta":"enabled","adv-header-id-meta":"","stick-header-meta":"","header-above-stick-meta":"","header-main-stick-meta":"","header-below-stick-meta":"","astra-migrate-meta-layouts":"default","ast-page-background-enabled":"default","ast-page-background-meta":{"desktop":{"background-color":"var(--ast-global-color-4)","background-image":"","background-repeat":"repeat","background-position":"center center","background-size":"auto","background-attachment":"scroll","background-type":"","background-media":"","overlay-type":"","overlay-color":"","overlay-opacity":"","overlay-gradient":""},"tablet":{"background-color":"","background-image":"","background-repeat":"repeat","background-position":"center center","background-size":"auto","background-attachment":"scroll","background-type":"","background-media":"","overlay-type":"","overlay-color":"","overlay-opacity":"","overlay-gradient":""},"mobile":{"background-color":"","background-image":"","background-repeat":"repeat","background-position":"center center","background-size":"auto","background-attachment":"scroll","background-type":"","background-media":"","overlay-type":"","overlay-color":"","overlay-opacity":"","overlay-gradient":""}},"ast-content-background-meta":{"desktop":{"background-color":"var(--ast-global-color-5)","background-image":"","background-repeat":"repeat","background-position":"center center","background-size":"auto","background-attachment":"scroll","background-type":"","background-media":"","overlay-type":"","overlay-color":"","overlay-opacity":"","overlay-gradient":""},"tablet":{"background-color":"var(--ast-global-color-5)","background-image":"","background-repeat":"repeat","background-position":"center center","background-size":"auto","background-attachment":"scroll","background-type":"","background-media":"","overlay-type":"","overlay-color":"","overlay-opacity":"","overlay-gradient":""},"mobile":{"background-color":"var(--ast-global-color-5)","background-image":"","background-repeat":"repeat","background-position":"center center","background-size":"auto","background-attachment":"scroll","background-type":"","background-media":"","overlay-type":"","overlay-color":"","overlay-opacity":"","overlay-gradient":""}},"footnotes":""},"class_list":["post-5181","page","type-page","status-publish","hentry"],"aioseo_notices":[],"uagb_featured_image_src":{"full":false,"thumbnail":false,"medium":false,"medium_large":false,"large":false,"1536x1536":false,"2048x2048":false,"woocommerce_thumbnail":false,"woocommerce_single":false,"woocommerce_gallery_thumbnail":false},"uagb_author_info":{"display_name":"Birman Sac Metal","author_link":"https:\/\/birmansacmetal.com\/es\/author\/birmansacmetalgmail-com\/"},"uagb_comment_info":0,"uagb_excerpt":"Satisfacci\u00f3n del Cliente Satisfacci\u00f3n del Cliente En Birman Sac Metal, desde el d\u00eda de nuestra fundaci\u00f3n, llevamos a cabo todas nuestras actividades centradas en la satisfacci\u00f3n del cliente. Para nosotros, la producci\u00f3n no es solo un proceso de conformado de metal; es un viaje construido sobre la confianza, la calidad y las relaciones sostenibles. La&hellip;","_links":{"self":[{"href":"https:\/\/birmansacmetal.com\/es\/wp-json\/wp\/v2\/pages\/5181","targetHints":{"allow":["GET"]}}],"collection":[{"href":"https:\/\/birmansacmetal.com\/es\/wp-json\/wp\/v2\/pages"}],"about":[{"href":"https:\/\/birmansacmetal.com\/es\/wp-json\/wp\/v2\/types\/page"}],"author":[{"embeddable":true,"href":"https:\/\/birmansacmetal.com\/es\/wp-json\/wp\/v2\/users\/1"}],"replies":[{"embeddable":true,"href":"https:\/\/birmansacmetal.com\/es\/wp-json\/wp\/v2\/comments?post=5181"}],"version-history":[{"count":0,"href":"https:\/\/birmansacmetal.com\/es\/wp-json\/wp\/v2\/pages\/5181\/revisions"}],"wp:attachment":[{"href":"https:\/\/birmansacmetal.com\/es\/wp-json\/wp\/v2\/media?parent=5181"}],"curies":[{"name":"wp","href":"https:\/\/api.w.org\/{rel}","templated":true}]}}