{"id":5768,"date":"2026-03-10T15:56:00","date_gmt":"2026-03-10T15:56:00","guid":{"rendered":"https:\/\/birmansacmetal.com\/urun\/dekoratives-gartenlager\/"},"modified":"2026-03-10T15:56:00","modified_gmt":"2026-03-10T15:56:00","slug":"dekoratives-gartenlager","status":"publish","type":"product","link":"https:\/\/birmansacmetal.com\/de\/produkt\/dekoratives-gartenlager\/","title":{"rendered":"Dekoratives Gartenlager"},"content":{"rendered":"<h3 data-section-id=\"xw4zia\" data-start=\"1205\" data-end=\"1230\">Modernes Lamellendesign<\/h3>\n<p data-start=\"1231\" data-end=\"1394\">Das in den Lagerpaneelen verwendete <strong data-start=\"1260\" data-end=\"1278\">Lamellensystem<\/strong> sorgt f\u00fcr Bel\u00fcftung des Innenraums. Diese Eigenschaft hilft insbesondere, gelagerte Materialien vor Feuchtigkeit zu sch\u00fctzen. <\/p>\n<h3 data-section-id=\"kj2b9x\" data-start=\"1396\" data-end=\"1419\">Wasserbest\u00e4ndige Konstruktion<\/h3>\n<p data-start=\"1420\" data-end=\"1580\">Das Produkt ist best\u00e4ndig gegen Regen von oben und von vorne. Es ist so konzipiert, dass das Eindringen von Wasser in den Innenraum verhindert wird, abgesehen von sehr starkem, schr\u00e4gem Regen von unten. <\/p>\n<h3 data-section-id=\"68lyqo\" data-start=\"1582\" data-end=\"1609\">Verschiedene Dachoptionen<\/h3>\n<p data-start=\"1610\" data-end=\"1680\">Je nach Projekt und Nutzungsbedarf k\u00f6nnen verschiedene Dachtypen angewendet werden:<\/p>\n<ul data-start=\"1682\" data-end=\"1748\">\n<li data-section-id=\"sgbt8h\" data-start=\"1682\" data-end=\"1701\">\n<p data-start=\"1684\" data-end=\"1701\">Schr\u00e4gdach aus Blech<\/p>\n<\/li>\n<li data-section-id=\"14f7459\" data-start=\"1702\" data-end=\"1724\">\n<p data-start=\"1704\" data-end=\"1724\">Sandwichpaneel-Dach<\/p>\n<\/li>\n<li data-section-id=\"knmmev\" data-start=\"1725\" data-end=\"1748\">\n<p data-start=\"1727\" data-end=\"1748\">Walmdach-Design<\/p>\n<\/li>\n<\/ul>\n<p data-start=\"1750\" data-end=\"1837\">Dank dieser Optionen passt sich das Produkt sowohl \u00e4sthetisch als auch funktional an das Projekt an.<\/p>\n<h3 data-section-id=\"1wemlkt\" data-start=\"1839\" data-end=\"1865\">Flexible T\u00fcrvarianten<\/h3>\n<p data-start=\"1866\" data-end=\"1945\">Das Gartenlager kann je nach Nutzungsbedarf mit verschiedenen T\u00fcrvarianten gefertigt werden:<\/p>\n<ul data-start=\"1947\" data-end=\"1989\">\n<li data-section-id=\"m1xe17\" data-start=\"1947\" data-end=\"1967\">\n<p data-start=\"1949\" data-end=\"1967\">Einzelt\u00fcrmodell<\/p>\n<\/li>\n<li data-section-id=\"woldnx\" data-start=\"1968\" data-end=\"1989\">\n<p data-start=\"1970\" data-end=\"1989\">Doppelt\u00fcrmodell<\/p>\n<\/li>\n<\/ul>\n<p data-start=\"1991\" data-end=\"2064\">Die T\u00fcren sind f\u00fcr ergonomische Nutzung und einfachen Zugang konzipiert.<\/p>\n<h3 data-section-id=\"1poa5ec\" data-start=\"2066\" data-end=\"2096\">Fertigung nach Wunschma\u00dfen<\/h3>\n<p data-start=\"2097\" data-end=\"2250\">Das Produkt kann vollst\u00e4ndig <strong data-start=\"2110\" data-end=\"2149\">nach projektspezifischen Ma\u00dfen gefertigt werden<\/strong>. Das Design kann an die Breite, Tiefe und H\u00f6he des verf\u00fcgbaren Platzes in Ihrem Garten angepasst werden. <\/p>\n<h3 data-section-id=\"1mb2vba\" data-start=\"2252\" data-end=\"2294\">Komplett zerlegte oder teilzerlegte Lieferung<\/h3>\n<p data-start=\"2295\" data-end=\"2323\">F\u00fcr einen einfachen Transport kann das Produkt:<\/p>\n<ul data-start=\"2325\" data-end=\"2357\">\n<li data-section-id=\"1veswb0\" data-start=\"2325\" data-end=\"2340\">\n<p data-start=\"2327\" data-end=\"2340\">Komplett zerlegt<\/p>\n<\/li>\n<li data-section-id=\"setjjj\" data-start=\"2341\" data-end=\"2357\">\n<p data-start=\"2343\" data-end=\"2357\">Teilzerlegt<\/p>\n<\/li>\n<\/ul>\n<p data-start=\"2359\" data-end=\"2459\">geliefert werden. Alle Befestigungselemente sind im Paket enthalten und die Montage ist sehr einfach. <\/p>\n<h3 data-section-id=\"4ljwxs\" data-start=\"2461\" data-end=\"2499\">Robuste Lackierung und Farboptionen<\/h3>\n<p data-start=\"2500\" data-end=\"2546\">Alle Produkte sind elektrostatisch lackiert.<\/p>\n<p data-start=\"2548\" data-end=\"2559\">Optionen:<\/p>\n<ul data-start=\"2560\" data-end=\"2634\">\n<li data-section-id=\"1wajp1u\" data-start=\"2560\" data-end=\"2582\">\n<p data-start=\"2562\" data-end=\"2582\">Alle <strong data-start=\"2566\" data-end=\"2582\">RAL-Farben<\/strong><\/p>\n<\/li>\n<li data-section-id=\"1yu29ur\" data-start=\"2583\" data-end=\"2634\">\n<p data-start=\"2585\" data-end=\"2634\">Spezielle <strong data-start=\"2590\" data-end=\"2634\">dekorative Lackoptionen mit Schmiedemuster<\/strong><\/p>\n<\/li>\n<li data-section-id=\"1yu29ur\" data-start=\"2583\" data-end=\"2634\">Hergestellt aus verzinktem Material. Rostet nicht. <\/li>\n<\/ul>\n<p data-start=\"2636\" data-end=\"2704\">Dadurch k\u00f6nnen \u00e4sthetische L\u00f6sungen geschaffen werden, die sich harmonisch in die Gartenarchitektur einf\u00fcgen.<\/p>\n<hr data-start=\"2706\" data-end=\"2709\">\n<h2 data-section-id=\"dehkys\" data-start=\"2711\" data-end=\"2731\">Anwendungsbereiche<\/h2>\n<p data-start=\"2733\" data-end=\"2792\">Das dekorative Gartenlager kann f\u00fcr viele verschiedene Zwecke verwendet werden:<\/p>\n<ul data-start=\"2794\" data-end=\"3066\">\n<li data-section-id=\"16z2uty\" data-start=\"2794\" data-end=\"2832\">\n<p data-start=\"2796\" data-end=\"2832\">Lagerung von Gartenger\u00e4ten und -ausr\u00fcstung<\/p>\n<\/li>\n<li data-section-id=\"53y4q2\" data-start=\"2833\" data-end=\"2876\">\n<p data-start=\"2835\" data-end=\"2876\">Verkleidung von mechanischen Installationsbereichen<\/p>\n<\/li>\n<li data-section-id=\"1mef1s5\" data-start=\"2877\" data-end=\"2928\">\n<p data-start=\"2879\" data-end=\"2928\">Verbergen von externen Klimaanlagen oder technischer Ausr\u00fcstung<\/p>\n<\/li>\n<li data-section-id=\"bfh3oi\" data-start=\"2929\" data-end=\"2983\">\n<p data-start=\"2931\" data-end=\"2983\">Abdeckung von Bereichen im Garten, die nicht sichtbar sein sollen<\/p>\n<\/li>\n<li data-section-id=\"v5wwhi\" data-start=\"2984\" data-end=\"3028\">\n<p data-start=\"2986\" data-end=\"3028\">Anlage von Pflanzenzucht- und Hobbybereichen<\/p>\n<\/li>\n<li data-section-id=\"1ty0dbg\" data-start=\"3029\" data-end=\"3066\">\n<p data-start=\"3031\" data-end=\"3066\">Nutzung als Gartenm\u00f6bellager<\/p>\n<\/li>\n<\/ul>\n<p data-start=\"3068\" data-end=\"3140\">Auf Wunsch kann anstelle von Lamellen auch eine <strong data-start=\"3092\" data-end=\"3124\">vollst\u00e4ndig geschlossene Paneelproduktion<\/strong> erfolgen.<\/p>\n<h2 data-section-id=\"5ij10o\" data-start=\"3147\" data-end=\"3167\">Montage und Installation<\/h2>\n<p data-start=\"3169\" data-end=\"3317\">F\u00fcr eine lange Nutzungsdauer wird empfohlen, das Produkt <strong data-start=\"3202\" data-end=\"3250\">auf einem Betonfundament zu installieren<\/strong>.<br data-start=\"3251\" data-end=\"3254\">Dank der Befestigungselemente ist der Montageprozess schnell und praktisch.<\/p>\n<hr data-start=\"3319\" data-end=\"3322\">\n<h2 data-section-id=\"vrqc66\" data-start=\"3324\" data-end=\"3352\">Warum ein Gartenlager aus Metall?<\/h2>\n<ul data-start=\"3354\" data-end=\"3534\">\n<li data-section-id=\"1jbbf3l\" data-start=\"3354\" data-end=\"3387\">\n<p data-start=\"3356\" data-end=\"3387\">Langlebige verzinkte Blechkonstruktion<\/p>\n<\/li>\n<li data-section-id=\"1jipu3g\" data-start=\"3388\" data-end=\"3422\">\n<p data-start=\"3390\" data-end=\"3422\">Design passend zur modernen Architektur<\/p>\n<\/li>\n<li data-section-id=\"1a22ds4\" data-start=\"3423\" data-end=\"3455\">\n<p data-start=\"3425\" data-end=\"3455\">Bel\u00fcftetes Lamellensystem<\/p>\n<\/li>\n<li data-section-id=\"kh8z22\" data-start=\"3456\" data-end=\"3486\">\n<p data-start=\"3458\" data-end=\"3486\">Fertigung in gew\u00fcnschten Ma\u00dfen<\/p>\n<\/li>\n<li data-section-id=\"1cp2ya3\" data-start=\"3487\" data-end=\"3503\">\n<p data-start=\"3489\" data-end=\"3503\">Einfache Montage<\/p>\n<\/li>\n<li data-section-id=\"1llefg7\" data-start=\"3504\" data-end=\"3534\">\n<p data-start=\"3506\" data-end=\"3534\">\u00c4sthetische und funktionale L\u00f6sung<\/p>\n<\/li>\n<\/ul>\n","protected":false},"excerpt":{"rendered":"<p>Das <strong data-start=\"111\" data-end=\"137\">Dekorative Gartenlager<\/strong> ist eine moderne Metalllagerl\u00f6sung, die entwickelt wurde, um Installationen, Ausr\u00fcstungen oder Lagerbereiche in G\u00e4rten \u00e4sthetisch zu verbergen. Dank seines Lamellensystems sorgt es f\u00fcr nat\u00fcrliche Luftzirkulation und ist durch seine elektrostatisch lackierte, verzinkte Blechkonstruktion langlebig. Es kann in gew\u00fcnschten Ma\u00dfen gefertigt, als Einzel- oder Doppelt\u00fcrmodell vorbereitet werden und bietet durch die zerlegte Lieferung eine einfache Montage.  <\/p>\n<p><em><strong>Preis pro Quadratmeter.<\/strong><\/em><\/p>\n","protected":false},"featured_media":5769,"comment_status":"open","ping_status":"closed","template":"","meta":{"_uag_custom_page_level_css":"","site-sidebar-layout":"default","site-content-layout":"","ast-site-content-layout":"default","site-content-style":"default","site-sidebar-style":"default","ast-global-header-display":"","ast-banner-title-visibility":"","ast-main-header-display":"","ast-hfb-above-header-display":"","ast-hfb-below-header-display":"","ast-hfb-mobile-header-display":"","site-post-title":"","ast-breadcrumbs-content":"","ast-featured-img":"","footer-sml-layout":"","ast-disable-related-posts":"","theme-transparent-header-meta":"default","adv-header-id-meta":"","stick-header-meta":"default","header-above-stick-meta":"","header-main-stick-meta":"","header-below-stick-meta":"","astra-migrate-meta-layouts":"default","ast-page-background-enabled":"default","ast-page-background-meta":{"desktop":{"background-color":"var(--ast-global-color-4)","background-image":"","background-repeat":"repeat","background-position":"center center","background-size":"auto","background-attachment":"scroll","background-type":"","background-media":"","overlay-type":"","overlay-color":"","overlay-opacity":"","overlay-gradient":""},"tablet":{"background-color":"","background-image":"","background-repeat":"repeat","background-position":"center center","background-size":"auto","background-attachment":"scroll","background-type":"","background-media":"","overlay-type":"","overlay-color":"","overlay-opacity":"","overlay-gradient":""},"mobile":{"background-color":"","background-image":"","background-repeat":"repeat","background-position":"center center","background-size":"auto","background-attachment":"scroll","background-type":"","background-media":"","overlay-type":"","overlay-color":"","overlay-opacity":"","overlay-gradient":""}},"ast-content-background-meta":{"desktop":{"background-color":"var(--ast-global-color-5)","background-image":"","background-repeat":"repeat","background-position":"center center","background-size":"auto","background-attachment":"scroll","background-type":"","background-media":"","overlay-type":"","overlay-color":"","overlay-opacity":"","overlay-gradient":""},"tablet":{"background-color":"var(--ast-global-color-5)","background-image":"","background-repeat":"repeat","background-position":"center center","background-size":"auto","background-attachment":"scroll","background-type":"","background-media":"","overlay-type":"","overlay-color":"","overlay-opacity":"","overlay-gradient":""},"mobile":{"background-color":"var(--ast-global-color-5)","background-image":"","background-repeat":"repeat","background-position":"center center","background-size":"auto","background-attachment":"scroll","background-type":"","background-media":"","overlay-type":"","overlay-color":"","overlay-opacity":"","overlay-gradient":""}}},"product_brand":[],"product_cat":[747],"product_tag":[1312,1316,1315,1314,1313],"class_list":{"0":"post-5768","1":"product","2":"type-product","3":"status-publish","4":"has-post-thumbnail","6":"product_cat-schutzschranke","7":"product_tag-dekoratives-gartenlager","8":"product_tag-gartenaufbewahrungslager","9":"product_tag-gartenmobellager","10":"product_tag-lamellen-gartenlager","11":"product_tag-metall-gartenlager","12":"desktop-align-left","13":"tablet-align-left","14":"mobile-align-left","15":"ast-product-gallery-layout-first-image-large","16":"ast-product-tabs-layout-accordion","18":"first","19":"instock","20":"taxable","21":"shipping-taxable","22":"purchasable","23":"product-type-simple"},"aioseo_notices":[],"uagb_featured_image_src":{"full":["https:\/\/birmansacmetal.com\/wp-content\/uploads\/2026\/03\/Metal-Metal-Bahce-Deposu-1.jpg",1200,1600,false],"thumbnail":["https:\/\/birmansacmetal.com\/wp-content\/uploads\/2026\/03\/Metal-Metal-Bahce-Deposu-1-150x150.jpg",150,150,true],"medium":["https:\/\/birmansacmetal.com\/wp-content\/uploads\/2026\/03\/Metal-Metal-Bahce-Deposu-1-225x300.jpg",225,300,true],"medium_large":["https:\/\/birmansacmetal.com\/wp-content\/uploads\/2026\/03\/Metal-Metal-Bahce-Deposu-1-768x1024.jpg",768,1024,true],"large":["https:\/\/birmansacmetal.com\/wp-content\/uploads\/2026\/03\/Metal-Metal-Bahce-Deposu-1-768x1024.jpg",768,1024,true],"1536x1536":["https:\/\/birmansacmetal.com\/wp-content\/uploads\/2026\/03\/Metal-Metal-Bahce-Deposu-1-1152x1536.jpg",1152,1536,true],"2048x2048":["https:\/\/birmansacmetal.com\/wp-content\/uploads\/2026\/03\/Metal-Metal-Bahce-Deposu-1.jpg",1200,1600,false],"woocommerce_thumbnail":["https:\/\/birmansacmetal.com\/wp-content\/uploads\/2026\/03\/Metal-Metal-Bahce-Deposu-1-300x300.jpg",300,300,true],"woocommerce_single":["https:\/\/birmansacmetal.com\/wp-content\/uploads\/2026\/03\/Metal-Metal-Bahce-Deposu-1-600x800.jpg",600,800,true],"woocommerce_gallery_thumbnail":["https:\/\/birmansacmetal.com\/wp-content\/uploads\/2026\/03\/Metal-Metal-Bahce-Deposu-1-100x100.jpg",100,100,true]},"uagb_author_info":{"display_name":"Birman Sac Metal","author_link":"https:\/\/birmansacmetal.com\/de\/author\/"},"uagb_comment_info":0,"uagb_excerpt":"Das Dekorative Gartenlager ist eine moderne Metalllagerl\u00f6sung, die entwickelt wurde, um Installationen, Ausr\u00fcstungen oder Lagerbereiche in G\u00e4rten \u00e4sthetisch zu verbergen. Dank seines Lamellensystems sorgt es f\u00fcr nat\u00fcrliche Luftzirkulation und ist durch seine elektrostatisch lackierte, verzinkte Blechkonstruktion langlebig. Es kann in gew\u00fcnschten Ma\u00dfen gefertigt, als Einzel- oder Doppelt\u00fcrmodell vorbereitet werden und bietet durch die zerlegte Lieferung&hellip;","_links":{"self":[{"href":"https:\/\/birmansacmetal.com\/de\/wp-json\/wp\/v2\/product\/5768","targetHints":{"allow":["GET"]}}],"collection":[{"href":"https:\/\/birmansacmetal.com\/de\/wp-json\/wp\/v2\/product"}],"about":[{"href":"https:\/\/birmansacmetal.com\/de\/wp-json\/wp\/v2\/types\/product"}],"replies":[{"embeddable":true,"href":"https:\/\/birmansacmetal.com\/de\/wp-json\/wp\/v2\/comments?post=5768"}],"wp:featuredmedia":[{"embeddable":true,"href":"https:\/\/birmansacmetal.com\/de\/wp-json\/wp\/v2\/media\/5769"}],"wp:attachment":[{"href":"https:\/\/birmansacmetal.com\/de\/wp-json\/wp\/v2\/media?parent=5768"}],"wp:term":[{"taxonomy":"product_brand","embeddable":true,"href":"https:\/\/birmansacmetal.com\/de\/wp-json\/wp\/v2\/product_brand?post=5768"},{"taxonomy":"product_cat","embeddable":true,"href":"https:\/\/birmansacmetal.com\/de\/wp-json\/wp\/v2\/product_cat?post=5768"},{"taxonomy":"product_tag","embeddable":true,"href":"https:\/\/birmansacmetal.com\/de\/wp-json\/wp\/v2\/product_tag?post=5768"}],"curies":[{"name":"wp","href":"https:\/\/api.w.org\/{rel}","templated":true}]}}