{"id":5744,"date":"2026-03-06T12:19:18","date_gmt":"2026-03-06T12:19:18","guid":{"rendered":"https:\/\/birmansacmetal.com\/urun\/doppelfluegel-verkleidungspanel-fuer-servicebereich\/"},"modified":"2026-03-06T12:19:18","modified_gmt":"2026-03-06T12:19:18","slug":"doppelfluegel-verkleidungspanel-fuer-servicebereich","status":"publish","type":"product","link":"https:\/\/birmansacmetal.com\/de\/produkt\/doppelfluegel-verkleidungspanel-fuer-servicebereich\/","title":{"rendered":"Doppelfl\u00fcgel-Verkleidungspanel f\u00fcr Servicebereich"},"content":{"rendered":"<h2 data-section-id=\"voq98\" data-start=\"582\" data-end=\"622\">Doppelfl\u00fcgel-Verkleidungspanel f\u00fcr Servicebereich<\/h2>\n<p data-start=\"624\" data-end=\"1222\"><strong data-start=\"624\" data-end=\"665\">Das Doppelfl\u00fcgel-Verkleidungspanel f\u00fcr Servicebereich<\/strong> ist ein funktionales Abdeckungssystem, das f\u00fcr Villen, Einfamilienh\u00e4user, Wohnanlagen und moderne Wohnprojekte entwickelt wurde, um mechanischen Au\u00dfenger\u00e4ten ein \u00e4sthetisches und ordentliches Erscheinungsbild zu verleihen. Heutzutage gibt es in vielen Wohngeb\u00e4uden halb offene Technikbereiche im Garten oder an der Fassade, die f\u00fcr Klimaanlagen-Au\u00dfenger\u00e4te, W\u00e4rmepumpensysteme, Hydrophore, Wasseraufbereitungsanlagen und verschiedene Installationseinrichtungen vorgesehen sind. Diese Bereiche wirken von au\u00dfen oft unansehnlich, und die Ger\u00e4te k\u00f6nnen direkt Sonnenlicht, Staub und Umwelteinfl\u00fcssen ausgesetzt sein.  <\/p>\n<div class=\"ast-oembed-container \" style=\"height: 100%;\"><iframe title=\"\u00c7ift Kanat Mekanik Alan Kapama Paneli\" width=\"422\" height=\"750\" src=\"https:\/\/www.youtube.com\/embed\/5s-g-y_gHSM?feature=oembed\" frameborder=\"0\" allow=\"accelerometer; autoplay; clipboard-write; encrypted-media; gyroscope; picture-in-picture; web-share\" referrerpolicy=\"strict-origin-when-cross-origin\" allowfullscreen><\/iframe><\/div>\n<p data-start=\"1224\" data-end=\"1563\">\n<p data-start=\"1224\" data-end=\"1563\">Die entwickelten <strong data-start=\"1248\" data-end=\"1289\">Verkleidungspanel-Systeme f\u00fcr Servicebereiche<\/strong> bieten daher eine ideale L\u00f6sung sowohl f\u00fcr die architektonische \u00c4sthetik als auch f\u00fcr den Ger\u00e4teschutz. Das Doppelfl\u00fcgelt\u00fcr-Design erm\u00f6glicht eine bequeme Nutzung und Servicezugang in gro\u00dfen Technikbereichen, w\u00e4hrend die Lamellenform die notwendige Luftzirkulation f\u00fcr die Ger\u00e4te gew\u00e4hrleistet. <\/p>\n<hr data-start=\"1565\" data-end=\"1568\">\n<h2 data-section-id=\"1ns9fju\" data-start=\"1570\" data-end=\"1601\">\u00c4sthetische und funktionale L\u00f6sung<\/h2>\n<p data-start=\"1603\" data-end=\"1963\">In modernen Architekturprojekten ist ein ordentliches und elegantes Erscheinungsbild der technischen Au\u00dfenbereiche ein wichtiges Detail. Das <strong data-start=\"1703\" data-end=\"1744\">Doppelfl\u00fcgel-Verkleidungspanel f\u00fcr Servicebereich<\/strong> schafft durch sein harmonisches Design mit der Geb\u00e4udefassade eine \u00e4sthetische Einheit im Au\u00dfenbereich. Das Lamellen-Metallpanelsystem verbirgt den Bereich der mechanischen Ger\u00e4te vollst\u00e4ndig und sorgt f\u00fcr ein ordentliches und sauberes Erscheinungsbild. <\/p>\n<p data-start=\"1965\" data-end=\"2042\">Dieses System wird besonders in Bereichen mit folgenden Ger\u00e4ten bevorzugt:<\/p>\n<ul data-start=\"2044\" data-end=\"2226\">\n<li data-section-id=\"fd9c2u\" data-start=\"2044\" data-end=\"2072\">\n<p data-start=\"2046\" data-end=\"2072\">Klimaanlagen-Au\u00dfenger\u00e4tebereiche<\/p>\n<\/li>\n<li data-section-id=\"1kfuwhx\" data-start=\"2073\" data-end=\"2099\">\n<p data-start=\"2075\" data-end=\"2099\">W\u00e4rmepumpensysteme<\/p>\n<\/li>\n<li data-section-id=\"1mdywcu\" data-start=\"2100\" data-end=\"2136\">\n<p data-start=\"2102\" data-end=\"2136\">Hydrophor- und Wasserinstallationsbereiche<\/p>\n<\/li>\n<li data-section-id=\"1a6aigj\" data-start=\"2137\" data-end=\"2161\">\n<p data-start=\"2139\" data-end=\"2161\">Wasseraufbereitungssysteme<\/p>\n<\/li>\n<li data-section-id=\"1xtsa8\" data-start=\"2162\" data-end=\"2193\">\n<p data-start=\"2164\" data-end=\"2193\">Mechanische Installationseinrichtungen<\/p>\n<\/li>\n<li data-section-id=\"16ukbcj\" data-start=\"2194\" data-end=\"2226\">\n<p data-start=\"2196\" data-end=\"2226\">Technische Servicebereiche im Garten<\/p>\n<\/li>\n<\/ul>\n<hr data-start=\"2228\" data-end=\"2231\">\n<h2 data-section-id=\"4osksu\" data-start=\"2233\" data-end=\"2266\">Vorteil der Doppelfl\u00fcgelnutzung<\/h2>\n<p data-start=\"2268\" data-end=\"2578\">Das <strong data-start=\"2268\" data-end=\"2295\">Doppelfl\u00fcgelt\u00fcrsystem<\/strong> erm\u00f6glicht eine praktische Nutzung bei gro\u00dfen mechanischen Bereichs\u00f6ffnungen. Durch das \u00d6ffnen beider Fl\u00fcgel w\u00e4hrend Wartungs- und Servicearbeiten wird ein einfacher Zugang zu den Ger\u00e4ten gew\u00e4hrleistet. Diese Funktion bietet einen gro\u00dfen Vorteil, insbesondere in Bereichen mit Klimaanlagen-Au\u00dfenger\u00e4ten oder gro\u00dfen mechanischen Einrichtungen.  <\/p>\n<p data-start=\"2580\" data-end=\"2732\">Das T\u00fcrsystem kann bei Bedarf sicher mit einem Verriegelungsmechanismus verwendet werden und hilft, mechanische Ger\u00e4te vor unbefugtem Zugriff zu sch\u00fctzen.<\/p>\n<hr data-start=\"2734\" data-end=\"2737\">\n<h2 data-section-id=\"1pim7ab\" data-start=\"2739\" data-end=\"2778\">Nat\u00fcrliche Bel\u00fcftung durch Lamellenstruktur<\/h2>\n<p data-start=\"2780\" data-end=\"3024\">Eines der wichtigsten Elemente in Bereichen mit mechanischen Ger\u00e4ten ist die <strong data-start=\"2848\" data-end=\"2872\">Luftzirkulation<\/strong>. Klimaanlagen-Au\u00dfenger\u00e4te und W\u00e4rmepumpen ben\u00f6tigen w\u00e4hrend des Betriebs einen kontinuierlichen Luftstrom. Daher darf das Abdeckungssystem die Bel\u00fcftung nicht behindern.  <\/p>\n<p data-start=\"3026\" data-end=\"3257\">Das <strong data-start=\"3026\" data-end=\"3068\">Lamellen-Metallpanel-Design<\/strong> gew\u00e4hrleistet die kontinuierliche Luftzirkulation im Innenbereich. Dadurch wird der effiziente Betrieb der Ger\u00e4te unterst\u00fctzt und gleichzeitig die direkte Einwirkung von Sonnenlicht und \u00e4u\u00dferen Faktoren auf die Ger\u00e4te reduziert. <\/p>\n<hr data-start=\"3259\" data-end=\"3262\">\n<h2 data-section-id=\"j94jqc\" data-start=\"3264\" data-end=\"3290\">Au\u00dfenbest\u00e4ndigkeit<\/h2>\n<p data-start=\"3292\" data-end=\"3594\">Das Doppelfl\u00fcgel-Verkleidungspanel f\u00fcr Servicebereich verf\u00fcgt \u00fcber eine robuste Metallkonstruktion, die f\u00fcr Au\u00dfenbedingungen geeignet ist. Die Lamellenpanelstruktur bietet sowohl Langlebigkeit als auch eine lange Lebensdauer. Das System ist f\u00fcr den sicheren Einsatz im Au\u00dfenbereich konzipiert und gew\u00e4hrleistet eine problemlose Nutzung \u00fcber viele Jahre.  <\/p>\n<hr data-start=\"3596\" data-end=\"3599\">\n<h2 data-section-id=\"okl8hf\" data-start=\"3601\" data-end=\"3648\">Ein intelligentes architektonisches Detail f\u00fcr moderne Wohngeb\u00e4ude<\/h2>\n<p data-start=\"3650\" data-end=\"3929\">Heutzutage ist die ordentliche Verdeckung mechanischer Bereiche zu einem wichtigen Designkriterium in Architekturprojekten geworden. <strong data-start=\"3768\" data-end=\"3802\">Verkleidungspanel-Systeme f\u00fcr Servicebereiche<\/strong> geh\u00f6ren zu den bevorzugten architektonischen Produkten in modernen Wohnprojekten, da sie sowohl eine \u00e4sthetische als auch eine funktionale L\u00f6sung bieten.<\/p>\n<p data-start=\"3931\" data-end=\"4101\">Dank des Doppelfl\u00fcgel-Lamellenabdeckungssystems wirken die technischen Bereiche im Garten und um das Geb\u00e4ude herum ordentlicher, und die Ger\u00e4te sind vor \u00e4u\u00dferen Einfl\u00fcssen gesch\u00fctzt.<\/p>\n<hr data-start=\"4103\" data-end=\"4106\">\n<h2 data-section-id=\"dehkys\" data-start=\"4108\" data-end=\"4128\">Anwendungsbereiche<\/h2>\n<p data-start=\"4130\" data-end=\"4219\">Das Doppelfl\u00fcgel-Verkleidungspanel f\u00fcr Servicebereich wird h\u00e4ufig in folgenden Bereichen eingesetzt:<\/p>\n<ul data-start=\"4221\" data-end=\"4423\">\n<li data-section-id=\"xyowz0\" data-start=\"4221\" data-end=\"4258\">\n<p data-start=\"4223\" data-end=\"4258\">G\u00e4rten von Villen und Einfamilienh\u00e4usern<\/p>\n<\/li>\n<li data-section-id=\"8254d5\" data-start=\"4259\" data-end=\"4292\">\n<p data-start=\"4261\" data-end=\"4292\">Wohnanlagen und Siedlungsprojekte<\/p>\n<\/li>\n<li data-section-id=\"414odx\" data-start=\"4293\" data-end=\"4318\">\n<p data-start=\"4295\" data-end=\"4318\">Moderne Wohnarchitektur<\/p>\n<\/li>\n<li data-section-id=\"16ukbcj\" data-start=\"4319\" data-end=\"4351\">\n<p data-start=\"4321\" data-end=\"4351\">Technische Servicebereiche im Garten<\/p>\n<\/li>\n<li data-section-id=\"1vf3x9u\" data-start=\"4352\" data-end=\"4393\">\n<p data-start=\"4354\" data-end=\"4393\">Bereiche f\u00fcr Klima- und W\u00e4rmepumpenger\u00e4te<\/p>\n<\/li>\n<li data-section-id=\"z5nyvd\" data-start=\"4394\" data-end=\"4423\">\n<p data-start=\"4396\" data-end=\"4423\">Mechanische Installationsr\u00e4ume<\/p>\n<\/li>\n<\/ul>\n<hr data-start=\"4425\" data-end=\"4428\">\n<h2 data-section-id=\"xniu6d\" data-start=\"4430\" data-end=\"4438\">Ergebnis<\/h2>\n<p data-start=\"4440\" data-end=\"4826\">Das <strong data-start=\"4440\" data-end=\"4481\">Doppelfl\u00fcgel-Verkleidungspanel f\u00fcr Servicebereich<\/strong> ist eine praktische L\u00f6sung, die entwickelt wurde, um mechanische Ger\u00e4tebereiche im Au\u00dfenbereich \u00e4sthetisch, sicher und ordentlich zu verdecken. Die Lamellenstruktur bewahrt die Bel\u00fcftung, w\u00e4hrend das Doppelfl\u00fcgelt\u00fcrsystem eine einfache Handhabung in gro\u00dfen Bereichen erm\u00f6glicht. Es wird in modernen Architekturprojekten als funktionale und \u00e4sthetische L\u00f6sung bevorzugt.  <\/p>\n","protected":false},"excerpt":{"rendered":"<p>Das <strong data-start=\"38\" data-end=\"79\">Doppelfl\u00fcgel-Verkleidungspanel f\u00fcr Servicebereich<\/strong> ist ein Lamellen-Abdeckungssystem, das entwickelt wurde, um Klimaanlagen-Au\u00dfenger\u00e4te, W\u00e4rmepumpen, Hydrophorsysteme und andere mechanische Ger\u00e4te in G\u00e4rten oder au\u00dferhalb von Villen und Einfamilienh\u00e4usern \u00e4sthetisch zu verbergen und zu sch\u00fctzen.<\/p>\n<p>Das Doppelfl\u00fcgelt\u00fcr-Design erm\u00f6glicht eine einfache Handhabung und Servicezugang bei gro\u00dfen \u00d6ffnungen. Die Lamellenform hilft, die Ger\u00e4te vor Sonne, Staub und \u00e4u\u00dferen Einfl\u00fcssen zu sch\u00fctzen, ohne die Luftzirkulation zu behindern. <\/p>\n<p><em><strong>Preis pro Quadratmeter.<\/strong><\/em><\/p>\n","protected":false},"featured_media":5746,"comment_status":"open","ping_status":"closed","template":"","meta":{"_uag_custom_page_level_css":"","site-sidebar-layout":"default","site-content-layout":"","ast-site-content-layout":"default","site-content-style":"default","site-sidebar-style":"default","ast-global-header-display":"","ast-banner-title-visibility":"","ast-main-header-display":"","ast-hfb-above-header-display":"","ast-hfb-below-header-display":"","ast-hfb-mobile-header-display":"","site-post-title":"","ast-breadcrumbs-content":"","ast-featured-img":"","footer-sml-layout":"","ast-disable-related-posts":"","theme-transparent-header-meta":"default","adv-header-id-meta":"","stick-header-meta":"default","header-above-stick-meta":"","header-main-stick-meta":"","header-below-stick-meta":"","astra-migrate-meta-layouts":"default","ast-page-background-enabled":"default","ast-page-background-meta":{"desktop":{"background-color":"var(--ast-global-color-4)","background-image":"","background-repeat":"repeat","background-position":"center center","background-size":"auto","background-attachment":"scroll","background-type":"","background-media":"","overlay-type":"","overlay-color":"","overlay-opacity":"","overlay-gradient":""},"tablet":{"background-color":"","background-image":"","background-repeat":"repeat","background-position":"center center","background-size":"auto","background-attachment":"scroll","background-type":"","background-media":"","overlay-type":"","overlay-color":"","overlay-opacity":"","overlay-gradient":""},"mobile":{"background-color":"","background-image":"","background-repeat":"repeat","background-position":"center center","background-size":"auto","background-attachment":"scroll","background-type":"","background-media":"","overlay-type":"","overlay-color":"","overlay-opacity":"","overlay-gradient":""}},"ast-content-background-meta":{"desktop":{"background-color":"var(--ast-global-color-5)","background-image":"","background-repeat":"repeat","background-position":"center center","background-size":"auto","background-attachment":"scroll","background-type":"","background-media":"","overlay-type":"","overlay-color":"","overlay-opacity":"","overlay-gradient":""},"tablet":{"background-color":"var(--ast-global-color-5)","background-image":"","background-repeat":"repeat","background-position":"center center","background-size":"auto","background-attachment":"scroll","background-type":"","background-media":"","overlay-type":"","overlay-color":"","overlay-opacity":"","overlay-gradient":""},"mobile":{"background-color":"var(--ast-global-color-5)","background-image":"","background-repeat":"repeat","background-position":"center center","background-size":"auto","background-attachment":"scroll","background-type":"","background-media":"","overlay-type":"","overlay-color":"","overlay-opacity":"","overlay-gradient":""}}},"product_brand":[],"product_cat":[1202],"product_tag":[1204,1207,1205,1203,1206],"class_list":{"0":"post-5744","1":"product","2":"type-product","3":"status-publish","4":"has-post-thumbnail","6":"product_cat-mekanik-alan-kapama-paneli","7":"product_tag-klima-dis-unite-kapama-paneli","8":"product_tag-klima-dis-unite-muhafaza-paneli","9":"product_tag-klima-motoru-gizleme-paneli","10":"product_tag-mekanik-alan-kapama-paneli","11":"product_tag-mekanik-alan-kapama-sistemi","12":"desktop-align-left","13":"tablet-align-left","14":"mobile-align-left","15":"ast-product-gallery-layout-first-image-large","16":"ast-product-tabs-layout-accordion","18":"first","19":"instock","20":"taxable","21":"shipping-taxable","22":"purchasable","23":"product-type-simple"},"aioseo_notices":[],"uagb_featured_image_src":{"full":["https:\/\/birmansacmetal.com\/wp-content\/uploads\/2026\/03\/Mekanik-Alan-Kapama-Paneli.jpg",750,1000,false],"thumbnail":["https:\/\/birmansacmetal.com\/wp-content\/uploads\/2026\/03\/Mekanik-Alan-Kapama-Paneli-150x150.jpg",150,150,true],"medium":["https:\/\/birmansacmetal.com\/wp-content\/uploads\/2026\/03\/Mekanik-Alan-Kapama-Paneli-225x300.jpg",225,300,true],"medium_large":["https:\/\/birmansacmetal.com\/wp-content\/uploads\/2026\/03\/Mekanik-Alan-Kapama-Paneli.jpg",750,1000,false],"large":["https:\/\/birmansacmetal.com\/wp-content\/uploads\/2026\/03\/Mekanik-Alan-Kapama-Paneli.jpg",750,1000,false],"1536x1536":["https:\/\/birmansacmetal.com\/wp-content\/uploads\/2026\/03\/Mekanik-Alan-Kapama-Paneli.jpg",750,1000,false],"2048x2048":["https:\/\/birmansacmetal.com\/wp-content\/uploads\/2026\/03\/Mekanik-Alan-Kapama-Paneli.jpg",750,1000,false],"woocommerce_thumbnail":["https:\/\/birmansacmetal.com\/wp-content\/uploads\/2026\/03\/Mekanik-Alan-Kapama-Paneli-300x300.jpg",300,300,true],"woocommerce_single":["https:\/\/birmansacmetal.com\/wp-content\/uploads\/2026\/03\/Mekanik-Alan-Kapama-Paneli-600x800.jpg",600,800,true],"woocommerce_gallery_thumbnail":["https:\/\/birmansacmetal.com\/wp-content\/uploads\/2026\/03\/Mekanik-Alan-Kapama-Paneli-100x100.jpg",100,100,true]},"uagb_author_info":{"display_name":"Birman Sac Metal","author_link":"https:\/\/birmansacmetal.com\/de\/author\/"},"uagb_comment_info":0,"uagb_excerpt":"Das Doppelfl\u00fcgel-Verkleidungspanel f\u00fcr Servicebereich ist ein Lamellen-Abdeckungssystem, das entwickelt wurde, um Klimaanlagen-Au\u00dfenger\u00e4te, W\u00e4rmepumpen, Hydrophorsysteme und andere mechanische Ger\u00e4te in G\u00e4rten oder au\u00dferhalb von Villen und Einfamilienh\u00e4usern \u00e4sthetisch zu verbergen und zu sch\u00fctzen. Das Doppelfl\u00fcgelt\u00fcr-Design erm\u00f6glicht eine einfache Handhabung und Servicezugang bei gro\u00dfen \u00d6ffnungen. Die Lamellenform hilft, die Ger\u00e4te vor Sonne, Staub und \u00e4u\u00dferen Einfl\u00fcssen zu&hellip;","_links":{"self":[{"href":"https:\/\/birmansacmetal.com\/de\/wp-json\/wp\/v2\/product\/5744","targetHints":{"allow":["GET"]}}],"collection":[{"href":"https:\/\/birmansacmetal.com\/de\/wp-json\/wp\/v2\/product"}],"about":[{"href":"https:\/\/birmansacmetal.com\/de\/wp-json\/wp\/v2\/types\/product"}],"replies":[{"embeddable":true,"href":"https:\/\/birmansacmetal.com\/de\/wp-json\/wp\/v2\/comments?post=5744"}],"wp:featuredmedia":[{"embeddable":true,"href":"https:\/\/birmansacmetal.com\/de\/wp-json\/wp\/v2\/media\/5746"}],"wp:attachment":[{"href":"https:\/\/birmansacmetal.com\/de\/wp-json\/wp\/v2\/media?parent=5744"}],"wp:term":[{"taxonomy":"product_brand","embeddable":true,"href":"https:\/\/birmansacmetal.com\/de\/wp-json\/wp\/v2\/product_brand?post=5744"},{"taxonomy":"product_cat","embeddable":true,"href":"https:\/\/birmansacmetal.com\/de\/wp-json\/wp\/v2\/product_cat?post=5744"},{"taxonomy":"product_tag","embeddable":true,"href":"https:\/\/birmansacmetal.com\/de\/wp-json\/wp\/v2\/product_tag?post=5744"}],"curies":[{"name":"wp","href":"https:\/\/api.w.org\/{rel}","templated":true}]}}