{"id":4980,"date":"2026-01-15T19:12:55","date_gmt":"2026-01-15T19:12:55","guid":{"rendered":"https:\/\/birmansacmetal.com\/urun\/klimaanlagen-waermepumpen-schutzgehaeuse-mit-ohne-abdeckung\/"},"modified":"2026-02-21T12:12:30","modified_gmt":"2026-02-21T12:12:30","slug":"klimaanlagen-waermepumpen-schutzgehaeuse-mit-ohne-abdeckung","status":"publish","type":"product","link":"https:\/\/birmansacmetal.com\/de\/produkt\/klimaanlagen-waermepumpen-schutzgehaeuse-mit-ohne-abdeckung\/","title":{"rendered":"Klimaanlagen- \/ W\u00e4rmepumpen-Schutzgeh\u00e4use \u2013 mit\/ohne Abdeckung"},"content":{"rendered":"<p data-start=\"560\" data-end=\"857\">Da Klimaanlagenmotoren und W\u00e4rmepumpen st\u00e4ndig den \u00e4u\u00dferen Bedingungen ausgesetzt sind, verschlei\u00dfen sie mit der Zeit sowohl in Bezug auf Leistung als auch auf Optik. Unsere produzierten <strong data-start=\"456\" data-end=\"493\">Klimaanlagen- und W\u00e4rmepumpenverkleidungen<\/strong> wurden speziell entwickelt, um diese Probleme zu beseitigen. <\/p>\n<p data-start=\"560\" data-end=\"857\">Unsere Produkte werden <strong data-start=\"572\" data-end=\"601\">vollst\u00e4ndig aus verzinktem Stahl<\/strong> gefertigt. F\u00fcr die Geh\u00e4usestruktur wird <strong data-start=\"630\" data-end=\"662\">50\u00d750\u00d71,5 mm verzinktes Profil<\/strong> verwendet, f\u00fcr die Verkleidungsfl\u00e4chen <strong data-start=\"689\" data-end=\"712\">1,5 mm verzinktes Blech<\/strong>. Dies gew\u00e4hrleistet eine hohe Best\u00e4ndigkeit gegen \u00e4u\u00dfere Witterungseinfl\u00fcsse \u00fcber viele Jahre hinweg und bietet Schutz vor Rost, Verformung und St\u00f6\u00dfen.  <\/p>\n<hr>\n<p data-start=\"560\" data-end=\"857\"><a href=\"https:\/\/birmansacmetal.com\/wp-content\/uploads\/2026\/01\/klima-muhazasi.webp\"><img decoding=\"async\" class=\"aligncenter size-large wp-image-3885\" src=\"https:\/\/birmansacmetal.com\/wp-content\/uploads\/2026\/01\/klima-muhazasi-768x1024.webp\" alt=\"\" width=\"768\" height=\"1024\" srcset=\"https:\/\/birmansacmetal.com\/wp-content\/uploads\/2026\/01\/klima-muhazasi-768x1024.webp 768w, https:\/\/birmansacmetal.com\/wp-content\/uploads\/2026\/01\/klima-muhazasi-225x300.webp 225w, https:\/\/birmansacmetal.com\/wp-content\/uploads\/2026\/01\/klima-muhazasi-1152x1536.webp 1152w, https:\/\/birmansacmetal.com\/wp-content\/uploads\/2026\/01\/klima-muhazasi-600x800.webp 600w, https:\/\/birmansacmetal.com\/wp-content\/uploads\/2026\/01\/klima-muhazasi.webp 1500w\" sizes=\"(max-width: 768px) 100vw, 768px\" \/><\/a><\/p>\n<hr>\n<p data-start=\"859\" data-end=\"1107\">Die Verkleidungen k\u00f6nnen <strong data-start=\"871\" data-end=\"925\">optional mit oder ohne Abdeckung (T\u00fcr)<\/strong> hergestellt werden.<br data-start=\"939\" data-end=\"942\">Die an den Vorder- und Seitenfl\u00e4chen positionierten <strong data-start=\"978\" data-end=\"1000\">Wartungsklappen<\/strong> erm\u00f6glichen eine einfache Durchf\u00fchrung von Service- und Wartungsarbeiten. Die Platzierung der Klappen wird vollst\u00e4ndig nach Bedarf geplant. <\/p>\n<p data-start=\"1109\" data-end=\"1366\">An den Seitenfl\u00e4chen wird in der Regel ein <strong data-start=\"1135\" data-end=\"1162\">Lamellensystem mit Abst\u00e4nden<\/strong> verwendet. Diese Struktur erm\u00f6glicht den ungehinderten Abtransport der von der W\u00e4rmepumpe und dem Klimaanlagenmotor erzeugten Warmluft und unterst\u00fctzt den effizienten Betrieb des Ger\u00e4ts. So wird Schutz gew\u00e4hrleistet, ohne den Luftstrom zu behindern.  <\/p>\n<p data-start=\"1368\" data-end=\"1598\">Alle Produkte k\u00f6nnen <strong data-start=\"1380\" data-end=\"1406\">in jeder gew\u00fcnschten RAL-Farbe<\/strong> elektrostatisch pulverbeschichtet werden. Dadurch wird ein harmonisches, modernes und \u00e4sthetisches Erscheinungsbild mit der Geb\u00e4udefassade erzielt. Es beseitigt unsch\u00f6ne Anblicke und tr\u00e4gt zu einem ordentlichen und stilvollen Au\u00dfenbereich bei.  <\/p>\n<hr>\n<p data-start=\"1368\" data-end=\"1598\"><a href=\"https:\/\/birmansacmetal.com\/wp-content\/uploads\/2026\/01\/Isi-Pompasi-Muhafaza-Kabini.webp\"><img decoding=\"async\" class=\"aligncenter size-large wp-image-3887\" src=\"https:\/\/birmansacmetal.com\/wp-content\/uploads\/2026\/01\/Isi-Pompasi-Muhafaza-Kabini-683x1024.webp\" alt=\"\" width=\"683\" height=\"1024\" srcset=\"https:\/\/birmansacmetal.com\/wp-content\/uploads\/2026\/01\/Isi-Pompasi-Muhafaza-Kabini-683x1024.webp 683w, https:\/\/birmansacmetal.com\/wp-content\/uploads\/2026\/01\/Isi-Pompasi-Muhafaza-Kabini-200x300.webp 200w, https:\/\/birmansacmetal.com\/wp-content\/uploads\/2026\/01\/Isi-Pompasi-Muhafaza-Kabini-768x1152.webp 768w, https:\/\/birmansacmetal.com\/wp-content\/uploads\/2026\/01\/Isi-Pompasi-Muhafaza-Kabini-600x900.webp 600w, https:\/\/birmansacmetal.com\/wp-content\/uploads\/2026\/01\/Isi-Pompasi-Muhafaza-Kabini.webp 1024w\" sizes=\"(max-width: 683px) 100vw, 683px\" \/><\/a><\/p>\n<hr>\n<p data-start=\"1600\" data-end=\"1824\">Mit ihrer Robustheit, Langlebigkeit und Funktionalit\u00e4t sch\u00fctzen diese Verkleidungen:<br data-start=\"1660\" data-end=\"1663\">\u2714 Klimaanlagenmotoren<br data-start=\"1682\" data-end=\"1685\">\u2714 W\u00e4rmepumpen<br data-start=\"1702\" data-end=\"1705\">\u2714 vor \u00e4u\u00dferen Einfl\u00fcssen (Regen, Schnee, Sonne, St\u00f6\u00dfe, Staub)<br data-start=\"1761\" data-end=\"1764\">\u2714 erleichtern den technischen Zugang<br data-start=\"1794\" data-end=\"1797\">\u2714 bieten eine \u00e4sthetische L\u00f6sung<\/p>\n<p data-start=\"1826\" data-end=\"1884\">Sie k\u00f6nnen sowohl in Wohn- als auch in Gewerbeprojekten sicher eingesetzt werden.<\/p>\n<p data-start=\"1826\" data-end=\"1884\"><a href=\"https:\/\/birmansacmetal.com\/wp-content\/uploads\/2026\/01\/Ozel-Olcu-Klima-ve-isi-pompasi-muhafaza-dolaplari.webp\"><img decoding=\"async\" class=\"aligncenter size-large wp-image-3889\" src=\"https:\/\/birmansacmetal.com\/wp-content\/uploads\/2026\/01\/Ozel-Olcu-Klima-ve-isi-pompasi-muhafaza-dolaplari-768x1024.webp\" alt=\"\" width=\"768\" height=\"1024\" srcset=\"https:\/\/birmansacmetal.com\/wp-content\/uploads\/2026\/01\/Ozel-Olcu-Klima-ve-isi-pompasi-muhafaza-dolaplari-768x1024.webp 768w, https:\/\/birmansacmetal.com\/wp-content\/uploads\/2026\/01\/Ozel-Olcu-Klima-ve-isi-pompasi-muhafaza-dolaplari-225x300.webp 225w, https:\/\/birmansacmetal.com\/wp-content\/uploads\/2026\/01\/Ozel-Olcu-Klima-ve-isi-pompasi-muhafaza-dolaplari-1152x1536.webp 1152w, https:\/\/birmansacmetal.com\/wp-content\/uploads\/2026\/01\/Ozel-Olcu-Klima-ve-isi-pompasi-muhafaza-dolaplari-600x800.webp 600w, https:\/\/birmansacmetal.com\/wp-content\/uploads\/2026\/01\/Ozel-Olcu-Klima-ve-isi-pompasi-muhafaza-dolaplari.webp 1500w\" sizes=\"(max-width: 768px) 100vw, 768px\" \/><\/a><\/p>\n<p data-start=\"1826\" data-end=\"1884\">Wir fertigen Verkleidungsschr\u00e4nke mit Klappen in den gew\u00fcnschten Ma\u00dfen. Durch diese Klappen k\u00f6nnen Sie jederzeit auf die Klimaanlagenmotoren und W\u00e4rmepumpen zugreifen. <\/p>\n<p data-start=\"1826\" data-end=\"1884\"><img decoding=\"async\" class=\"aligncenter size-large wp-image-3890\" src=\"https:\/\/birmansacmetal.com\/wp-content\/uploads\/2026\/01\/Ozel-Olcu-Klima-ve-isi-pompasi-muhafaza-dolaplari-2-768x1024.webp\" alt=\"\" width=\"768\" height=\"1024\" srcset=\"https:\/\/birmansacmetal.com\/wp-content\/uploads\/2026\/01\/Ozel-Olcu-Klima-ve-isi-pompasi-muhafaza-dolaplari-2-768x1024.webp 768w, https:\/\/birmansacmetal.com\/wp-content\/uploads\/2026\/01\/Ozel-Olcu-Klima-ve-isi-pompasi-muhafaza-dolaplari-2-225x300.webp 225w, https:\/\/birmansacmetal.com\/wp-content\/uploads\/2026\/01\/Ozel-Olcu-Klima-ve-isi-pompasi-muhafaza-dolaplari-2-1152x1536.webp 1152w, https:\/\/birmansacmetal.com\/wp-content\/uploads\/2026\/01\/Ozel-Olcu-Klima-ve-isi-pompasi-muhafaza-dolaplari-2-600x800.webp 600w, https:\/\/birmansacmetal.com\/wp-content\/uploads\/2026\/01\/Ozel-Olcu-Klima-ve-isi-pompasi-muhafaza-dolaplari-2.webp 1500w\" sizes=\"(max-width: 768px) 100vw, 768px\" \/><\/p>\n","protected":false},"excerpt":{"rendered":"<h3 data-start=\"231\" data-end=\"305\">Klimaanlagen- &amp; W\u00e4rmepumpen-Schutzgeh\u00e4use \u2013 Verzinkter Stahl Au\u00dfenverkleidung<\/h3>\n<p>&nbsp;<\/p>\n<p data-start=\"170\" data-end=\"513\">Klimaanlagenmotoren und W\u00e4rmepumpen sind das ganze Jahr \u00fcber Regen, Sonne, Wind und anderen \u00e4u\u00dferen Einfl\u00fcssen ausgesetzt. Dies verk\u00fcrzt nicht nur die Lebensdauer des Ger\u00e4ts, sondern erzeugt auch ein unsch\u00f6nes Bild an der Fassade. Unsere produzierten <strong data-start=\"368\" data-end=\"405\">Klimaanlagen- und W\u00e4rmepumpenverkleidungen<\/strong> sch\u00fctzen Ihre Ger\u00e4te und verleihen dem Bereich gleichzeitig ein ordentliches und modernes Aussehen.  <\/p>\n<p data-start=\"515\" data-end=\"986\">Die robuste Geh\u00e4usestruktur aus verzinktem Stahl bietet \u00fcber viele Jahre hinweg Best\u00e4ndigkeit gegen \u00e4u\u00dfere Umwelteinfl\u00fcsse. Dank der lamellenf\u00f6rmigen Seitenfl\u00e4chen wird die Luftzirkulation ununterbrochen aufrechterhalten, wodurch die Leistung des Ger\u00e4ts nicht beeintr\u00e4chtigt wird. Die an den Vorder- und Seitenfl\u00e4chen anbringbaren <strong data-start=\"767\" data-end=\"789\">Wartungsklappen<\/strong> erleichtern Wartungs- und Servicearbeiten. Die in den gew\u00fcnschten Ma\u00dfen und <strong data-start=\"852\" data-end=\"876\">RAL-Farboptionen<\/strong> gefertigten Verkleidungen sind eine sichere, \u00e4sthetische und langlebige L\u00f6sung f\u00fcr Wohn- und Gewerbeprojekte.   <\/p>\n<p data-start=\"560\" data-end=\"857\">\n","protected":false},"featured_media":4983,"comment_status":"open","ping_status":"closed","template":"","meta":{"_uag_custom_page_level_css":"","site-sidebar-layout":"default","site-content-layout":"","ast-site-content-layout":"default","site-content-style":"default","site-sidebar-style":"default","ast-global-header-display":"","ast-banner-title-visibility":"","ast-main-header-display":"","ast-hfb-above-header-display":"","ast-hfb-below-header-display":"","ast-hfb-mobile-header-display":"","site-post-title":"","ast-breadcrumbs-content":"","ast-featured-img":"","footer-sml-layout":"","ast-disable-related-posts":"","theme-transparent-header-meta":"default","adv-header-id-meta":"","stick-header-meta":"default","header-above-stick-meta":"","header-main-stick-meta":"","header-below-stick-meta":"","astra-migrate-meta-layouts":"default","ast-page-background-enabled":"default","ast-page-background-meta":{"desktop":{"background-color":"var(--ast-global-color-4)","background-image":"","background-repeat":"repeat","background-position":"center center","background-size":"auto","background-attachment":"scroll","background-type":"","background-media":"","overlay-type":"","overlay-color":"","overlay-opacity":"","overlay-gradient":""},"tablet":{"background-color":"","background-image":"","background-repeat":"repeat","background-position":"center center","background-size":"auto","background-attachment":"scroll","background-type":"","background-media":"","overlay-type":"","overlay-color":"","overlay-opacity":"","overlay-gradient":""},"mobile":{"background-color":"","background-image":"","background-repeat":"repeat","background-position":"center center","background-size":"auto","background-attachment":"scroll","background-type":"","background-media":"","overlay-type":"","overlay-color":"","overlay-opacity":"","overlay-gradient":""}},"ast-content-background-meta":{"desktop":{"background-color":"var(--ast-global-color-5)","background-image":"","background-repeat":"repeat","background-position":"center center","background-size":"auto","background-attachment":"scroll","background-type":"","background-media":"","overlay-type":"","overlay-color":"","overlay-opacity":"","overlay-gradient":""},"tablet":{"background-color":"var(--ast-global-color-5)","background-image":"","background-repeat":"repeat","background-position":"center center","background-size":"auto","background-attachment":"scroll","background-type":"","background-media":"","overlay-type":"","overlay-color":"","overlay-opacity":"","overlay-gradient":""},"mobile":{"background-color":"var(--ast-global-color-5)","background-image":"","background-repeat":"repeat","background-position":"center center","background-size":"auto","background-attachment":"scroll","background-type":"","background-media":"","overlay-type":"","overlay-color":"","overlay-opacity":"","overlay-gradient":""}}},"product_brand":[47],"product_cat":[321],"product_tag":[327,323,326,334,322,331,330,333,335,332,336,329,325,328,324],"class_list":{"0":"post-4980","1":"product","2":"type-product","3":"status-publish","4":"has-post-thumbnail","6":"product_brand-birmansacmetal","7":"product_cat-muhafaza-kabinleri","8":"product_tag-dis-unite-koruma-muhafazasi","9":"product_tag-klima-dis-unite-muhafazasi","10":"product_tag-klima-koruma-kabini","11":"product_tag-dis-mekan-klima-koruma","12":"product_tag-klima-muhafazasi","13":"product_tag-kapakli-klima-muhafazasi","14":"product_tag-panjurlu-klima-kabini","15":"product_tag-ral-renk-klima-kabini","16":"product_tag-dayanikli-klima-muhafazasi","17":"product_tag-ozel-uretim-klima-muhafazasi","18":"product_tag-celik-klima-muhafazasi","19":"product_tag-galvaniz-klima-muhafazasi","20":"product_tag-galvaniz-klima-kabini","21":"product_tag-isi-pompasi-koruma-kabini","22":"product_tag-isi-pompasi-muhafazasi","23":"product_shipping_class-muhafaza-kabinleri","24":"desktop-align-left","25":"tablet-align-left","26":"mobile-align-left","27":"ast-product-gallery-layout-first-image-large","28":"ast-product-tabs-layout-accordion","30":"first","31":"instock","32":"taxable","33":"shipping-taxable","34":"purchasable","35":"product-type-simple"},"aioseo_notices":[],"uagb_featured_image_src":{"full":["https:\/\/birmansacmetal.com\/wp-content\/uploads\/2026\/01\/Klima-ve-Isi-Pompasi-Muhafazasi-Kabini.webp",1024,1536,false],"thumbnail":["https:\/\/birmansacmetal.com\/wp-content\/uploads\/2026\/01\/Klima-ve-Isi-Pompasi-Muhafazasi-Kabini-150x150.webp",150,150,true],"medium":["https:\/\/birmansacmetal.com\/wp-content\/uploads\/2026\/01\/Klima-ve-Isi-Pompasi-Muhafazasi-Kabini-200x300.webp",200,300,true],"medium_large":["https:\/\/birmansacmetal.com\/wp-content\/uploads\/2026\/01\/Klima-ve-Isi-Pompasi-Muhafazasi-Kabini-768x1152.webp",768,1152,true],"large":["https:\/\/birmansacmetal.com\/wp-content\/uploads\/2026\/01\/Klima-ve-Isi-Pompasi-Muhafazasi-Kabini-683x1024.webp",683,1024,true],"1536x1536":["https:\/\/birmansacmetal.com\/wp-content\/uploads\/2026\/01\/Klima-ve-Isi-Pompasi-Muhafazasi-Kabini.webp",1024,1536,false],"2048x2048":["https:\/\/birmansacmetal.com\/wp-content\/uploads\/2026\/01\/Klima-ve-Isi-Pompasi-Muhafazasi-Kabini.webp",1024,1536,false],"woocommerce_thumbnail":["https:\/\/birmansacmetal.com\/wp-content\/uploads\/2026\/01\/Klima-ve-Isi-Pompasi-Muhafazasi-Kabini-300x300.webp",300,300,true],"woocommerce_single":["https:\/\/birmansacmetal.com\/wp-content\/uploads\/2026\/01\/Klima-ve-Isi-Pompasi-Muhafazasi-Kabini-600x900.webp",600,900,true],"woocommerce_gallery_thumbnail":["https:\/\/birmansacmetal.com\/wp-content\/uploads\/2026\/01\/Klima-ve-Isi-Pompasi-Muhafazasi-Kabini-100x100.webp",100,100,true]},"uagb_author_info":{"display_name":"Birman Sac Metal","author_link":"https:\/\/birmansacmetal.com\/de\/author\/"},"uagb_comment_info":0,"uagb_excerpt":"Klimaanlagen- &amp; W\u00e4rmepumpen-Schutzgeh\u00e4use \u2013 Verzinkter Stahl Au\u00dfenverkleidung &nbsp; Klimaanlagenmotoren und W\u00e4rmepumpen sind das ganze Jahr \u00fcber Regen, Sonne, Wind und anderen \u00e4u\u00dferen Einfl\u00fcssen ausgesetzt. Dies verk\u00fcrzt nicht nur die Lebensdauer des Ger\u00e4ts, sondern erzeugt auch ein unsch\u00f6nes Bild an der Fassade. Unsere produzierten Klimaanlagen- und W\u00e4rmepumpenverkleidungen sch\u00fctzen Ihre Ger\u00e4te und verleihen dem Bereich gleichzeitig ein&hellip;","_links":{"self":[{"href":"https:\/\/birmansacmetal.com\/de\/wp-json\/wp\/v2\/product\/4980","targetHints":{"allow":["GET"]}}],"collection":[{"href":"https:\/\/birmansacmetal.com\/de\/wp-json\/wp\/v2\/product"}],"about":[{"href":"https:\/\/birmansacmetal.com\/de\/wp-json\/wp\/v2\/types\/product"}],"replies":[{"embeddable":true,"href":"https:\/\/birmansacmetal.com\/de\/wp-json\/wp\/v2\/comments?post=4980"}],"wp:featuredmedia":[{"embeddable":true,"href":"https:\/\/birmansacmetal.com\/de\/wp-json\/wp\/v2\/media\/4983"}],"wp:attachment":[{"href":"https:\/\/birmansacmetal.com\/de\/wp-json\/wp\/v2\/media?parent=4980"}],"wp:term":[{"taxonomy":"product_brand","embeddable":true,"href":"https:\/\/birmansacmetal.com\/de\/wp-json\/wp\/v2\/product_brand?post=4980"},{"taxonomy":"product_cat","embeddable":true,"href":"https:\/\/birmansacmetal.com\/de\/wp-json\/wp\/v2\/product_cat?post=4980"},{"taxonomy":"product_tag","embeddable":true,"href":"https:\/\/birmansacmetal.com\/de\/wp-json\/wp\/v2\/product_tag?post=4980"}],"curies":[{"name":"wp","href":"https:\/\/api.w.org\/{rel}","templated":true}]}}