{"id":4837,"date":"2025-10-20T13:52:17","date_gmt":"2025-10-20T13:52:17","guid":{"rendered":"https:\/\/birmansacmetal.com\/kundenzufriedenheit\/"},"modified":"2026-02-13T14:35:34","modified_gmt":"2026-02-13T14:35:34","slug":"kundenzufriedenheit","status":"publish","type":"page","link":"https:\/\/birmansacmetal.com\/de\/kundenzufriedenheit\/","title":{"rendered":"Kundenzufriedenheit"},"content":{"rendered":"\n<div class=\"wp-block-uagb-container uagb-block-37fe9e23 alignfull uagb-is-root-container\"><div class=\"uagb-container-inner-blocks-wrap\">\n<h1 class=\"wp-block-heading has-text-align-center has-ast-global-color-5-color has-text-color has-link-color wp-elements-b6bef11a1322fb5448b53b9d0e4f9f1e\">Kundenzufriedenheit<\/h1>\n<\/div><\/div>\n\n<div class=\"wp-block-uagb-container uagb-block-d8b61c7b alignfull uagb-is-root-container\"><div class=\"uagb-container-inner-blocks-wrap\"><\/div><\/div>\n\n<h5 class=\"wp-block-heading\" style=\"margin-top:var(--wp--preset--spacing--20);margin-bottom:var(--wp--preset--spacing--20)\">Kundenzufriedenheit<\/h5>\n\n<div class=\"wp-block-uagb-container uagb-block-4609b33a alignfull uagb-is-root-container\"><div class=\"uagb-container-inner-blocks-wrap\">\n<p>Als Birman Sac Metal richten wir seit unserer Gr\u00fcndung all unsere Aktivit\u00e4ten auf die Kundenzufriedenheit aus. F\u00fcr uns ist die Produktion nicht nur ein Metallformungsprozess, sondern eine Reise, die auf Vertrauen, Qualit\u00e4t und nachhaltigen Beziehungen basiert. Die Zufriedenheit jedes einzelnen Kunden betrachten wir als den wichtigsten Erfolg unseres Unternehmens.  <\/p>\n\n\n\n<p>In den Bereichen Metallverarbeitung, Rollladenz\u00e4une und T\u00fcrsysteme, in denen wir t\u00e4tig sind, ist es unser oberstes Prinzip, Qualit\u00e4t, \u00c4sthetik und Langlebigkeit zu vereinen und L\u00f6sungen anzubieten, die die Erwartungen der Nutzer \u00fcbertreffen. Mit diesem Verst\u00e4ndnis arbeiten wir in jedem Schritt, von der ersten Angebotsphase eines Projekts bis zur Lieferung und dem Kundendienst, akribisch. An jedem Kontaktpunkt mit unseren Kunden pflegen wir eine Kommunikation, die auf Transparenz und Vertrauen basiert.  <\/p>\n\n\n\n<p>Die Sicherstellung der Kundenzufriedenheit ist nicht nur ein Moment des Verkaufs, sondern ein fortlaufender Prozess w\u00e4hrend der gesamten Nutzungsdauer des Produkts. Aus diesem Grund reagiert unser Kundendienstteam schnell, l\u00f6sungsorientiert und professionell auf alle m\u00f6glichen Bed\u00fcrfnisse. Jedes Feedback wird systematisch ausgewertet, um unsere Produktionsqualit\u00e4t, Servicestandards und Prozesseffizienz kontinuierlich zu verbessern.  <\/p>\n\n\n\n<p>Birman Sac Metal verfolgt mit seiner dynamischen Struktur, die Technologie und Innovationen genau beobachtet, weiterhin die Entwicklung qualitativ hochwertigerer, funktionalerer und \u00e4sthetisch ansprechenderer Produkte. In unseren modernen Produktionsst\u00e4tten werden Qualit\u00e4tskontrollprozesse gem\u00e4\u00df internationalen Standards angewendet. Auf diese Weise bieten wir unseren Kunden im In- und Ausland langlebige L\u00f6sungen, die Vertrauen schaffen.  <\/p>\n\n\n\n<p>F\u00fcr uns ist Kundenzufriedenheit kein Ergebnis, sondern ein kontinuierliches Prinzip. Der Erfolg, den wir heute erreicht haben, basiert nicht nur auf der Qualit\u00e4t unserer Produkte, sondern auch auf dem Vertrauen und der Loyalit\u00e4t, die wir zu unseren Kunden aufgebaut haben. Wir gehen jedes Projekt mit der gleichen Entschlossenheit an und betrachten jeden Kunden nicht nur als K\u00e4ufer, sondern als wertvollen Teil der Birman Sac Metal Familie.  <\/p>\n\n\n\n<p>Unser kundenorientiertes Arbeitsverst\u00e4ndnis ist unser st\u00e4rkster Wert, der uns in die Zukunft tr\u00e4gt. Denn wir wissen, dass das wahre Ma\u00df f\u00fcr Exzellenz in der Produktion die Zufriedenheit unserer Kunden ist. <\/p>\n<\/div><\/div>\n","protected":false},"excerpt":{"rendered":"<p>Kundenzufriedenheit Kundenzufriedenheit Als Birman Sac Metal richten wir seit unserer Gr\u00fcndung all unsere Aktivit\u00e4ten auf die Kundenzufriedenheit aus. F\u00fcr uns ist die Produktion nicht nur ein Metallformungsprozess, sondern eine Reise, die auf Vertrauen, Qualit\u00e4t und nachhaltigen Beziehungen basiert. Die Zufriedenheit jedes einzelnen Kunden betrachten wir als den wichtigsten Erfolg unseres Unternehmens. In den Bereichen Metallverarbeitung, [&hellip;]<\/p>\n","protected":false},"author":1,"featured_media":0,"parent":0,"menu_order":0,"comment_status":"closed","ping_status":"closed","template":"","meta":{"_uag_custom_page_level_css":"","site-sidebar-layout":"no-sidebar","site-content-layout":"plain-container","ast-site-content-layout":"normal-width-container","site-content-style":"unboxed","site-sidebar-style":"unboxed","ast-global-header-display":"","ast-banner-title-visibility":"","ast-main-header-display":"","ast-hfb-above-header-display":"","ast-hfb-below-header-display":"","ast-hfb-mobile-header-display":"","site-post-title":"","ast-breadcrumbs-content":"","ast-featured-img":"disabled","footer-sml-layout":"","ast-disable-related-posts":"","theme-transparent-header-meta":"enabled","adv-header-id-meta":"","stick-header-meta":"","header-above-stick-meta":"","header-main-stick-meta":"","header-below-stick-meta":"","astra-migrate-meta-layouts":"default","ast-page-background-enabled":"default","ast-page-background-meta":{"desktop":{"background-color":"var(--ast-global-color-4)","background-image":"","background-repeat":"repeat","background-position":"center center","background-size":"auto","background-attachment":"scroll","background-type":"","background-media":"","overlay-type":"","overlay-color":"","overlay-opacity":"","overlay-gradient":""},"tablet":{"background-color":"","background-image":"","background-repeat":"repeat","background-position":"center center","background-size":"auto","background-attachment":"scroll","background-type":"","background-media":"","overlay-type":"","overlay-color":"","overlay-opacity":"","overlay-gradient":""},"mobile":{"background-color":"","background-image":"","background-repeat":"repeat","background-position":"center center","background-size":"auto","background-attachment":"scroll","background-type":"","background-media":"","overlay-type":"","overlay-color":"","overlay-opacity":"","overlay-gradient":""}},"ast-content-background-meta":{"desktop":{"background-color":"var(--ast-global-color-5)","background-image":"","background-repeat":"repeat","background-position":"center center","background-size":"auto","background-attachment":"scroll","background-type":"","background-media":"","overlay-type":"","overlay-color":"","overlay-opacity":"","overlay-gradient":""},"tablet":{"background-color":"var(--ast-global-color-5)","background-image":"","background-repeat":"repeat","background-position":"center center","background-size":"auto","background-attachment":"scroll","background-type":"","background-media":"","overlay-type":"","overlay-color":"","overlay-opacity":"","overlay-gradient":""},"mobile":{"background-color":"var(--ast-global-color-5)","background-image":"","background-repeat":"repeat","background-position":"center center","background-size":"auto","background-attachment":"scroll","background-type":"","background-media":"","overlay-type":"","overlay-color":"","overlay-opacity":"","overlay-gradient":""}},"footnotes":""},"class_list":["post-4837","page","type-page","status-publish","hentry"],"aioseo_notices":[],"uagb_featured_image_src":{"full":false,"thumbnail":false,"medium":false,"medium_large":false,"large":false,"1536x1536":false,"2048x2048":false,"woocommerce_thumbnail":false,"woocommerce_single":false,"woocommerce_gallery_thumbnail":false},"uagb_author_info":{"display_name":"Birman Sac Metal","author_link":"https:\/\/birmansacmetal.com\/de\/author\/birmansacmetalgmail-com\/"},"uagb_comment_info":0,"uagb_excerpt":"Kundenzufriedenheit Kundenzufriedenheit Als Birman Sac Metal richten wir seit unserer Gr\u00fcndung all unsere Aktivit\u00e4ten auf die Kundenzufriedenheit aus. F\u00fcr uns ist die Produktion nicht nur ein Metallformungsprozess, sondern eine Reise, die auf Vertrauen, Qualit\u00e4t und nachhaltigen Beziehungen basiert. Die Zufriedenheit jedes einzelnen Kunden betrachten wir als den wichtigsten Erfolg unseres Unternehmens. In den Bereichen Metallverarbeitung,&hellip;","_links":{"self":[{"href":"https:\/\/birmansacmetal.com\/de\/wp-json\/wp\/v2\/pages\/4837","targetHints":{"allow":["GET"]}}],"collection":[{"href":"https:\/\/birmansacmetal.com\/de\/wp-json\/wp\/v2\/pages"}],"about":[{"href":"https:\/\/birmansacmetal.com\/de\/wp-json\/wp\/v2\/types\/page"}],"author":[{"embeddable":true,"href":"https:\/\/birmansacmetal.com\/de\/wp-json\/wp\/v2\/users\/1"}],"replies":[{"embeddable":true,"href":"https:\/\/birmansacmetal.com\/de\/wp-json\/wp\/v2\/comments?post=4837"}],"version-history":[{"count":0,"href":"https:\/\/birmansacmetal.com\/de\/wp-json\/wp\/v2\/pages\/4837\/revisions"}],"wp:attachment":[{"href":"https:\/\/birmansacmetal.com\/de\/wp-json\/wp\/v2\/media?parent=4837"}],"curies":[{"name":"wp","href":"https:\/\/api.w.org\/{rel}","templated":true}]}}