{"id":3305,"date":"2024-07-14T22:58:19","date_gmt":"2024-07-14T22:58:19","guid":{"rendered":"https:\/\/birmansacmetal.com\/maschinenbeschaffungsservice\/"},"modified":"2025-10-21T19:56:40","modified_gmt":"2025-10-21T19:56:40","slug":"maschinenbeschaffungsservice","status":"publish","type":"page","link":"https:\/\/birmansacmetal.com\/de\/maschinenbeschaffungsservice\/","title":{"rendered":"Maschinenbeschaffungsservice"},"content":{"rendered":"\n<div class=\"wp-block-uagb-container uagb-block-cef93154 alignfull uagb-is-root-container\"><div class=\"uagb-container-inner-blocks-wrap\">\n<div class=\"wp-block-uagb-advanced-heading uagb-block-ee43a231\"><h1 class=\"uagb-heading-text\">Spezifische Maschinenbeschaffung f\u00fcr Ihr Unternehmen<\/h1><\/div>\n<\/div><\/div>\n\n<div class=\"wp-block-uagb-container uagb-block-ca134fa2 alignfull uagb-is-root-container\"><div class=\"uagb-container-inner-blocks-wrap\">\n<div class=\"wp-block-uagb-info-box uagb-block-fb923f24 uagb-infobox__content-wrap  uagb-infobox-icon-above-title uagb-infobox-image-valign-top wp-block-uagb-info-box--has-margin\"><div class=\"uagb-infobox-margin-wrapper\"><div class=\"uagb-ifb-content\"><div class=\"uagb-ifb-title-wrap\"><h3 class=\"uagb-ifb-title-prefix\">Die optimalen L\u00f6sungen f\u00fcr s\u00e4mtliche Ihrer Produktionsprozesse<\/h3><h2 class=\"uagb-ifb-title\">Bedarfsorientierte Maschinenbeschaffung<\/h2><\/div><\/div><\/div><\/div>\n\n\n\n<div class=\"wp-block-uagb-container uagb-layout-grid uagb-block-5031fb51\">\n<div class=\"wp-block-uagb-info-box uagb-block-f051ebd8 uagb-infobox__content-wrap  uagb-infobox_cta-type-all uagb-infobox-icon-above-title uagb-infobox-image-valign-top wp-block-uagb-info-box--has-margin\"><div class=\"uagb-infobox-margin-wrapper\"><a href=\"https:\/\/birmansacmetal.com\/lazer-kesim-makinesi-alirken-nelere-dikkat-edilmeli\/\" class=\"uagb-infobox-link-wrap uagb-infbox__link-to-all\" target=\"_self\" aria-label=\"Infobox Link\" rel=\"noopener noreferrer\" onclick=\"return true;\"><\/a><div class=\"uagb-ifb-content\"><div class=\"uagb-ifb-image-content\"><img decoding=\"async\" src=\"https:\/\/birmansacmetal.com\/wp-content\/uploads\/2024\/08\/Birman-Lazer-Kesim-Makinasi.jpg\" alt=\"Birman Lazer Kesim Makinas&#x131;\" width=\"380\" height=\"250\" loading=\"lazy\"\/><\/div><div class=\"uagb-ifb-title-wrap\"><h3 class=\"uagb-ifb-title\">Laserschneidmaschinen<\/h3><\/div><p class=\"uagb-ifb-desc\">Wir beschaffen f\u00fcr Sie die Laserschneidmaschine, die Ihren Anforderungen am besten entspricht, zum g\u00fcnstigsten Preis.<\/p><div class=\"uagb-ifb-button-wrapper wp-block-button\"><\/div><\/div><\/div><\/div>\n\n\n\n<div class=\"wp-block-uagb-info-box uagb-block-e954ed29 uagb-infobox__content-wrap  uagb-infobox-icon-above-title uagb-infobox-image-valign-top wp-block-uagb-info-box--has-margin\"><div class=\"uagb-infobox-margin-wrapper\"><div class=\"uagb-ifb-content\"><div class=\"uagb-ifb-image-content\"><img decoding=\"async\" src=\"https:\/\/birmansacmetal.com\/wp-content\/uploads\/2024\/08\/Birman-Abkant.jpg\" alt=\"Birman Sac Metal Abkant\" width=\"380\" height=\"250\" loading=\"lazy\"\/><\/div><div class=\"uagb-ifb-title-wrap\"><h3 class=\"uagb-ifb-title\">Abkantpressen f\u00fcr die Blechumformung<\/h3><\/div><p class=\"uagb-ifb-desc\">F\u00fcr Ihre CNC-Abkantpressen und -Formen mit 1-6 Achsen, die Ihren Anforderungen entsprechen, k\u00f6nnen Sie sich gerne an uns wenden.<\/p><\/div><\/div><\/div>\n\n\n\n<div class=\"wp-block-uagb-info-box uagb-block-65efee6f uagb-infobox__content-wrap  uagb-infobox-icon-above-title uagb-infobox-image-valign-top wp-block-uagb-info-box--has-margin\"><div class=\"uagb-infobox-margin-wrapper\"><div class=\"uagb-ifb-content\"><div class=\"uagb-ifb-image-content\"><img decoding=\"async\" src=\"https:\/\/birmansacmetal.com\/wp-content\/uploads\/2024\/08\/Yeni-Proje-5.jpg\" alt=\"Birman Sac Metal Lazer Kaynak Makinalar&#x131;\" width=\"380\" height=\"250\" loading=\"lazy\"\/><\/div><div class=\"uagb-ifb-title-wrap\"><h3 class=\"uagb-ifb-title\">Laser-Schwei\u00dfmaschinen<\/h3><\/div><p class=\"uagb-ifb-desc\">Wir liefern multifunktionale 1-in-5-Laser-Schwei\u00dfmaschinen f\u00fcr Stahl, Edelstahl und Aluminium.<\/p><\/div><\/div><\/div>\n\n\n\n<div class=\"wp-block-uagb-info-box uagb-block-0174d2fb uagb-infobox__content-wrap  uagb-infobox_cta-type-all uagb-infobox-icon-above-title uagb-infobox-image-valign-top wp-block-uagb-info-box--has-margin\"><div class=\"uagb-infobox-margin-wrapper\"><a href=\"https:\/\/birmansacmetal.com\/rollform-uretim-hatlari\/\" class=\"uagb-infobox-link-wrap uagb-infbox__link-to-all\" target=\"_self\" aria-label=\"Infobox Link\" rel=\"noopener noreferrer\" onclick=\"return true;\"><\/a><div class=\"uagb-ifb-content\"><div class=\"uagb-ifb-image-content\"><img decoding=\"async\" src=\"https:\/\/birmansacmetal.com\/wp-content\/uploads\/2024\/08\/Yeni-Proje-4-1.jpg\" alt=\"Birman G&#xFC;ne&#x15F; K&#x131;r&#x131;c&#x131; Panel Panjur Rollform Hatt&#x131;\" width=\"380\" height=\"250\" loading=\"lazy\"\/><\/div><div class=\"uagb-ifb-title-wrap\"><h3 class=\"uagb-ifb-title\">Rollform-Blechumformung<\/h3><\/div><p class=\"uagb-ifb-desc\">F\u00fcr Rollformanlagen wie U-Profile, Rolll\u00e4den, Trapezbleche f\u00fcr D\u00e4cher und Sonnenschutzprofile erhalten Sie Informationen von uns.<\/p><div class=\"uagb-ifb-button-wrapper wp-block-button\"><\/div><\/div><\/div><\/div>\n\n\n\n<div class=\"wp-block-uagb-info-box uagb-block-6babea65 uagb-infobox__content-wrap  uagb-infobox-icon-above-title uagb-infobox-image-valign-top wp-block-uagb-info-box--has-margin\"><div class=\"uagb-infobox-margin-wrapper\"><div class=\"uagb-ifb-content\"><div class=\"uagb-ifb-image-content\"><img decoding=\"async\" src=\"https:\/\/birmansacmetal.com\/wp-content\/uploads\/2024\/08\/Birman-Sac-Metal-Lazer-Markalama-Makineleri.jpg\" alt=\"Birman Sac Metal Lazer Markalama Makineleri\" width=\"380\" height=\"250\" loading=\"lazy\"\/><\/div><div class=\"uagb-ifb-title-wrap\"><h3 class=\"uagb-ifb-title\">Laserbeschriftungsprodukte<\/h3><\/div><p class=\"uagb-ifb-desc\">Wir liefern Tisch-, tragbare und tragbare batteriebetriebene Laserbeschriftungsprodukte.<\/p><\/div><\/div><\/div>\n\n\n\n<div class=\"wp-block-uagb-info-box uagb-block-61d96c3b uagb-infobox__content-wrap  uagb-infobox-icon-above-title uagb-infobox-image-valign-top wp-block-uagb-info-box--has-margin\"><div class=\"uagb-infobox-margin-wrapper\"><div class=\"uagb-ifb-content\"><div class=\"uagb-ifb-image-content\"><img decoding=\"async\" src=\"https:\/\/birmansacmetal.com\/wp-content\/uploads\/2024\/08\/Ozel-Uretim-Makineler.jpg\" alt=\"&#xD6;zel &#xDC;retim Makineler\" width=\"380\" height=\"250\" loading=\"lazy\"\/><\/div><div class=\"uagb-ifb-title-wrap\"><h3 class=\"uagb-ifb-title\">Sondermaschinenbau<\/h3><\/div><p class=\"uagb-ifb-desc\">Wir bieten Ihnen einen speziellen Maschinenbauservice f\u00fcr alle Ihre Produktionsprozesse.<\/p><\/div><\/div><\/div>\n<\/div>\n<\/div><\/div>\n\n<div class=\"wp-block-uagb-container uagb-block-f2bead77 alignfull uagb-is-root-container\"><div class=\"uagb-container-inner-blocks-wrap\">\n<div class=\"wp-block-uagb-info-box uagb-block-dca9a339 uagb-infobox__content-wrap  uagb-infobox-icon-above-title uagb-infobox-image-valign-top\"><div class=\"uagb-ifb-content\"><div class=\"uagb-ifb-icon-wrap\"><svg xmlns=\"https:\/\/www.w3.org\/2000\/svg\" viewbox=\"0 0 512 512\"><path d=\"M511.1 63.1v287.1c0 35.25-28.75 63.1-64 63.1h-144l-124.9 93.68c-7.875 5.75-19.12 .0497-19.12-9.7v-83.98h-96c-35.25 0-64-28.75-64-63.1V63.1c0-35.25 28.75-63.1 64-63.1h384C483.2 0 511.1 28.75 511.1 63.1z\"><\/path><\/svg><\/div><div class=\"uagb-ifb-title-wrap\"><h3 class=\"uagb-ifb-title\">Schreiben Sie uns, um Informationen \u00fcber die Maschine zu erhalten<\/h3><\/div><div class=\"uagb-ifb-separator\"><\/div><p class=\"uagb-ifb-desc\">Sie k\u00f6nnen das Kontaktformular nutzen, \u00fcber das wir Ihnen rund um die Uhr Unterst\u00fctzung bei all Ihren Problemen bieten. Ihre Fragen werden sp\u00e4testens innerhalb von 1 Stunde beantwortet. <\/p><\/div><\/div>\n<\/div><\/div>\n\n<div class=\"wp-block-uagb-container uagb-block-203326f0 alignfull uagb-is-root-container\"><div class=\"uagb-container-inner-blocks-wrap\">\n<div class=\"wp-block-uagb-forms uagb-forms__outer-wrap uagb-block-b3d997b9 uagb-forms__medium-btn\"><form class=\"uagb-forms-main-form\" method=\"post\" autocomplete=\"on\" name=\"uagb-form-b3d997b9\">\n<div class=\"wp-block-uagb-forms-name uagb-forms-name-wrap uagb-forms-field-set uagb-block-6407b69e\"><div class=\"uagb-forms-name-label required uagb-forms-input-label\" id=\"6407b69e\">Ihr Name<\/div><input type=\"text\" placeholder=\"\" required=\"\" class=\"uagb-forms-name-input uagb-forms-input\" name=\"6407b69e\" autocomplete=\"given-name\"><\/div>\n\n\n\n<div class=\"wp-block-uagb-forms-email uagb-forms-email-wrap uagb-forms-field-set uagb-block-6eb29822\"><div class=\"uagb-forms-email-label required uagb-forms-input-label\" id=\"6eb29822\">E-Mail<\/div><input type=\"email\" class=\"uagb-forms-email-input uagb-forms-input\" placeholder=\"example@mail.com\" required=\"\" name=\"6eb29822\" autocomplete=\"email\"><\/div>\n\n\n\n<div class=\"wp-block-uagb-forms-name uagb-forms-name-wrap uagb-forms-field-set uagb-block-4dcc93bd\"><div class=\"uagb-forms-name-label uagb-forms-input-label\" id=\"4dcc93bd\">Telefon<\/div><input type=\"text\" placeholder=\"\" class=\"uagb-forms-name-input uagb-forms-input\" name=\"4dcc93bd\" autocomplete=\"name\"><\/div>\n\n\n\n<div class=\"wp-block-uagb-forms-name uagb-forms-name-wrap uagb-forms-field-set uagb-block-60e81f0f\"><div class=\"uagb-forms-name-label required uagb-forms-input-label\" id=\"60e81f0f\">Firmenname<\/div><input type=\"text\" placeholder=\"\" required=\"\" class=\"uagb-forms-name-input uagb-forms-input\" name=\"60e81f0f\" autocomplete=\"name\"><\/div>\n\n\n\n<div class=\"wp-block-uagb-forms-checkbox uagb-forms-checkbox-wrap uagb-forms-field-set uagb-block-24000810\"><div class=\"uagb-forms-checkbox-label uagb-forms-input-label\" id=\"24000810\">Welche Maschine betrifft es?<\/div><input type=\"checkbox\" class=\"uagb-forms-checkbox\" id=\"checkbox-lazer-kesim-makinesi-24000810\" name=\"Hangi Makine \u0130le \u0130lgili[]\" value=\"Lazer Kesim Makinesi\"><label for=\"checkbox-lazer-kesim-makinesi-24000810\">Laserschneidmaschine<\/label><br><input type=\"checkbox\" class=\"uagb-forms-checkbox\" id=\"checkbox-lazer-kaynak-makinas\u0131-24000810\" name=\"Hangi Makine \u0130le \u0130lgili[]\" value=\"Lazer Kaynak Makinas\u0131\"><label for=\"checkbox-lazer-kaynak-makinas\u0131-24000810\">Laser-Schwei\u00dfmaschine<\/label><br><input type=\"checkbox\" class=\"uagb-forms-checkbox\" id=\"checkbox-cnc-abkant-24000810\" name=\"Hangi Makine \u0130le \u0130lgili[]\" value=\"Cnc Abkant\"><label for=\"checkbox-cnc-abkant-24000810\">CNC-Abkantpresse<\/label><br><input type=\"checkbox\" class=\"uagb-forms-checkbox\" id=\"checkbox-lazer-markalama-24000810\" name=\"Hangi Makine \u0130le \u0130lgili[]\" value=\"Lazer Markalama\"><label for=\"checkbox-lazer-markalama-24000810\">Laserbeschriftung<\/label><br><input type=\"checkbox\" class=\"uagb-forms-checkbox\" id=\"checkbox-rollform-sac-\u015fekillendirme-24000810\" name=\"Hangi Makine \u0130le \u0130lgili[]\" value=\"Rollform Sac \u015eekillendirme\"><label for=\"checkbox-rollform-sac-\u015fekillendirme-24000810\">Rollform-Blechumformung<\/label><br><\/div>\n\n\n\n<div class=\"wp-block-uagb-forms-textarea uagb-forms-textarea-wrap uagb-forms-field-set uagb-block-90c503a6\"><div class=\"uagb-forms-textarea-label required uagb-forms-input-label\" id=\"90c503a6\">Ihre Nachricht<\/div><textarea required=\"\" class=\"uagb-forms-textarea-input uagb-forms-input\" rows=\"4\" placeholder=\"\" name=\"90c503a6\" autocomplete=\"off\"><\/textarea><\/div>\n<div class=\"uagb-forms-form-hidden-data\"><input type=\"hidden\" id=\"g-recaptcha-response\" class=\"uagb-forms-recaptcha\"\/><input type=\"hidden\" class=\"uagb_forms_form_label\" value=\"Spectra Form\"\/><input type=\"hidden\" class=\"uagb_forms_form_id\" value=\"uagb-form-b3d997b9\"\/><\/div><div class=\"g-recaptcha uagb-forms-field-set\" data-sitekey=\"\"><\/div><div class=\"uagb-form-reacaptcha-error-b3d997b9\"><\/div><div class=\"uagb-forms-main-submit-button-wrap wp-block-button\"><button class=\"uagb-forms-main-submit-button wp-block-button__link\"><div class=\"uagb-forms-main-submit-button-text\">Senden<\/div><\/button><\/div><\/form><div class=\"uagb-forms-success-message-b3d997b9 uagb-forms-submit-message-hide\"><span>Mesaj\u0131n\u0131z G\u00f6nderildi. \u0130leti\u015fime ge\u00e7ti\u011fini i\u00e7in te\u015fekk\u00fcrler.<\/span><\/div><div class=\"uagb-forms-failed-message-b3d997b9 uagb-forms-submit-message-hide\"><span>There has been some error while submitting the form. Please verify all form fields again.<\/span><\/div><\/div>\n<\/div><\/div>\n","protected":false},"excerpt":{"rendered":"<p>Spezifische Maschinenbeschaffung f\u00fcr Ihr Unternehmen<\/p>\n","protected":false},"author":1,"featured_media":0,"parent":0,"menu_order":0,"comment_status":"closed","ping_status":"closed","template":"","meta":{"_uag_custom_page_level_css":"","site-sidebar-layout":"no-sidebar","site-content-layout":"plain-container","ast-site-content-layout":"normal-width-container","site-content-style":"unboxed","site-sidebar-style":"unboxed","ast-global-header-display":"","ast-banner-title-visibility":"","ast-main-header-display":"","ast-hfb-above-header-display":"","ast-hfb-below-header-display":"","ast-hfb-mobile-header-display":"","site-post-title":"disabled","ast-breadcrumbs-content":"","ast-featured-img":"disabled","footer-sml-layout":"","ast-disable-related-posts":"","theme-transparent-header-meta":"enabled","adv-header-id-meta":"","stick-header-meta":"","header-above-stick-meta":"","header-main-stick-meta":"","header-below-stick-meta":"","astra-migrate-meta-layouts":"default","ast-page-background-enabled":"default","ast-page-background-meta":{"desktop":{"background-color":"var(--ast-global-color-4)","background-image":"","background-repeat":"repeat","background-position":"center center","background-size":"auto","background-attachment":"scroll","background-type":"","background-media":"","overlay-type":"","overlay-color":"","overlay-opacity":"","overlay-gradient":""},"tablet":{"background-color":"","background-image":"","background-repeat":"repeat","background-position":"center center","background-size":"auto","background-attachment":"scroll","background-type":"","background-media":"","overlay-type":"","overlay-color":"","overlay-opacity":"","overlay-gradient":""},"mobile":{"background-color":"","background-image":"","background-repeat":"repeat","background-position":"center center","background-size":"auto","background-attachment":"scroll","background-type":"","background-media":"","overlay-type":"","overlay-color":"","overlay-opacity":"","overlay-gradient":""}},"ast-content-background-meta":{"desktop":{"background-color":"var(--ast-global-color-5)","background-image":"","background-repeat":"repeat","background-position":"center center","background-size":"auto","background-attachment":"scroll","background-type":"","background-media":"","overlay-type":"","overlay-color":"","overlay-opacity":"","overlay-gradient":""},"tablet":{"background-color":"var(--ast-global-color-5)","background-image":"","background-repeat":"repeat","background-position":"center center","background-size":"auto","background-attachment":"scroll","background-type":"","background-media":"","overlay-type":"","overlay-color":"","overlay-opacity":"","overlay-gradient":""},"mobile":{"background-color":"var(--ast-global-color-5)","background-image":"","background-repeat":"repeat","background-position":"center center","background-size":"auto","background-attachment":"scroll","background-type":"","background-media":"","overlay-type":"","overlay-color":"","overlay-opacity":"","overlay-gradient":""}},"footnotes":""},"class_list":["post-3305","page","type-page","status-publish","hentry"],"aioseo_notices":[],"uagb_featured_image_src":{"full":false,"thumbnail":false,"medium":false,"medium_large":false,"large":false,"1536x1536":false,"2048x2048":false,"woocommerce_thumbnail":false,"woocommerce_single":false,"woocommerce_gallery_thumbnail":false},"uagb_author_info":{"display_name":"Birman Sac Metal","author_link":"https:\/\/birmansacmetal.com\/de\/author\/birmansacmetalgmail-com\/"},"uagb_comment_info":0,"uagb_excerpt":"Spezifische Maschinenbeschaffung f\u00fcr Ihr Unternehmen","_links":{"self":[{"href":"https:\/\/birmansacmetal.com\/de\/wp-json\/wp\/v2\/pages\/3305","targetHints":{"allow":["GET"]}}],"collection":[{"href":"https:\/\/birmansacmetal.com\/de\/wp-json\/wp\/v2\/pages"}],"about":[{"href":"https:\/\/birmansacmetal.com\/de\/wp-json\/wp\/v2\/types\/page"}],"author":[{"embeddable":true,"href":"https:\/\/birmansacmetal.com\/de\/wp-json\/wp\/v2\/users\/1"}],"replies":[{"embeddable":true,"href":"https:\/\/birmansacmetal.com\/de\/wp-json\/wp\/v2\/comments?post=3305"}],"version-history":[{"count":0,"href":"https:\/\/birmansacmetal.com\/de\/wp-json\/wp\/v2\/pages\/3305\/revisions"}],"wp:attachment":[{"href":"https:\/\/birmansacmetal.com\/de\/wp-json\/wp\/v2\/media?parent=3305"}],"curies":[{"name":"wp","href":"https:\/\/api.w.org\/{rel}","templated":true}]}}