{"id":3235,"date":"2024-07-21T13:59:13","date_gmt":"2024-07-21T13:59:13","guid":{"rendered":"https:\/\/birmansacmetal.com\/laserschneiddienst-fuer-profile\/"},"modified":"2025-10-21T19:04:03","modified_gmt":"2025-10-21T19:04:03","slug":"laserschneiddienst-fuer-profile","status":"publish","type":"page","link":"https:\/\/birmansacmetal.com\/de\/laserschneiddienst-fuer-profile\/","title":{"rendered":"Laserschneiddienst f\u00fcr Profile"},"content":{"rendered":"\n<div class=\"wp-block-uagb-container uagb-block-37fe9e23 alignfull uagb-is-root-container\"><div class=\"uagb-container-inner-blocks-wrap\">\n<h1 class=\"wp-block-heading has-text-align-center has-ast-global-color-5-color has-text-color has-link-color wp-elements-e1b649bdd3a8a5fd1f64e17a7704eaf9\">Laser-Profilschnitt<\/h1>\n<\/div><\/div>\n\n<div class=\"wp-block-uagb-container uagb-block-d8b61c7b alignfull uagb-is-root-container\"><div class=\"uagb-container-inner-blocks-wrap\"><\/div><\/div>\n\n<p>Der Laser-Profilschneideservice von Birman Laser ist ein Verfahren zum Schneiden von Metallen und anderen Materialien mit hoher Genauigkeit und Pr\u00e4zision. Diese Schneidemethode, die mit Lasertechnologie durchgef\u00fchrt wird, bietet schnellere und effizientere Ergebnisse im Vergleich zu herk\u00f6mmlichen Schneidemethoden. Birman Laser hat mit seinen qualitativ hochwertigen und wirtschaftlichen L\u00f6sungen in diesem Bereich einen wichtigen Platz in Izmir.  <\/p>\n\n<p>Der Laser-Profilschnitt wird h\u00e4ufig in der industriellen Fertigung eingesetzt. Dieser Service wird in vielen Branchen wie Konstruktion, Automobil, Luft- und Raumfahrt sowie Schiffbau eingesetzt. Dank des Laserschneidens lassen sich komplexe geometrische Formen und detaillierte Designs problemlos erstellen. Dies bietet Ingenieuren und Designern einen gro\u00dfen Vorteil.   <\/p>\n\n<p>Dieser von Birman Laser angebotene Service arbeitet dank seiner hohen Pr\u00e4zision mit einer minimalen Fehlermarge und minimiert die Materialverschwendung. Da au\u00dferdem beim Laserschneiden kein Kontakt mit dem Material besteht, wird das Risiko von physischem Verschlei\u00df und Verformung eliminiert. Dies sorgt f\u00fcr eine hohe Oberfl\u00e4chenqualit\u00e4t der geschnittenen Teile.  <\/p>\n\n<p>Der Laser-Profilschneideservice von Birman Laser ist auch hinsichtlich der Kosteneffizienz von Vorteil. Das Laserschneiden verbraucht weniger Energie und erfordert weniger Wartung als andere Schneidmethoden. Dies hilft Unternehmen, ihre Produktionskosten zu senken. Dar\u00fcber hinaus ist das erfahrene Team und die hochmoderne Ausr\u00fcstung von Birman Laser in der Lage, alle Arten von Schneidanforderungen zu erf\u00fcllen.   <\/p>\n\n<p>Zusammenfassend l\u00e4sst sich sagen, dass der Laser-Profilschneideservice von Birman Laser durch das Angebot von hoher Qualit\u00e4t, Pr\u00e4zision und wirtschaftlichen L\u00f6sungen die industriellen Bed\u00fcrfnisse in Izmir effektiv erf\u00fcllt. Die breiten Anwendungsbereiche und die Vorteile dieses Services geh\u00f6ren zu den Faktoren, die Birman Laser in der Branche hervorheben. <\/p>\n\n<h2 class=\"wp-block-heading\">Laserschneiddienst f\u00fcr Kastenprofile<\/h2>\n\n<p>Der Laserschneiddienst f\u00fcr Kasten- und Quadratprofile wird insbesondere in industriellen Fertigungsprozessen bevorzugt, um eine hohe Pr\u00e4zision und Effizienz zu gew\u00e4hrleisten. Diese Art des Schneidens erm\u00f6glicht das Schneiden von Kastenprofilen mit quadratischem und rechteckigem Querschnitt in den gew\u00fcnschten Formen und Gr\u00f6\u00dfen unter Verwendung der Lasertechnologie. Der Laserschneidprozess wird mithilfe von computergest\u00fctzten Design (CAD)-Software mit millimetergenauer Pr\u00e4zision durchgef\u00fchrt.  <\/p>\n\n<p>Einer der Hauptvorteile der Laser-Profilschneidtechnologie ist, dass der Schneidprozess mit hoher Geschwindigkeit und Genauigkeit durchgef\u00fchrt werden kann. Dadurch werden die Produktionsprozesse beschleunigt und die Arbeitskosten gesenkt. Gleichzeitig wird dem Material w\u00e4hrend des Laserschneidprozesses nur minimale W\u00e4rme zugef\u00fchrt, was dazu beitr\u00e4gt, die strukturelle Integrit\u00e4t des Materials zu erhalten. Diese Eigenschaft ist besonders bei anspruchsvollen und komplexen Schnitten von gro\u00dfem Vorteil.   <\/p>\n\n<p>Der Kasten- und Quadratprofilschneideservice wird h\u00e4ufig in verschiedenen Branchen wie dem Bauwesen, der Automobilindustrie, der M\u00f6belindustrie und dem Maschinenbau eingesetzt. Beispielsweise ist im Baugewerbe das pr\u00e4zise Schneiden von Stahlkonstruktionselementen von gro\u00dfer Bedeutung. In der Automobilindustrie wird die Laserschneidtechnologie bei der Herstellung von Fahrzeugrahmen und anderen Komponenten eingesetzt, um eine hohe Pr\u00e4zision und Haltbarkeit zu erzielen. Auch in der M\u00f6bel- und Dekorationsbranche wird beim Erstellen \u00e4sthetischer und funktionaler Designs das Laserschneiden bevorzugt.   <\/p>\n\n<p>Dar\u00fcber hinaus tr\u00e4gt der Laserschneiddienst f\u00fcr Kasten- und Quadratprofile durch die Minimierung der Materialverschwendung zu nachhaltigen Produktionsprozessen bei. W\u00e4hrend des Schneidprozesses wird sichergestellt, dass das Material so effizient wie m\u00f6glich verwendet wird, und die Abfallmenge wird reduziert. Da au\u00dferdem nach dem Laserschneiden keine zus\u00e4tzliche Oberfl\u00e4chenbehandlung erforderlich ist, werden die Produktionsprozesse schneller und wirtschaftlicher abgeschlossen.  <\/p>\n\n<h2 class=\"wp-block-heading\">Laserschneiddienst f\u00fcr Rohprofile<\/h2>\n\n<p>Der Laserschneiddienst f\u00fcr Rohprofile nimmt in industriellen Fertigungsprozessen einen wichtigen Platz ein. Diese Methode erm\u00f6glicht das hochpr\u00e4zise und schnelle Schneiden von Rohprofilen. Die Laserschneidtechnologie sorgt f\u00fcr glatte und saubere Schnitte, ohne die Struktur des Rohrs zu besch\u00e4digen. Einer der gr\u00f6\u00dften Vorteile ist, dass nach dem Schneiden keine zus\u00e4tzliche Bearbeitung erforderlich ist. Dies spart Zeit und Kosten im Produktionsprozess.    <\/p>\n\n<p>Das Laserschneiden von Rohprofilen bietet insbesondere bei komplexen und anspruchsvollen Projekten einen gro\u00dfen Vorteil. Da Laserschneidmaschinen computergesteuert sind, ist es m\u00f6glich, die gew\u00fcnschten geometrischen Formen mit perfekter Genauigkeit zu erzielen. Dar\u00fcber hinaus wird die beim Laserschneiden entstehende W\u00e4rme auf einem minimalen Niveau gehalten, was die strukturelle Integrit\u00e4t des Rohprofils sch\u00fctzt. Ein weiterer Vorteil der Laserschneidtechnologie ist die Minimierung der Materialverschwendung. Dank der hohen Pr\u00e4zision wird sichergestellt, dass das Material optimal genutzt wird.    <\/p>\n\n<p>Der Laserschneiddienst f\u00fcr Rohprofile hat in vielen verschiedenen Branchen ein breites Anwendungsgebiet. Er wird h\u00e4ufig in Branchen wie dem Bauwesen, der Automobilindustrie, der M\u00f6belindustrie und dem Maschinenbau eingesetzt. In diesen Branchen m\u00fcssen Rohprofile in bestimmten Ma\u00dfen und Formen geschnitten werden. Die Laserschneidtechnologie ist eine ideale L\u00f6sung, um diese Anforderungen zu erf\u00fcllen. Auch bei der Herstellung von Krankenhausausstattung, Sportger\u00e4ten und Dekorationsartikeln wird die Laserschneidtechnik f\u00fcr Rohprofile eingesetzt.    <\/p>\n\n<p>Zu den technischen Details, die beim Rohrschneiden beachtet werden m\u00fcssen, geh\u00f6ren Faktoren wie Materialqualit\u00e4t, Rohrdurchmesser und -st\u00e4rke. Die Leistung und Geschwindigkeit des beim Schneidprozess verwendeten Lasers m\u00fcssen an diese Faktoren angepasst werden. Au\u00dferdem ist die Oberfl\u00e4chenreinigung des zu schneidenden Rohrs wichtig. Fremdk\u00f6rper auf der Oberfl\u00e4che k\u00f6nnen die Schnittqualit\u00e4t negativ beeinflussen. Daher ist es wichtig, die Rohprofile vor dem Schneiden zu reinigen. Zusammenfassend l\u00e4sst sich sagen, dass der Laserschneiddienst f\u00fcr Rohprofile aufgrund der Vorteile, die er in Bezug auf Pr\u00e4zision, Geschwindigkeit und Kosten bietet, in vielen Branchen eine bevorzugte Methode ist.     <\/p>\n\n<h2 class=\"wp-block-heading\">Die Bedeutung von Laser-Profilschneiddiensten in Izmir<\/h2>\n\n<p>Izmir nimmt in den Industrie- und Bausektoren der T\u00fcrkei einen wichtigen Platz ein. Das stetige Wachstum und die Weiterentwicklung dieser Sektoren erh\u00f6hen den Bedarf an innovativen und wirtschaftlichen L\u00f6sungen. In diesem Zusammenhang sind Laser-Profilschneiddienste f\u00fcr Unternehmen in Izmir zu einer unverzichtbaren Technologie geworden. Der Laser-Profilschnitt optimiert die Produktionsprozesse, indem er einen hochpr\u00e4zisen und schnellen Materialschneideprozess erm\u00f6glicht.   <\/p>\n\n<p>Dank der Laser-Profilschneiddienste senken Unternehmen in der Industrie und im Baugewerbe ihre Produktionskosten und steigern die Qualit\u00e4t. Im Gegensatz zu herk\u00f6mmlichen Schneidmethoden entstehen beim Laserschneiden weniger Materialverschwendung und weniger Fehler. Dies erm\u00f6glicht es Unternehmen, effizienter zu arbeiten und wettbewerbsf\u00e4hig zu bleiben. Dar\u00fcber hinaus erm\u00f6glicht die Laserschneidtechnologie die einfache Bearbeitung komplexer geometrischer Formen und feiner Details, was die Produktvielfalt erh\u00f6ht und die Kundenzufriedenheit steigert.   <\/p>\n\n<p>Die Verbreitung von Laser-Profilschneiddiensten in Izmir wirkt sich auch positiv auf die lokale Wirtschaft aus. Dieser Service schafft neue Arbeitspl\u00e4tze und erh\u00f6ht die Besch\u00e4ftigungsquote in der Region. Dar\u00fcber hinaus erm\u00f6glicht die Steigerung der Produktionskapazit\u00e4ten lokaler Unternehmen, auf nationalen und internationalen M\u00e4rkten wettbewerbsf\u00e4higer zu sein. All diese Faktoren st\u00e4rken die Position von Izmir in der Industrie und im Baugewerbe und tragen zur wirtschaftlichen Entwicklung der Region bei.   <\/p>\n\n<p>Zusammenfassend l\u00e4sst sich sagen, dass Laser-Profilschneiddienste in Izmir f\u00fcr die Industrie- und Bausektoren zu einer unverzichtbaren Technologie geworden sind. Dieser Service hilft Unternehmen, ihre Produktionsprozesse zu optimieren, ihre Kosten zu senken und die Qualit\u00e4t zu steigern, und leistet gleichzeitig einen wichtigen Beitrag zur lokalen Wirtschaft. <\/p>\n\n<h2 class=\"wp-block-heading\">Technologien, die beim Laser-Profilschneiden verwendet werden<\/h2>\n\n<p>Die Technologien, die bei Laser-Profilschneiddiensten eingesetzt werden, beeinflussen die Pr\u00e4zision und Effizienz des Schneidprozesses direkt. Birman Laser, das in diesem Bereich in Izmir t\u00e4tig ist, zielt darauf ab, die Kundenzufriedenheit zu steigern, indem es die neuesten und fortschrittlichsten technologischen Ger\u00e4te einsetzt. Es gibt zwei grundlegende Technologien, die beim Laser-Profilschneiden h\u00e4ufig verwendet werden: Faserlaser und CO2-Laser.  <\/p>\n\n<p>Die Faserlasertechnologie geh\u00f6rt zu den Festk\u00f6rperlasern und zeichnet sich durch eine hohe Energieeffizienz aus. Faserlaser bieten eine hervorragende Leistung bei Metallschneidprozessen; insbesondere bei d\u00fcnnen und mitteldicken Materialien bieten sie eine hohe Schnittgeschwindigkeit und eine ausgezeichnete Kantenqualit\u00e4t. Dar\u00fcber hinaus werden Faserlaser aufgrund ihrer geringen Wartungskosten und ihrer langen Lebensdauer bevorzugt. Diese Technologie ist auch beim Schneiden von reflektierenden Metallen wie Aluminium, Edelstahl und Kupfer sehr effektiv.   <\/p>\n\n<p>Die CO2-Lasertechnologie geh\u00f6rt zu den Gaslasern und kann in einer breiten Palette von Materialien eingesetzt werden. CO2-Laser bieten eine hohe Pr\u00e4zision beim Schneiden von organischen Materialien wie Holz, Kunststoff, Leder und Stoff sowie anderen nichtmetallischen Materialien. Diese Laserart kann auch zum Schneiden dickerer Metallplatten verwendet werden, die Energieeffizienz ist jedoch im Vergleich zu Faserlasern geringer. CO2-Laser bieten insbesondere beim Schneiden komplexer Formen und Muster Flexibilit\u00e4t.   <\/p>\n\n<p>Jede dieser Technologien bietet unterschiedliche Vorteile bei Laser-Profilschneiddiensten und wird je nach den Anforderungen des Projekts ausgew\u00e4hlt. Birman Laser bietet seinen Kunden sowohl mit Faser- als auch mit CO2-Lasertechnologie hochwertige und wirtschaftliche L\u00f6sungen. Die richtige Wahl der Technologie h\u00e4ngt von der Art des Materials und den Eigenschaften des Schneidprozesses ab, was sich direkt auf die Qualit\u00e4t des Endprodukts auswirkt.  <\/p>\n\n<h2 class=\"wp-block-heading\">Die Preispolitik von Birman Laser<\/h2>\n\n<p>Birman Laser kombiniert in Izmir hohe Qualit\u00e4t mit wirtschaftlichen L\u00f6sungen bei Laser-Profilschneiddiensten und stellt die Kundenzufriedenheit in den Vordergrund. Die Preispolitik des Unternehmens zielt darauf ab, die Kosten zu minimieren, ohne die Qualit\u00e4t des Service zu beeintr\u00e4chtigen. Dieser Ansatz spricht ein breites Kundenspektrum an und bietet gleichzeitig budgetfreundliche Optionen.  <\/p>\n\n<p>Birman Laser verfolgt in seiner Preispolitik Transparenz und Flexibilit\u00e4t. Die Preise werden unter Ber\u00fccksichtigung von Faktoren wie dem Umfang der angebotenen Dienstleistungen, den verwendeten Materialien und dem Schwierigkeitsgrad der Projekte festgelegt. Auf diese Weise k\u00f6nnen f\u00fcr jeden Kunden spezielle L\u00f6sungen angeboten werden, die auf seine Bed\u00fcrfnisse zugeschnitten sind. Dar\u00fcber hinaus werden f\u00fcr Gro\u00dfprojekte oder kontinuierliche Kooperationen spezielle Rabatte und Vorteile gew\u00e4hrt.   <\/p>\n\n<p>Auch die Zahlungsoptionen wurden diversifiziert, um die Kundenzufriedenheit zu steigern. Birman Laser akzeptiert neben Barzahlungen auch verschiedene Zahlungsmethoden wie Kreditkarte und Bank\u00fcberweisung. Diese Flexibilit\u00e4t erm\u00f6glicht es den Kunden, ihre Zahlungsprozesse bequemer zu verwalten. Dar\u00fcber hinaus werden in bestimmten F\u00e4llen auch Ratenzahlungsoptionen angeboten, um die Kosten \u00fcberschaubarer zu gestalten.   <\/p>\n\n<p>Zu den M\u00f6glichkeiten zur Kostensenkung geh\u00f6ren kontinuierliche Verbesserungsarbeiten zur Steigerung der Effizienz der Produktionsprozesse. Durch die Verfolgung und Anwendung technologischer Innovationen, die Optimierung des Materialeinsatzes und die effektivere Gestaltung der Gesch\u00e4ftsprozesse werden die Kosten gesenkt, ohne die Qualit\u00e4tsstandards zu beeintr\u00e4chtigen. Auf diese Weise werden den Kunden sowohl wirtschaftliche als auch qualitativ hochwertige Laser-Profilschneiddienste angeboten.  <\/p>\n\n<p>Zusammenfassend l\u00e4sst sich sagen, dass die Preispolitik von Birman Laser durch ihre kundenorientierte und flexible Struktur auff\u00e4llt. Das Ziel, qualitativ hochwertige Dienstleistungen zu erschwinglichen Preisen anzubieten, st\u00e4rkt die Wettbewerbsf\u00e4higkeit des Unternehmens in der Branche und sichert gleichzeitig die Kundentreue. <\/p>\n\n<h2 class=\"wp-block-heading\">Vorteile des Laser-Profilschneiddienstes<\/h2>\n\n<p>Der Laser-Profilschneiddienst bietet in modernen Produktionsprozessen viele Vorteile. Einer der deutlichsten Vorteile dieses Dienstes ist die Schnittpr\u00e4zision. Dank der Lasertechnologie k\u00f6nnen Schnitte mit einer Pr\u00e4zision von weniger als einem Millimeter durchgef\u00fchrt werden. Dies macht insbesondere bei komplexen und detaillierten Projekten einen gro\u00dfen Unterschied. Der pr\u00e4zise Schnitt sorgt daf\u00fcr, dass die Teile perfekt zusammenpassen, wodurch die Montageprozesse schneller und reibungsloser ablaufen.    <\/p>\n\n<p>Die Geschwindigkeit ist ein weiterer wichtiger Vorteil des Laser-Profilschneiddienstes. Im Vergleich zu herk\u00f6mmlichen Schneidmethoden ist das Laserschneiden viel schneller. Diese Geschwindigkeit beschleunigt die Produktionsprozesse und erm\u00f6glicht es Unternehmen, ihre Kunden schneller zu beliefern. Dar\u00fcber hinaus sinken dank der schnellen Schnittzeiten auch die Produktionskosten, was einen wichtigen wirtschaftlichen Vorteil darstellt.   <\/p>\n\n<p>Die Flexibilit\u00e4t ist ein weiterer Vorteil des Laser-Profilschneiddienstes. Die Lasertechnologie ist in der Lage, verschiedene Materialien zu schneiden. Neben verschiedenen Materialien wie Metall, Holz und Kunststoff k\u00f6nnen auch Materialien unterschiedlicher Dicke und Form mit Laser geschnitten werden. Diese Flexibilit\u00e4t erh\u00f6ht die Designfreiheit und erm\u00f6glicht es den Herstellern, leichter auf die W\u00fcnsche ihrer Kunden einzugehen.   <\/p>\n\n<p>Der Laser-Profilschneiddienst tr\u00e4gt auch zur Reduzierung der Abfallmaterialmenge bei. Die effizienteste Nutzung der Materialien w\u00e4hrend des Schneidprozesses minimiert die Abfallmenge. Dies ist sowohl aus \u00f6kologischer als auch aus wirtschaftlicher Sicht ein gro\u00dfer Vorteil. Weniger Abfall hilft Unternehmen, ihrer \u00f6kologischen Verantwortung gerecht zu werden und gleichzeitig die Rohstoffkosten zu senken.   <\/p>\n\n<p>Zusammenfassend l\u00e4sst sich sagen, dass der Laser-Profilschneiddienst viele wichtige Vorteile bietet, wie z. B. Schnittpr\u00e4zision, Geschwindigkeit, Flexibilit\u00e4t und Reduzierung der Abfallmaterialmenge. Diese Vorteile machen die Produktionsprozesse effizienter und wirtschaftlicher und steigern gleichzeitig die Qualit\u00e4t. <\/p>\n\n<h2 class=\"wp-block-heading\">Kommunikation mit Birman Laser und Inanspruchnahme von Dienstleistungen<\/h2>\n\n<p>Birman Laser, das in Izmir Laser-Profilschneiddienste anbietet, zeichnet sich durch seinen kundenorientierten Ansatz und sein qualitativ hochwertiges Serviceverst\u00e4ndnis aus. Die Kontaktaufnahme mit Birman Laser ist sehr einfach und schnell. Kunden, die Dienstleistungen in Anspruch nehmen m\u00f6chten, k\u00f6nnen den ersten Schritt tun, indem sie das Kontaktformular auf der offiziellen Website des Unternehmens ausf\u00fcllen oder direkt die Telefonnummern anrufen. Es ist auch m\u00f6glich, detaillierte Informationen und Angebotsanfragen per E-Mail zu stellen.   <\/p>\n\n<p>Der Prozess der Inanspruchnahme von Dienstleistungen beginnt mit dem klaren Verst\u00e4ndnis der Kundenw\u00fcnsche. Zun\u00e4chst wird eine detaillierte Analyse der Kundenbed\u00fcrfnisse durchgef\u00fchrt und anschlie\u00dfend werden geeignete L\u00f6sungen angeboten. In dieser Phase werden wichtige Kriterien wie die Materialien, auf denen der Laser-Profilschneiddienst angewendet wird, die Schnittpr\u00e4zision und die Lieferzeit festgelegt. Kunden k\u00f6nnen die auf ihre Bed\u00fcrfnisse zugeschnittenen Angebote bewerten und von den wirtschaftlichen L\u00f6sungen von Birman Laser profitieren.   <\/p>\n\n<p>Birman Laser legt gro\u00dfen Wert auf die Kundenzufriedenheit. W\u00e4hrend und nach der Leistungserbringung wird das Kundenfeedback sorgf\u00e4ltig ausgewertet und es werden kontinuierliche Verbesserungsrichtlinien angewendet. Das Kundensupport-Team steht den Kunden in jeder Phase des Service zur Seite. Dar\u00fcber hinaus wird ein effektiver Kommunikationskanal f\u00fcr den Support nach der Lieferung und die L\u00f6sung m\u00f6glicher Probleme angeboten.   <\/p>\n\n<p>Zusammenfassend l\u00e4sst sich sagen, dass die Kontaktaufnahme mit Birman Laser und die Inanspruchnahme von Dienstleistungen sehr einfach und benutzerfreundlich sind. Das Unternehmen reagiert schnell und effektiv auf die Kundenw\u00fcnsche und ist ein zuverl\u00e4ssiger Partner f\u00fcr diejenigen, die in Izmir einen Laser-Profilschneiddienst suchen. Mit seinem qualitativ hochwertigen Service und seinem kundenorientierten Ansatz festigt Birman Laser seine Position in der Branche.  <\/p>\n\n<p><\/p>\n","protected":false},"excerpt":{"rendered":"<p>Laser-Profilschnitt Der Laser-Profilschneideservice von Birman Laser ist ein Verfahren zum Schneiden von Metallen und anderen Materialien mit hoher Genauigkeit und Pr\u00e4zision. Diese Schneidemethode, die mit Lasertechnologie durchgef\u00fchrt wird, bietet schnellere und effizientere Ergebnisse im Vergleich zu herk\u00f6mmlichen Schneidemethoden. Birman Laser hat mit seinen qualitativ hochwertigen und wirtschaftlichen L\u00f6sungen in diesem Bereich einen wichtigen Platz in [&hellip;]<\/p>\n","protected":false},"author":1,"featured_media":0,"parent":0,"menu_order":0,"comment_status":"closed","ping_status":"closed","template":"","meta":{"_uag_custom_page_level_css":"","site-sidebar-layout":"no-sidebar","site-content-layout":"plain-container","ast-site-content-layout":"normal-width-container","site-content-style":"unboxed","site-sidebar-style":"unboxed","ast-global-header-display":"","ast-banner-title-visibility":"","ast-main-header-display":"","ast-hfb-above-header-display":"","ast-hfb-below-header-display":"","ast-hfb-mobile-header-display":"","site-post-title":"disabled","ast-breadcrumbs-content":"","ast-featured-img":"disabled","footer-sml-layout":"","ast-disable-related-posts":"","theme-transparent-header-meta":"enabled","adv-header-id-meta":"","stick-header-meta":"","header-above-stick-meta":"","header-main-stick-meta":"","header-below-stick-meta":"","astra-migrate-meta-layouts":"default","ast-page-background-enabled":"default","ast-page-background-meta":{"desktop":{"background-color":"var(--ast-global-color-4)","background-image":"","background-repeat":"repeat","background-position":"center center","background-size":"auto","background-attachment":"scroll","background-type":"","background-media":"","overlay-type":"","overlay-color":"","overlay-opacity":"","overlay-gradient":""},"tablet":{"background-color":"","background-image":"","background-repeat":"repeat","background-position":"center center","background-size":"auto","background-attachment":"scroll","background-type":"","background-media":"","overlay-type":"","overlay-color":"","overlay-opacity":"","overlay-gradient":""},"mobile":{"background-color":"","background-image":"","background-repeat":"repeat","background-position":"center center","background-size":"auto","background-attachment":"scroll","background-type":"","background-media":"","overlay-type":"","overlay-color":"","overlay-opacity":"","overlay-gradient":""}},"ast-content-background-meta":{"desktop":{"background-color":"var(--ast-global-color-5)","background-image":"","background-repeat":"repeat","background-position":"center center","background-size":"auto","background-attachment":"scroll","background-type":"","background-media":"","overlay-type":"","overlay-color":"","overlay-opacity":"","overlay-gradient":""},"tablet":{"background-color":"var(--ast-global-color-5)","background-image":"","background-repeat":"repeat","background-position":"center center","background-size":"auto","background-attachment":"scroll","background-type":"","background-media":"","overlay-type":"","overlay-color":"","overlay-opacity":"","overlay-gradient":""},"mobile":{"background-color":"var(--ast-global-color-5)","background-image":"","background-repeat":"repeat","background-position":"center center","background-size":"auto","background-attachment":"scroll","background-type":"","background-media":"","overlay-type":"","overlay-color":"","overlay-opacity":"","overlay-gradient":""}},"footnotes":""},"class_list":["post-3235","page","type-page","status-publish","hentry"],"aioseo_notices":[],"uagb_featured_image_src":{"full":false,"thumbnail":false,"medium":false,"medium_large":false,"large":false,"1536x1536":false,"2048x2048":false,"woocommerce_thumbnail":false,"woocommerce_single":false,"woocommerce_gallery_thumbnail":false},"uagb_author_info":{"display_name":"Birman Sac Metal","author_link":"https:\/\/birmansacmetal.com\/de\/author\/birmansacmetalgmail-com\/"},"uagb_comment_info":0,"uagb_excerpt":"Laser-Profilschnitt Der Laser-Profilschneideservice von Birman Laser ist ein Verfahren zum Schneiden von Metallen und anderen Materialien mit hoher Genauigkeit und Pr\u00e4zision. Diese Schneidemethode, die mit Lasertechnologie durchgef\u00fchrt wird, bietet schnellere und effizientere Ergebnisse im Vergleich zu herk\u00f6mmlichen Schneidemethoden. Birman Laser hat mit seinen qualitativ hochwertigen und wirtschaftlichen L\u00f6sungen in diesem Bereich einen wichtigen Platz in&hellip;","_links":{"self":[{"href":"https:\/\/birmansacmetal.com\/de\/wp-json\/wp\/v2\/pages\/3235","targetHints":{"allow":["GET"]}}],"collection":[{"href":"https:\/\/birmansacmetal.com\/de\/wp-json\/wp\/v2\/pages"}],"about":[{"href":"https:\/\/birmansacmetal.com\/de\/wp-json\/wp\/v2\/types\/page"}],"author":[{"embeddable":true,"href":"https:\/\/birmansacmetal.com\/de\/wp-json\/wp\/v2\/users\/1"}],"replies":[{"embeddable":true,"href":"https:\/\/birmansacmetal.com\/de\/wp-json\/wp\/v2\/comments?post=3235"}],"version-history":[{"count":0,"href":"https:\/\/birmansacmetal.com\/de\/wp-json\/wp\/v2\/pages\/3235\/revisions"}],"wp:attachment":[{"href":"https:\/\/birmansacmetal.com\/de\/wp-json\/wp\/v2\/media?parent=3235"}],"curies":[{"name":"wp","href":"https:\/\/api.w.org\/{rel}","templated":true}]}}